{"id":133,"date":"2024-02-22T08:35:07","date_gmt":"2024-02-22T08:35:07","guid":{"rendered":"https:\/\/www.livingpillow.com\/product\/wedge-bolster-pillow"},"modified":"2026-03-11T05:10:23","modified_gmt":"2026-03-11T05:10:23","slug":"klinovy-polstar-na-operku-zad-len-bily","status":"publish","type":"product","link":"https:\/\/www.livingpillow.com\/cs\/product\/wedge-bolster-pillow-backsupport-cushion-linen-white","title":{"rendered":"Kl\u00ednov\u00fd pol\u0161t\u00e1\u0159, op\u011brn\u00fd pol\u0161t\u00e1\u0159, b\u00edl\u00fd"},"content":{"rendered":"<p>Pokud r\u00e1di \u010dtete nebo se d\u00edv\u00e1te na televizi v posteli, ale t\u011b\u017eko se s n\u00edm usad\u00edte pohodln\u011b, je tento kl\u00ednov\u00fd pol\u0161t\u00e1\u0159 perfektn\u00edm \u0159e\u0161en\u00edm. Ergonomicky tvarovan\u00fd pol\u0161t\u00e1\u0159, kter\u00fd podp\u00edr\u00e1 va\u0161e z\u00e1da a krk, poskytuje vynikaj\u00edc\u00ed oporu, a\u0165 u\u017e sed\u00edte nebo le\u017e\u00edte. <\/p>\n<p>D\u00edky stylov\u00e9mu potahu a \u0159ad\u011b neutr\u00e1ln\u00edch barev slou\u017e\u00ed pol\u0161t\u00e1\u0159 z\u00e1rove\u0148 jako atraktivn\u00ed \u010delo postele nebo op\u011bradlo denn\u00ed postele. Je ide\u00e1ln\u00ed do studentsk\u00fdch pokoj\u016f, d\u011btsk\u00fdch pokoj\u016f, postel\u00ed pro hosty, karavan\u016f a dal\u0161\u00edch prostor. Potah je sn\u00edmateln\u00fd a lze jej pr\u00e1t v pra\u010dce pro snadnou \u00fadr\u017ebu.<\/p>\n<p>Co \u0159\u00edkaj\u00ed z\u00e1kazn\u00edci:<\/p>\n<p>\u201cTento op\u011bradlov\u00fd pol\u0161t\u00e1\u0159 je pro m\u011b skute\u010dnou p\u0159elomovou zm\u011bnou. Kone\u010dn\u011b si m\u016f\u017eu \u010d\u00edst v posteli bez bolesti krku nebo zad.\u201d<\/p>\n<p>\u201cPro svou denn\u00ed postel jsem si vybrala velikost 160 cm a vypad\u00e1 tak roztomile a z\u00e1rove\u0148 mi poskytuje pohodln\u00e9 m\u00edsto k op\u0159en\u00ed.\u201d <\/p>\n<p>\u201cKoupila jsem to do palandy pro dceru, aby se j\u00ed tam pohodln\u011b sed\u011blo. R\u00e1da si to pou\u017e\u00edv\u00e1 jako oporu p\u0159i \u010dten\u00ed.\u201d<\/p>\n<p>D\u00edky sv\u00e9mu chytr\u00e9mu kl\u00ednov\u00e9mu tvaru, vysok\u00e9 hustot\u011b opory a elegantn\u00edmu vzhledu si tento pol\u0161t\u00e1\u0159 klade za c\u00edl ud\u011blat z odpo\u010dinku v posteli pot\u011b\u0161en\u00ed. Dod\u00e1v\u00e1 se v r\u016fzn\u00fdch velikostech, aby se hodil do ka\u017ed\u00e9 postele nebo pohovky. Sta\u010d\u00ed se op\u0159\u00edt a uvolnit se v jeho objet\u00ed. Va\u0161e z\u00e1da a krk v\u00e1m pod\u011bkuj\u00ed!<\/p>","protected":false},"excerpt":{"rendered":"<ul>\n<li><strong>Ide\u00e1ln\u00ed pro \u010dten\u00ed v posteli:<\/strong> Vylep\u0161en\u00e1 opora zad a krku pro maxim\u00e1ln\u00ed pohodl\u00ed p\u0159i \u010dten\u00ed a sledov\u00e1n\u00ed televize.<\/li>\n<li><strong>Slou\u017e\u00ed tak\u00e9 jako \u010delo postele:<\/strong> Skv\u011bl\u00e1 volba pro dekoraci i funk\u010dnost, zejm\u00e9na pro vysoko\u0161kol\u00e1ky.<\/li>\n<li><strong>V\u0161estrann\u00e9 pou\u017eit\u00ed:<\/strong> Vhodn\u00e9 pro v\u0161echny velikosti postel\u00ed, p\u0159i\u010dem\u017e velikost King se perfektn\u011b hod\u00ed na denn\u00ed postel a m\u016f\u017ee slou\u017eit jako pohovka. Hod\u00ed se tak\u00e9 jako d\u011btsk\u00fd mantinel, op\u011bradlo palandy nebo \u010delo postele pro karavan\/p\u0159\u00edv\u011bs.<\/li>\n<li><strong>Omyvateln\u00fd design:<\/strong> M\u00e1 odn\u00edmateln\u00fd potah s knofl\u00edky pro snadn\u00e9 pran\u00ed a stylov\u00fd tvar.<\/li>\n<li><strong>Pr\u00e9miov\u00fd materi\u00e1l:<\/strong> Vypln\u011bno polyuretanem s vysokou hustotou pro robustn\u00ed oporu zad a jeho tkanina vylep\u0161uje estetiku interi\u00e9ru.<\/li>\n<li><strong>Velikost:<\/strong> 100 cm (D100 x \u016026 x V55 | 3 sloupce s tla\u010d\u00edtky), 120 cm (D120 x \u016026 x V55 | 4 sloupce s tla\u010d\u00edtky), 140 cm (D140 x \u016026 x V55 | 4 sloupce s tla\u010d\u00edtky), 160 cm (D160 x \u016026 x V55 | 5 sloupc\u016f s tla\u010d\u00edtky), 180 cm (D180 x \u016026 x V55 | 6 sloupc\u016f s tla\u010d\u00edtky), 200 cm (D200 x \u016026 x V55 | 7 sloupc\u016f s tla\u010d\u00edtky).<\/li>\n<\/ul>","protected":false},"featured_media":132,"comment_status":"open","ping_status":"closed","template":"","meta":[],"product_brand":[],"product_cat":[15],"product_tag":[151,101,68,74,58,53,152,56,100],"class_list":{"0":"post-133","1":"product","2":"type-product","3":"status-publish","4":"has-post-thumbnail","6":"product_cat-pillows","7":"product_tag-backsupport-cushion","8":"product_tag-bunk-bed-backrest","9":"product_tag-college-student-pillow","10":"product_tag-daybed-pillow","11":"product_tag-linen-pillow","12":"product_tag-reading-pillow","13":"product_tag-rvtrailer-headboard","14":"product_tag-wedge-bolster-pillow","15":"product_tag-white-linen-pillow","17":"first","18":"instock","19":"featured","20":"shipping-taxable","21":"purchasable","22":"product-type-variable","23":"has-default-attributes"},"_links":{"self":[{"href":"https:\/\/www.livingpillow.com\/cs\/wp-json\/wp\/v2\/product\/133","targetHints":{"allow":["GET"]}}],"collection":[{"href":"https:\/\/www.livingpillow.com\/cs\/wp-json\/wp\/v2\/product"}],"about":[{"href":"https:\/\/www.livingpillow.com\/cs\/wp-json\/wp\/v2\/types\/product"}],"replies":[{"embeddable":true,"href":"https:\/\/www.livingpillow.com\/cs\/wp-json\/wp\/v2\/comments?post=133"}],"wp:featuredmedia":[{"embeddable":true,"href":"https:\/\/www.livingpillow.com\/cs\/wp-json\/wp\/v2\/media\/132"}],"wp:attachment":[{"href":"https:\/\/www.livingpillow.com\/cs\/wp-json\/wp\/v2\/media?parent=133"}],"wp:term":[{"taxonomy":"product_brand","embeddable":true,"href":"https:\/\/www.livingpillow.com\/cs\/wp-json\/wp\/v2\/product_brand?post=133"},{"taxonomy":"product_cat","embeddable":true,"href":"https:\/\/www.livingpillow.com\/cs\/wp-json\/wp\/v2\/product_cat?post=133"},{"taxonomy":"product_tag","embeddable":true,"href":"https:\/\/www.livingpillow.com\/cs\/wp-json\/wp\/v2\/product_tag?post=133"}],"curies":[{"name":"wp","href":"https:\/\/api.w.org\/{rel}","templated":true}]}}