{"id":154,"date":"2024-02-22T08:46:59","date_gmt":"2024-02-22T08:46:59","guid":{"rendered":"https:\/\/www.livingpillow.com\/product\/large-triangle-pillow-wedge"},"modified":"2026-03-11T05:10:22","modified_gmt":"2026-03-11T05:10:22","slug":"velky-trojuhelnikovy-polstar-klinovy-cteci-polstar-len-zluty","status":"publish","type":"product","link":"https:\/\/www.livingpillow.com\/cs\/product\/large-triangle-pillow-wedge-bed-reading-cushion-linen-yellow","title":{"rendered":"Velk\u00fd troj\u00faheln\u00edkov\u00fd pol\u0161t\u00e1\u0159 na kl\u00ednovou postel, \u010dtec\u00ed pol\u0161t\u00e1\u0159, \u017elut\u00fd"},"content":{"rendered":"<p>Vylep\u0161ete si relaxaci s velk\u00fdm troj\u00faheln\u00edkov\u00fdm pol\u0161t\u00e1\u0159ov\u00fdm kl\u00ednem<\/p>\n<p>Nalezen\u00ed perfektn\u00ed polohy pro \u010dten\u00ed nebo sledov\u00e1n\u00ed televize m\u016f\u017ee b\u00fdt bez dostate\u010dn\u00e9 opory zad a krku v\u00fdzvou. P\u0159edstavujeme v\u00e1m velk\u00fd troj\u00faheln\u00edkov\u00fd pol\u0161t\u00e1\u0159 s kl\u00ednem \u2013 elegantn\u011b navr\u017een\u00fd a v\u0161estrann\u00fd pol\u0161t\u00e1\u0159, kter\u00fd posouv\u00e1 relaxaci na novou \u00farove\u0148.  <\/p>\n<p>Tento kl\u00ednovit\u00fd pol\u0161t\u00e1\u0159, vyroben\u00fd z polyuretanov\u00e9 v\u00fdpln\u011b s vysokou hustotou a obalen\u00fd odn\u00edmateln\u00fdm potahem, se p\u011bkn\u011b p\u0159izp\u016fsob\u00ed kontur\u00e1m va\u0161eho t\u011bla. Postupn\u00fd sklon pom\u00e1h\u00e1 udr\u017eovat spr\u00e1vn\u00e9 vyrovn\u00e1n\u00ed p\u00e1te\u0159e, a\u0165 u\u017e sed\u00edte v posteli, leno\u0161\u00edte na gau\u010di nebo se op\u00edr\u00e1te o ze\u010f. U\u017e \u017e\u00e1dn\u00e9 hrben\u00ed se, nam\u00e1h\u00e1n\u00ed se nebo probouzen\u00ed se ztuhl\u00fdm krkem!<\/p>\n<p>Z\u00e1kazn\u00edci nad\u0161en\u011b hodnot\u00ed funk\u010dnost a estetiku pol\u0161t\u00e1\u0159e:<\/p>\n<p>\u201cR\u00e1da pou\u017e\u00edv\u00e1m tento pevn\u00fd kl\u00ednov\u00fd pol\u0161t\u00e1\u0159 na \u010dten\u00ed knih a pou\u017e\u00edv\u00e1n\u00ed iPadu v posteli. M\u00e1m mnohem lep\u0161\u00ed dr\u017een\u00ed t\u011bla a tolik m\u011b nebol\u00ed.\u201d<\/p>\n<p>\u201cTento obrovsk\u00fd pol\u0161t\u00e1\u0159 je perfektn\u00ed do palandy m\u00e9 dcery. Pou\u017e\u00edv\u00e1 ho jako op\u011bradlo a u\u017e nemus\u00ed sed\u011bt shrben\u00e1.\u201d <\/p>\n<p>\u201cPro sv\u016fj obytn\u00fd v\u016fz jsem si vybral velkou velikost. Poskytuje skv\u011blou bedern\u00ed oporu a kryt dokonale lad\u00ed s m\u00fdm interi\u00e9rem.\u201d<\/p>\n<p>D\u00edky sv\u00e9mu v\u00edce\u00fa\u010delov\u00e9mu designu, vynikaj\u00edc\u00edmu pohodl\u00ed a modern\u00edmu stylu je velk\u00fd troj\u00faheln\u00edkov\u00fd pol\u0161t\u00e1\u0159 Wedge ide\u00e1ln\u00edm dopl\u0148kem do ka\u017ed\u00e9 lo\u017enice nebo ob\u00fdvac\u00edho prostoru. K dispozici v \u0159ad\u011b velikost\u00ed, kter\u00e9 se hod\u00ed do standardn\u00edch postel\u00ed, denn\u00edch pohovek, karavan\u016f, studentsk\u00fdch pokoj\u016f a dal\u0161\u00edch. Potah lze pr\u00e1t v pra\u010dce pro snadnou \u00fadr\u017ebu. <\/p>\n<p>Posu\u0148te svou relaxa\u010dn\u00ed hru na vy\u0161\u0161\u00ed \u00farove\u0148 a objednejte si je\u0161t\u011b dnes sv\u016fj vlastn\u00ed troj\u00faheln\u00edkov\u00fd pol\u0161t\u00e1\u0159!<\/p>","protected":false},"excerpt":{"rendered":"<ul>\n<li><strong>Ide\u00e1ln\u00ed pro \u010dten\u00ed v posteli:<\/strong> Poskytuje v\u00fdjime\u010dnou oporu pro z\u00e1da a krk a zaru\u010duje maxim\u00e1ln\u00ed pohodl\u00ed p\u0159i \u010dten\u00ed nebo sledov\u00e1n\u00ed televize.<\/li>\n<li><strong>V\u0161estrann\u00e9 jako \u010delo postele:<\/strong> Ide\u00e1ln\u00ed pro ty, jako jsou vysoko\u0161kol\u00e1ci, kte\u0159\u00ed hledaj\u00ed styl i funk\u010dnost v \u010dele postele.<\/li>\n<li><strong>V\u00edce\u00fa\u010delov\u00e9 pou\u017eit\u00ed:<\/strong> K dispozici v r\u016fzn\u00fdch velikostech, kter\u00e9 se hod\u00ed do standardn\u00edch postel\u00ed, ale i do denn\u00edch postel\u00ed a obytn\u00fdch voz\u016f\/p\u0159\u00edv\u011bs\u016f. M\u016f\u017ee tak\u00e9 slou\u017eit jako madlo pro d\u011bti nebo op\u011bradlo pro palandy.<\/li>\n<li><strong>Snadn\u00e1 \u00fadr\u017eba:<\/strong> Odn\u00edmateln\u00fd potah, zap\u00ednan\u00fd knofl\u00edky, zjednodu\u0161uje pran\u00ed.<\/li>\n<li><strong>Pr\u00e9miov\u00e9 materi\u00e1ly:<\/strong> V\u00fdpl\u0148 z polyuretanu s vysokou hustotou zaji\u0161\u0165uje vynikaj\u00edc\u00ed oporu zad, zat\u00edmco vizu\u00e1ln\u011b p\u0159ita\u017eliv\u00e1 l\u00e1tka dopln\u00ed jak\u00fdkoli interi\u00e9r.<\/li>\n<li><strong>Velikost:<\/strong> 100 cm (D100 x \u016026 x V55 | 3 sloupce s tla\u010d\u00edtky), 120 cm (D120 x \u016026 x V55 | 4 sloupce s tla\u010d\u00edtky), 140 cm (D140 x \u016026 x V55 | 4 sloupce s tla\u010d\u00edtky), 160 cm (D160 x \u016026 x V55 | 5 sloupc\u016f s tla\u010d\u00edtky), 180 cm (D180 x \u016026 x V55 | 6 sloupc\u016f s tla\u010d\u00edtky), 200 cm (D200 x \u016026 x V55 | 7 sloupc\u016f s tla\u010d\u00edtky).<\/li>\n<\/ul>","protected":false},"featured_media":153,"comment_status":"open","ping_status":"closed","template":"","meta":[],"product_brand":[],"product_cat":[15],"product_tag":[97,76,58,111,145,148,147,146,149,150],"class_list":{"0":"post-154","1":"product","2":"type-product","3":"status-publish","4":"has-post-thumbnail","6":"product_cat-pillows","7":"product_tag-functional-headboard","8":"product_tag-linen-headboard","9":"product_tag-linen-pillow","10":"product_tag-reading-cushion","11":"product_tag-triangle-pillow","12":"product_tag-wedge-bed-bolster","13":"product_tag-wedge-bed-cushion","14":"product_tag-wedge-bed-pillow","15":"product_tag-yellow-bed-pillow","16":"product_tag-yellow-pillow","18":"first","19":"instock","20":"shipping-taxable","21":"purchasable","22":"product-type-variable","23":"has-default-attributes"},"_links":{"self":[{"href":"https:\/\/www.livingpillow.com\/cs\/wp-json\/wp\/v2\/product\/154","targetHints":{"allow":["GET"]}}],"collection":[{"href":"https:\/\/www.livingpillow.com\/cs\/wp-json\/wp\/v2\/product"}],"about":[{"href":"https:\/\/www.livingpillow.com\/cs\/wp-json\/wp\/v2\/types\/product"}],"replies":[{"embeddable":true,"href":"https:\/\/www.livingpillow.com\/cs\/wp-json\/wp\/v2\/comments?post=154"}],"wp:featuredmedia":[{"embeddable":true,"href":"https:\/\/www.livingpillow.com\/cs\/wp-json\/wp\/v2\/media\/153"}],"wp:attachment":[{"href":"https:\/\/www.livingpillow.com\/cs\/wp-json\/wp\/v2\/media?parent=154"}],"wp:term":[{"taxonomy":"product_brand","embeddable":true,"href":"https:\/\/www.livingpillow.com\/cs\/wp-json\/wp\/v2\/product_brand?post=154"},{"taxonomy":"product_cat","embeddable":true,"href":"https:\/\/www.livingpillow.com\/cs\/wp-json\/wp\/v2\/product_cat?post=154"},{"taxonomy":"product_tag","embeddable":true,"href":"https:\/\/www.livingpillow.com\/cs\/wp-json\/wp\/v2\/product_tag?post=154"}],"curies":[{"name":"wp","href":"https:\/\/api.w.org\/{rel}","templated":true}]}}