{"id":175,"date":"2024-02-22T08:53:01","date_gmt":"2024-02-22T08:53:01","guid":{"rendered":"https:\/\/www.livingpillow.com\/product\/large-headboard-cushion"},"modified":"2026-03-11T05:10:22","modified_gmt":"2026-03-11T05:10:22","slug":"velky-polstar-na-celo-postele-klinovy-polstar-len-sedy","status":"publish","type":"product","link":"https:\/\/www.livingpillow.com\/cs\/product\/large-headboard-cushion-wedge-pillow-linen-grey","title":{"rendered":"Velk\u00fd pol\u0161t\u00e1\u0159 na \u010delo postele s kl\u00ednov\u00fdm pol\u0161t\u00e1\u0159em, \u0161ed\u00fd"},"content":{"rendered":"<p><strong>Vylep\u0161ete si no\u010dn\u00ed pohodl\u00ed s velk\u00fdm pol\u0161t\u00e1\u0159em na \u010delo postele v \u0161ed\u00e9 barv\u011b<\/strong><\/p>\n<p>Dop\u0159ejte si maxim\u00e1ln\u00ed pohodl\u00ed a oporu p\u0159i \u010dten\u00ed, sledov\u00e1n\u00ed televize nebo prost\u011b jen relaxaci v posteli s na\u0161\u00edm velk\u00fdm pol\u0161t\u00e1\u0159em s kl\u00ednov\u00fdm pol\u0161t\u00e1\u0159em na \u010delo postele v \u0161ed\u00e9 barv\u011b.<\/p>\n<p><strong>Vylep\u0161ete si z\u00e1\u017eitek ze \u010dten\u00ed a sledov\u00e1n\u00ed televize<\/strong><\/p>\n<p>Tento pol\u0161t\u00e1\u0159 poskytuje optim\u00e1ln\u00ed oporu pro va\u0161e z\u00e1da a krk a posouv\u00e1 va\u0161i relaxaci na zcela novou \u00farove\u0148. Rozlu\u010dte se s bolestmi krku a zad a pono\u0159te se do \u010dten\u00ed sv\u00fdch obl\u00edben\u00fdch knih nebo sledov\u00e1n\u00ed obl\u00edben\u00fdch po\u0159ad\u016f.<\/p>\n<p><strong>V\u0161estrann\u00e1 alternativa \u010dela postele<\/strong><\/p>\n<p>A\u0165 u\u017e jste vysoko\u0161kolsk\u00fd student \u017eij\u00edc\u00ed na koleji, nebo hled\u00e1te dekorativn\u00ed a funk\u010dn\u00ed vylep\u0161en\u00ed sv\u00e9ho spac\u00edho prostoru, tento pol\u0161t\u00e1\u0159 je ide\u00e1ln\u00edm \u0159e\u0161en\u00edm. Jeho design p\u0159ipom\u00ednaj\u00edc\u00ed \u010delo postele dod\u00e1v\u00e1 styl a z\u00e1rove\u0148 nab\u00edz\u00ed v\u00fdjime\u010dn\u00e9 pohodl\u00ed.<\/p>\n<p><strong>V\u00edce\u00fa\u010delov\u00e1 funkcionalita<\/strong><\/p>\n<p>Velk\u00fd pol\u0161t\u00e1\u0159 s kl\u00ednov\u00fdm \u010delem postele je neuv\u011b\u0159iteln\u011b v\u0161estrann\u00fd. Jeho r\u016fzn\u00e9 velikosti se hod\u00ed ke v\u0161em velikostem postel\u00ed, v\u010detn\u011b denn\u00edch postel\u00ed, kde bez probl\u00e9m\u016f poslou\u017e\u00ed i jako pohovka. Slou\u017e\u00ed tak\u00e9 jako n\u00e1razn\u00edkov\u00fd pol\u0161t\u00e1\u0159 pro d\u011bti, op\u011bradlo pro palandy a \u010delo postele pro obytn\u00e9 vozy a p\u0159\u00edv\u011bsy.<\/p>\n<p><strong>Snadn\u00e1 \u00fadr\u017eba a pr\u00e9miov\u00e1 kvalita<\/strong><\/p>\n<p>Pol\u0161t\u00e1\u0159 m\u00e1 odn\u00edmateln\u00e9 knofl\u00edky pro dynamick\u00fd tvar a snadn\u00e9 pran\u00ed. Jeho v\u00fdpl\u0148 z polyuretanu s vysokou hustotou poskytuje vynikaj\u00edc\u00ed oporu zad a vizu\u00e1ln\u011b p\u0159ita\u017eliv\u00e1 l\u00e1tka dopln\u00ed jak\u00fdkoli interi\u00e9r.<\/p>\n<p><strong>Recenze z\u00e1kazn\u00edk\u016f<\/strong><\/p>\n<p>Na\u0161i z\u00e1kazn\u00edci si tento produkt pochvaluj\u00ed:<\/p>\n<p>* \u201cTento pol\u0161t\u00e1\u0159 je tak pohodln\u00fd na \u010dten\u00ed v posteli. Dokonale mi podp\u00edr\u00e1 z\u00e1da a krk.\u201d \u2013 Sarah J.<br \/>\n* \u201cL\u00edb\u00ed se mi, \u017ee se d\u00e1 pou\u017e\u00edt jak jako \u010delo postele, tak i jako pol\u0161t\u00e1\u0159 na \u010dten\u00ed. Nav\u00edc se velmi snadno pere.\u201d \u2013 Emily P.<\/p>\n<p>Prom\u011b\u0148te sv\u016fj spac\u00ed ritu\u00e1l s na\u0161\u00edm velk\u00fdm pol\u0161t\u00e1\u0159em s kl\u00ednov\u00fdm pol\u0161t\u00e1\u0159em na \u010delo postele v \u0161ed\u00e9 barv\u011b. Jeho v\u0161estrannost, pohodl\u00ed a styl v\u00e1m pomohou uvolnit se a vytvo\u0159\u00ed \u00fatuln\u00e9 \u00fato\u010di\u0161t\u011b pro sp\u00e1nek a voln\u00fd \u010das.<\/p>","protected":false},"excerpt":{"rendered":"<ul>\n<li><strong>Optim\u00e1ln\u00ed pro \u010dten\u00ed v posteli:<\/strong>\u00a0Nab\u00edz\u00ed vynikaj\u00edc\u00ed oporu pro z\u00e1da a krk, \u010d\u00edm\u017e zvy\u0161uje pohodl\u00ed p\u0159i \u010dten\u00ed a sledov\u00e1n\u00ed televize.<\/li>\n<li><strong>Alternativa funk\u010dn\u00edho \u010dela postele:<\/strong>\u00a0Ide\u00e1ln\u00ed pro vysoko\u0161kolsk\u00e9 studenty a dal\u0161\u00ed, slou\u017e\u00ed jak dekorativn\u00edm, tak i funk\u010dn\u00edm \u00fa\u010del\u016fm.<\/li>\n<li><strong>V\u0161estrann\u00e9 pou\u017eit\u00ed:<\/strong>\u00a0K dispozici ve v\u0161ech velikostech postel\u00ed. Velikost King size perfektn\u011b dopl\u0148uje denn\u00ed postel a z\u00e1rove\u0148 slou\u017e\u00ed jako pohovka. Slou\u017e\u00ed tak\u00e9 jako madlo pro d\u011bti, op\u011bradlo pro palandy a \u010delo pro obytn\u00e9 vozy\/p\u0159\u00edv\u011bsy.<\/li>\n<li><strong>Omyvateln\u00fd design:<\/strong>\u00a0S odn\u00edmateln\u00fdmi knofl\u00edky pro dynamick\u00fd tvar a snadn\u00e9 pran\u00ed.<\/li>\n<li><strong>Pr\u00e9miov\u00fd materi\u00e1l:<\/strong>\u00a0Vypln\u011bno polyuretanem s vysokou hustotou pro vynikaj\u00edc\u00ed oporu zad a vizu\u00e1ln\u011b p\u0159ita\u017eliv\u00e1 l\u00e1tka, kter\u00e1 dopln\u00ed v\u00e1\u0161 interi\u00e9r.<\/li>\n<li><strong>Velikost:<\/strong> 100 cm (D100 x \u016026 x V55 | 3 sloupce s tla\u010d\u00edtky), 120 cm (D120 x \u016026 x V55 | 4 sloupce s tla\u010d\u00edtky), 140 cm (D140 x \u016026 x V55 | 4 sloupce s tla\u010d\u00edtky), 160 cm (D160 x \u016026 x V55 | 5 sloupc\u016f s tla\u010d\u00edtky), 180 cm (D180 x \u016026 x V55 | 6 sloupc\u016f s tla\u010d\u00edtky), 200 cm (D200 x \u016026 x V55 | 7 sloupc\u016f s tla\u010d\u00edtky).<\/li>\n<\/ul>","protected":false},"featured_media":174,"comment_status":"open","ping_status":"closed","template":"","meta":[],"product_brand":[],"product_cat":[15],"product_tag":[66,63,84,68,144,97,143,81,87,94],"class_list":{"0":"post-175","1":"product","2":"type-product","3":"status-publish","4":"has-post-thumbnail","6":"product_cat-pillows","7":"product_tag-back-support-pillow","8":"product_tag-backrest-pillow","9":"product_tag-bumper-pillow","10":"product_tag-college-student-pillow","11":"product_tag-cushion-wedge-pillow","12":"product_tag-functional-headboard","13":"product_tag-large-headboard","14":"product_tag-neck-support-pillow","15":"product_tag-trailer-headboard","16":"product_tag-tv-pillow","18":"first","19":"instock","20":"featured","21":"shipping-taxable","22":"purchasable","23":"product-type-variable","24":"has-default-attributes"},"_links":{"self":[{"href":"https:\/\/www.livingpillow.com\/cs\/wp-json\/wp\/v2\/product\/175","targetHints":{"allow":["GET"]}}],"collection":[{"href":"https:\/\/www.livingpillow.com\/cs\/wp-json\/wp\/v2\/product"}],"about":[{"href":"https:\/\/www.livingpillow.com\/cs\/wp-json\/wp\/v2\/types\/product"}],"replies":[{"embeddable":true,"href":"https:\/\/www.livingpillow.com\/cs\/wp-json\/wp\/v2\/comments?post=175"}],"wp:featuredmedia":[{"embeddable":true,"href":"https:\/\/www.livingpillow.com\/cs\/wp-json\/wp\/v2\/media\/174"}],"wp:attachment":[{"href":"https:\/\/www.livingpillow.com\/cs\/wp-json\/wp\/v2\/media?parent=175"}],"wp:term":[{"taxonomy":"product_brand","embeddable":true,"href":"https:\/\/www.livingpillow.com\/cs\/wp-json\/wp\/v2\/product_brand?post=175"},{"taxonomy":"product_cat","embeddable":true,"href":"https:\/\/www.livingpillow.com\/cs\/wp-json\/wp\/v2\/product_cat?post=175"},{"taxonomy":"product_tag","embeddable":true,"href":"https:\/\/www.livingpillow.com\/cs\/wp-json\/wp\/v2\/product_tag?post=175"}],"curies":[{"name":"wp","href":"https:\/\/api.w.org\/{rel}","templated":true}]}}