{"id":252,"date":"2024-02-23T00:15:03","date_gmt":"2024-02-23T00:15:03","guid":{"rendered":"https:\/\/www.livingpillow.com\/product\/wedge-support-pillow"},"modified":"2026-03-03T01:19:12","modified_gmt":"2026-03-03T01:19:12","slug":"klinovy-podpurny-polstar-s-krasnym-celem-postele-mansestr-tmave-modra","status":"publish","type":"product","link":"https:\/\/www.livingpillow.com\/cs\/product\/wedge-support-pillow-beautiful-headboard-corduroy-navy-blue","title":{"rendered":"Kl\u00ednov\u00fd podp\u016frn\u00fd pol\u0161t\u00e1\u0159 s kr\u00e1sn\u00fdm \u010delem postele, man\u0161estr, tmav\u011b modr\u00e1"},"content":{"rendered":"<p><strong>Objevte perfektn\u00ed pol\u0161t\u00e1\u0159 na \u010dten\u00ed a relaxaci<\/strong><\/p>\n<p>U\u017e v\u00e1s nebav\u00ed nam\u00e1hat si krk a z\u00e1da p\u0159i \u010dten\u00ed v posteli nebo na gau\u010di? N\u00e1\u0161 multifunk\u010dn\u00ed kl\u00ednov\u00fd pol\u0161t\u00e1\u0159 poskytuje vynikaj\u00edc\u00ed oporu pro pohodln\u00e9 leno\u0161en\u00ed. D\u00edky promy\u0161len\u00e9mu designu, vysoce kvalitn\u00ed konstrukci a \u0161irok\u00e9 \u0161k\u00e1le velikost\u00ed se tento pol\u0161t\u00e1\u0159 stal obl\u00edben\u00fdm u z\u00e1kazn\u00edk\u016f.\u00a0<\/p>\n<p><strong>Detaily produktu:<\/strong><\/p>\n<p>Pol\u0161t\u00e1\u0159 je vypln\u011bn m\u011bkk\u00fdm, ale z\u00e1rove\u0148 podp\u016frn\u00fdm polyuretanem s vysokou hustotou a pota\u017een \u00fatulnou polyesterovou man\u0161estrovou tkaninou 100%. P\u0159ipevn\u011bn\u00e9 knofl\u00edky vytv\u00e1\u0159ej\u00ed dynamick\u00fd tvar a z\u00e1rove\u0148 umo\u017e\u0148uj\u00ed, aby se sn\u00edmateln\u00fd, v pra\u010dce prateln\u00fd potah p\u0159izp\u016fsobil va\u0161emu t\u011blu. Velikosti se pohybuj\u00ed od 45 cm a\u017e po prostorn\u00fd pol\u0161t\u00e1\u0159 o \u0161\u00ed\u0159ce 200 cm.<\/p>\n<p><strong>Nad\u0161en\u00e9 recenze:<\/strong><\/p>\n<p>Z\u00e1kazn\u00edci si tento pol\u0161t\u00e1\u0159 obl\u00edbili na \u010dten\u00ed v posteli, pou\u017eit\u00ed jako \u010delo postele, odpo\u010dinek na gau\u010di a mnoho dal\u0161\u00edho. Pod\u00edvejte se, co \u0159\u00edkaj\u00ed:<\/p>\n<p>\u201cKoupila jsem si velkou velikost a je perfektn\u00ed na sezen\u00ed a \u010dten\u00ed v posteli. Je tak pohodln\u00e1 a dostate\u010dn\u011b vysok\u00e1, aby mi podep\u0159ela spodn\u00ed \u010d\u00e1st zad.\u201d<\/p>\n<p>\u201cTohle je fantastick\u00e9 \u010delo postele do pokoje na koleji. Vypad\u00e1 hezky a nezabere moc m\u00edsta.\u201d\u00a0<\/p>\n<p>\u201cTento pol\u0161t\u00e1\u0159 pou\u017e\u00edv\u00e1m ka\u017edou noc p\u0159i sledov\u00e1n\u00ed televize. Poskytuje skv\u011blou oporu zad a man\u0161estrov\u00e1 tkanina je velmi m\u011bkk\u00e1.\u201d<\/p>\n<p><strong>Cenov\u011b dostupn\u00e9 \u0159e\u0161en\u00ed pro leno\u0161en\u00ed<\/strong><\/p>\n<p>Tento \u00fatuln\u00fd kl\u00ednov\u00fd pol\u0161t\u00e1\u0159 je skv\u011bl\u00fdm a z\u00e1rove\u0148 levn\u00fdm d\u00e1rkem pro knihomola. Nebo si jeden po\u0159i\u010fte sami a kone\u010dn\u011b si v pohodl\u00ed odpo\u010di\u0148te. Zjist\u011bte, pro\u010d ho z\u00e1kazn\u00edci dnes naz\u00fdvaj\u00ed \u201cdokonal\u00fdm \u010dtec\u00edm pol\u0161t\u00e1\u0159em\u201d.<\/p>","protected":false},"excerpt":{"rendered":"<ul>\n<li>IDE\u00c1LN\u00cd PRO \u010cTEN\u00cd V POSTELI: Tento \u010dtec\u00ed pol\u0161t\u00e1\u0159 nab\u00edz\u00ed vynikaj\u00edc\u00ed oporu zad a krku pro maxim\u00e1ln\u00ed pohodl\u00ed p\u0159i \u010dten\u00ed nebo sledov\u00e1n\u00ed televize.<\/li>\n<li>IDE\u00c1LN\u00cd JAKO \u010cELO POSTELE: Mnoho lid\u00ed, zejm\u00e9na vysoko\u0161kol\u00e1k\u016f, shled\u00e1v\u00e1 tento pol\u0161t\u00e1\u0159 perfektn\u00edm \u010delem postele \u2013 dekorativn\u00edm i funk\u010dn\u00edm.<\/li>\n<li>V\u00cdCE\u00da\u010cELOV\u00c9: Nab\u00edz\u00edme pol\u0161t\u00e1\u0159e v\u0161ech velikost\u00ed pro b\u011b\u017en\u00e9 postele; velikost king size se perfektn\u011b hod\u00ed na denn\u00ed postel a umo\u017e\u0148uje j\u00ed slou\u017eit jako pohovka. Mezi dal\u0161\u00ed vyu\u017eit\u00ed pat\u0159\u00ed op\u011bradlo palandy a \u010delo postele.<\/li>\n<li>SNADN\u00c9 PRAN\u00cd: P\u0159ipevn\u011bn\u00e9 knofl\u00edky vytv\u00e1\u0159ej\u00ed dynamick\u00fd tvar pol\u0161t\u00e1\u0159e a z\u00e1rove\u0148 umo\u017e\u0148uj\u00ed odn\u00edmateln\u00fd a prateln\u00fd potah.<\/li>\n<li>VYSOCE KVALITN\u00cd MATERI\u00c1L: Op\u011brn\u00fd pol\u0161t\u00e1\u0159 je vypln\u011bn polyuretanovou v\u00fdpln\u00ed s vysokou hustotou, kter\u00e1 nab\u00edz\u00ed vynikaj\u00edc\u00ed oporu zad. Kl\u00ednov\u00e1 l\u00e1tka pol\u0161t\u00e1\u0159e m\u00e1 dobr\u00fd vizu\u00e1ln\u00ed efekt, kter\u00fd lad\u00ed s va\u0161\u00edm interi\u00e9rem.<\/li>\n<li>Materi\u00e1l: man\u0161estr (100% polyester).<\/li>\n<li><strong>Velikost:<\/strong> 45 cm (45*20*50 cm | 0 knofl\u00edk\u016f), 60 cm (60*20*50 cm | 0 knofl\u00edk\u016f), 80 cm (80*20*50 cm | 2 knofl\u00edky), 100 cm (100*20*50 cm | 3 knofl\u00edky), 120 cm (120*20*50 cm | 4 knofl\u00edky), 140 cm (140*20*50 cm | 4 knofl\u00edky), 160 cm (160*20*50 cm | 5 knofl\u00edk\u016f), 180 cm (180*20*50 cm | 6 knofl\u00edk\u016f), 200 cm (200*20*50 cm | 7 knofl\u00edk\u016f).<\/li>\n<\/ul>","protected":false},"featured_media":251,"comment_status":"open","ping_status":"closed","template":"","meta":[],"product_brand":[],"product_cat":[15],"product_tag":[66,139,101,125,89,74,65,64,91,53,94,138],"class_list":{"0":"post-252","1":"product","2":"type-product","3":"status-publish","4":"has-post-thumbnail","6":"product_cat-pillows","7":"product_tag-back-support-pillow","8":"product_tag-blue-pillow","9":"product_tag-bunk-bed-backrest","10":"product_tag-corduroy-fabric-pillow","11":"product_tag-daybed-couch","12":"product_tag-daybed-pillow","13":"product_tag-decorative-pillow","14":"product_tag-functional-pillow","15":"product_tag-multipurpose-pillow","16":"product_tag-reading-pillow","17":"product_tag-tv-pillow","18":"product_tag-wedge-support-pillow","20":"first","21":"instock","22":"shipping-taxable","23":"purchasable","24":"product-type-variable","25":"has-default-attributes"},"_links":{"self":[{"href":"https:\/\/www.livingpillow.com\/cs\/wp-json\/wp\/v2\/product\/252","targetHints":{"allow":["GET"]}}],"collection":[{"href":"https:\/\/www.livingpillow.com\/cs\/wp-json\/wp\/v2\/product"}],"about":[{"href":"https:\/\/www.livingpillow.com\/cs\/wp-json\/wp\/v2\/types\/product"}],"replies":[{"embeddable":true,"href":"https:\/\/www.livingpillow.com\/cs\/wp-json\/wp\/v2\/comments?post=252"}],"wp:featuredmedia":[{"embeddable":true,"href":"https:\/\/www.livingpillow.com\/cs\/wp-json\/wp\/v2\/media\/251"}],"wp:attachment":[{"href":"https:\/\/www.livingpillow.com\/cs\/wp-json\/wp\/v2\/media?parent=252"}],"wp:term":[{"taxonomy":"product_brand","embeddable":true,"href":"https:\/\/www.livingpillow.com\/cs\/wp-json\/wp\/v2\/product_brand?post=252"},{"taxonomy":"product_cat","embeddable":true,"href":"https:\/\/www.livingpillow.com\/cs\/wp-json\/wp\/v2\/product_cat?post=252"},{"taxonomy":"product_tag","embeddable":true,"href":"https:\/\/www.livingpillow.com\/cs\/wp-json\/wp\/v2\/product_tag?post=252"}],"curies":[{"name":"wp","href":"https:\/\/api.w.org\/{rel}","templated":true}]}}