{"id":280,"date":"2024-02-23T00:26:16","date_gmt":"2024-02-23T00:26:16","guid":{"rendered":"https:\/\/www.livingpillow.com\/product\/bed-bolster-pillow"},"modified":"2026-03-03T01:19:36","modified_gmt":"2026-03-03T01:19:36","slug":"polstar-krasny-polstar-na-celo-postele-mansestr-hnedy","status":"publish","type":"product","link":"https:\/\/www.livingpillow.com\/cs\/product\/bolster-pillow-beautiful-headboard-cushion-corduroy-brown","title":{"rendered":"Pol\u0161t\u00e1\u0159 na pol\u0161t\u00e1\u0159 Kr\u00e1sn\u00fd pol\u0161t\u00e1\u0159 na \u010delo postele, man\u0161estr, hn\u011bd\u00fd"},"content":{"rendered":"<p><strong>Objevte maxim\u00e1ln\u00ed pohodl\u00ed a styl s na\u0161\u00edm pr\u00e9miov\u00fdm man\u0161estrov\u00fdm \u010dtec\u00edm pol\u0161t\u00e1\u0159em<\/strong><\/p>\n<p>Dop\u0159ejte si bezkonkuren\u010dn\u00ed pohodl\u00ed na\u0161eho v\u00fdjime\u010dn\u00e9ho man\u0161estrov\u00e9ho \u010dtec\u00edho pol\u0161t\u00e1\u0159e, kter\u00fd je navr\u017een tak, aby v\u00e1m pomohl p\u0159edefinovat va\u0161e z\u00e1\u017eitky z us\u00edn\u00e1n\u00ed a relaxace.<\/p>\n<p><strong>Bezkonkuren\u010dn\u00ed opora zad a krku<\/strong><\/p>\n<p>Vklouzn\u011bte do tohoto ply\u0161ov\u00e9ho pol\u0161t\u00e1\u0159e a rozlu\u010dte se s nepohodl\u00edm. Jeho velkorys\u00e1 velikost a hust\u00e1 polyuretanov\u00e1 v\u00fdpl\u0148 poskytuj\u00ed neochv\u011bjnou oporu zad a krku a zaji\u0161\u0165uj\u00ed maxim\u00e1ln\u00ed pohodl\u00ed, zat\u00edmco se schoul\u00edte s poutavou knihou nebo se budete d\u00edvat na sv\u00e9 obl\u00edben\u00e9 po\u0159ady.<\/p>\n<p><strong>Stylov\u00e1 alternativa \u010dela postele<\/strong><\/p>\n<p>Vysoko\u0161kol\u00e1ci, j\u00e1sejte! N\u00e1\u0161 \u010dtec\u00ed pol\u0161t\u00e1\u0159 slou\u017e\u00ed jako \u017eiv\u00e9 a funk\u010dn\u00ed \u010delo postele, kter\u00e9 okam\u017eit\u011b zv\u00fd\u0161\u00ed estetick\u00fd vzhled va\u0161eho pokoje na koleji. Jeho poutav\u00e1 man\u0161estrov\u00e1 l\u00e1tka a elegantn\u00ed knofl\u00edky bez n\u00e1mahy dopln\u00ed jak\u00fdkoli interi\u00e9r.<\/p>\n<p><strong>V\u0161estrann\u00fd spole\u010dn\u00edk<\/strong><\/p>\n<p>Krom\u011b sv\u00e9ho prim\u00e1rn\u00edho \u00fa\u010delu se n\u00e1\u0161 v\u00edce\u00fa\u010delov\u00fd pol\u0161t\u00e1\u0159 dok\u00e1\u017ee bez probl\u00e9m\u016f p\u0159izp\u016fsobit va\u0161im pot\u0159eb\u00e1m. M\u016f\u017eete ho pou\u017e\u00edt jako pohovku p\u0159i leno\u0161en\u00ed na denn\u00ed poloze nebo jako \u00fatuln\u00e9 op\u011bradlo \u010di \u010delo palandy. Jeho v\u0161estrannost se roz\u0161i\u0159uje do ka\u017ed\u00e9ho koutu va\u0161eho obytn\u00e9ho prostoru.<\/p>\n<p><strong>Snadn\u00e1 \u00fadr\u017eba<\/strong><\/p>\n<p>Udr\u017eovat n\u00e1\u0161 \u010dtec\u00ed pol\u0161t\u00e1\u0159 dokonale \u010dist\u00fd je hra\u010dka. Jednodu\u0161e sejm\u011bte prateln\u00fd potah a vho\u010fte ho do pra\u010dky. Jeho odoln\u00fd materi\u00e1l zaru\u010duje, \u017ee jeho z\u00e1\u0159iv\u00e9 barvy a m\u011bkk\u00e1 textura vydr\u017e\u00ed po mnoho let.<\/p>\n<p><strong>Vysoce kvalitn\u00ed konstrukce<\/strong><\/p>\n<p>Ka\u017ed\u00fd pol\u0161t\u00e1\u0159 je pe\u010dliv\u011b vyroben z t\u011bch nejkvalitn\u011bj\u0161\u00edch materi\u00e1l\u016f. Jeho polyesterov\u00e1 man\u0161estrov\u00e1 tkanina 100% vyza\u0159uje eleganci a odolnost, zat\u00edmco hust\u00e1 polyuretanov\u00e1 v\u00fdpl\u0148 zaru\u010duje trvalou oporu.<\/p>\n<p><strong>Velikosti na m\u00edru<\/strong><\/p>\n<p>Vyberte si z na\u0161\u00ed \u0161irok\u00e9 nab\u00eddky velikost\u00ed, kter\u00e9 dokonale odpov\u00eddaj\u00ed va\u0161im jedine\u010dn\u00fdm pot\u0159eb\u00e1m a preferenc\u00edm: 45 cm, 60 cm, 80 cm, 100 cm, 120 cm, 140 cm, 160 cm, 180 cm a 200 cm.<\/p>\n<p><strong>Ohlasy z\u00e1kazn\u00edk\u016f<\/strong><\/p>\n<p>Zde je to, co \u0159\u00edkaj\u00ed na\u0161i spokojen\u00ed z\u00e1kazn\u00edci:<\/p>\n<p>* \u201cTento pol\u0161t\u00e1\u0159 mi naprosto zm\u011bnil pravidla hry, co se t\u00fd\u010de \u010dten\u00ed. Podpora zad a krku je \u00fa\u017easn\u00e1!\u201d<br \/>\n* \u201cMiluji tu man\u0161estrovou l\u00e1tku. V m\u00e9m pokoji na koleji vypad\u00e1 tak sofistikovan\u011b.\u201d<br \/>\n* \u201cPou\u017e\u00edv\u00e1m ho na denn\u00ed pohovce jako pohovku a je mnohem pohodln\u011bj\u0161\u00ed ne\u017e moje star\u00e9 pol\u0161t\u00e1\u0159e.\u201d<\/p>\n<p>Vylep\u0161ete si sv\u016fj relaxa\u010dn\u00ed z\u00e1\u017eitek je\u0161t\u011b dnes s na\u0161\u00edm pr\u00e9miov\u00fdm man\u0161estrov\u00fdm \u010dtec\u00edm pol\u0161t\u00e1\u0159em. Jeho v\u00fdjime\u010dn\u00e9 pohodl\u00ed, v\u0161estrannost a stylov\u00fd design v\u00e1m zajist\u00ed pohodl\u00ed a spokojenost po nespo\u010det nadch\u00e1zej\u00edc\u00edch okam\u017eik\u016f.<\/p>","protected":false},"excerpt":{"rendered":"<ul>\n<li><strong>Skv\u011bl\u00e9 pro \u010dten\u00ed v posteli:<\/strong> Vynikaj\u00edc\u00ed opora zad a krku pro maxim\u00e1ln\u00ed pohodl\u00ed p\u0159i \u010dten\u00ed nebo sledov\u00e1n\u00ed televize.<\/li>\n<li><strong>Alternativa dekorativn\u00edho \u010dela postele:<\/strong> Obl\u00edben\u00e9 u vysoko\u0161kolsk\u00fdch student\u016f jako dekorativn\u00ed, ale z\u00e1rove\u0148 funk\u010dn\u00ed \u010delo postele.<\/li>\n<li><strong>V\u00edce\u00fa\u010delov\u00fd:<\/strong> Vhodn\u00e9 pro denn\u00ed postele a lze je pou\u017e\u00edt jako pohovku; slou\u017e\u00ed tak\u00e9 jako op\u011bradlo nebo \u010delo palandy.<\/li>\n<li><strong>Snadn\u00e1 p\u00e9\u010de:<\/strong> Sn\u00edmateln\u00fd, prateln\u00fd potah s p\u0159ipevn\u011bn\u00fdmi knofl\u00edky.<\/li>\n<li><strong>Vysoce kvalitn\u00ed materi\u00e1ly:<\/strong> Vypln\u011bno hustou polyuretanovou v\u00fdpln\u00ed pro pevnou oporu zad. Atraktivn\u00ed man\u0161estrov\u00e1 tkanina se hod\u00ed ke ka\u017ed\u00e9mu interi\u00e9ru.<\/li>\n<li><strong>Tkanina:<\/strong> 100% Polyesterov\u00fd man\u0161estr<\/li>\n<li><strong>Velikost:<\/strong> 45 cm (45*20*50 cm | 0 knofl\u00edk\u016f), 60 cm (60*20*50 cm | 0 knofl\u00edk\u016f), 80 cm (80*20*50 cm | 2 knofl\u00edky), 100 cm (100*20*50 cm | 3 knofl\u00edky), 120 cm (120*20*50 cm | 4 knofl\u00edky), 140 cm (140*20*50 cm | 4 knofl\u00edky), 160 cm (160*20*50 cm | 5 knofl\u00edk\u016f), 180 cm (180*20*50 cm | 6 knofl\u00edk\u016f), 200 cm (200*20*50 cm | 7 knofl\u00edk\u016f).<\/li>\n<\/ul>","protected":false},"featured_media":279,"comment_status":"open","ping_status":"closed","template":"","meta":[],"product_brand":[],"product_cat":[15],"product_tag":[113,135,62,137,68,125,136,98,97,91],"class_list":{"0":"post-280","1":"product","2":"type-product","3":"status-publish","4":"has-post-thumbnail","6":"product_cat-pillows","7":"product_tag-back-and-neck-support","8":"product_tag-bolster-pillow","9":"product_tag-brown-pillow","10":"product_tag-bunk-bed-accessory","11":"product_tag-college-student-pillow","12":"product_tag-corduroy-fabric-pillow","13":"product_tag-daybed-accessory","14":"product_tag-decorative-headboard","15":"product_tag-functional-headboard","16":"product_tag-multipurpose-pillow","18":"first","19":"instock","20":"featured","21":"shipping-taxable","22":"purchasable","23":"product-type-variable","24":"has-default-attributes"},"_links":{"self":[{"href":"https:\/\/www.livingpillow.com\/cs\/wp-json\/wp\/v2\/product\/280","targetHints":{"allow":["GET"]}}],"collection":[{"href":"https:\/\/www.livingpillow.com\/cs\/wp-json\/wp\/v2\/product"}],"about":[{"href":"https:\/\/www.livingpillow.com\/cs\/wp-json\/wp\/v2\/types\/product"}],"replies":[{"embeddable":true,"href":"https:\/\/www.livingpillow.com\/cs\/wp-json\/wp\/v2\/comments?post=280"}],"wp:featuredmedia":[{"embeddable":true,"href":"https:\/\/www.livingpillow.com\/cs\/wp-json\/wp\/v2\/media\/279"}],"wp:attachment":[{"href":"https:\/\/www.livingpillow.com\/cs\/wp-json\/wp\/v2\/media?parent=280"}],"wp:term":[{"taxonomy":"product_brand","embeddable":true,"href":"https:\/\/www.livingpillow.com\/cs\/wp-json\/wp\/v2\/product_brand?post=280"},{"taxonomy":"product_cat","embeddable":true,"href":"https:\/\/www.livingpillow.com\/cs\/wp-json\/wp\/v2\/product_cat?post=280"},{"taxonomy":"product_tag","embeddable":true,"href":"https:\/\/www.livingpillow.com\/cs\/wp-json\/wp\/v2\/product_tag?post=280"}],"curies":[{"name":"wp","href":"https:\/\/api.w.org\/{rel}","templated":true}]}}