{"id":369,"date":"2024-02-23T04:27:00","date_gmt":"2024-02-23T04:27:00","guid":{"rendered":"https:\/\/www.livingpillow.com\/product\/triangular-wedge-pillow"},"modified":"2026-03-03T01:20:45","modified_gmt":"2026-03-03T01:20:45","slug":"trojuhelnikovy-klinovy-polstar-na-postel-pekny-velky-mansestrovy-cerveny","status":"publish","type":"product","link":"https:\/\/www.livingpillow.com\/cs\/product\/triangular-wedge-pillow-bed-nice-big-cushion-corduroy-red","title":{"rendered":"Troj\u00faheln\u00edkov\u00fd kl\u00ednov\u00fd pol\u0161t\u00e1\u0159 na postel, p\u011bkn\u00fd velk\u00fd man\u0161estrov\u00fd \u010derven\u00fd"},"content":{"rendered":"<p>Hled\u00e1te pohodln\u00e9 a v\u0161estrann\u00e9 \u0159e\u0161en\u00ed do va\u0161\u00ed lo\u017enice? Nehledejte nic jin\u00e9ho ne\u017e troj\u00faheln\u00edkov\u00fd kl\u00ednov\u00fd pol\u0161t\u00e1\u0159!<\/p>\n<p>Tento pol\u0161t\u00e1\u0159 nejen\u017ee zvy\u0161uje va\u0161e pohodl\u00ed p\u0159i \u010dten\u00ed nebo sledov\u00e1n\u00ed televize v posteli, ale slou\u017e\u00ed tak\u00e9 jako funk\u010dn\u00ed a dekorativn\u00ed \u010delo postele. A d\u00edky velikostem dostupn\u00fdm pro v\u0161echny velikosti postel\u00ed, v\u010detn\u011b denn\u00edch postel\u00ed a paland, je perfektn\u00edm dopl\u0148kem do ka\u017ed\u00e9 m\u00edstnosti.<\/p>\n<p>Ale to, co odli\u0161uje tento pol\u0161t\u00e1\u0159, jsou jeho prvot\u0159\u00eddn\u00ed materi\u00e1ly. V\u00fdpl\u0148 z polyuretanu s vysokou hustotou nab\u00edz\u00ed bezkonkuren\u010dn\u00ed oporu zad, zat\u00edmco man\u0161estrov\u00e1 tkanina dod\u00e1 va\u0161emu interi\u00e9ru n\u00e1dech sofistikovanosti.<\/p>\n<p>A pro ty, kte\u0159\u00ed se ob\u00e1vaj\u00ed o \u010distotu, je troj\u00faheln\u00edkov\u00fd kl\u00ednov\u00fd pol\u0161t\u00e1\u0159 dod\u00e1v\u00e1n s odn\u00edmateln\u00fdmi knofl\u00edky, kter\u00e9 nejen\u017ee dod\u00e1vaj\u00ed jeho stylov\u00fd vzhled, ale tak\u00e9 usnad\u0148uj\u00ed jeho pran\u00ed.<\/p>\n<p>Nev\u011b\u0159te n\u00e1m jen na slovo \u2013 pod\u00edvejte se na n\u011bkter\u00e9 recenze od spokojen\u00fdch z\u00e1kazn\u00edk\u016f:<\/p>\n<p>\u2013 \u201cTenhle pol\u0161t\u00e1\u0159 miluju! Je tak pohodln\u00fd a jako provizorn\u00ed \u010delo postele dod\u00e1v\u00e1 m\u00e9mu pokoji skv\u011bl\u00fd n\u00e1dech.\u201d<br \/>\n\u2013 \u201cMan\u0161estrov\u00e1 tkanina je tak m\u011bkk\u00e1 a v\u00fdpl\u0148 s vysokou hustotou nab\u00edz\u00ed skv\u011blou oporu.\u201d<br \/>\n\u2013 \u201cKoupila jsem tento pol\u0161t\u00e1\u0159 do palandy pro sv\u00e9ho syna a funguje perfektn\u011b jako op\u011bradlo \u2013 miluje ho!\u201d<\/p>\n<p>Neuspokojte se s nudn\u00fdm star\u00fdm pol\u0161t\u00e1\u0159em \u2013 po\u0159i\u010fte si je\u0161t\u011b dnes pohodln\u00fd a stylov\u00fd pol\u0161t\u00e1\u0159 s troj\u00faheln\u00edkov\u00fdm kl\u00ednem!<\/p>","protected":false},"excerpt":{"rendered":"<ul>\n<li><strong>Zlep\u0161uje \u010dten\u00ed v posteli:<\/strong> Nab\u00edz\u00ed vynikaj\u00edc\u00ed oporu pro z\u00e1da a krk a zaji\u0161\u0165uje pohodl\u00ed p\u0159i \u010dten\u00ed a sledov\u00e1n\u00ed televize.<\/li>\n<li><strong>Slou\u017e\u00ed tak\u00e9 jako \u010delo postele:<\/strong> Tento pol\u0161t\u00e1\u0159 je ide\u00e1ln\u00ed pro vysoko\u0161kolsk\u00e9 studenty a slou\u017e\u00ed jako funk\u010dn\u00ed i dekorativn\u00ed \u010delo postele.<\/li>\n<li><strong>V\u0161estrann\u00e9 pou\u017eit\u00ed:<\/strong> K dispozici ve v\u0161ech velikostech postel\u00ed, p\u0159i\u010dem\u017e velikost King se perfektn\u011b hod\u00ed k denn\u00edm postel\u00edm pro pou\u017eit\u00ed jako pohovka. Vhodn\u00e9 tak\u00e9 pro op\u011bradla paland a jako provizorn\u00ed \u010delo postele.<\/li>\n<li><strong>Prateln\u00fd potah:<\/strong> M\u00e1 odn\u00edmateln\u00e9 knofl\u00edky, kter\u00e9 nejen dod\u00e1vaj\u00ed potahu sofistikovan\u00fd vzhled, ale tak\u00e9 usnad\u0148uj\u00ed jeho pran\u00ed.<\/li>\n<li><strong>Pr\u00e9miov\u00fd materi\u00e1l:<\/strong> V\u00fdpl\u0148 z polyuretanu s vysokou hustotou pro bezkonkuren\u010dn\u00ed oporu zad. Man\u0161estrov\u00e1 tkanina kl\u00ednov\u00e9ho pol\u0161t\u00e1\u0159e vylep\u0161uje estetiku m\u00edstnosti.<\/li>\n<li><strong>Tkanina:<\/strong> Man\u0161estr (100% Polyester).<\/li>\n<li><strong>Velikost:<\/strong> 45 cm (45*20*50 cm | 0 knofl\u00edk\u016f); 60 cm (60*20*50 cm | 0 knofl\u00edk\u016f); 80 cm (80*20*50 cm | 2 knofl\u00edky); 100 cm (100*20*50 cm | 3 knofl\u00edky); 120 cm (120*20*50 cm | 4 knofl\u00edky); 140 cm (140*20*50 cm | 4 knofl\u00edky); 160 cm (160*20*50 cm | 5 knofl\u00edk\u016f); 180 cm (180*20*50 cm | 6 knofl\u00edk\u016f); 200 cm (200*20*50 cm | 7 knofl\u00edk\u016f).<\/li>\n<\/ul>","protected":false},"featured_media":368,"comment_status":"open","ping_status":"closed","template":"","meta":[],"product_brand":[],"product_cat":[15],"product_tag":[66,85,125,90,127,126,124],"class_list":{"0":"post-369","1":"product","2":"type-product","3":"status-publish","4":"has-post-thumbnail","6":"product_cat-pillows","7":"product_tag-back-support-pillow","8":"product_tag-bunk-bed-backrests","9":"product_tag-corduroy-fabric-pillow","10":"product_tag-king-size-pillow","11":"product_tag-red-pillow","12":"product_tag-triangular-wedge-pillow","13":"product_tag-unmatched-back-support","15":"first","16":"instock","17":"shipping-taxable","18":"purchasable","19":"product-type-variable","20":"has-default-attributes"},"_links":{"self":[{"href":"https:\/\/www.livingpillow.com\/cs\/wp-json\/wp\/v2\/product\/369","targetHints":{"allow":["GET"]}}],"collection":[{"href":"https:\/\/www.livingpillow.com\/cs\/wp-json\/wp\/v2\/product"}],"about":[{"href":"https:\/\/www.livingpillow.com\/cs\/wp-json\/wp\/v2\/types\/product"}],"replies":[{"embeddable":true,"href":"https:\/\/www.livingpillow.com\/cs\/wp-json\/wp\/v2\/comments?post=369"}],"wp:featuredmedia":[{"embeddable":true,"href":"https:\/\/www.livingpillow.com\/cs\/wp-json\/wp\/v2\/media\/368"}],"wp:attachment":[{"href":"https:\/\/www.livingpillow.com\/cs\/wp-json\/wp\/v2\/media?parent=369"}],"wp:term":[{"taxonomy":"product_brand","embeddable":true,"href":"https:\/\/www.livingpillow.com\/cs\/wp-json\/wp\/v2\/product_brand?post=369"},{"taxonomy":"product_cat","embeddable":true,"href":"https:\/\/www.livingpillow.com\/cs\/wp-json\/wp\/v2\/product_cat?post=369"},{"taxonomy":"product_tag","embeddable":true,"href":"https:\/\/www.livingpillow.com\/cs\/wp-json\/wp\/v2\/product_tag?post=369"}],"curies":[{"name":"wp","href":"https:\/\/api.w.org\/{rel}","templated":true}]}}