{"id":429,"date":"2024-02-23T05:10:46","date_gmt":"2024-02-23T05:10:46","guid":{"rendered":"https:\/\/www.livingpillow.com\/product\/backrest-pillow"},"modified":"2026-03-03T01:21:32","modified_gmt":"2026-03-03T01:21:32","slug":"velky-polstar-na-cteni-k-rozkladaci-pohovce-sametove-sedy","status":"publish","type":"product","link":"https:\/\/www.livingpillow.com\/cs\/product\/big-backrest-pillow-reading-cushion-for-sofa-bed-velvet-grey","title":{"rendered":"Velk\u00fd pol\u0161t\u00e1\u0159 na \u010dten\u00ed na op\u011bradlo pro rozkl\u00e1dac\u00ed pohovku, sametov\u011b \u0161ed\u00fd"},"content":{"rendered":"<p>P\u0159edstavujeme v\u00e1m n\u00e1\u0161 podp\u016frn\u00fd \u010dtec\u00ed pol\u0161t\u00e1\u0159, kter\u00fd je navr\u017een tak, aby poskytoval maxim\u00e1ln\u00ed pohodl\u00ed p\u0159i \u010dten\u00ed nebo sledov\u00e1n\u00ed televize v posteli. D\u00edky sv\u00e9 vysoce hust\u00e9 polyuretanov\u00e9 v\u00fdplni nab\u00edz\u00ed tento kl\u00ednov\u00fd pol\u0161t\u00e1\u0159 vynikaj\u00edc\u00ed oporu zad a krku, co\u017e v\u00e1m umo\u017en\u00ed relaxovat v pohodln\u00e9 a podp\u016frn\u00e9 poloze.<\/p>\n<p>Ale to nen\u00ed v\u0161echno \u2013 tento v\u0161estrann\u00fd pol\u0161t\u00e1\u0159 slou\u017e\u00ed jako vynikaj\u00edc\u00ed alternativa k tradi\u010dn\u00edmu \u010delu postele, tak\u017ee je ide\u00e1ln\u00ed pro vysoko\u0161kol\u00e1ky a ty, kte\u0159\u00ed cht\u011bj\u00ed ve sv\u00e9 lo\u017enici funk\u010dn\u00ed i dekorativn\u00ed prvky. Nav\u00edc je k dispozici ve v\u0161ech velikostech pro b\u011b\u017en\u00e9 postele, p\u0159i\u010dem\u017e velikost king size je perfektn\u00edm dopl\u0148kem k denn\u00ed pohovce, kterou prom\u011bn\u00edte v \u00fatulnou pohovku.<\/p>\n<p>Inovativn\u00ed design tohoto pol\u0161t\u00e1\u0159e tak\u00e9 usnad\u0148uje jeho pran\u00ed, s p\u0159ipevn\u011bn\u00fdmi knofl\u00edky, kter\u00e9 mu nejen dod\u00e1vaj\u00ed dynamick\u00fd vzhled, ale tak\u00e9 umo\u017e\u0148uj\u00ed snadn\u00e9 sejmut\u00ed a \u010di\u0161t\u011bn\u00ed potahu.<\/p>\n<p>Kdy\u017e u\u017e mluv\u00edme o potahu, pou\u017eit\u00e1 l\u00e1tka je polyesterov\u00fd samet 100%, kter\u00fd nejen\u017ee p\u0159isp\u00edv\u00e1 k vynikaj\u00edc\u00edmu vizu\u00e1ln\u00edmu efektu pol\u0161t\u00e1\u0159e, ale tak\u00e9 vylep\u0161uje v\u00e1\u0161 interi\u00e9r.<\/p>\n<p>Ale nev\u011b\u0159te jen n\u00e1m na slovo. Zde je n\u011bkolik koment\u00e1\u0159\u016f od na\u0161ich spokojen\u00fdch z\u00e1kazn\u00edk\u016f:<\/p>\n<p>\u2013 \u201cTento pol\u0161t\u00e1\u0159 je naprosto z\u00e1sadn\u00ed pro \u010dten\u00ed v posteli. Poskytuje skv\u011blou oporu a d\u00edky n\u011bmu je moje \u010dten\u00ed mnohem pohodln\u011bj\u0161\u00ed.\u201d<br \/>\n\u2013 \u201cTento pol\u0161t\u00e1\u0159 r\u00e1da pou\u017e\u00edv\u00e1m jako \u010delo postele! Dod\u00e1v\u00e1 m\u00e9 lo\u017enici jedine\u010dn\u00fd a \u00fatuln\u00fd n\u00e1dech.\u201d<br \/>\n\u2013 \u201cKoupila jsem si pro svou palandu postel o \u0161\u00ed\u0159ce 120 cm a funguje perfektn\u011b jako op\u011brka zad. Je tak\u00e9 skv\u011bl\u00e1 na sezen\u00ed a studium.\u201d<br \/>\n\u2013 \u201cD\u00edky knofl\u00edk\u016fm na potahu se tak snadno sund\u00e1v\u00e1 a pere. Miluji jeho jednoduchost.\u201d<\/p>\n<p>A\u0165 u\u017e tedy hled\u00e1te pohodln\u00fd zp\u016fsob, jak si \u010d\u00edst v posteli, nebo chcete do sv\u00e9 lo\u017enice vn\u00e9st funk\u010dn\u00ed a stylov\u00fd prvek, n\u00e1\u0161 podp\u016frn\u00fd \u010dtec\u00ed pol\u0161t\u00e1\u0159 je perfektn\u00edm \u0159e\u0161en\u00edm. Vyberte si z \u0159ady velikost\u00ed a barev, v\u010detn\u011b obl\u00edben\u00e9ho \u0161ed\u00e9ho holandsk\u00e9ho sametu, a za\u017eijte maxim\u00e1ln\u00ed pohodl\u00ed a oporu.<\/p>","protected":false},"excerpt":{"rendered":"<ul>\n<li><strong>Ide\u00e1ln\u00ed pro \u010dten\u00ed v posteli:<\/strong> U\u017eijte si maxim\u00e1ln\u00ed pohodl\u00ed p\u0159i \u010dten\u00ed nebo sledov\u00e1n\u00ed televize s na\u0161\u00edm podp\u016frn\u00fdm \u010dtec\u00edm pol\u0161t\u00e1\u0159em, kter\u00fd je navr\u017een tak, aby poskytoval vynikaj\u00edc\u00ed oporu zad a krku.<\/li>\n<li><strong>Alternativa jako \u010delo postele:<\/strong> Tento pol\u0161t\u00e1\u0159 je ide\u00e1ln\u00ed pro vysoko\u0161kolsk\u00e9 studenty a ostatn\u00ed, slou\u017e\u00ed jako funk\u010dn\u00ed i dekorativn\u00ed \u010delo postele.<\/li>\n<li><strong>V\u00edce\u00fa\u010delov\u00e9 pou\u017eit\u00ed:<\/strong> K dispozici ve v\u0161ech velikostech pro b\u011b\u017en\u00e9 postele; velikost king size dokonale dopln\u00ed denn\u00ed pohovku a prom\u011bn\u00ed ji v pohovku. Vhodn\u00e1 je tak\u00e9 jako op\u011bradlo palandy nebo provizorn\u00ed \u010delo postele.<\/li>\n<li><strong>Snadno se myje:<\/strong> Inovativn\u00ed design zahrnuje p\u0159ipevn\u011bn\u00e1 tla\u010d\u00edtka pro dynamick\u00fd vzhled a snadn\u00e9 sejmut\u00ed a pran\u00ed potahu.<\/li>\n<li><strong>Vysoce kvalitn\u00ed materi\u00e1l:<\/strong> Kl\u00ednov\u00fd pol\u0161t\u00e1\u0159 je vypln\u011bn polyuretanem s vysokou hustotou pro vynikaj\u00edc\u00ed oporu zad a z\u00e1rove\u0148 vylep\u0161uje v\u00e1\u0161 interi\u00e9r d\u00edky vynikaj\u00edc\u00edmu vizu\u00e1ln\u00edmu efektu.<\/li>\n<li><strong>Tkanina:<\/strong> Samet (100% Polyester).<\/li>\n<li><strong>Velikost:<\/strong> 45 cm (45*20*50 cm | 0 knofl\u00edk\u016f); 60 cm (60*20*50 cm | 0 knofl\u00edk\u016f); 80 cm (80*20*50 cm | 2 knofl\u00edky); 100 cm (100*20*50 cm | 3 knofl\u00edky); 120 cm (120*20*50 cm | 4 knofl\u00edky); 140 cm (140*20*50 cm | 4 knofl\u00edky); 160 cm (160*20*50 cm | 5 knofl\u00edk\u016f); 180 cm (180*20*50 cm | 6 knofl\u00edk\u016f); 200 cm (200*20*50 cm | 7 knofl\u00edk\u016f).<\/li>\n<\/ul>","protected":false},"featured_media":428,"comment_status":"open","ping_status":"closed","template":"","meta":[],"product_brand":[],"product_cat":[15],"product_tag":[63,79,120,109,91,111,119],"class_list":{"0":"post-429","1":"product","2":"type-product","3":"status-publish","4":"has-post-thumbnail","6":"product_cat-pillows","7":"product_tag-backrest-pillow","8":"product_tag-bedroom-decoration","9":"product_tag-big-backrest-pillow","10":"product_tag-high-density-polyurethane-pillow","11":"product_tag-multipurpose-pillow","12":"product_tag-reading-cushion","13":"product_tag-sofa-bed-pillow","15":"first","16":"instock","17":"shipping-taxable","18":"purchasable","19":"product-type-variable","20":"has-default-attributes"},"_links":{"self":[{"href":"https:\/\/www.livingpillow.com\/cs\/wp-json\/wp\/v2\/product\/429","targetHints":{"allow":["GET"]}}],"collection":[{"href":"https:\/\/www.livingpillow.com\/cs\/wp-json\/wp\/v2\/product"}],"about":[{"href":"https:\/\/www.livingpillow.com\/cs\/wp-json\/wp\/v2\/types\/product"}],"replies":[{"embeddable":true,"href":"https:\/\/www.livingpillow.com\/cs\/wp-json\/wp\/v2\/comments?post=429"}],"wp:featuredmedia":[{"embeddable":true,"href":"https:\/\/www.livingpillow.com\/cs\/wp-json\/wp\/v2\/media\/428"}],"wp:attachment":[{"href":"https:\/\/www.livingpillow.com\/cs\/wp-json\/wp\/v2\/media?parent=429"}],"wp:term":[{"taxonomy":"product_brand","embeddable":true,"href":"https:\/\/www.livingpillow.com\/cs\/wp-json\/wp\/v2\/product_brand?post=429"},{"taxonomy":"product_cat","embeddable":true,"href":"https:\/\/www.livingpillow.com\/cs\/wp-json\/wp\/v2\/product_cat?post=429"},{"taxonomy":"product_tag","embeddable":true,"href":"https:\/\/www.livingpillow.com\/cs\/wp-json\/wp\/v2\/product_tag?post=429"}],"curies":[{"name":"wp","href":"https:\/\/api.w.org\/{rel}","templated":true}]}}