{"id":457,"date":"2024-02-23T05:36:46","date_gmt":"2024-02-23T05:36:46","guid":{"rendered":"https:\/\/www.livingpillow.com\/product\/wedge-cushion"},"modified":"2026-03-03T01:21:56","modified_gmt":"2026-03-03T01:21:56","slug":"velky-klinovy-cteci-polstar-pekny-polstar-na-celo-postele-sametovy-cerny","status":"publish","type":"product","link":"https:\/\/www.livingpillow.com\/cs\/product\/big-wedge-reading-cushion-nice-headboard-pillow-velvet-black","title":{"rendered":"Velk\u00fd \u010dtec\u00ed pol\u0161t\u00e1\u0159 s kl\u00ednem, p\u011bkn\u00fd pol\u0161t\u00e1\u0159 na \u010delo postele, sametov\u00fd \u010dern\u00fd"},"content":{"rendered":"<p>P\u0159edstavujeme dokonal\u00e9ho spole\u010dn\u00edka na \u010dten\u00ed: troj\u00faheln\u00edkov\u00fd pol\u0161t\u00e1\u0159<\/p>\n<p>R\u00e1di \u010dtete nebo sledujete televizi v pohodl\u00ed sv\u00e9 postele? Pokud ano, pak v\u00edte, jak nepohodln\u00e9 to m\u016f\u017ee b\u00fdt bez spr\u00e1vn\u00e9 opory pro z\u00e1da a krk. Na\u0161t\u011bst\u00ed na tento probl\u00e9m existuje \u0159e\u0161en\u00ed \u2013 troj\u00faheln\u00edkov\u00fd pol\u0161t\u00e1\u0159. <\/p>\n<p>Tento pol\u0161t\u00e1\u0159 je navr\u017een tak, aby poskytoval optim\u00e1ln\u00ed oporu p\u0159i \u010dten\u00ed a zlep\u0161oval v\u00e1\u0161 z\u00e1\u017eitek ze sledov\u00e1n\u00ed televize t\u00edm, \u017ee poskytuje robustn\u00ed oporu zad a krku. Je vyroben z polyuretanu s vysokou hustotou, kter\u00fd poskytuje vynikaj\u00edc\u00ed oporu, a je ide\u00e1ln\u00ed pro ty, kte\u0159\u00ed tr\u00e1v\u00ed dlouh\u00e9 hodiny \u010dten\u00edm nebo sledov\u00e1n\u00edm televize v posteli. <\/p>\n<p>Nejen\u017ee je funk\u010dn\u00ed, ale tak\u00e9 slou\u017e\u00ed jako vynikaj\u00edc\u00ed dekorativn\u00ed \u010delo postele pro vysoko\u0161kol\u00e1ky nebo kohokoli, kdo hled\u00e1 praktick\u00e9 a z\u00e1rove\u0148 dekorativn\u00ed \u0159e\u0161en\u00ed. Je v\u0161estrann\u00e9 a vhodn\u00e9 pro v\u0161echny velikosti postel\u00ed, tak\u017ee je perfektn\u00edm dopl\u0148kem k denn\u00ed pohovce, kter\u00e1 slou\u017e\u00ed jako pohovka, nebo jako op\u011bradlo palandy. <\/p>\n<p>Troj\u00faheln\u00edkov\u00fd pol\u0161t\u00e1\u0159 je navr\u017een s ohledem na snadn\u00e9 pran\u00ed. M\u00e1 odn\u00edmateln\u00e9 potahy s p\u0159ipevn\u011bn\u00fdmi knofl\u00edky, tak\u017ee se snadno sund\u00e1v\u00e1 a pere. L\u00e1tka pou\u017eit\u00e1 k v\u00fdrob\u011b tohoto pol\u0161t\u00e1\u0159e je polyesterov\u00fd samet 100%, kter\u00fd sv\u00fdm vizu\u00e1ln\u011b atraktivn\u00edm designem vylep\u0161\u00ed jak\u00fdkoli interi\u00e9r. <\/p>\n<p>Tento pol\u0161t\u00e1\u0159, kter\u00fd je k dispozici v r\u016fzn\u00fdch velikostech od 45 cm do 200 cm a v r\u016fzn\u00fdch barv\u00e1ch, v\u010detn\u011b \u010dern\u00e9, nab\u00edz\u00ed n\u011bco pro ka\u017ed\u00e9ho. Nen\u00ed divu, \u017ee se mu dostalo nad\u0161en\u00fdch recenz\u00ed od z\u00e1kazn\u00edk\u016f. <\/p>\n<p>Jeden z\u00e1kazn\u00edk, kter\u00fd si pol\u0161t\u00e1\u0159 zakoupil v \u010dern\u00e9 barv\u011b, \u0159ekl: \u201cTento pol\u0161t\u00e1\u0159 mi zm\u011bnil z\u00e1\u017eitek ze \u010dten\u00ed. U\u017e se neust\u00e1le nep\u0159esouv\u00e1m a upravuji a m\u016f\u017eu \u010d\u00edst cel\u00e9 hodiny bez jak\u00e9hokoli nepohodl\u00ed.\u201d <\/p>\n<p>Dal\u0161\u00ed z\u00e1kazn\u00edk, kter\u00fd si zakoupil pol\u0161t\u00e1\u0159 z luxusn\u00edho holandsk\u00e9ho sametu, \u0159ekl: \u201cL\u00e1tka je tak m\u011bkk\u00e1 a sametov\u00e1 a pol\u0161t\u00e1\u0159 poskytuje vynikaj\u00edc\u00ed oporu. Tak\u00e9 se snadno \u010dist\u00ed, tak\u017ee se nemus\u00edm b\u00e1t, \u017ee se u\u0161pin\u00ed.\u201d <\/p>\n<p>Z\u00e1v\u011brem lze \u0159\u00edci, \u017ee troj\u00faheln\u00edkov\u00fd pol\u0161t\u00e1\u0159 je perfektn\u00edm spole\u010dn\u00edkem p\u0159i \u010dten\u00ed pro ka\u017ed\u00e9ho, kdo hled\u00e1 pohodl\u00ed a oporu p\u0159i \u010dten\u00ed nebo sledov\u00e1n\u00ed televize v posteli. Je funk\u010dn\u00ed, v\u0161estrann\u00fd a dostupn\u00fd v r\u016fzn\u00fdch velikostech a barv\u00e1ch. U\u017e se nespokojte s nepohodln\u00fdm \u010dten\u00edm \u2013 po\u0159i\u010fte si sv\u016fj troj\u00faheln\u00edkov\u00fd pol\u0161t\u00e1\u0159 je\u0161t\u011b dnes!<\/p>","protected":false},"excerpt":{"rendered":"<ul>\n<li><strong>Optim\u00e1ln\u00ed podpora \u010dten\u00ed:<\/strong> Tento pol\u0161t\u00e1\u0159 vylep\u0161uje v\u00e1\u0161 z\u00e1\u017eitek ze \u010dten\u00ed a sledov\u00e1n\u00ed televize t\u00edm, \u017ee poskytuje robustn\u00ed oporu zad a krku.<\/li>\n<li><strong>Alternativa funk\u010dn\u00edho \u010dela postele:<\/strong> Ide\u00e1ln\u00ed pro vysoko\u0161kolsk\u00e9 studenty a dal\u0161\u00ed, kte\u0159\u00ed hledaj\u00ed dekorativn\u00ed, ale z\u00e1rove\u0148 praktick\u00e9 \u0159e\u0161en\u00ed \u010dela postele.<\/li>\n<li><strong>V\u0161estrann\u00e9 pou\u017eit\u00ed:<\/strong> Vhodn\u00e9 pro v\u0161echny velikosti postel\u00ed, perfektn\u011b dopl\u0148uje denn\u00ed pohovku jako pohovku. Slou\u017e\u00ed tak\u00e9 jako op\u011bradlo palandy nebo samostatn\u00e9 \u010delo postele.<\/li>\n<li><strong>Omyvateln\u00fd design:<\/strong> S odn\u00edmateln\u00fdmi potahy s p\u0159ipevn\u011bn\u00fdmi knofl\u00edky pro snadn\u00e9 pran\u00ed, co\u017e dod\u00e1v\u00e1 na funk\u010dnosti i stylu.<\/li>\n<li><strong>Pr\u00e9miov\u00fd materi\u00e1l:<\/strong> Jej\u00ed tkanina je vypln\u011bna polyuretanem s vysokou hustotou pro vynikaj\u00edc\u00ed oporu zad a sv\u00fdm vizu\u00e1ln\u011b atraktivn\u00edm designem vylep\u0161\u00ed jak\u00fdkoli interi\u00e9r.<\/li>\n<li><strong>Tkanina:<\/strong> 100% Polyesterov\u00fd samet.<\/li>\n<li><strong>Dostupn\u00e9 velikosti:<\/strong> 45 cm (45*20*50 cm | 0 knofl\u00edk\u016f); 60 cm (60*20*50 cm | 0 knofl\u00edk\u016f); 80 cm (80*20*50 cm | 2 knofl\u00edky); 100 cm (100*20*50 cm | 3 knofl\u00edky); 120 cm (120*20*50 cm | 4 knofl\u00edky); 140 cm (140*20*50 cm | 4 knofl\u00edky); 160 cm (160*20*50 cm | 5 knofl\u00edk\u016f); 180 cm (180*20*50 cm | 6 knofl\u00edk\u016f); 200 cm (200*20*50 cm | 7 knofl\u00edk\u016f).<\/li>\n<\/ul>","protected":false},"featured_media":456,"comment_status":"open","ping_status":"closed","template":"","meta":[],"product_brand":[],"product_cat":[15],"product_tag":[101,117,116,54,115,111,118],"class_list":{"0":"post-457","1":"product","2":"type-product","3":"status-publish","4":"has-post-thumbnail","6":"product_cat-pillows","7":"product_tag-bunk-bed-backrest","8":"product_tag-daybed-backrest","9":"product_tag-functional-headboard-alternative","10":"product_tag-headboard-pillow","11":"product_tag-optimal-reading-support","12":"product_tag-reading-cushion","13":"product_tag-superior-back-support","15":"first","16":"instock","17":"featured","18":"shipping-taxable","19":"purchasable","20":"product-type-variable","21":"has-default-attributes"},"_links":{"self":[{"href":"https:\/\/www.livingpillow.com\/cs\/wp-json\/wp\/v2\/product\/457","targetHints":{"allow":["GET"]}}],"collection":[{"href":"https:\/\/www.livingpillow.com\/cs\/wp-json\/wp\/v2\/product"}],"about":[{"href":"https:\/\/www.livingpillow.com\/cs\/wp-json\/wp\/v2\/types\/product"}],"replies":[{"embeddable":true,"href":"https:\/\/www.livingpillow.com\/cs\/wp-json\/wp\/v2\/comments?post=457"}],"wp:featuredmedia":[{"embeddable":true,"href":"https:\/\/www.livingpillow.com\/cs\/wp-json\/wp\/v2\/media\/456"}],"wp:attachment":[{"href":"https:\/\/www.livingpillow.com\/cs\/wp-json\/wp\/v2\/media?parent=457"}],"wp:term":[{"taxonomy":"product_brand","embeddable":true,"href":"https:\/\/www.livingpillow.com\/cs\/wp-json\/wp\/v2\/product_brand?post=457"},{"taxonomy":"product_cat","embeddable":true,"href":"https:\/\/www.livingpillow.com\/cs\/wp-json\/wp\/v2\/product_cat?post=457"},{"taxonomy":"product_tag","embeddable":true,"href":"https:\/\/www.livingpillow.com\/cs\/wp-json\/wp\/v2\/product_tag?post=457"}],"curies":[{"name":"wp","href":"https:\/\/api.w.org\/{rel}","templated":true}]}}