{"id":488,"date":"2024-02-23T05:44:00","date_gmt":"2024-02-23T05:44:00","guid":{"rendered":"https:\/\/www.livingpillow.com\/product\/bed-wedge-support-pillow"},"modified":"2026-03-03T01:22:19","modified_gmt":"2026-03-03T01:22:19","slug":"podpurny-polstar-na-cteni-s-klinem-na-postel-sametovy-tmave-modry","status":"publish","type":"product","link":"https:\/\/www.livingpillow.com\/cs\/product\/bed-wedge-support-pillow-reading-cushion-velvet-deep-blue","title":{"rendered":"Podp\u016frn\u00fd pol\u0161t\u00e1\u0159 na postel, \u010dtec\u00ed pol\u0161t\u00e1\u0159, samet, tmav\u011b modr\u00e1"},"content":{"rendered":"<p>Objevte dokonal\u00e9ho spole\u010dn\u00edka pro \u010dten\u00ed a relaxaci<\/p>\n<p>U\u017e v\u00e1s nebav\u00ed nam\u00e1hat si krk a z\u00e1da p\u0159i \u010dten\u00ed v posteli nebo na gau\u010di? Nem\u00e1te dostatek dekorativn\u00edch a funk\u010dn\u00edch dopl\u0148k\u016f do pokoje na koleji? N\u00e1\u0161 v\u00edce\u00fa\u010delov\u00fd troj\u00faheln\u00edkov\u00fd pol\u0161t\u00e1\u0159 je \u0159e\u0161en\u00edm. Tento troj\u00faheln\u00edkov\u00fd pol\u0161t\u00e1\u0159, kter\u00fd je k dispozici v r\u016fzn\u00fdch velikostech od 45 cm do 200 cm, poskytuje vynikaj\u00edc\u00ed oporu, a\u0165 u\u017e leno\u0161\u00edte, u\u010d\u00edte se nebo sledujete sv\u00e9 obl\u00edben\u00e9 po\u0159ady.<\/p>\n<p>Tento pol\u0161t\u00e1\u0159 je vyroben z m\u011bkk\u00e9, sametov\u00e9 polyesterov\u00e9 tkaniny 100% s v\u00fdpln\u00ed z polyuretanu s vysokou hustotou a p\u0159izp\u016fsob\u00ed se va\u0161emu t\u011blu pro maxim\u00e1ln\u00ed pohodl\u00ed. P\u0159ilo\u017een\u00e9 knofl\u00edky umo\u017e\u0148uj\u00ed nastaven\u00ed tvaru dle pot\u0159eby. D\u00edky sv\u00e9mu stylov\u00e9mu vzhledu m\u016f\u017ee troj\u00faheln\u00edkov\u00fd pol\u0161t\u00e1\u0159 slou\u017eit i jako alternativn\u00ed \u010delo postele, kter\u00e9 dopln\u00ed v\u00fdzdobu va\u0161\u00ed koleje nebo lo\u017enice. <\/p>\n<p>Jak \u0159ekla jedna spokojen\u00e1 z\u00e1kaznice: \u201cMiluji m\u011bkk\u00fd pocit sametov\u00e9 l\u00e1tky na tomto pol\u0161t\u00e1\u0159i. \u010cten\u00ed v posteli je d\u00edky n\u011bmu mnohem pohodln\u011bj\u0161\u00ed, ani\u017e byste si museli podp\u00edrat tvrd\u00e9 pol\u0161t\u00e1\u0159e.\u201d<\/p>\n<p>Jin\u00fd napsal: \u201cTento troj\u00faheln\u00edkov\u00fd pol\u0161t\u00e1\u0159 je mnohem stylov\u011bj\u0161\u00ed ne\u017e typick\u00fd \u010dtec\u00ed pol\u0161t\u00e1\u0159. Pou\u017e\u00edv\u00e1m ho v byt\u011b jako \u010delo postele, proto\u017ee na opravdov\u00fd nem\u00e1m m\u00edsto.\u201d<\/p>\n<p>D\u00edky sv\u00e9 v\u0161estrannosti, vysoce kvalitn\u00edm materi\u00e1l\u016fm a snadn\u00e9 \u00fadr\u017eb\u011b d\u00edky sn\u00edmateln\u00e9mu potahu, kter\u00fd lze pr\u00e1t v pra\u010dce, je tento troj\u00faheln\u00edkov\u00fd pol\u0161t\u00e1\u0159 nezbytn\u00fdm dopl\u0148kem pro lep\u0161\u00ed relaxaci.<\/p>","protected":false},"excerpt":{"rendered":"<ul>\n<li><strong>Ide\u00e1ln\u00ed pro \u010dten\u00ed:<\/strong> Poskytuje vynikaj\u00edc\u00ed oporu zad a krku pro pohodl\u00ed p\u0159i \u010dten\u00ed nebo sledov\u00e1n\u00ed televize.<\/li>\n<li><strong>Alternativa k \u010delu postele:<\/strong> M\u016f\u017ee slou\u017eit jako dekorativn\u00ed i funk\u010dn\u00ed \u010delo postele, zejm\u00e9na pro vysoko\u0161kol\u00e1ky.<\/li>\n<li><strong>V\u00edce\u00fa\u010delov\u00fd:<\/strong> K dispozici v r\u016fzn\u00fdch velikostech pro b\u011b\u017en\u00e9 postele i denn\u00ed postele; lze tak\u00e9 pou\u017e\u00edt jako op\u011bradla nebo \u010dela paland.<\/li>\n<li><strong>Snadn\u00e1 \u00fadr\u017eba:<\/strong> P\u0159ipevn\u011bn\u00e9 knofl\u00edky dod\u00e1vaj\u00ed dynamick\u00fd tvar a odn\u00edmateln\u00fd potah pro snadn\u00e9 pran\u00ed.<\/li>\n<li><strong>Vysoce kvalitn\u00ed konstrukce:<\/strong> Vysokohustotn\u00ed polyuretanov\u00e1 v\u00fdpl\u0148 poskytuje vynikaj\u00edc\u00ed oporu zad, zat\u00edmco odoln\u00e1 tkanina dopl\u0148uje interi\u00e9rov\u00fd design.<\/li>\n<li><strong>Tkanina:<\/strong> M\u011bkk\u00fd a sametov\u00fd polyester 100%.<\/li>\n<li><strong>Velikost:<\/strong> 45 cm (45*20*50 cm | 0 knofl\u00edk\u016f); 60 cm (60*20*50 cm | 0 knofl\u00edk\u016f); 80 cm (80*20*50 cm | 2 knofl\u00edky); 100 cm (100*20*50 cm | 3 knofl\u00edky); 120 cm (120*20*50 cm | 4 knofl\u00edky); 140 cm (140*20*50 cm | 4 knofl\u00edky); 160 cm (160*20*50 cm | 5 knofl\u00edk\u016f); 180 cm (180*20*50 cm | 6 knofl\u00edk\u016f); 200 cm (200*20*50 cm | 7 knofl\u00edk\u016f).<\/li>\n<\/ul>","protected":false},"featured_media":487,"comment_status":"open","ping_status":"closed","template":"","meta":[],"product_brand":[],"product_cat":[15],"product_tag":[114,113,110,101,98,112,111],"class_list":{"0":"post-488","1":"product","2":"type-product","3":"status-publish","4":"has-post-thumbnail","6":"product_cat-pillows","7":"product_tag-alternative-to-headboard","8":"product_tag-back-and-neck-support","9":"product_tag-bed-wedge-support-pillow","10":"product_tag-bunk-bed-backrest","11":"product_tag-decorative-headboard","12":"product_tag-perfect-for-reading","13":"product_tag-reading-cushion","15":"first","16":"instock","17":"shipping-taxable","18":"purchasable","19":"product-type-variable","20":"has-default-attributes"},"_links":{"self":[{"href":"https:\/\/www.livingpillow.com\/cs\/wp-json\/wp\/v2\/product\/488","targetHints":{"allow":["GET"]}}],"collection":[{"href":"https:\/\/www.livingpillow.com\/cs\/wp-json\/wp\/v2\/product"}],"about":[{"href":"https:\/\/www.livingpillow.com\/cs\/wp-json\/wp\/v2\/types\/product"}],"replies":[{"embeddable":true,"href":"https:\/\/www.livingpillow.com\/cs\/wp-json\/wp\/v2\/comments?post=488"}],"wp:featuredmedia":[{"embeddable":true,"href":"https:\/\/www.livingpillow.com\/cs\/wp-json\/wp\/v2\/media\/487"}],"wp:attachment":[{"href":"https:\/\/www.livingpillow.com\/cs\/wp-json\/wp\/v2\/media?parent=488"}],"wp:term":[{"taxonomy":"product_brand","embeddable":true,"href":"https:\/\/www.livingpillow.com\/cs\/wp-json\/wp\/v2\/product_brand?post=488"},{"taxonomy":"product_cat","embeddable":true,"href":"https:\/\/www.livingpillow.com\/cs\/wp-json\/wp\/v2\/product_cat?post=488"},{"taxonomy":"product_tag","embeddable":true,"href":"https:\/\/www.livingpillow.com\/cs\/wp-json\/wp\/v2\/product_tag?post=488"}],"curies":[{"name":"wp","href":"https:\/\/api.w.org\/{rel}","templated":true}]}}