{"id":605,"date":"2024-02-23T10:22:42","date_gmt":"2024-02-23T10:22:42","guid":{"rendered":"https:\/\/www.livingpillow.com\/product\/large-back-pillow-for-bed"},"modified":"2026-04-22T01:07:04","modified_gmt":"2026-04-22T01:07:04","slug":"velky-polstar-na-operadlo-do-postele-velky-klinovy-polstar-len-bily","status":"publish","type":"product","link":"https:\/\/www.livingpillow.com\/cs\/product\/large-back-pillow-for-bed-big-wedge-cushion-linen-white","title":{"rendered":"Velk\u00fd pol\u0161t\u00e1\u0159 na op\u011bradlo do postele, velk\u00fd kl\u00ednov\u00fd pol\u0161t\u00e1\u0159, b\u00edl\u00fd"},"content":{"rendered":"<p>P\u0159edstavujeme perfektn\u00ed pol\u0161t\u00e1\u0159 na \u010dten\u00ed: V\u00e1\u0161 dokonal\u00fd spole\u010dn\u00edk pro pohodl\u00ed<\/p>\n<p>U\u017e v\u00e1s nebav\u00ed c\u00edtit se nepohodln\u011b p\u0159i \u010dten\u00ed nebo sledov\u00e1n\u00ed televize v posteli? Seznamte se s perfektn\u00edm \u0159e\u0161en\u00edm: \u010dtec\u00edm pol\u0161t\u00e1\u0159em! Na\u0161e \u010dtec\u00ed pol\u0161t\u00e1\u0159e poskytuj\u00ed vynikaj\u00edc\u00ed oporu zad a krku a zaji\u0161\u0165uj\u00ed v\u00e1m maxim\u00e1ln\u00ed pohodl\u00ed p\u0159i relaxaci.<\/p>\n<p>Ale to nen\u00ed v\u0161echno \u2013 n\u00e1\u0161 \u010dtec\u00ed pol\u0161t\u00e1\u0159 je tak\u00e9 skv\u011blou alternativou jako \u010delo postele. Mnoho lid\u00ed, zejm\u00e9na vysoko\u0161kol\u00e1k\u016f, pova\u017euje pol\u0161t\u00e1\u0159 za perfektn\u00ed jak dekorativn\u00ed, tak funk\u010dn\u00ed \u010delo postele. A d\u00edky r\u016fzn\u00fdm velikostem, kter\u00e9 se hod\u00ed do b\u011b\u017en\u00fdch postel\u00ed i denn\u00edch postel\u00ed, jsou na\u0161e pol\u0161t\u00e1\u0159e ide\u00e1ln\u00ed pro \u0161irokou \u0161k\u00e1lu pot\u0159eb. Mohou b\u00fdt dokonce pou\u017eity jako d\u011btsk\u00e9 matrace, op\u011bradla paland a \u010dela postel\u00ed pro obytn\u00e9 vozy a p\u0159\u00edv\u011bsy.<\/p>\n<p>Jednou z nejlep\u0161\u00edch v\u011bc\u00ed na na\u0161em pol\u0161t\u00e1\u0159i je jeho snadn\u00e9 \u010di\u0161t\u011bn\u00ed. P\u0159ipevn\u011bn\u00e9 knofl\u00edky nejen\u017ee vytv\u00e1\u0159ej\u00ed dynamick\u00fd tvar pol\u0161t\u00e1\u0159e, ale tak\u00e9 umo\u017e\u0148uj\u00ed sn\u00edm\u00e1n\u00ed a pran\u00ed potahu. Udr\u017eovat v\u00e1\u0161 \u010dtec\u00ed pol\u0161t\u00e1\u0159 \u010dist\u00fd a sv\u011b\u017e\u00ed nebylo nikdy snaz\u0161\u00ed!<\/p>\n<p>Na\u0161e \u010dtec\u00ed pol\u0161t\u00e1\u0159e jsou vyrobeny z vysoce kvalitn\u00edch materi\u00e1l\u016f pro zaji\u0161t\u011bn\u00ed maxim\u00e1ln\u00edho pohodl\u00ed a opory. Jsou vypln\u011bny polyuretanovou v\u00fdpln\u00ed s vysokou hustotou pro vynikaj\u00edc\u00ed oporu, zat\u00edmco l\u00e1tka kl\u00ednov\u00fdch pol\u0161t\u00e1\u0159\u016f m\u00e1 vizu\u00e1ln\u011b p\u0159ita\u017eliv\u00fd efekt, kter\u00fd lad\u00ed s va\u0161\u00edm interi\u00e9rem.<\/p>\n<p>Nab\u00edz\u00edme r\u016fzn\u00e9 velikosti, kter\u00e9 vyhov\u00ed va\u0161im pot\u0159eb\u00e1m, od 45 cm do 200 cm. A v na\u0161ich koment\u00e1\u0159\u00edch k produkt\u016fm si m\u016f\u017eete b\u00fdt jisti, jak moc si na\u0161i z\u00e1kazn\u00edci sv\u00e9 \u010dtec\u00ed pol\u0161t\u00e1\u0159e zamilovali. Zde je jen n\u011bkolik p\u0159\u00edklad\u016f:<\/p>\n<p>\u2013 \u201cTento pol\u0161t\u00e1\u0159 je ide\u00e1ln\u00ed na \u010dten\u00ed v posteli a materi\u00e1l je tak m\u011bkk\u00fd a pohodln\u00fd!\u201d<br \/>\n\u2013 \u201cKoupila jsem to jako \u010delo postele do pokoje m\u00e9 dcery a ona z toho naprosto nad\u0161en\u00e1. Vypad\u00e1 skv\u011ble a poskytuje skv\u011blou oporu.\u201d<br \/>\n\u2013 \u201cKoupil jsem tohle do palandy pro syna a jako op\u011brka zad to funguje perfektn\u011b. Skv\u011bl\u00e1 kvalita a snadno se \u010dist\u00ed.\u201d<\/p>\n<p>Tak na co je\u0161t\u011b \u010dek\u00e1te? Po\u0159i\u010fte si je\u0161t\u011b dnes sv\u016fj perfektn\u00ed \u010dtec\u00ed pol\u0161t\u00e1\u0159 a za\u017eijte maxim\u00e1ln\u00ed pohodl\u00ed a oporu.<\/p>","protected":false},"excerpt":{"rendered":"<ul>\n<li><strong>IDE\u00c1LN\u00cd PRO \u010cTEN\u00cd V POSTELI:<\/strong> Tento \u010dtec\u00ed pol\u0161t\u00e1\u0159 poskytuje vynikaj\u00edc\u00ed oporu zad a krku pro maxim\u00e1ln\u00ed pohodl\u00ed p\u0159i \u010dten\u00ed a sledov\u00e1n\u00ed televize.<\/li>\n<li><strong>ALTERNATIVN\u00cd JAKO \u010cELO POSTELE:<\/strong> Mnoho lid\u00ed, zejm\u00e9na vysoko\u0161kol\u00e1k\u016f, pova\u017euje pol\u0161t\u00e1\u0159 za perfektn\u00ed jako dekorativn\u00ed a funk\u010dn\u00ed \u010delo postele.<\/li>\n<li><strong>V\u00cdCE\u00da\u010cELOV\u00dd:<\/strong> Na\u0161e pol\u0161t\u00e1\u0159e se dod\u00e1vaj\u00ed v r\u016fzn\u00fdch velikostech, aby se hodily do b\u011b\u017en\u00fdch postel\u00ed i denn\u00edch postel\u00ed. Mohou b\u00fdt tak\u00e9 pou\u017eity jako d\u011btsk\u00e9 matrace, op\u011bradla paland a \u010dela postel\u00ed pro obytn\u00e9 vozy a p\u0159\u00edv\u011bsy.<\/li>\n<li><strong>SNADNO OMYVATELN\u00c9:<\/strong> P\u0159ipevn\u011bn\u00e9 knofl\u00edky nejen vytv\u00e1\u0159ej\u00ed dynamick\u00fd tvar pol\u0161t\u00e1\u0159e, ale tak\u00e9 umo\u017e\u0148uj\u00ed sn\u00edm\u00e1n\u00ed a pran\u00ed potahu.<\/li>\n<li><strong>VYSOCE KVALITN\u00cd MATERI\u00c1L:<\/strong> Na\u0161e pol\u0161t\u00e1\u0159e na oporu zad jsou vypln\u011bny vysoce hust\u00fdmi a kvalitn\u00edmi polyesterov\u00fdmi vl\u00e1kny, kter\u00e1 poskytuj\u00ed vynikaj\u00edc\u00ed oporu, zat\u00edmco l\u00e1tka kl\u00ednov\u00fdch pol\u0161t\u00e1\u0159\u016f m\u00e1 vizu\u00e1ln\u011b p\u0159ita\u017eliv\u00fd efekt, kter\u00fd lad\u00ed s va\u0161\u00edm interi\u00e9rem.<\/li>\n<li><strong>Velikost:<\/strong> 45 cm (45*20*50 cm | 0 knofl\u00edk\u016f); 60 cm (60*20*50 cm | 0 knofl\u00edk\u016f); 80 cm (80*20*50 cm | 2 knofl\u00edky); 100 cm (100*20*50 cm | 3 knofl\u00edky); 120 cm (120*20*50 cm | 4 knofl\u00edky); 140 cm (140*20*50 cm | 4 knofl\u00edky); 160 cm (160*20*50 cm | 5 knofl\u00edk\u016f); 180 cm (180*20*50 cm | 6 knofl\u00edk\u016f); 200 cm (200*20*50 cm | 7 knofl\u00edk\u016f).<\/li>\n<\/ul>","protected":false},"featured_media":604,"comment_status":"open","ping_status":"closed","template":"","meta":[],"product_brand":[],"product_cat":[15],"product_tag":[66,80,84,101,54,99,81,53,86,60,100],"class_list":{"0":"post-605","1":"product","2":"type-product","3":"status-publish","4":"has-post-thumbnail","6":"product_cat-pillows","7":"product_tag-back-support-pillow","8":"product_tag-bed-pillow","9":"product_tag-bumper-pillow","10":"product_tag-bunk-bed-backrest","11":"product_tag-headboard-pillow","12":"product_tag-large-back-pillow","13":"product_tag-neck-support-pillow","14":"product_tag-reading-pillow","15":"product_tag-rv-headboard","16":"product_tag-wedge-cushion","17":"product_tag-white-linen-pillow","19":"first","20":"instock","21":"shipping-taxable","22":"purchasable","23":"product-type-variable","24":"has-default-attributes"},"_links":{"self":[{"href":"https:\/\/www.livingpillow.com\/cs\/wp-json\/wp\/v2\/product\/605","targetHints":{"allow":["GET"]}}],"collection":[{"href":"https:\/\/www.livingpillow.com\/cs\/wp-json\/wp\/v2\/product"}],"about":[{"href":"https:\/\/www.livingpillow.com\/cs\/wp-json\/wp\/v2\/types\/product"}],"replies":[{"embeddable":true,"href":"https:\/\/www.livingpillow.com\/cs\/wp-json\/wp\/v2\/comments?post=605"}],"wp:featuredmedia":[{"embeddable":true,"href":"https:\/\/www.livingpillow.com\/cs\/wp-json\/wp\/v2\/media\/604"}],"wp:attachment":[{"href":"https:\/\/www.livingpillow.com\/cs\/wp-json\/wp\/v2\/media?parent=605"}],"wp:term":[{"taxonomy":"product_brand","embeddable":true,"href":"https:\/\/www.livingpillow.com\/cs\/wp-json\/wp\/v2\/product_brand?post=605"},{"taxonomy":"product_cat","embeddable":true,"href":"https:\/\/www.livingpillow.com\/cs\/wp-json\/wp\/v2\/product_cat?post=605"},{"taxonomy":"product_tag","embeddable":true,"href":"https:\/\/www.livingpillow.com\/cs\/wp-json\/wp\/v2\/product_tag?post=605"}],"curies":[{"name":"wp","href":"https:\/\/api.w.org\/{rel}","templated":true}]}}