{"id":711,"date":"2024-02-23T14:24:46","date_gmt":"2024-02-23T14:24:46","guid":{"rendered":"https:\/\/www.livingpillow.com\/product\/big-pillow-for-bed-headboard"},"modified":"2026-03-11T05:10:18","modified_gmt":"2026-03-11T05:10:18","slug":"velky-polstar-na-celo-postele-velky-polstar-z-lnu-cerny","status":"publish","type":"product","link":"https:\/\/www.livingpillow.com\/cs\/product\/big-pillow-for-bed-headboard-large-cushion-linen-black","title":{"rendered":"Velk\u00fd pol\u0161t\u00e1\u0159 na \u010delo postele Velk\u00fd \u010dern\u00fd pol\u0161t\u00e1\u0159"},"content":{"rendered":"<p>P\u0159edstavujeme v\u00e1m nepostradateln\u00fd v\u00edce\u00fa\u010delov\u00fd kl\u00ednov\u00fd pol\u0161t\u00e1\u0159, kter\u00fd v\u00e1\u0161 domov pot\u0159ebuje!<\/p>\n<p>Hled\u00e1te pohodln\u00fd a funk\u010dn\u00ed pol\u0161t\u00e1\u0159, kter\u00fd v\u00e1m poskytne maxim\u00e1ln\u00ed oporu a pohodl\u00ed p\u0159i \u010dinnostech, jako je \u010dten\u00ed a sledov\u00e1n\u00ed televize? Nehledejte nic jin\u00e9ho ne\u017e tento v\u00edce\u00fa\u010delov\u00fd kl\u00ednov\u00fd pol\u0161t\u00e1\u0159! <\/p>\n<p>Tento pol\u0161t\u00e1\u0159 je navr\u017een tak, aby poskytoval vynikaj\u00edc\u00ed oporu zad a krku, a je tak perfektn\u00edm dopl\u0148kem pro ty, kte\u0159\u00ed r\u00e1di \u010dtou nebo tr\u00e1v\u00ed \u010das sledov\u00e1n\u00edm televize v posteli. Je navr\u017een tak, aby zv\u00fd\u0161il va\u0161e pohodl\u00ed a zabr\u00e1nil nep\u0159\u00edjemn\u00e9mu nam\u00e1h\u00e1n\u00ed zad a krku p\u0159i sezen\u00ed. <\/p>\n<p>Pol\u0161t\u00e1\u0159 je tak\u00e9 ide\u00e1ln\u00edm \u0159e\u0161en\u00edm pro vysoko\u0161kolsk\u00e9 studenty, kte\u0159\u00ed pot\u0159ebuj\u00ed v\u0161estrann\u00fd dopln\u011bk, kter\u00fd m\u016f\u017ee slou\u017eit jako funk\u010dn\u00ed i dekorativn\u00ed \u010delo postele. D\u00edky sv\u00e9mu stylov\u00e9mu designu je tento pol\u0161t\u00e1\u0159 perfektn\u00edm zp\u016fsobem, jak o\u017eivit jakoukoli m\u00edstnost, a z\u00e1rove\u0148 poskytne v\u00fdjime\u010dnou oporu t\u011bm, kte\u0159\u00ed ji pot\u0159ebuj\u00ed. <\/p>\n<p>A to nen\u00ed v\u0161e! Tento kl\u00ednov\u00fd pol\u0161t\u00e1\u0159 je k dispozici v n\u011bkolika velikostech, co\u017e z n\u011bj \u010din\u00ed v\u00fdjime\u010dn\u00fd v\u0161estrann\u00fd dopln\u011bk. Od pou\u017eit\u00ed jako ochrann\u00fd pol\u0161t\u00e1\u0159 pro d\u011bti a\u017e po pou\u017eit\u00ed jako op\u011bradlo pro palandy, potenci\u00e1l tohoto pol\u0161t\u00e1\u0159e je neomezen\u00fd. M\u016f\u017ee dokonce slou\u017eit jako \u010delo postele pro obytn\u00e9 vozy a p\u0159\u00edv\u011bsy. <\/p>\n<p>Jednou z v\u00fdjime\u010dn\u00fdch vlastnost\u00ed tohoto kl\u00ednov\u00e9ho pol\u0161t\u00e1\u0159e je jeho snadno prateln\u00fd design. D\u00edky p\u0159ipevn\u011bn\u00e9mu knofl\u00edku lze potah snadno sejmout a vyprat, \u010d\u00edm\u017e se zabr\u00e1n\u00ed ne\u017e\u00e1douc\u00edmu zne\u010di\u0161t\u011bn\u00ed a \u0161p\u00edn\u011b.<\/p>\n<p>Kl\u00ednov\u00fd pol\u0161t\u00e1\u0159 je vypln\u011bn polyuretanem s vysokou hustotou, kter\u00fd poskytuje v\u00fdjime\u010dnou oporu zad. Dod\u00e1 va\u0161emu interi\u00e9ru dal\u0161\u00ed stylov\u00fd n\u00e1dech.<\/p>\n<p>Stru\u010dn\u011b \u0159e\u010deno, v\u00edce\u00fa\u010delov\u00fd kl\u00ednov\u00fd pol\u0161t\u00e1\u0159 je nezbytnou komoditou, kterou pot\u0159ebuje ka\u017ed\u00e1 dom\u00e1cnost. Poskytuje vynikaj\u00edc\u00ed oporu a pohodl\u00ed, tak\u017ee je ide\u00e1ln\u00ed pro \u010dinnosti, jako je \u010dten\u00ed a sledov\u00e1n\u00ed televize. D\u00edky sv\u00e9mu v\u0161estrann\u00e9mu designu slou\u017e\u00ed k mnoha \u00fa\u010del\u016fm a je k dispozici v r\u016fzn\u00fdch velikostech, tak\u017ee bude vyhovovat v\u0161em va\u0161im pot\u0159eb\u00e1m. A d\u00edky snadno prateln\u00e9mu proveden\u00ed se tento pol\u0161t\u00e1\u0159 jist\u011b stane va\u0161\u00edm obl\u00edben\u00fdm dopl\u0148kem na mnoho let. <\/p>\n<p>Pokud st\u00e1le nejste p\u0159esv\u011bd\u010deni, pod\u00edvejte se do sekce koment\u00e1\u0159\u016f k produktu! Na\u0161i z\u00e1kazn\u00edci se tohoto produktu nemohou naba\u017eit. Tak u\u017e ne\u010dekejte a kupte si sv\u016fj vlastn\u00ed v\u00edce\u00fa\u010delov\u00fd kl\u00ednov\u00fd pol\u0161t\u00e1\u0159 je\u0161t\u011b dnes!<\/p>","protected":false},"excerpt":{"rendered":"<ul>\n<li><strong>Ide\u00e1ln\u00ed pro \u010dten\u00ed v posteli:<\/strong> Tento pol\u0161t\u00e1\u0159 nab\u00edz\u00ed vynikaj\u00edc\u00ed oporu zad a krku, \u010d\u00edm\u017e zvy\u0161uje pohodl\u00ed p\u0159i \u010dten\u00ed a sledov\u00e1n\u00ed televize.<\/li>\n<li><strong>Alternativa \u010dela postele:<\/strong> Tento v\u0161estrann\u00fd pol\u0161t\u00e1\u0159, ide\u00e1ln\u00ed \u0159e\u0161en\u00ed pro vysoko\u0161kolsk\u00e9 studenty, slou\u017e\u00ed jak dekorativn\u011b, tak i funk\u010dn\u00edm \u00fa\u010del\u016fm jako \u010delo postele.<\/li>\n<li><strong>V\u00edce\u00fa\u010delov\u00e9 pou\u017eit\u00ed:<\/strong> K dispozici v r\u016fzn\u00fdch velikostech, v\u010detn\u011b velikosti king size, kterou lze dokonale p\u0159em\u011bnit na rozkl\u00e1dac\u00ed pohovku. Slou\u017e\u00ed tak\u00e9 jako matrace pro d\u011bti, op\u011bradlo pro palandy a \u010delo postele pro obytn\u00e9 vozy\/p\u0159\u00edv\u011bsy.<\/li>\n<li><strong>Snadno se myje:<\/strong> Design se vyzna\u010duje p\u0159ipevn\u011bn\u00fdmi knofl\u00edky pro estetick\u00fd vzhled a snadn\u00e9 odejmut\u00ed potahu pro pran\u00ed.<\/li>\n<li><strong>Vysoce kvalitn\u00ed materi\u00e1l:<\/strong> Kl\u00ednov\u00fd pol\u0161t\u00e1\u0159 je vypln\u011bn polyuretanem s vysokou hustotou pro v\u00fdjime\u010dnou oporu zad a vylep\u0161\u00ed v\u00e1\u0161 interi\u00e9r.<\/li>\n<li><strong>Velikost:<\/strong> 45 cm (45*20*50 cm | 0 knofl\u00edk\u016f); 60 cm (60*20*50 cm | 0 knofl\u00edk\u016f); 80 cm (80*20*50 cm | 2 knofl\u00edky); 100 cm (100*20*50 cm | 3 knofl\u00edky); 120 cm (120*20*50 cm | 4 knofl\u00edky); 140 cm (140*20*50 cm | 4 knofl\u00edky); 160 cm (160*20*50 cm | 5 knofl\u00edk\u016f); 180 cm (180*20*50 cm | 6 knofl\u00edk\u016f); 200 cm (200*20*50 cm | 7 knofl\u00edk\u016f).<\/li>\n<\/ul>","protected":false},"featured_media":710,"comment_status":"open","ping_status":"closed","template":"","meta":[],"product_brand":[],"product_cat":[15],"product_tag":[75,61,88,84,70,89,57,90,58,69],"class_list":{"0":"post-711","1":"product","2":"type-product","3":"status-publish","4":"has-post-thumbnail","6":"product_cat-pillows","7":"product_tag-bed-headboard","8":"product_tag-big-bed-pillow","9":"product_tag-big-pillow","10":"product_tag-bumper-pillow","11":"product_tag-bunk-bed-pillow","12":"product_tag-daybed-couch","13":"product_tag-headboard-cushion","14":"product_tag-king-size-pillow","15":"product_tag-linen-pillow","16":"product_tag-wedge-pillow","18":"first","19":"instock","20":"shipping-taxable","21":"purchasable","22":"product-type-variable","23":"has-default-attributes"},"_links":{"self":[{"href":"https:\/\/www.livingpillow.com\/cs\/wp-json\/wp\/v2\/product\/711","targetHints":{"allow":["GET"]}}],"collection":[{"href":"https:\/\/www.livingpillow.com\/cs\/wp-json\/wp\/v2\/product"}],"about":[{"href":"https:\/\/www.livingpillow.com\/cs\/wp-json\/wp\/v2\/types\/product"}],"replies":[{"embeddable":true,"href":"https:\/\/www.livingpillow.com\/cs\/wp-json\/wp\/v2\/comments?post=711"}],"wp:featuredmedia":[{"embeddable":true,"href":"https:\/\/www.livingpillow.com\/cs\/wp-json\/wp\/v2\/media\/710"}],"wp:attachment":[{"href":"https:\/\/www.livingpillow.com\/cs\/wp-json\/wp\/v2\/media?parent=711"}],"wp:term":[{"taxonomy":"product_brand","embeddable":true,"href":"https:\/\/www.livingpillow.com\/cs\/wp-json\/wp\/v2\/product_brand?post=711"},{"taxonomy":"product_cat","embeddable":true,"href":"https:\/\/www.livingpillow.com\/cs\/wp-json\/wp\/v2\/product_cat?post=711"},{"taxonomy":"product_tag","embeddable":true,"href":"https:\/\/www.livingpillow.com\/cs\/wp-json\/wp\/v2\/product_tag?post=711"}],"curies":[{"name":"wp","href":"https:\/\/api.w.org\/{rel}","templated":true}]}}