{"id":736,"date":"2024-02-23T14:54:47","date_gmt":"2024-02-23T14:54:47","guid":{"rendered":"https:\/\/www.livingpillow.com\/product\/headboard-pillow-wedge"},"modified":"2026-03-11T05:10:17","modified_gmt":"2026-03-11T05:10:17","slug":"dekorativni-polstar-na-celo-postele-velky-klinovy-polstar-len-fialovy","status":"publish","type":"product","link":"https:\/\/www.livingpillow.com\/cs\/product\/headboard-decorative-pillow-big-wedge-cushion-linen-purple","title":{"rendered":"Dekorativn\u00ed pol\u0161t\u00e1\u0159 na \u010delo postele, velk\u00fd kl\u00ednov\u00fd pol\u0161t\u00e1\u0159, fialov\u00fd"},"content":{"rendered":"<p>P\u0159edstavujeme v\u00e1m perfektn\u00edho spole\u010dn\u00edka na \u010dten\u00ed \u2013 vysoce kvalitn\u00ed pol\u0161t\u00e1\u0159 na oporu zad, kter\u00fd je ide\u00e1ln\u00ed pro \u010dten\u00ed v posteli a sledov\u00e1n\u00ed televize. Nejen\u017ee poskytuje vynikaj\u00edc\u00ed oporu zad a krku pro maxim\u00e1ln\u00ed pohodl\u00ed, ale slou\u017e\u00ed tak\u00e9 jako alternativn\u00ed \u010delo postele, tak\u017ee je dekorativn\u00ed i funk\u010dn\u00ed.<\/p>\n<p>Tento pol\u0161t\u00e1\u0159 na oporu zad, vyroben\u00fd z polyesteru a sm\u011bsi, m\u00e1 velmi p\u011bkn\u00fd vizu\u00e1ln\u00ed efekt, kter\u00fd se hod\u00ed k va\u0161emu interi\u00e9ru. Je vypln\u011bn polyuretanovou v\u00fdpln\u00ed s vysokou hustotou, kter\u00e1 poskytuje vynikaj\u00edc\u00ed oporu zad.<\/p>\n<p>Tento v\u00edce\u00fa\u010delov\u00fd pol\u0161t\u00e1\u0159 je k dispozici ve v\u0161ech velikostech, tak\u017ee je vhodn\u00fd do d\u011btsk\u00fdch post\u00fdlek, paland, obytn\u00fdch voz\u016f\/p\u0159\u00edv\u011bs\u016f i b\u011b\u017en\u00fdch postel\u00ed. Pokud m\u00e1te pot\u00ed\u017ee se sp\u00e1nkem nebo se bud\u00edte se ztuhl\u00fdm krkem, m\u016f\u017ee v\u00e1m tento pol\u0161t\u00e1\u0159 poskytnout tak\u00e9 vynikaj\u00edc\u00ed oporu pro hlavu a krk.<\/p>\n<p>Nav\u00edc p\u0159ipevn\u011bn\u00e9 knofl\u00edky nejen vytv\u00e1\u0159ej\u00ed dynami\u010dt\u011bj\u0161\u00ed tvar pol\u0161t\u00e1\u0159e, ale tak\u00e9 umo\u017e\u0148uj\u00ed odn\u00edmatelnost a pran\u00ed potahu, co\u017e usnad\u0148uje jeho \u010di\u0161t\u011bn\u00ed a \u00fadr\u017ebu.<\/p>\n<p>Na\u0161i spokojen\u00ed z\u00e1kazn\u00edci si tento pol\u0161t\u00e1\u0159 vychvaluj\u00ed ve velk\u00e9m stylu. Jeden z nich napsal: \u201cTohle je nejlep\u0161\u00ed troj\u00faheln\u00edkov\u00fd pol\u0161t\u00e1\u0159, jak\u00fd jsem kdy m\u011bl! Pol\u0161t\u00e1\u0159 je super m\u011bkk\u00fd a pohodln\u00fd a barva je n\u00e1dhern\u00e1.\u201d<\/p>\n<p>Pol\u0161t\u00e1\u0159 je k dispozici v r\u016fzn\u00fdch velikostech, v\u010detn\u011b 45 cm, 60 cm, 80 cm, 100 cm, 120 cm, 140 cm, 160 cm, 180 cm a 200 cm, tak\u017ee si m\u016f\u017eete vybrat perfektn\u00ed velikost pro va\u0161i postel a pot\u0159eby.<\/p>\n<p>Investujte do tohoto vysoce kvalitn\u00edho pol\u0161t\u00e1\u0159e na oporu zad je\u0161t\u011b dnes a u\u017eijte si maxim\u00e1ln\u00ed pohodl\u00ed a relaxaci p\u0159i \u010dten\u00ed nebo sledov\u00e1n\u00ed televize v posteli.<\/p>","protected":false},"excerpt":{"rendered":"<ul>\n<li><strong>IDE\u00c1LN\u00cd PRO \u010cTEN\u00cd V POSTELI:<\/strong> Tento \u010dtec\u00ed pol\u0161t\u00e1\u0159 poskytuje vynikaj\u00edc\u00ed oporu zad a krku pro maxim\u00e1ln\u00ed pohodl\u00ed p\u0159i \u010dten\u00ed a sledov\u00e1n\u00ed televize.<\/li>\n<li><strong>ALTERNATIVN\u00cd JAKO \u010cELO POSTELE:<\/strong> Mnoho lid\u00ed, zejm\u00e9na vysoko\u0161kol\u00e1k\u016f, pova\u017euje pol\u0161t\u00e1\u0159 za perfektn\u00ed \u010delo postele: dekorativn\u00ed i funk\u010dn\u00ed.<\/li>\n<li><strong>V\u00cdCE\u00da\u010cELOV\u00dd:<\/strong> Nab\u00edz\u00edme pol\u0161t\u00e1\u0159e do b\u011b\u017en\u00fdch postel\u00ed v\u0161ech velikost\u00ed, jejich vyu\u017eit\u00ed zahrnuje nap\u0159\u00edklad d\u011btsk\u00e9 matrace, op\u011bradla paland a \u010delo postele pro obytn\u00e9 vozy\/p\u0159\u00edv\u011bsy.<\/li>\n<li><strong>SNADNO OMYVATELN\u00c9:<\/strong> P\u0159ipevn\u011bn\u00e9 knofl\u00edky nejen vytv\u00e1\u0159ej\u00ed dynami\u010dt\u011bj\u0161\u00ed tvar pol\u0161t\u00e1\u0159e, ale tak\u00e9 umo\u017e\u0148uj\u00ed odn\u00edmatelnost a pran\u00ed potahu.<\/li>\n<li><strong>VYSOCE KVALITN\u00cd MATERI\u00c1L:<\/strong> Op\u011brn\u00fd pol\u0161t\u00e1\u0159 je vypln\u011bn polyuretanovou v\u00fdpln\u00ed s vysokou hustotou, kter\u00e1 poskytuje vynikaj\u00edc\u00ed oporu zad. L\u00e1tka kl\u00ednov\u00fdch pol\u0161t\u00e1\u0159\u016f m\u00e1 velmi dobr\u00fd vizu\u00e1ln\u00ed efekt, kter\u00fd lad\u00ed s va\u0161\u00edm interi\u00e9rem.<\/li>\n<li><strong>Velikost:<\/strong> 45 cm (45*20*50 cm | 0 knofl\u00edk\u016f); 60 cm (60*20*50 cm | 0 knofl\u00edk\u016f); 80 cm (80*20*50 cm | 2 knofl\u00edky); 100 cm (100*20*50 cm | 3 knofl\u00edky); 120 cm (120*20*50 cm | 4 knofl\u00edky); 140 cm (140*20*50 cm | 4 knofl\u00edky); 160 cm (160*20*50 cm | 5 knofl\u00edk\u016f); 180 cm (180*20*50 cm | 6 knofl\u00edk\u016f); 200 cm (200*20*50 cm | 7 knofl\u00edk\u016f).<\/li>\n<\/ul>","protected":false},"featured_media":735,"comment_status":"open","ping_status":"closed","template":"","meta":[],"product_brand":[],"product_cat":[15],"product_tag":[83,82,84,85,65,54,58,86,87,60],"class_list":{"0":"post-736","1":"product","2":"type-product","3":"status-publish","4":"has-post-thumbnail","6":"product_cat-pillows","7":"product_tag-alternative-headboard","8":"product_tag-big-wedge-cushion","9":"product_tag-bumper-pillow","10":"product_tag-bunk-bed-backrests","11":"product_tag-decorative-pillow","12":"product_tag-headboard-pillow","13":"product_tag-linen-pillow","14":"product_tag-rv-headboard","15":"product_tag-trailer-headboard","16":"product_tag-wedge-cushion","18":"first","19":"instock","20":"shipping-taxable","21":"purchasable","22":"product-type-variable","23":"has-default-attributes"},"_links":{"self":[{"href":"https:\/\/www.livingpillow.com\/cs\/wp-json\/wp\/v2\/product\/736","targetHints":{"allow":["GET"]}}],"collection":[{"href":"https:\/\/www.livingpillow.com\/cs\/wp-json\/wp\/v2\/product"}],"about":[{"href":"https:\/\/www.livingpillow.com\/cs\/wp-json\/wp\/v2\/types\/product"}],"replies":[{"embeddable":true,"href":"https:\/\/www.livingpillow.com\/cs\/wp-json\/wp\/v2\/comments?post=736"}],"wp:featuredmedia":[{"embeddable":true,"href":"https:\/\/www.livingpillow.com\/cs\/wp-json\/wp\/v2\/media\/735"}],"wp:attachment":[{"href":"https:\/\/www.livingpillow.com\/cs\/wp-json\/wp\/v2\/media?parent=736"}],"wp:term":[{"taxonomy":"product_brand","embeddable":true,"href":"https:\/\/www.livingpillow.com\/cs\/wp-json\/wp\/v2\/product_brand?post=736"},{"taxonomy":"product_cat","embeddable":true,"href":"https:\/\/www.livingpillow.com\/cs\/wp-json\/wp\/v2\/product_cat?post=736"},{"taxonomy":"product_tag","embeddable":true,"href":"https:\/\/www.livingpillow.com\/cs\/wp-json\/wp\/v2\/product_tag?post=736"}],"curies":[{"name":"wp","href":"https:\/\/api.w.org\/{rel}","templated":true}]}}