{"id":786,"date":"2024-02-23T23:54:47","date_gmt":"2024-02-23T23:54:47","guid":{"rendered":"https:\/\/www.livingpillow.com\/product\/large-wedge-bolster-pillow"},"modified":"2026-03-03T01:25:49","modified_gmt":"2026-03-03T01:25:49","slug":"klinovy-polstar-na-celo-postele-sametovy-vinovy","status":"publish","type":"product","link":"https:\/\/www.livingpillow.com\/cs\/product\/wedge-bolster-pillow-headboard-cushion-velvet-burgundy","title":{"rendered":"Pol\u0161t\u00e1\u0159 s kl\u00ednov\u00fdm podhlavn\u00edkem, sametov\u00fd, v\u00ednov\u00fd"},"content":{"rendered":"<p>Pol\u0161t\u00e1\u0159 Wedge Bolster, sametov\u00fd, v\u00ednov\u00fd<\/p>\n<p>U\u017e v\u00e1s nebav\u00ed pou\u017e\u00edvat v\u00edce pol\u0161t\u00e1\u0159\u016f k op\u0159en\u00ed se p\u0159i \u010dten\u00ed nebo sledov\u00e1n\u00ed televize v posteli? Hled\u00e1te pohodln\u00e9 a stylov\u00e9 \u010delo postele, ani\u017e byste museli zruinovat svou pen\u011b\u017eenku? Nehledejte nic jin\u00e9ho ne\u017e pol\u0161t\u00e1\u0159 Wedge Bolster Headboard Cushion Velvet Burgundy.<\/p>\n<p>Tento \u010dtec\u00ed pol\u0161t\u00e1\u0159 nab\u00edz\u00ed v\u00fdjime\u010dnou oporu zad a krku, co\u017e z n\u011bj \u010din\u00ed perfektn\u00ed dopln\u011bk pro ka\u017ed\u00e9ho, kdo si r\u00e1d odpo\u010dine v posteli. Je v\u0161estrann\u00fd jako \u010delo postele a slou\u017e\u00ed jako dekorativn\u00ed i praktick\u00fd dopln\u011bk do ka\u017ed\u00e9 lo\u017enice. Nav\u00edc je k dispozici v r\u016fzn\u00fdch velikostech, aby se hodil na standardn\u00ed postele, denn\u00ed postele, palandy i tradi\u010dn\u00ed postele.<\/p>\n<p>V\u00fdpl\u0148 z polyuretanu s vysokou hustotou zaji\u0161\u0165uje vynikaj\u00edc\u00ed oporu zad, zat\u00edmco vizu\u00e1ln\u011b p\u0159ita\u017eliv\u00e1 sametov\u00e1 tkanina (100% Polyester) dopln\u00ed jak\u00fdkoli interi\u00e9r. P\u0159ipevn\u011bn\u00e9 knofl\u00edky nejen vylep\u0161uj\u00ed tvar pol\u0161t\u00e1\u0159e, ale tak\u00e9 umo\u017e\u0148uj\u00ed snadn\u00e9 sund\u00e1n\u00ed a pran\u00ed potahu, tak\u017ee se snadno udr\u017euje \u010dist\u00fd a sv\u011b\u017e\u00ed.<\/p>\n<p>Ale nev\u011b\u0159te jen n\u00e1m na slovo. Zde je n\u011bkolik koment\u00e1\u0159\u016f od spokojen\u00fdch z\u00e1kazn\u00edk\u016f:<\/p>\n<p>-\u201cTenhle pol\u0161t\u00e1\u0159 miluju! Je tak pohodln\u00fd a v\u00ednov\u00e1 barva dod\u00e1v\u00e1 m\u00e9 lo\u017enici n\u00e1dech elegance.\u201d<\/p>\n<p>-\u201cPol\u0161t\u00e1\u0159 na \u010delo postele Wedge Bolster v barv\u011b Burgundy je velmi v\u0161estrann\u00fd. Pou\u017e\u00edv\u00e1m ho jako op\u011bradlo na \u010dten\u00ed, \u010delo postele na span\u00ed a dokonce i jako pol\u0161t\u00e1\u0159 na leno\u0161en\u00ed na denn\u00ed pohovce.\u201d<\/p>\n<p>-\u201cSametov\u00e1 l\u00e1tka je tak hebk\u00e1 a luxusn\u00ed. P\u0159ipad\u00e1m si, jako bych spala v p\u011btihv\u011bzdi\u010dkov\u00e9m hotelu!\u201d<\/p>\n<p>Tak pro\u010d \u010dekat? Investujte je\u0161t\u011b dnes do pol\u0161t\u00e1\u0159e k posteli Wedge Bolster Pillow Velvet Burgundy a dodejte sv\u00e9 lo\u017enici pohodl\u00ed a styl.<\/p>","protected":false},"excerpt":{"rendered":"<ul>\n<li>IDE\u00c1LN\u00cd PRO \u010cTEN\u00cd P\u0158ED SP\u00c1NKEM: Tento \u010dtec\u00ed pol\u0161t\u00e1\u0159 nab\u00edz\u00ed v\u00fdjime\u010dnou oporu zad a krku pro maxim\u00e1ln\u00ed pohodl\u00ed p\u0159i \u010dten\u00ed a sledov\u00e1n\u00ed televize.<\/li>\n<li>V\u0160ESTRANN\u00c9 JAKO \u010cELO POSTELE: Mnoho lid\u00ed, zejm\u00e9na vysoko\u0161kol\u00e1k\u016f, oce\u0148uje dvoj\u00ed funkci pol\u0161t\u00e1\u0159e jako dekorativn\u00edho a praktick\u00e9ho \u010dela postele.<\/li>\n<li>MULTIFUNK\u010cN\u00cd: K dispozici v r\u016fzn\u00fdch velikostech pro standardn\u00ed postele, p\u0159i\u010dem\u017e velk\u00e1 velikost se perfektn\u011b hod\u00ed jako denn\u00ed pohovka, kter\u00e1 slou\u017e\u00ed jako pohovka. Vhodn\u00e1 tak\u00e9 jako op\u011bradlo pro palandy a jako \u010delo pro tradi\u010dn\u00ed postele.<\/li>\n<li>SNADN\u00c9 \u010cI\u0160T\u011aN\u00cd: P\u0159ipevn\u011bn\u00e9 knofl\u00edky nejen vylep\u0161uj\u00ed tvar pol\u0161t\u00e1\u0159e, ale tak\u00e9 umo\u017e\u0148uj\u00ed snadn\u00e9 sejmut\u00ed a pran\u00ed potahu.<\/li>\n<li>PR\u00c9MIOV\u00c9 MATERI\u00c1LY: Kl\u00ednov\u00e9 pol\u0161t\u00e1\u0159e jsou vypln\u011bny polyuretanem s vysokou hustotou pro vynikaj\u00edc\u00ed oporu zad a jsou vyrobeny z vizu\u00e1ln\u011b p\u0159ita\u017eliv\u00e9 sametov\u00e9 l\u00e1tky (100% Polyester), kter\u00e1 dopln\u00ed jak\u00fdkoli interi\u00e9r.<\/li>\n<li>Materi\u00e1l: Samet (100% Polyester).<\/li>\n<li>Velikost: 45 cm (45*20*50 cm | 0 knofl\u00edk\u016f); 60 cm (60*20*50 cm | 0 knofl\u00edk\u016f); 80 cm (80*20*50 cm | 2 knofl\u00edky); 100 cm (100*20*50 cm | 3 knofl\u00edky); 120 cm (120*20*50 cm | 4 knofl\u00edky); 140 cm (140*20*50 cm | 4 knofl\u00edky); 160 cm (160*20*50 cm | 5 knofl\u00edk\u016f); 180 cm (180*20*50 cm | 6 knofl\u00edk\u016f); 200 cm (200*20*50 cm | 7 knofl\u00edk\u016f).<\/li>\n<\/ul>","protected":false},"featured_media":785,"comment_status":"open","ping_status":"closed","template":"","meta":[],"product_brand":[],"product_cat":[15],"product_tag":[63,72,70,71,74,65,57,54,73,55,56,69],"class_list":{"0":"post-786","1":"product","2":"type-product","3":"status-publish","4":"has-post-thumbnail","6":"product_cat-pillows","7":"product_tag-backrest-pillow","8":"product_tag-bed-pillows","9":"product_tag-bunk-bed-pillow","10":"product_tag-burgundy-pillow","11":"product_tag-daybed-pillow","12":"product_tag-decorative-pillow","13":"product_tag-headboard-cushion","14":"product_tag-headboard-pillow","15":"product_tag-sofa-pillow","16":"product_tag-velvet-pillow","17":"product_tag-wedge-bolster-pillow","18":"product_tag-wedge-pillow","20":"first","21":"instock","22":"featured","23":"shipping-taxable","24":"purchasable","25":"product-type-variable","26":"has-default-attributes"},"_links":{"self":[{"href":"https:\/\/www.livingpillow.com\/cs\/wp-json\/wp\/v2\/product\/786","targetHints":{"allow":["GET"]}}],"collection":[{"href":"https:\/\/www.livingpillow.com\/cs\/wp-json\/wp\/v2\/product"}],"about":[{"href":"https:\/\/www.livingpillow.com\/cs\/wp-json\/wp\/v2\/types\/product"}],"replies":[{"embeddable":true,"href":"https:\/\/www.livingpillow.com\/cs\/wp-json\/wp\/v2\/comments?post=786"}],"wp:featuredmedia":[{"embeddable":true,"href":"https:\/\/www.livingpillow.com\/cs\/wp-json\/wp\/v2\/media\/785"}],"wp:attachment":[{"href":"https:\/\/www.livingpillow.com\/cs\/wp-json\/wp\/v2\/media?parent=786"}],"wp:term":[{"taxonomy":"product_brand","embeddable":true,"href":"https:\/\/www.livingpillow.com\/cs\/wp-json\/wp\/v2\/product_brand?post=786"},{"taxonomy":"product_cat","embeddable":true,"href":"https:\/\/www.livingpillow.com\/cs\/wp-json\/wp\/v2\/product_cat?post=786"},{"taxonomy":"product_tag","embeddable":true,"href":"https:\/\/www.livingpillow.com\/cs\/wp-json\/wp\/v2\/product_tag?post=786"}],"curies":[{"name":"wp","href":"https:\/\/api.w.org\/{rel}","templated":true}]}}