{"id":133,"date":"2024-02-22T08:35:07","date_gmt":"2024-02-22T08:35:07","guid":{"rendered":"https:\/\/www.livingpillow.com\/product\/wedge-bolster-pillow"},"modified":"2026-03-11T05:10:23","modified_gmt":"2026-03-11T05:10:23","slug":"kilepude-rygstotte-pude-hor-hvid","status":"publish","type":"product","link":"https:\/\/www.livingpillow.com\/da\/product\/wedge-bolster-pillow-backsupport-cushion-linen-white","title":{"rendered":"Kilebolsterpude Rygst\u00f8ttepude Hvid"},"content":{"rendered":"<p>Hvis du elsker at l\u00e6se eller se fjernsyn i sengen, men har sv\u00e6rt ved at finde dig til rette, er denne kileformede pude den perfekte l\u00f8sning. Den er ergonomisk formet til at st\u00f8tte din ryg og nakke og giver overlegen st\u00f8tte, uanset om du sidder op eller l\u00e6ner dig tilbage. <\/p>\n<p>Med sit stilfulde betr\u00e6k og udvalg af neutrale farver kan puden ogs\u00e5 bruges som en attraktiv hovedg\u00e6rde eller rygl\u00e6n til en dagseng. Den er ideel til kollegiev\u00e6relser, b\u00f8rnev\u00e6relser, g\u00e6stesenge, autocampere og meget mere. Betr\u00e6kket er aftageligt og maskinvaskbart for nem pleje.<\/p>\n<p>Hvad kunderne siger:<\/p>\n<p>\u201c&quot;Denne rygpude \u00e6ndrer virkelig mit liv. Jeg kan endelig l\u00e6se i sengen uden nakke- eller rygsmerter.&quot;\u201d<\/p>\n<p>\u201c&quot;Jeg valgte st\u00f8rrelsen 160 cm til min daybed, og den ser s\u00e5 s\u00f8d ud, samtidig med at jeg har et behageligt sted at l\u00e6ne mig.&quot;\u201d <\/p>\n<p>\u201c&quot;K\u00f8bte den til min datters k\u00f8jeseng, s\u00e5 hun kan sidde komfortabelt. Hun elsker at bruge den til at st\u00f8tte sig op, n\u00e5r hun l\u00e6ser.&quot;\u201d<\/p>\n<p>Med sin smarte kileform, h\u00f8jdensitetsst\u00f8tte og elegante look g\u00f8r denne pude sengeleje til en forn\u00f8jelse. Den f\u00e5s i forskellige st\u00f8rrelser, der passer til enhver seng eller sofa. L\u00e6n dig bare tilbage og slap af i dens favn. Din ryg og nakke vil takke dig!<\/p>","protected":false},"excerpt":{"rendered":"<ul>\n<li><strong>Ideel til l\u00e6sning i sengen:<\/strong> Forbedret ryg- og nakkest\u00f8tte for overlegen komfort, mens du l\u00e6ser og ser tv.<\/li>\n<li><strong>Fungerer ogs\u00e5 som hovedg\u00e6rde:<\/strong> Et godt valg til dekoration og funktionalitet, is\u00e6r for universitetsstuderende.<\/li>\n<li><strong>Alsidig brug:<\/strong> Velegnet til alle sengest\u00f8rrelser, hvor kingsize-sengen passer perfekt til en dagseng, der kan fungere som sofa. Ogs\u00e5 nyttig som b\u00f8rnepude, rygl\u00e6n til k\u00f8jeseng eller hovedg\u00e6rde til autocamper\/trailer.<\/li>\n<li><strong>Vaskbart design:<\/strong> Har aftageligt betr\u00e6k med knapper for nem vask og en stilfuld form.<\/li>\n<li><strong>Materiale af h\u00f8j kvalitet:<\/strong> Fyldt med polyurethan med h\u00f8j densitet for robust rygst\u00f8tte, og stoffet forbedrer den indvendige \u00e6stetik.<\/li>\n<li><strong>St\u00f8rrelse:<\/strong> 100 cm (L100 x B26 x H55 | 3 kolonner med knapper), 120 cm (L120 x B26 x H55 | 4 kolonner med knapper), 140 cm (L140 x B26 x H55 | 4 kolonner med knapper), 160 cm (L160 x B26 x H55 | 5 kolonner med knapper), 180 cm (L180 x B26 x H55 | 6 kolonner med knapper), 200 cm (L200 x B26 x H55 | 7 kolonner med knapper).<\/li>\n<\/ul>","protected":false},"featured_media":132,"comment_status":"open","ping_status":"closed","template":"","meta":[],"product_brand":[],"product_cat":[15],"product_tag":[151,101,68,74,58,53,152,56,100],"class_list":{"0":"post-133","1":"product","2":"type-product","3":"status-publish","4":"has-post-thumbnail","6":"product_cat-pillows","7":"product_tag-backsupport-cushion","8":"product_tag-bunk-bed-backrest","9":"product_tag-college-student-pillow","10":"product_tag-daybed-pillow","11":"product_tag-linen-pillow","12":"product_tag-reading-pillow","13":"product_tag-rvtrailer-headboard","14":"product_tag-wedge-bolster-pillow","15":"product_tag-white-linen-pillow","17":"first","18":"instock","19":"featured","20":"shipping-taxable","21":"purchasable","22":"product-type-variable","23":"has-default-attributes"},"_links":{"self":[{"href":"https:\/\/www.livingpillow.com\/da\/wp-json\/wp\/v2\/product\/133","targetHints":{"allow":["GET"]}}],"collection":[{"href":"https:\/\/www.livingpillow.com\/da\/wp-json\/wp\/v2\/product"}],"about":[{"href":"https:\/\/www.livingpillow.com\/da\/wp-json\/wp\/v2\/types\/product"}],"replies":[{"embeddable":true,"href":"https:\/\/www.livingpillow.com\/da\/wp-json\/wp\/v2\/comments?post=133"}],"wp:featuredmedia":[{"embeddable":true,"href":"https:\/\/www.livingpillow.com\/da\/wp-json\/wp\/v2\/media\/132"}],"wp:attachment":[{"href":"https:\/\/www.livingpillow.com\/da\/wp-json\/wp\/v2\/media?parent=133"}],"wp:term":[{"taxonomy":"product_brand","embeddable":true,"href":"https:\/\/www.livingpillow.com\/da\/wp-json\/wp\/v2\/product_brand?post=133"},{"taxonomy":"product_cat","embeddable":true,"href":"https:\/\/www.livingpillow.com\/da\/wp-json\/wp\/v2\/product_cat?post=133"},{"taxonomy":"product_tag","embeddable":true,"href":"https:\/\/www.livingpillow.com\/da\/wp-json\/wp\/v2\/product_tag?post=133"}],"curies":[{"name":"wp","href":"https:\/\/api.w.org\/{rel}","templated":true}]}}