{"id":429,"date":"2024-02-23T05:10:46","date_gmt":"2024-02-23T05:10:46","guid":{"rendered":"https:\/\/www.livingpillow.com\/product\/backrest-pillow"},"modified":"2026-03-03T01:21:32","modified_gmt":"2026-03-03T01:21:32","slug":"stor-rygpude-laesepude-til-sovesofa-flojl-gra","status":"publish","type":"product","link":"https:\/\/www.livingpillow.com\/da\/product\/big-backrest-pillow-reading-cushion-for-sofa-bed-velvet-grey","title":{"rendered":"Stor rygpude, l\u00e6sepude til sovesofa, fl\u00f8jlsgr\u00e5"},"content":{"rendered":"<p>Introduktion af vores st\u00f8ttende l\u00e6sepude, designet til at give maksimal komfort, mens du l\u00e6ser eller ser tv i sengen. Med sit polyuretanfyld med h\u00f8j densitet tilbyder denne kilepude overlegen st\u00f8tte til ryg og nakke, s\u00e5 du kan slappe af i en behagelig og st\u00f8ttende stilling.<\/p>\n<p>Men det er ikke alt \u2013 denne alsidige pude fungerer som et fremragende alternativ til en traditionel hovedg\u00e6rde, hvilket g\u00f8r den perfekt til universitetsstuderende og dem, der \u00f8nsker b\u00e5de funktionelle og dekorative elementer i deres sovev\u00e6relse. Derudover f\u00e5s den i alle st\u00f8rrelser til almindelige senge, hvor kingsize-sengen er den perfekte tilf\u00f8jelse til en dagseng, der kan forvandles til en hyggelig sofa.<\/p>\n<p>Det innovative design af denne pude g\u00f8r den ogs\u00e5 nem at vaske, med p\u00e5satte knapper, der ikke kun giver den et dynamisk udseende, men ogs\u00e5 muligg\u00f8r nem afmontering og reng\u00f8ring af betr\u00e6kket.<\/p>\n<p>Apropos betr\u00e6kket, er det anvendte stof 100% polyesterfl\u00f8jl, som ikke kun bidrager til pudens fremragende visuelle effekt, men ogs\u00e5 forbedrer din indretning.<\/p>\n<p>Men tag ikke bare vores ord for det. Her er nogle af kommentarerne fra vores tilfredse kunder:<\/p>\n<p>\u2013 &quot;Denne pude er revolutionerende, n\u00e5r det kommer til l\u00e6sning i sengen. Den giver god st\u00f8tte og g\u00f8r min l\u00e6seoplevelse meget mere behagelig.&quot;\u201c<br \/>\n\u2013 \u201cJeg elsker at bruge denne pude som hovedg\u00e6rde! Den giver mit sovev\u00e6relse et unikt og hyggeligt pr\u00e6g.\u201d<br \/>\n\u2013 &quot;Jeg k\u00f8bte st\u00f8rrelsen 120 cm til min k\u00f8jeseng, og den fungerer perfekt som rygl\u00e6n. Den er ogs\u00e5 god til at sidde op og studere.&quot;\u201c<br \/>\n\u2013 &quot;Knapperne p\u00e5 betr\u00e6kket g\u00f8r det s\u00e5 nemt at tage af og vaske. Jeg elsker hvor enkelt det er.&quot;\u201c<\/p>\n<p>S\u00e5 uanset om du leder efter en behagelig m\u00e5de at l\u00e6se p\u00e5 i sengen eller \u00f8nsker at tilf\u00f8je et funktionelt og stilfuldt pr\u00e6g til dit sovev\u00e6relse, er vores st\u00f8ttende l\u00e6sepude den perfekte l\u00f8sning. V\u00e6lg mellem en r\u00e6kke st\u00f8rrelser og farver, herunder den popul\u00e6re gr\u00e5 Holland-fl\u00f8jl, og oplev den ultimative komfort og st\u00f8tte.<\/p>","protected":false},"excerpt":{"rendered":"<ul>\n<li><strong>Perfekt til l\u00e6sning i sengen:<\/strong> Nyd maksimal komfort, mens du l\u00e6ser eller ser tv, med vores st\u00f8ttende l\u00e6sepude, der er designet til at give fremragende st\u00f8tte til ryg og nakke.<\/li>\n<li><strong>Alternativ som hovedg\u00e6rde:<\/strong> Denne pude er ideel til universitetsstuderende og andre og fungerer b\u00e5de som en funktionel og dekorativ hovedg\u00e6rde.<\/li>\n<li><strong>Multifunktionel brug:<\/strong> F\u00e5s i alle st\u00f8rrelser til almindelige senge; kingsize-sengen passer perfekt til en dagseng og forvandler den til en sofa. Ogs\u00e5 velegnet som rygl\u00e6n til k\u00f8jeseng eller som midlertidig hovedg\u00e6rde.<\/li>\n<li><strong>Let at vaske:<\/strong> Det innovative design inkluderer p\u00e5satte knapper for et dynamisk udseende og nem afmontering og vask af betr\u00e6kket.<\/li>\n<li><strong>Materiale af h\u00f8j kvalitet:<\/strong> Kilepudens stof er fyldt med polyurethan med h\u00f8j densitet for overlegen rygst\u00f8tte, og det forbedrer ogs\u00e5 din indretning med sin fremragende visuelle effekt.<\/li>\n<li><strong>Stof:<\/strong> Fl\u00f8jl (100% polyester).<\/li>\n<li><strong>St\u00f8rrelse:<\/strong> 45 cm (45*20*50 cm | 0 knapper); 60 cm (60*20*50 cm | 0 knapper); 80 cm (80*20*50 cm | 2 knapper); 100 cm (100*20*50 cm | 3 knapper); 120 cm (120*20*50 cm | 4 knapper); 140 cm (140*20*50 cm | 4 knapper); 160 cm (160*20*50 cm | 5 knapper); 180 cm (180*20*50 cm | 6 knapper); 200 cm (200*20*50 cm | 7 knapper).<\/li>\n<\/ul>","protected":false},"featured_media":428,"comment_status":"open","ping_status":"closed","template":"","meta":[],"product_brand":[],"product_cat":[15],"product_tag":[63,79,120,109,91,111,119],"class_list":{"0":"post-429","1":"product","2":"type-product","3":"status-publish","4":"has-post-thumbnail","6":"product_cat-pillows","7":"product_tag-backrest-pillow","8":"product_tag-bedroom-decoration","9":"product_tag-big-backrest-pillow","10":"product_tag-high-density-polyurethane-pillow","11":"product_tag-multipurpose-pillow","12":"product_tag-reading-cushion","13":"product_tag-sofa-bed-pillow","15":"first","16":"instock","17":"shipping-taxable","18":"purchasable","19":"product-type-variable","20":"has-default-attributes"},"_links":{"self":[{"href":"https:\/\/www.livingpillow.com\/da\/wp-json\/wp\/v2\/product\/429","targetHints":{"allow":["GET"]}}],"collection":[{"href":"https:\/\/www.livingpillow.com\/da\/wp-json\/wp\/v2\/product"}],"about":[{"href":"https:\/\/www.livingpillow.com\/da\/wp-json\/wp\/v2\/types\/product"}],"replies":[{"embeddable":true,"href":"https:\/\/www.livingpillow.com\/da\/wp-json\/wp\/v2\/comments?post=429"}],"wp:featuredmedia":[{"embeddable":true,"href":"https:\/\/www.livingpillow.com\/da\/wp-json\/wp\/v2\/media\/428"}],"wp:attachment":[{"href":"https:\/\/www.livingpillow.com\/da\/wp-json\/wp\/v2\/media?parent=429"}],"wp:term":[{"taxonomy":"product_brand","embeddable":true,"href":"https:\/\/www.livingpillow.com\/da\/wp-json\/wp\/v2\/product_brand?post=429"},{"taxonomy":"product_cat","embeddable":true,"href":"https:\/\/www.livingpillow.com\/da\/wp-json\/wp\/v2\/product_cat?post=429"},{"taxonomy":"product_tag","embeddable":true,"href":"https:\/\/www.livingpillow.com\/da\/wp-json\/wp\/v2\/product_tag?post=429"}],"curies":[{"name":"wp","href":"https:\/\/api.w.org\/{rel}","templated":true}]}}