{"id":488,"date":"2024-02-23T05:44:00","date_gmt":"2024-02-23T05:44:00","guid":{"rendered":"https:\/\/www.livingpillow.com\/product\/bed-wedge-support-pillow"},"modified":"2026-03-03T01:22:19","modified_gmt":"2026-03-03T01:22:19","slug":"seng-kile-stotte-pude-laesepude-flojl-dybbla","status":"publish","type":"product","link":"https:\/\/www.livingpillow.com\/da\/product\/bed-wedge-support-pillow-reading-cushion-velvet-deep-blue","title":{"rendered":"Sengekilest\u00f8ttepude L\u00e6sepude Fl\u00f8jl Dyb Bl\u00e5"},"content":{"rendered":"<p>Opdag den perfekte l\u00e6se- og afslapningsledsager<\/p>\n<p>Tr\u00e6t af at belaste nakke og ryg, mens du l\u00e6ser i sengen eller p\u00e5 sofaen? Har du sv\u00e6rt ved at finde dekorative og funktionelle tilbeh\u00f8r til kollegiev\u00e6relset? Vores multifunktionelle trekantpude er l\u00f8sningen. Denne trekantpude f\u00e5s i en r\u00e6kke st\u00f8rrelser fra 45 cm til 200 cm og giver fremragende st\u00f8tte, uanset om du slapper af, studerer eller ser dine yndlingsprogrammer.<\/p>\n<p>Denne pude er fremstillet af bl\u00f8dt, fl\u00f8jlsbl\u00f8dt 100% polyesterstof med et polyurethanfyld med h\u00f8j densitet, der former sig efter din krop for overlegen komfort. De fastgjorte knapper giver dig mulighed for at justere formen efter behov. Med sit stilfulde look kan trekantspuden endda fungere som et alternativt hovedg\u00e6rde, der komplementerer din kollegie- eller sovev\u00e6relsesindretning. <\/p>\n<p>Som en glad kunde sagde: &quot;Jeg elsker den bl\u00f8de fornemmelse af fl\u00f8jlsstoffet p\u00e5 denne pude. Det g\u00f8r det meget mere behageligt at l\u00e6se i sengen uden at skulle st\u00f8tte h\u00e5rde puder op.&quot;\u201c<\/p>\n<p>En anden skrev: &quot;Denne trekantede pude er meget mere stilfuld end en typisk l\u00e6sepude. Jeg bruger den som hovedg\u00e6rde i min lejlighed, da jeg ikke har plads til en rigtig.&quot;\u201c<\/p>\n<p>Med sin alsidighed, materialer af h\u00f8j kvalitet og nemme pleje takket v\u00e6re det aftagelige, maskinvaskbare betr\u00e6k er denne trekantede pude et uundv\u00e6rligt tilbeh\u00f8r til bedre afslapning.<\/p>","protected":false},"excerpt":{"rendered":"<ul>\n<li><strong>Perfekt til l\u00e6sning:<\/strong> Giver fremragende st\u00f8tte til ryg og nakke for komfort, mens du l\u00e6ser eller ser tv.<\/li>\n<li><strong>Alternativ til hovedg\u00e6rde:<\/strong> Kan tjene som en dekorativ og funktionel sengegavl, is\u00e6r for universitetsstuderende.<\/li>\n<li><strong>Multifunktionel:<\/strong> F\u00e5s i forskellige st\u00f8rrelser til almindelige senge og dagsenge; kan ogs\u00e5 bruges som rygl\u00e6n eller hovedg\u00e6rde til k\u00f8jesenge.<\/li>\n<li><strong>Nem vedligeholdelse:<\/strong> P\u00e5satte knapper giver en dynamisk form, og det aftagelige betr\u00e6k g\u00f8r det nemt at vaske det.<\/li>\n<li><strong>H\u00f8jkvalitetskonstruktion:<\/strong> Fyldstof med h\u00f8j densitet af polyuretan giver fremragende rygst\u00f8tte, mens det slidst\u00e6rke stof komplementerer den indend\u00f8rs indretning.<\/li>\n<li><strong>Stof:<\/strong> Bl\u00f8d og fl\u00f8jlsbl\u00f8d 100% polyester.<\/li>\n<li><strong>St\u00f8rrelse:<\/strong> 45 cm (45*20*50 cm | 0 knapper); 60 cm (60*20*50 cm | 0 knapper); 80 cm (80*20*50 cm | 2 knapper); 100 cm (100*20*50 cm | 3 knapper); 120 cm (120*20*50 cm | 4 knapper); 140 cm (140*20*50 cm | 4 knapper); 160 cm (160*20*50 cm | 5 knapper); 180 cm (180*20*50 cm | 6 knapper); 200 cm (200*20*50 cm | 7 knapper).<\/li>\n<\/ul>","protected":false},"featured_media":487,"comment_status":"open","ping_status":"closed","template":"","meta":[],"product_brand":[],"product_cat":[15],"product_tag":[114,113,110,101,98,112,111],"class_list":{"0":"post-488","1":"product","2":"type-product","3":"status-publish","4":"has-post-thumbnail","6":"product_cat-pillows","7":"product_tag-alternative-to-headboard","8":"product_tag-back-and-neck-support","9":"product_tag-bed-wedge-support-pillow","10":"product_tag-bunk-bed-backrest","11":"product_tag-decorative-headboard","12":"product_tag-perfect-for-reading","13":"product_tag-reading-cushion","15":"first","16":"instock","17":"shipping-taxable","18":"purchasable","19":"product-type-variable","20":"has-default-attributes"},"_links":{"self":[{"href":"https:\/\/www.livingpillow.com\/da\/wp-json\/wp\/v2\/product\/488","targetHints":{"allow":["GET"]}}],"collection":[{"href":"https:\/\/www.livingpillow.com\/da\/wp-json\/wp\/v2\/product"}],"about":[{"href":"https:\/\/www.livingpillow.com\/da\/wp-json\/wp\/v2\/types\/product"}],"replies":[{"embeddable":true,"href":"https:\/\/www.livingpillow.com\/da\/wp-json\/wp\/v2\/comments?post=488"}],"wp:featuredmedia":[{"embeddable":true,"href":"https:\/\/www.livingpillow.com\/da\/wp-json\/wp\/v2\/media\/487"}],"wp:attachment":[{"href":"https:\/\/www.livingpillow.com\/da\/wp-json\/wp\/v2\/media?parent=488"}],"wp:term":[{"taxonomy":"product_brand","embeddable":true,"href":"https:\/\/www.livingpillow.com\/da\/wp-json\/wp\/v2\/product_brand?post=488"},{"taxonomy":"product_cat","embeddable":true,"href":"https:\/\/www.livingpillow.com\/da\/wp-json\/wp\/v2\/product_cat?post=488"},{"taxonomy":"product_tag","embeddable":true,"href":"https:\/\/www.livingpillow.com\/da\/wp-json\/wp\/v2\/product_tag?post=488"}],"curies":[{"name":"wp","href":"https:\/\/api.w.org\/{rel}","templated":true}]}}