{"id":576,"date":"2024-02-23T09:26:09","date_gmt":"2024-02-23T09:26:09","guid":{"rendered":"https:\/\/www.livingpillow.com\/product\/large-back-support-pillow"},"modified":"2026-03-03T01:22:42","modified_gmt":"2026-03-03T01:22:42","slug":"stor-rygstottepude-kileformet-hovedgaerdepude-flojl-cyan","status":"publish","type":"product","link":"https:\/\/www.livingpillow.com\/da\/product\/big-back-support-pillow-wedge-headboard-cushion-velvet-cyan","title":{"rendered":"Stor rygst\u00f8ttepude kile hovedg\u00e6rde pude fl\u00f8jl cyan"},"content":{"rendered":"<p><strong>Fork\u00e6l dig selv med komfort og stil med vores alsidige l\u00e6sepude<\/strong><\/p>\n<p>Er du tr\u00e6t af at belaste din nakke eller ryg, mens du l\u00e6ser i sengen? Introducerer vores exceptionelle l\u00e6sepude, der er designet til at give uovertruffen st\u00f8tte og komfort til alle dine sengetidsaktiviteter.<\/p>\n<p><strong>Perfekt til l\u00e6sning og mere<\/strong><\/p>\n<p>Uanset om du er en bogorm eller en ivrig tv-seer, tilbyder vores pude en ideel rygst\u00f8tte, der g\u00f8r din l\u00e6se- eller tv-oplevelse til en leg. Den giver fremragende ryg- og nakkest\u00f8tte, der sikrer, at du forbliver komfortabel og afslappet i timevis.<\/p>\n<p><strong>Alsidig og funktionel<\/strong><\/p>\n<p>Udover sin prim\u00e6re funktion fungerer denne alsidige pude ogs\u00e5 som en stilfuld og funktionel hovedg\u00e6rde. Universitetsstuderende vil s\u00e6tte pris p\u00e5 dens pladsbesparende design, mens husejere kan tilf\u00f8je et strejf af elegance til ethvert sovev\u00e6relse.<\/p>\n<p><strong>Multifunktionel brug<\/strong><\/p>\n<p>Dens alsidighed str\u00e6kker sig til forskellige anvendelser. Brug den som sofa p\u00e5 en dagseng, rygl\u00e6n p\u00e5 en k\u00f8jeseng eller som hovedg\u00e6rde til enhver sengest\u00f8rrelse. Vores pude f\u00e5s i et bredt udvalg af st\u00f8rrelser, der opfylder alle dine behov.<\/p>\n<p><strong>Ubesv\u00e6ret vedligeholdelse<\/strong><\/p>\n<p>Det er en leg at holde din pude frisk og ren. De fastgjorte knapper g\u00f8r det nemt at tage betr\u00e6kket af, s\u00e5 det kan maskinvaskes.<\/p>\n<p><strong>Premium-materialer<\/strong><\/p>\n<p>Vores l\u00e6sepude er fremstillet med fyld af h\u00f8jdensitets polyuretan, der giver enest\u00e5ende st\u00f8tte til din ryg. Det luksuri\u00f8se fl\u00f8jlsstof tilf\u00f8jer et strejf af elegance til din boligindretning og skaber en hyggelig og indbydende atmosf\u00e6re.<\/p>\n<p><strong>Kundeudtalelser<\/strong><\/p>\n<p>\u201c&quot;Denne pude er perfekt til at l\u00e6se i sengen! Den er s\u00e5 behagelig og st\u00f8ttende.&quot; \u2013 Maria S.<\/p>\n<p>\u201c&quot;Jeg elsker at bruge dette som sengegavl p\u00e5 mit kollegiev\u00e6relse. Det er b\u00e5de stilfuldt og funktionelt.&quot; \u2013 Emily J.<\/p>\n<p><strong>St\u00f8rrelser og specifikationer<\/strong><\/p>\n<p>45 cm (45*20*50 cm | 0 knapper)<br \/>\n60 cm (60*20*50 cm | 0 knapper)<br \/>\n80 cm (80*20*50 cm | 2 knapper)<br \/>\n100 cm (100*20*50 cm | 3 knapper)<br \/>\n120 cm (120*20*50 cm | 4 knapper)<br \/>\n140 cm (140*20*50 cm | 4 knapper)<br \/>\n160 cm (160*20*50 cm | 5 knapper)<br \/>\n180 cm (180*20*50 cm | 6 knapper)<br \/>\n200 cm (200*20*50 cm | 7 knapper)<\/p>\n<p><strong>Stof: 100% polyesterfl\u00f8jl<\/strong><\/p>\n<p>Forvandl din sengetidsrutine med vores l\u00e6sepude og oplev den ultimative komfort og st\u00f8tte. Bestil din i dag og l\u00f8ft din l\u00e6se-, l\u00e6se- eller afslappende oplevelse til nye h\u00f8jder!<\/p>","protected":false},"excerpt":{"rendered":"<ul>\n<li><strong>PERFEKT TIL L\u00c6SNING I SENGEN:<\/strong> Denne l\u00e6sepude giver fremragende st\u00f8tte til ryg og nakke, hvilket g\u00f8r den til det perfekte valg til at l\u00e6se og se tv i sengen.<\/li>\n<li><strong>ALTERNATIV SOM HOVEDG\u00c6RDE:<\/strong> Denne pude er ogs\u00e5 en fantastisk dekorativ og funktionel hovedg\u00e6rde, is\u00e6r for universitetsstuderende.<\/li>\n<li><strong>MULTIFUNKTIONEL:<\/strong> Vores pude f\u00e5s i flere st\u00f8rrelser og kan ikke kun bruges som rygl\u00e6n til almindelige senge, men ogs\u00e5 som sofa p\u00e5 en dagseng, rygl\u00e6n p\u00e5 en k\u00f8jeseng og hovedg\u00e6rde til enhver seng.<\/li>\n<li><strong>LET AT VASK:<\/strong> De p\u00e5satte knapper skaber ikke kun en dynamisk form, men g\u00f8r ogs\u00e5 betr\u00e6kket aftageligt og nemt at vaske.<\/li>\n<li><strong>MATERIALE AF H\u00d8J KVALITET:<\/strong> Vores rygst\u00f8ttepude er fyldt med polyuretan med h\u00f8j densitet, hvilket giver fremragende st\u00f8tte til din ryg. Fl\u00f8jlsstoffet tilf\u00f8jer ogs\u00e5 et strejf af elegance til din indretning.<\/li>\n<li><strong>Stof:<\/strong> 100% polyesterfl\u00f8jl.<\/li>\n<li><strong>St\u00f8rrelse:<\/strong> 45 cm (45*20*50 cm | 0 knapper); 60 cm (60*20*50 cm | 0 knapper); 80 cm (80*20*50 cm | 2 knapper); 100 cm (100*20*50 cm | 3 knapper); 120 cm (120*20*50 cm | 4 knapper); 140 cm (140*20*50 cm | 4 knapper); 160 cm (160*20*50 cm | 5 knapper); 180 cm (180*20*50 cm | 6 knapper); 200 cm (200*20*50 cm | 7 knapper).<\/li>\n<\/ul>","protected":false},"featured_media":575,"comment_status":"open","ping_status":"closed","template":"","meta":[],"product_brand":[],"product_cat":[15],"product_tag":[66,106,102,70,107,105,74,98,108,109,91,81,53,104,55,103],"class_list":{"0":"post-576","1":"product","2":"type-product","3":"status-publish","4":"has-post-thumbnail","6":"product_cat-pillows","7":"product_tag-back-support-pillow","8":"product_tag-bed-rest-pillow","9":"product_tag-big-back-support-pillow","10":"product_tag-bunk-bed-pillow","11":"product_tag-college-headboard","12":"product_tag-cyan-headboard","13":"product_tag-daybed-pillow","14":"product_tag-decorative-headboard","15":"product_tag-easy-wash-pillow","16":"product_tag-high-density-polyurethane-pillow","17":"product_tag-multipurpose-pillow","18":"product_tag-neck-support-pillow","19":"product_tag-reading-pillow","20":"product_tag-velvet-cushion","21":"product_tag-velvet-pillow","22":"product_tag-wedge-headboard-cushion","24":"first","25":"instock","26":"featured","27":"shipping-taxable","28":"purchasable","29":"product-type-variable","30":"has-default-attributes"},"_links":{"self":[{"href":"https:\/\/www.livingpillow.com\/da\/wp-json\/wp\/v2\/product\/576","targetHints":{"allow":["GET"]}}],"collection":[{"href":"https:\/\/www.livingpillow.com\/da\/wp-json\/wp\/v2\/product"}],"about":[{"href":"https:\/\/www.livingpillow.com\/da\/wp-json\/wp\/v2\/types\/product"}],"replies":[{"embeddable":true,"href":"https:\/\/www.livingpillow.com\/da\/wp-json\/wp\/v2\/comments?post=576"}],"wp:featuredmedia":[{"embeddable":true,"href":"https:\/\/www.livingpillow.com\/da\/wp-json\/wp\/v2\/media\/575"}],"wp:attachment":[{"href":"https:\/\/www.livingpillow.com\/da\/wp-json\/wp\/v2\/media?parent=576"}],"wp:term":[{"taxonomy":"product_brand","embeddable":true,"href":"https:\/\/www.livingpillow.com\/da\/wp-json\/wp\/v2\/product_brand?post=576"},{"taxonomy":"product_cat","embeddable":true,"href":"https:\/\/www.livingpillow.com\/da\/wp-json\/wp\/v2\/product_cat?post=576"},{"taxonomy":"product_tag","embeddable":true,"href":"https:\/\/www.livingpillow.com\/da\/wp-json\/wp\/v2\/product_tag?post=576"}],"curies":[{"name":"wp","href":"https:\/\/api.w.org\/{rel}","templated":true}]}}