{"id":630,"date":"2024-02-23T10:37:34","date_gmt":"2024-02-23T10:37:34","guid":{"rendered":"https:\/\/www.livingpillow.com\/product\/headboard-pillow"},"modified":"2026-03-11T05:10:20","modified_gmt":"2026-03-11T05:10:20","slug":"hovedgaerde-pude-stor-kile-bolster-pude-hor-gra","status":"publish","type":"product","link":"https:\/\/www.livingpillow.com\/da\/product\/headboard-pillow-big-wedge-bolster-cushion-linen-grey","title":{"rendered":"Hovedg\u00e6rdepude Big Wedge Bolsterpude Gr\u00e5"},"content":{"rendered":"<p><strong>\u00d8g din komfort med den alsidige l\u00e6sepude<\/strong><\/p>\n<p>Fork\u00e6l dig selv med den ultimative afslapningsoplevelse med vores f\u00f8rsteklasses l\u00e6sepude, der er designet til at give overlegen st\u00f8tte til ryg og nakke for maksimal komfort, mens du l\u00e6ser, ser tv eller bare slapper af. Dens alsidige natur r\u00e6kker ud over dens prim\u00e6re form\u00e5l og g\u00f8r den til en uundv\u00e6rlig ledsager i forskellige scenarier.<\/p>\n<p><strong>Tilpasset komfort for alle<\/strong><\/p>\n<p>Uanset om du ligger godt tilpas i sengen eller slapper af p\u00e5 sofaen, f\u00e5s vores l\u00e6sepude i en r\u00e6kke st\u00f8rrelser, der passer til dine behov. Fra almindelige senge til dagsenge og endda som en ekstra pude til b\u00f8rn, tilpasser denne pude sig ethvert rum. Dens unikke design giver dig mulighed for at forme den efter dit \u00f8nskede st\u00f8tteniveau, hvilket sikrer optimal komfort for hver bruger.<\/p>\n<p><strong>Alsidigt og funktionelt alternativ<\/strong><\/p>\n<p>Vores pude er ikke begr\u00e6nset til sin l\u00e6sekammeratrolle, men fungerer ogs\u00e5 som en stilfuld og funktionel hovedg\u00e6rde. Den forvandler ubesv\u00e6ret enhver seng til et hyggeligt fristed og tilf\u00f8jer et strejf af charme og personlighed til dit v\u00e6relse. Dens dekorative appel g\u00f8r den til et fremragende valg for universitetsstuderende og alle, der \u00f8nsker at opgradere deres sovev\u00e6relsesindretning.<\/p>\n<p><strong>F\u00f8rsteklasses materialer for holdbarhed og st\u00f8tte<\/strong><\/p>\n<p>Oplev den exceptionelle kvalitet af vores l\u00e6sepude, omhyggeligt fremstillet med polyurethanfyld med h\u00f8j densitet, der giver en uovertruffen rygst\u00f8tte. For at sikre et perfekt udseende kan det aftagelige betr\u00e6k nemt maskinvaskes.<\/p>\n<p><strong>Positive anbefalinger fra tilfredse kunder<\/strong><\/p>\n<p>Vores kunder roser den exceptionelle komfort og alsidighed ved vores l\u00e6sepude. En anmelder bem\u00e6rker: &quot;Denne pude har forvandlet min seng til en hyggelig l\u00e6sekrog. Den giver den perfekte st\u00f8tte til min ryg og nakke, hvilket g\u00f8r det nemt at kr\u00f8lle mig sammen og fordybe mig i en god bog.&quot;\u201c<\/p>\n<p>En anden tilfreds kunde siger begejstret: &quot;Jeg elsker, at denne pude kan bruges til s\u00e5 mange forskellige ting. Den har den perfekte st\u00f8rrelse til min dagseng, og den fungerer ogs\u00e5 som en behagelig hovedg\u00e6rde til min autocamper. Stoffet er bl\u00f8dt og stilfuldt, og det passer perfekt til min indretning.&quot;\u201c<\/p>\n<p>Fork\u00e6l dig selv med den ultimative afslapning og komfort med vores multifunktionelle l\u00e6sepude. Dens exceptionelle kvalitet, alsidighed og positive kundefeedback g\u00f8r den til en uundv\u00e6rlig tilf\u00f8jelse til ethvert hjem.<\/p>","protected":false},"excerpt":{"rendered":"<ul>\n<li>PERFEKT TIL L\u00c6SNING I SENGEN: Denne l\u00e6sepude giver fremragende st\u00f8tte til ryg og nakke for maksimal komfort, mens du l\u00e6ser og ser tv.<\/li>\n<li>ALTERNATIV SOM HOVEDG\u00c6RDE: Mange mennesker, is\u00e6r universitetsstuderende, finder puden perfekt som hovedg\u00e6rde, b\u00e5de dekorativ og funktionel.<\/li>\n<li>MULTIFUNKTIONELT: Vi tilbyder puder i alle st\u00f8rrelser til almindelige senge, mens kingsize-sengen er perfekt som dagseng, s\u00e5 den ogs\u00e5 kan fungere som sofa. Andre anvendelser inkluderer en pude med rygl\u00e6n til b\u00f8rn, rygl\u00e6n til k\u00f8jesenge og hovedg\u00e6rde til autocampere og trailere.<\/li>\n<li>NEM AT VASK: De p\u00e5satte knapper skaber ikke kun en dynamisk pudeform, men g\u00f8r ogs\u00e5 betr\u00e6kket aftageligt og vaskbart.<\/li>\n<li>MATERIALE AF H\u00d8J KVALITET: Rygst\u00f8ttepuden er fyldt med polyurethanfyld med h\u00f8j densitet, hvilket giver fremragende rygst\u00f8tte. Kilepudernes stof har en god visuel effekt, der matcher din indretning.<\/li>\n<li>St\u00f8rrelse: 45 cm (45*20*50 cm | 0 knapper); 60 cm (60*20*50 cm | 0 knapper); 80 cm (80*20*50 cm | 2 knapper); 100 cm (100*20*50 cm | 3 knapper); 120 cm (120*20*50 cm | 4 knapper); 140 cm (140*20*50 cm | 4 knapper); 160 cm (160*20*50 cm | 5 knapper); 180 cm (180*20*50 cm | 6 knapper); 200 cm (200*20*50 cm | 7 knapper).<\/li>\n<\/ul>","protected":false},"featured_media":629,"comment_status":"open","ping_status":"closed","template":"","meta":[],"product_brand":[],"product_cat":[15],"product_tag":[66,96,84,98,97,54,53,87,69],"class_list":{"0":"post-630","1":"product","2":"type-product","3":"status-publish","4":"has-post-thumbnail","6":"product_cat-pillows","7":"product_tag-back-support-pillow","8":"product_tag-bolster-cushion","9":"product_tag-bumper-pillow","10":"product_tag-decorative-headboard","11":"product_tag-functional-headboard","12":"product_tag-headboard-pillow","13":"product_tag-reading-pillow","14":"product_tag-trailer-headboard","15":"product_tag-wedge-pillow","17":"first","18":"instock","19":"featured","20":"shipping-taxable","21":"purchasable","22":"product-type-variable","23":"has-default-attributes"},"_links":{"self":[{"href":"https:\/\/www.livingpillow.com\/da\/wp-json\/wp\/v2\/product\/630","targetHints":{"allow":["GET"]}}],"collection":[{"href":"https:\/\/www.livingpillow.com\/da\/wp-json\/wp\/v2\/product"}],"about":[{"href":"https:\/\/www.livingpillow.com\/da\/wp-json\/wp\/v2\/types\/product"}],"replies":[{"embeddable":true,"href":"https:\/\/www.livingpillow.com\/da\/wp-json\/wp\/v2\/comments?post=630"}],"wp:featuredmedia":[{"embeddable":true,"href":"https:\/\/www.livingpillow.com\/da\/wp-json\/wp\/v2\/media\/629"}],"wp:attachment":[{"href":"https:\/\/www.livingpillow.com\/da\/wp-json\/wp\/v2\/media?parent=630"}],"wp:term":[{"taxonomy":"product_brand","embeddable":true,"href":"https:\/\/www.livingpillow.com\/da\/wp-json\/wp\/v2\/product_brand?post=630"},{"taxonomy":"product_cat","embeddable":true,"href":"https:\/\/www.livingpillow.com\/da\/wp-json\/wp\/v2\/product_cat?post=630"},{"taxonomy":"product_tag","embeddable":true,"href":"https:\/\/www.livingpillow.com\/da\/wp-json\/wp\/v2\/product_tag?post=630"}],"curies":[{"name":"wp","href":"https:\/\/api.w.org\/{rel}","templated":true}]}}