{"id":658,"date":"2024-02-23T13:50:30","date_gmt":"2024-02-23T13:50:30","guid":{"rendered":"https:\/\/www.livingpillow.com\/product\/large-wedge-pillow"},"modified":"2026-03-11T05:10:20","modified_gmt":"2026-03-11T05:10:20","slug":"stor-kilepude-stor-seng-laesepude-hor-gul","status":"publish","type":"product","link":"https:\/\/www.livingpillow.com\/da\/product\/large-wedge-pillow-big-bed-reading-cushion-linen-yellow","title":{"rendered":"Stor kilepude stor seng l\u00e6sepude gul"},"content":{"rendered":"<p><strong>Den ultimative rygst\u00f8tte og stil: Introduktion til vores alsidige trekantede l\u00e6sepude<\/strong><\/p>\n<p>Leder du efter en hyggelig og stilfuld m\u00e5de at forbedre din l\u00e6se- eller tv-oplevelse p\u00e5? S\u00e5 beh\u00f8ver du ikke lede l\u00e6ngere end til vores premium trekantede l\u00e6sepude!<\/p>\n<p><strong>Komfort der omslutter<\/strong><\/p>\n<p>Vores l\u00e6sepude giver uovertruffen st\u00f8tte til ryg og nakke og skaber en hyggelig krog for maksimal komfort. Synk ned i dens bl\u00f8de fyld, og lad alle dine bekymringer smelte v\u00e6k, mens du fordyber dig i en f\u00e6ngslende bog eller ser dine yndlingsprogrammer i fuld gang.<\/p>\n<p><strong>Alsidig og praktisk<\/strong><\/p>\n<p>Ud over sin prim\u00e6re funktion tilbyder vores alsidige pude en r\u00e6kke yderligere anvendelser:<\/p>\n<p><strong>Alternativ til hovedg\u00e6rde:<\/strong> Ideel til universitetsstuderende og andre, den tilf\u00f8jer et dekorativt og praktisk pr\u00e6g til din seng.<br \/>\n<strong>Multifunktionel pude:<\/strong> F\u00e5s i alle almindelige sengest\u00f8rrelser, inklusive en kingsize-seng, der ogs\u00e5 kan bruges som en komfortabel sofa.<br \/>\n<strong>Pude og rygl\u00e6n til sengen:<\/strong> Beskyt dine sm\u00e5 mod st\u00f8d og skab et trygt og st\u00f8ttende rum for dem.<br \/>\n<strong>Hovedg\u00e6rde til campingvogn og trailer:<\/strong> \u00d8g komforten i din autocamper eller trailer med en stilfuld og praktisk gavl.<\/p>\n<p><strong>Nem pleje og langvarig<\/strong><\/p>\n<p>Vi forst\u00e5r, at bekvemmelighed er n\u00f8glen. Derfor har vores pude p\u00e5satte knapper, der ikke kun forbedrer stilen, men ogs\u00e5 g\u00f8r betr\u00e6kket aftageligt og nemt at vaske. Dens polyurethanfyld af h\u00f8j kvalitet sikrer fremragende rygst\u00f8tte og lang levetid.<\/p>\n<p><strong>V\u00e6lg din perfekte st\u00f8rrelse<\/strong><\/p>\n<p>Vores trekantede l\u00e6sepude f\u00e5s i forskellige st\u00f8rrelser, der passer til dine behov:<\/p>\n<p>0 knapper: 45 cm, 60 cm<br \/>\n2 knapper: 80 cm<br \/>\n3 knapper: 100 cm<br \/>\n4 knapper: 120 cm, 140 cm<br \/>\n5 knapper: 160 cm<br \/>\n6 knapper: 180 cm<br \/>\n7 knapper: 200 cm<\/p>\n<p><strong>Kundegodkendt komfort<\/strong><\/p>\n<p>Vores kunder roser den uovertrufne komfort, som vores Triangle Reading Pillow tilbyder. Med over 150 positive anmeldelser har den konsekvent modtaget ros for sin alsidighed, st\u00f8tte og stilfulde design.<\/p>\n<p><strong>L\u00f8ft din l\u00e6sning og afslapning i dag<\/strong><\/p>\n<p>Forvandl din l\u00e6se- og afslapningsrutine med den ultimative komfort og stil i vores Triangle Reading Pillow. Bestil nu og oplev den lykkelige omfavnelse af st\u00f8tte og elegance!<\/p>","protected":false},"excerpt":{"rendered":"<ul>\n<li><strong>Perfekt til at l\u00e6se og se tv:<\/strong>\u00a0Giver fremragende st\u00f8tte til ryg og nakke for maksimal komfort, mens du l\u00e6ser i sengen eller ser tv.<\/li>\n<li><strong>Alternativ som hovedg\u00e6rde:<\/strong>\u00a0Perfekt til universitetsstuderende og andre, og puden kan bruges som en dekorativ og funktionel hovedg\u00e6rde.<\/li>\n<li><strong>Multifunktionel:<\/strong>\u00a0Kingsize-sengen f\u00e5s i alle st\u00f8rrelser til almindelige senge og passer perfekt p\u00e5 en dagseng, men kan ogs\u00e5 fungere som sofa. Andre anvendelser omfatter puder til b\u00f8rn, rygl\u00e6n til k\u00f8jesenge og hovedg\u00e6rder til autocampere og trailere.<\/li>\n<li><strong>Let at vaske:<\/strong>\u00a0P\u00e5satte knapper tilf\u00f8jer stil, samtidig med at betr\u00e6kket er aftageligt og vaskbart.<\/li>\n<li><strong>Materiale af h\u00f8j kvalitet:<\/strong>\u00a0Fyldt med polyurethan med h\u00f8j densitet for fremragende rygst\u00f8tte. Stoffet har en flot visuel effekt, der passer til enhver indretning.<\/li>\n<li><strong>St\u00f8rrelse:<\/strong> 45 cm (45*20*50 cm | 0 knapper); 60 cm (60*20*50 cm | 0 knapper); 80 cm (80*20*50 cm | 2 knapper); 100 cm (100*20*50 cm | 3 knapper); 120 cm (120*20*50 cm | 4 knapper); 140 cm (140*20*50 cm | 4 knapper); 160 cm (160*20*50 cm | 5 knapper); 180 cm (180*20*50 cm | 6 knapper); 200 cm (200*20*50 cm | 7 knapper).<\/li>\n<\/ul>","protected":false},"featured_media":657,"comment_status":"open","ping_status":"closed","template":"","meta":[],"product_brand":[],"product_cat":[15],"product_tag":[66,92,93,95,74,59,87,94],"class_list":{"0":"post-658","1":"product","2":"type-product","3":"status-publish","4":"has-post-thumbnail","6":"product_cat-pillows","7":"product_tag-back-support-pillow","8":"product_tag-big-bed-reading-cushion","9":"product_tag-bumper-pillows","10":"product_tag-bunk-bed-back-rests","11":"product_tag-daybed-pillow","12":"product_tag-large-wedge-pillow","13":"product_tag-trailer-headboard","14":"product_tag-tv-pillow","16":"first","17":"instock","18":"featured","19":"shipping-taxable","20":"purchasable","21":"product-type-variable","22":"has-default-attributes"},"_links":{"self":[{"href":"https:\/\/www.livingpillow.com\/da\/wp-json\/wp\/v2\/product\/658","targetHints":{"allow":["GET"]}}],"collection":[{"href":"https:\/\/www.livingpillow.com\/da\/wp-json\/wp\/v2\/product"}],"about":[{"href":"https:\/\/www.livingpillow.com\/da\/wp-json\/wp\/v2\/types\/product"}],"replies":[{"embeddable":true,"href":"https:\/\/www.livingpillow.com\/da\/wp-json\/wp\/v2\/comments?post=658"}],"wp:featuredmedia":[{"embeddable":true,"href":"https:\/\/www.livingpillow.com\/da\/wp-json\/wp\/v2\/media\/657"}],"wp:attachment":[{"href":"https:\/\/www.livingpillow.com\/da\/wp-json\/wp\/v2\/media?parent=658"}],"wp:term":[{"taxonomy":"product_brand","embeddable":true,"href":"https:\/\/www.livingpillow.com\/da\/wp-json\/wp\/v2\/product_brand?post=658"},{"taxonomy":"product_cat","embeddable":true,"href":"https:\/\/www.livingpillow.com\/da\/wp-json\/wp\/v2\/product_cat?post=658"},{"taxonomy":"product_tag","embeddable":true,"href":"https:\/\/www.livingpillow.com\/da\/wp-json\/wp\/v2\/product_tag?post=658"}],"curies":[{"name":"wp","href":"https:\/\/api.w.org\/{rel}","templated":true}]}}