{"id":736,"date":"2024-02-23T14:54:47","date_gmt":"2024-02-23T14:54:47","guid":{"rendered":"https:\/\/www.livingpillow.com\/product\/headboard-pillow-wedge"},"modified":"2026-03-11T05:10:17","modified_gmt":"2026-03-11T05:10:17","slug":"dekorativ-hovedgaerdepude-stor-kilepude-hor-lilla","status":"publish","type":"product","link":"https:\/\/www.livingpillow.com\/da\/product\/headboard-decorative-pillow-big-wedge-cushion-linen-purple","title":{"rendered":"Dekorativ hovedg\u00e6rdepude stor kilepude lilla"},"content":{"rendered":"<p>Vi pr\u00e6senterer den perfekte l\u00e6sekammerat \u2013 en rygst\u00f8ttepude af h\u00f8j kvalitet, der er perfekt til l\u00e6sning i sengen og til at se tv. Den giver ikke kun fremragende ryg- og nakkest\u00f8tte for maksimal komfort, men den fungerer ogs\u00e5 som et alternativt hovedg\u00e6rde, hvilket g\u00f8r den b\u00e5de dekorativ og funktionel.<\/p>\n<p>Denne rygst\u00f8ttepude er lavet af polyester og en blanding og har en rigtig god visuel effekt, der kan matche din indretning. Den er fyldt med polyurethanfyld med h\u00f8j densitet, hvilket giver fremragende rygst\u00f8tte.<\/p>\n<p>Denne multifunktionelle pude f\u00e5s i alle st\u00f8rrelser, hvilket g\u00f8r den velegnet til b\u00f8rnesenge, k\u00f8jesenge, autocampere\/trailere og almindelige senge. Hvis du har problemer med at sove eller v\u00e5gner med stiv nakke, kan denne pude ogs\u00e5 give fremragende st\u00f8tte til dit hoved og din nakke.<\/p>\n<p>Derudover skaber de p\u00e5satte knapper ikke kun en mere dynamisk pudeform, men g\u00f8r ogs\u00e5 betr\u00e6kket aftageligt og vaskbart, hvilket g\u00f8r det nemt at reng\u00f8re og vedligeholde.<\/p>\n<p>Vores tilfredse kunder har v\u00e6ret begejstrede for denne pude, og \u00e9n kunde sagde: &quot;Dette er den bedste trekantspude, jeg nogensinde har haft! Puden er superbl\u00f8d og behagelig, og farven er smuk.&quot;\u201c<\/p>\n<p>Puden f\u00e5s i forskellige st\u00f8rrelser, herunder 45 cm, 60 cm, 80 cm, 100 cm, 120 cm, 140 cm, 160 cm, 180 cm og 200 cm, s\u00e5 du kan v\u00e6lge den perfekte st\u00f8rrelse til din seng og dine behov.<\/p>\n<p>Invester i denne rygst\u00f8ttepude af h\u00f8j kvalitet i dag, og nyd den ultimative komfort og afslapning, mens du l\u00e6ser eller ser tv i sengen.<\/p>","protected":false},"excerpt":{"rendered":"<ul>\n<li><strong>PERFEKT TIL L\u00c6SNING I SENGEN:<\/strong> Denne l\u00e6sepude giver fremragende st\u00f8tte til ryg og nakke for maksimal komfort, mens du l\u00e6ser og ser tv.<\/li>\n<li><strong>ALTERNATIV SOM HOVEDG\u00c6RDE:<\/strong> Mange mennesker, is\u00e6r universitetsstuderende, finder puden perfekt som hovedg\u00e6rde: b\u00e5de dekorativ og funktionel.<\/li>\n<li><strong>MULTIFUNKTIONEL:<\/strong> Vi tilbyder puder til almindelige senge i alle st\u00f8rrelser, herunder babysengepuder, rygl\u00e6n til k\u00f8jesenge og hovedg\u00e6rde til autocampere\/trailere.<\/li>\n<li><strong>LET AT VASK:<\/strong> De p\u00e5satte knapper skaber ikke kun en mere dynamisk pudeform, men g\u00f8r ogs\u00e5 betr\u00e6kket aftageligt og vaskbart.<\/li>\n<li><strong>MATERIALE AF H\u00d8J KVALITET:<\/strong> Rygst\u00f8ttepuden er fyldt med polyurethanfyld med h\u00f8j densitet, hvilket giver fremragende rygst\u00f8tte. Kilepudernes stof har en meget god visuel effekt, der passer til din indretning.<\/li>\n<li><strong>St\u00f8rrelse:<\/strong> 45 cm (45*20*50 cm | 0 knapper); 60 cm (60*20*50 cm | 0 knapper); 80 cm (80*20*50 cm | 2 knapper); 100 cm (100*20*50 cm | 3 knapper); 120 cm (120*20*50 cm | 4 knapper); 140 cm (140*20*50 cm | 4 knapper); 160 cm (160*20*50 cm | 5 knapper); 180 cm (180*20*50 cm | 6 knapper); 200 cm (200*20*50 cm | 7 knapper).<\/li>\n<\/ul>","protected":false},"featured_media":735,"comment_status":"open","ping_status":"closed","template":"","meta":[],"product_brand":[],"product_cat":[15],"product_tag":[83,82,84,85,65,54,58,86,87,60],"class_list":{"0":"post-736","1":"product","2":"type-product","3":"status-publish","4":"has-post-thumbnail","6":"product_cat-pillows","7":"product_tag-alternative-headboard","8":"product_tag-big-wedge-cushion","9":"product_tag-bumper-pillow","10":"product_tag-bunk-bed-backrests","11":"product_tag-decorative-pillow","12":"product_tag-headboard-pillow","13":"product_tag-linen-pillow","14":"product_tag-rv-headboard","15":"product_tag-trailer-headboard","16":"product_tag-wedge-cushion","18":"first","19":"instock","20":"shipping-taxable","21":"purchasable","22":"product-type-variable","23":"has-default-attributes"},"_links":{"self":[{"href":"https:\/\/www.livingpillow.com\/da\/wp-json\/wp\/v2\/product\/736","targetHints":{"allow":["GET"]}}],"collection":[{"href":"https:\/\/www.livingpillow.com\/da\/wp-json\/wp\/v2\/product"}],"about":[{"href":"https:\/\/www.livingpillow.com\/da\/wp-json\/wp\/v2\/types\/product"}],"replies":[{"embeddable":true,"href":"https:\/\/www.livingpillow.com\/da\/wp-json\/wp\/v2\/comments?post=736"}],"wp:featuredmedia":[{"embeddable":true,"href":"https:\/\/www.livingpillow.com\/da\/wp-json\/wp\/v2\/media\/735"}],"wp:attachment":[{"href":"https:\/\/www.livingpillow.com\/da\/wp-json\/wp\/v2\/media?parent=736"}],"wp:term":[{"taxonomy":"product_brand","embeddable":true,"href":"https:\/\/www.livingpillow.com\/da\/wp-json\/wp\/v2\/product_brand?post=736"},{"taxonomy":"product_cat","embeddable":true,"href":"https:\/\/www.livingpillow.com\/da\/wp-json\/wp\/v2\/product_cat?post=736"},{"taxonomy":"product_tag","embeddable":true,"href":"https:\/\/www.livingpillow.com\/da\/wp-json\/wp\/v2\/product_tag?post=736"}],"curies":[{"name":"wp","href":"https:\/\/api.w.org\/{rel}","templated":true}]}}