{"id":786,"date":"2024-02-23T23:54:47","date_gmt":"2024-02-23T23:54:47","guid":{"rendered":"https:\/\/www.livingpillow.com\/product\/large-wedge-bolster-pillow"},"modified":"2026-03-03T01:25:49","modified_gmt":"2026-03-03T01:25:49","slug":"kilepude-hovedgaerde-pude-flojl-bordeaux","status":"publish","type":"product","link":"https:\/\/www.livingpillow.com\/da\/product\/wedge-bolster-pillow-headboard-cushion-velvet-burgundy","title":{"rendered":"Wedge Bolster Pillow Hovedg\u00e6rde Pude Fl\u00f8jl Bourgogne"},"content":{"rendered":"<p>The Wedge Bolster Pillow Hovedg\u00e6rde Pude Fl\u00f8jl Bordeaux<\/p>\n<p>Er du tr\u00e6t af at bruge flere puder til at st\u00f8tte dig op, mens du l\u00e6ser eller ser tv i sengen? \u00d8nsker du en komfortabel og stilfuld hovedg\u00e6rde til din seng, uden at spr\u00e6nge budgettet? S\u00e5 beh\u00f8ver du ikke lede l\u00e6ngere end til Wedge Bolster Pillow Headboard Cushion Velvet Burgundy.<\/p>\n<p>Denne l\u00e6sepude tilbyder enest\u00e5ende st\u00f8tte til ryg og nakke, hvilket g\u00f8r den til det perfekte tilbeh\u00f8r til alle, der nyder at slappe af i sengen. Den er alsidig som hovedg\u00e6rde og fungerer b\u00e5de som en dekorativ og praktisk tilf\u00f8jelse til ethvert sovev\u00e6relse. Derudover f\u00e5s den i forskellige st\u00f8rrelser, der passer til standardsenge, dagsenge, k\u00f8jesenge og traditionelle senge.<\/p>\n<p>Polyuretanfyld med h\u00f8j densitet sikrer overlegen rygst\u00f8tte, mens det visuelt tiltalende fl\u00f8jlsstof (100% Polyester) komplementerer enhver indretning. De p\u00e5satte knapper fremh\u00e6ver ikke kun pudens form, men g\u00f8r det ogs\u00e5 nemt at fjerne og vaske betr\u00e6kket, hvilket g\u00f8r det nemt at holde det rent og friskt.<\/p>\n<p>Men tag ikke bare vores ord for det. Her er nogle af kommentarerne fra tilfredse kunder:<\/p>\n<p>-&quot;Jeg elsker denne pude! Den er s\u00e5 behagelig, og den bordeauxr\u00f8de farve tilf\u00f8jer et strejf af elegance til mit sovev\u00e6relse.&quot;\u201c<\/p>\n<p>-&quot;Wedge Bolster Pillow Headboard Cushion Velvet Burgundy er s\u00e5 alsidig. Jeg bruger den som rygl\u00e6n til l\u00e6sning, hovedg\u00e6rde til at sove i og endda som en pude til at slappe af p\u00e5 min dagseng.&quot;\u201c<\/p>\n<p>-&quot;Fl\u00f8jlstoffet er s\u00e5 bl\u00f8dt og luksuri\u00f8st. Det f\u00f8les som om jeg sover p\u00e5 et femstjernet hotel!&quot;\u201c<\/p>\n<p>S\u00e5 hvorfor vente? Invester i Wedge Bolster Pillow Headboard Pude Velvet Burgundy i dag, og tilf\u00f8j komfort og stil til dit sovev\u00e6relse.<\/p>","protected":false},"excerpt":{"rendered":"<ul>\n<li>IDEEL TIL L\u00c6SNING VED SENGETID: Denne l\u00e6sepude tilbyder enest\u00e5ende st\u00f8tte til ryg og nakke for ultimativ komfort, mens du l\u00e6ser og ser tv.<\/li>\n<li>ALSIDIG SOM HOVEDG\u00c6RDE: Mange, is\u00e6r studerende, s\u00e6tter pris p\u00e5 pudens dobbelte funktionalitet som b\u00e5de dekorativ og praktisk hovedg\u00e6rde.<\/li>\n<li>MULTIFUNKTIONEL: F\u00e5s i forskellige st\u00f8rrelser til standardsenge, hvor den store st\u00f8rrelse passer perfekt til en dagseng, der kan fungere som sofa. Ogs\u00e5 velegnet som rygl\u00e6n til k\u00f8jesenge og som hovedg\u00e6rde til traditionelle senge.<\/li>\n<li>NEM AT RENG\u00d8RE: De p\u00e5satte knapper forbedrer ikke kun pudens form, men g\u00f8r det ogs\u00e5 nemt at fjerne og vaske betr\u00e6kket.<\/li>\n<li>PREMIUMMATERIALER: Kilepuderne er fyldt med polyurethan med h\u00f8j densitet for overlegen rygst\u00f8tte og har et visuelt tiltalende fl\u00f8jlsstof (100% Polyester), der passer til enhver indretning.<\/li>\n<li>Stof: Fl\u00f8jl (100% polyester).<\/li>\n<li>St\u00f8rrelse: 45 cm (45*20*50 cm | 0 knapper); 60 cm (60*20*50 cm | 0 knapper); 80 cm (80*20*50 cm | 2 knapper); 100 cm (100*20*50 cm | 3 knapper); 120 cm (120*20*50 cm | 4 knapper); 140 cm (140*20*50 cm | 4 knapper); 160 cm (160*20*50 cm | 5 knapper); 180 cm (180*20*50 cm | 6 knapper); 200 cm (200*20*50 cm | 7 knapper).<\/li>\n<\/ul>","protected":false},"featured_media":785,"comment_status":"open","ping_status":"closed","template":"","meta":[],"product_brand":[],"product_cat":[15],"product_tag":[63,72,70,71,74,65,57,54,73,55,56,69],"class_list":{"0":"post-786","1":"product","2":"type-product","3":"status-publish","4":"has-post-thumbnail","6":"product_cat-pillows","7":"product_tag-backrest-pillow","8":"product_tag-bed-pillows","9":"product_tag-bunk-bed-pillow","10":"product_tag-burgundy-pillow","11":"product_tag-daybed-pillow","12":"product_tag-decorative-pillow","13":"product_tag-headboard-cushion","14":"product_tag-headboard-pillow","15":"product_tag-sofa-pillow","16":"product_tag-velvet-pillow","17":"product_tag-wedge-bolster-pillow","18":"product_tag-wedge-pillow","20":"first","21":"instock","22":"featured","23":"shipping-taxable","24":"purchasable","25":"product-type-variable","26":"has-default-attributes"},"_links":{"self":[{"href":"https:\/\/www.livingpillow.com\/da\/wp-json\/wp\/v2\/product\/786","targetHints":{"allow":["GET"]}}],"collection":[{"href":"https:\/\/www.livingpillow.com\/da\/wp-json\/wp\/v2\/product"}],"about":[{"href":"https:\/\/www.livingpillow.com\/da\/wp-json\/wp\/v2\/types\/product"}],"replies":[{"embeddable":true,"href":"https:\/\/www.livingpillow.com\/da\/wp-json\/wp\/v2\/comments?post=786"}],"wp:featuredmedia":[{"embeddable":true,"href":"https:\/\/www.livingpillow.com\/da\/wp-json\/wp\/v2\/media\/785"}],"wp:attachment":[{"href":"https:\/\/www.livingpillow.com\/da\/wp-json\/wp\/v2\/media?parent=786"}],"wp:term":[{"taxonomy":"product_brand","embeddable":true,"href":"https:\/\/www.livingpillow.com\/da\/wp-json\/wp\/v2\/product_brand?post=786"},{"taxonomy":"product_cat","embeddable":true,"href":"https:\/\/www.livingpillow.com\/da\/wp-json\/wp\/v2\/product_cat?post=786"},{"taxonomy":"product_tag","embeddable":true,"href":"https:\/\/www.livingpillow.com\/da\/wp-json\/wp\/v2\/product_tag?post=786"}],"curies":[{"name":"wp","href":"https:\/\/api.w.org\/{rel}","templated":true}]}}