{"id":399,"date":"2024-02-23T04:37:55","date_gmt":"2024-02-23T04:37:55","guid":{"rendered":"https:\/\/www.livingpillow.com\/product\/back-support-cushion"},"modified":"2026-03-03T01:21:07","modified_gmt":"2026-03-03T01:21:07","slug":"ruckenstutzkissen-schones-bettkissen-cord-azurblau","status":"publish","type":"product","link":"https:\/\/www.livingpillow.com\/de\/product\/back-support-cushion-beautiful-bed-pillow-corduroy-azure","title":{"rendered":"R\u00fcckenst\u00fctzkissen Sch\u00f6nes Bettkissen Cord Azure"},"content":{"rendered":"<p><strong>Verbessern Sie Ihr Lesen und Ihre Entspannung mit unseren Premium-Dreieck-Lesekissen<\/strong><\/p>\n<p>G\u00f6nnen Sie sich ein herrliches Lese- oder Fernseherlebnis mit unseren au\u00dfergew\u00f6hnlichen dreieckigen Lesekissen. Sie bieten eine unvergleichliche R\u00fccken- und Nackenst\u00fctze und erh\u00f6hen Ihren Komfort, damit Sie sich im Bett und in der Freizeit wohlf\u00fchlen.<\/p>\n<p><strong>Vielseitig und stilvoll<\/strong><\/p>\n<p>Ob Sie als Student ein funktionelles Kopfteil suchen oder Ihr bestehendes Bett aufwerten m\u00f6chten, unsere Kissen sind die perfekte L\u00f6sung. Erh\u00e4ltlich in allen Bettgr\u00f6\u00dfen, einschlie\u00dflich Kingsize, dienen sie auch als Sofas f\u00fcr Tagesbetten oder bieten zus\u00e4tzliche Unterst\u00fctzung als R\u00fcckenlehne f\u00fcr Etagenbetten.<\/p>\n<p><strong>Einfache Wartung und erstklassige Qualit\u00e4t<\/strong><\/p>\n<p>Mit ihren abnehmbaren Bez\u00fcgen, die durch Kn\u00f6pfe gesichert sind, sind unsere Kissen kinderleicht zu pflegen. Ziehen Sie die Bez\u00fcge einfach ab, um sie zu waschen und so Hygiene und Stil zu gew\u00e4hrleisten. Gef\u00fcllt mit hochdichtem Polyurethan bieten diese Kissen eine optimale R\u00fcckenunterst\u00fctzung, w\u00e4hrend ihr Cordstoff die \u00c4sthetik eines jeden Raumes aufwertet.<\/p>\n<p><strong>Positive Bewertungen von zufriedenen Kunden<\/strong><\/p>\n<p>\"Diese Kissen sind so bequem! Ich benutze sie, um im Bett zu lesen, und sie machen so einen Unterschied. Mein R\u00fccken und mein Nacken tun nicht mehr weh.\" - Jane, eine verifizierte Kundin<\/p>\n<p>\"Ich liebe es, dass ich diese Kissen auf so viele verschiedene Arten verwenden kann. Sie sind perfekt f\u00fcr mein Tagesbett, Etagenbett und sogar als Kopfteil. Die Bez\u00fcge sind auch leicht zu waschen!\" - Mary, eine weitere zufriedene Kundin<\/p>\n<p><strong>Gr\u00f6\u00dfen und Optionen<\/strong><\/p>\n<p>Unsere Kissen sind in einer Vielzahl von Gr\u00f6\u00dfen erh\u00e4ltlich, um Ihren spezifischen Bed\u00fcrfnissen gerecht zu werden:<\/p>\n<p>* 45cm (ohne Kn\u00f6pfe)<br \/>\n* 60cm (ohne Kn\u00f6pfe)<br \/>\n* 80cm (2 Kn\u00f6pfe)<br \/>\n* 100cm (3 Kn\u00f6pfe)<br \/>\n* 120cm (4 Kn\u00f6pfe)<br \/>\n* 140cm (4 Kn\u00f6pfe)<br \/>\n* 160cm (5 Kn\u00f6pfe)<br \/>\n* 180cm (6 Kn\u00f6pfe)<br \/>\n* 200cm (7 Kn\u00f6pfe)<\/p>\n<p><strong>Erh\u00f6hen Sie Ihren Komfort und Stil<\/strong><\/p>\n<p>Bestellen Sie noch heute Ihr Triangel-Lesekissen und erleben Sie das Nonplusultra an Komfort und Stil. Ganz gleich, ob Sie sich mit einem Buch zur\u00fcckziehen, einen Film ansehen oder einfach nur zus\u00e4tzliche Unterst\u00fctzung brauchen, unsere Kissen werden Ihre Entspannung und Freizeit verbessern.<\/p>","protected":false},"excerpt":{"rendered":"<ul>\n<li><strong>Perfekt als Bettlekt\u00fcre:<\/strong> Verbessern Sie Ihr Lese- und Fernseherlebnis durch die hervorragende Unterst\u00fctzung von R\u00fccken und Nacken.<\/li>\n<li><strong>Funktionale Kopfteil-Alternative:<\/strong> Es ist ideal f\u00fcr Studenten und dient sowohl als dekoratives als auch als funktionales Kopfteil.<\/li>\n<li><strong>Vielseitig einsetzbar:<\/strong> Erh\u00e4ltlich in allen Bettgr\u00f6\u00dfen, wobei das Kingsize perfekt zu Tagesbetten passt und als Sofa dient. N\u00fctzlich als R\u00fcckenlehne f\u00fcr ein Etagenbett oder als freistehendes Kopfteil.<\/li>\n<li><strong>Waschbar Design:<\/strong> Mit abnehmbaren Bez\u00fcgen, die mit Kn\u00f6pfen befestigt sind, um das Waschen zu erleichtern, wird das Kissen noch bequemer und stilvoller.<\/li>\n<li><strong>Hochwertiges Material:<\/strong> Die F\u00fcllung aus hochdichtem Polyurethan sorgt f\u00fcr eine hervorragende Unterst\u00fctzung des R\u00fcckens, und der Stoff wertet den Raum \u00e4sthetisch auf.<\/li>\n<li><strong>Material:<\/strong> 100% Polyester-Cord.<\/li>\n<li><strong>Gr\u00f6\u00dfe:<\/strong> 45cm (45*20*50cm | 0 Tasten); 60cm (60*20*50cm | 0 Tasten); 80cm (80*20*50cm | 2 Tasten); 100cm (100*20*50cm | 3 Tasten); 120cm (120*20*50cm | 4 Tasten); 140cm (140*20*50cm | 4 Tasten); 160cm (160*20*50cm | 5 Tasten); 180cm (180*20*50cm | 6 Tasten); 200cm (200*20*50cm | 7 Tasten).<\/li>\n<\/ul>","protected":false},"featured_media":398,"comment_status":"open","ping_status":"closed","template":"","meta":[],"product_brand":[],"product_cat":[15],"product_tag":[121,122,101,74,98,116,90,123],"class_list":{"0":"post-399","1":"product","2":"type-product","3":"status-publish","4":"has-post-thumbnail","6":"product_cat-pillows","7":"product_tag-back-support-cushion","8":"product_tag-beautiful-bed-pillow","9":"product_tag-bunk-bed-backrest","10":"product_tag-daybed-pillow","11":"product_tag-decorative-headboard","12":"product_tag-functional-headboard-alternative","13":"product_tag-king-size-pillow","14":"product_tag-standalone-headboard","16":"first","17":"instock","18":"featured","19":"shipping-taxable","20":"purchasable","21":"product-type-variable","22":"has-default-attributes"},"_links":{"self":[{"href":"https:\/\/www.livingpillow.com\/de\/wp-json\/wp\/v2\/product\/399","targetHints":{"allow":["GET"]}}],"collection":[{"href":"https:\/\/www.livingpillow.com\/de\/wp-json\/wp\/v2\/product"}],"about":[{"href":"https:\/\/www.livingpillow.com\/de\/wp-json\/wp\/v2\/types\/product"}],"replies":[{"embeddable":true,"href":"https:\/\/www.livingpillow.com\/de\/wp-json\/wp\/v2\/comments?post=399"}],"wp:featuredmedia":[{"embeddable":true,"href":"https:\/\/www.livingpillow.com\/de\/wp-json\/wp\/v2\/media\/398"}],"wp:attachment":[{"href":"https:\/\/www.livingpillow.com\/de\/wp-json\/wp\/v2\/media?parent=399"}],"wp:term":[{"taxonomy":"product_brand","embeddable":true,"href":"https:\/\/www.livingpillow.com\/de\/wp-json\/wp\/v2\/product_brand?post=399"},{"taxonomy":"product_cat","embeddable":true,"href":"https:\/\/www.livingpillow.com\/de\/wp-json\/wp\/v2\/product_cat?post=399"},{"taxonomy":"product_tag","embeddable":true,"href":"https:\/\/www.livingpillow.com\/de\/wp-json\/wp\/v2\/product_tag?post=399"}],"curies":[{"name":"wp","href":"https:\/\/api.w.org\/{rel}","templated":true}]}}