{"id":429,"date":"2024-02-23T05:10:46","date_gmt":"2024-02-23T05:10:46","guid":{"rendered":"https:\/\/www.livingpillow.com\/product\/backrest-pillow"},"modified":"2026-03-03T01:21:32","modified_gmt":"2026-03-03T01:21:32","slug":"groses-ruckenlehnenkissen-lesekissen-fur-sofabett-samt-grau","status":"publish","type":"product","link":"https:\/\/www.livingpillow.com\/de\/product\/big-backrest-pillow-reading-cushion-for-sofa-bed-velvet-grey","title":{"rendered":"Gro\u00dfe R\u00fcckenlehne Kissen Lesen Kissen f\u00fcr Sofa Bett Samt Grau"},"content":{"rendered":"<p>Wir stellen unser st\u00fctzendes Lesekissen vor, das f\u00fcr maximalen Komfort beim Lesen oder Fernsehen im Bett sorgt. Mit seiner hochdichten Polyurethan-F\u00fcllung bietet dieses Keilkissen eine hervorragende R\u00fccken- und Nackenst\u00fctze, so dass Sie sich in einer bequemen und st\u00fctzenden Position entspannen k\u00f6nnen.<\/p>\n<p>Aber das ist noch nicht alles - dieses vielseitige Kissen ist eine hervorragende Alternative zu einem traditionellen Kopfteil und eignet sich daher perfekt f\u00fcr Studenten und alle, die ihr Schlafzimmer sowohl funktional als auch dekorativ gestalten m\u00f6chten. Au\u00dferdem ist es in allen Gr\u00f6\u00dfen f\u00fcr normale Betten erh\u00e4ltlich, wobei die Kingsize-Gr\u00f6\u00dfe die perfekte Erg\u00e4nzung f\u00fcr ein Tagesbett ist, um es in eine gem\u00fctliche Couch zu verwandeln.<\/p>\n<p>Das innovative Design dieses Kissens macht es au\u00dferdem leicht waschbar. Die angebrachten Kn\u00f6pfe verleihen ihm nicht nur ein dynamisches Aussehen, sondern erm\u00f6glichen auch ein einfaches Abnehmen und Reinigen des Bezugs.<\/p>\n<p>Der Bezug besteht aus dem Stoff 100% Polyester Velvet, der nicht nur f\u00fcr eine hervorragende Optik des Kissens sorgt, sondern auch Ihre Inneneinrichtung aufwertet.<\/p>\n<p>Aber nehmen Sie nicht nur unser Wort f\u00fcr sich selbst. Hier sind einige der Kommentare unserer zufriedenen Kunden:<\/p>\n<p>- Dieses Kissen ist ein echter Gewinn f\u00fcr das Lesen im Bett. Es bietet gro\u00dfartige Unterst\u00fctzung und macht mein Leseerlebnis viel angenehmer.\"<br \/>\n- \"Ich liebe es, dieses Kissen als Kopfteil zu benutzen! Es verleiht meinem Schlafzimmer einen einzigartigen und gem\u00fctlichen Touch.\"<br \/>\n- Ich habe die Gr\u00f6\u00dfe 120 cm f\u00fcr mein Etagenbett gekauft, und es funktioniert perfekt als R\u00fcckenlehne. Es ist auch gro\u00dfartig, um sich hinzusetzen und zu lernen.\"<br \/>\n- Die Kn\u00f6pfe am Bezug machen es so einfach, ihn abzunehmen und zu waschen. Ich liebe die Einfachheit.\"<\/p>\n<p>Ganz gleich, ob Sie nach einer bequemen M\u00f6glichkeit suchen, im Bett zu lesen, oder ob Sie Ihrem Schlafzimmer einen funktionalen und stilvollen Touch verleihen m\u00f6chten, unser st\u00fctzendes Lesekissen ist die perfekte L\u00f6sung. W\u00e4hlen Sie aus einer Reihe von Gr\u00f6\u00dfen und Farben, einschlie\u00dflich dem beliebten grauen Holland-Samt, und erleben Sie den ultimativen Komfort und Halt.<\/p>","protected":false},"excerpt":{"rendered":"<ul>\n<li><strong>Perfekt zum Lesen im Bett:<\/strong> Genie\u00dfen Sie maximalen Komfort beim Lesen oder Fernsehen mit unserem st\u00fctzenden Lesekissen, das R\u00fccken und Nacken hervorragend st\u00fctzt.<\/li>\n<li><strong>Alternativ als Kopfteil:<\/strong> Ideal f\u00fcr Studenten und andere, dient dieses Kissen sowohl als funktionelles als auch als dekoratives Kopfteil.<\/li>\n<li><strong>Mehrzwecknutzung:<\/strong> Erh\u00e4ltlich in allen Gr\u00f6\u00dfen f\u00fcr normale Betten; das Kingsize passt perfekt zu einem Tagesbett und verwandelt es in eine Couch. Auch als R\u00fcckenlehne f\u00fcr ein Etagenbett oder als behelfsm\u00e4\u00dfiges Kopfteil geeignet.<\/li>\n<li><strong>Leicht zu waschen:<\/strong> Das innovative Design umfasst angebrachte Kn\u00f6pfe f\u00fcr einen dynamischen Look und ein einfaches Abnehmen und Waschen des Bezugs.<\/li>\n<li><strong>Hochwertiges Material:<\/strong> Die F\u00fcllung aus hochdichtem Polyurethan sorgt f\u00fcr eine hervorragende R\u00fcckenunterst\u00fctzung, und der Stoff des Keilkissens wertet Ihre Inneneinrichtung durch seine hervorragende Optik auf.<\/li>\n<li><strong>Stoff:<\/strong> Samt (100% Polyester).<\/li>\n<li><strong>Gr\u00f6\u00dfe:<\/strong> 45cm (45*20*50cm | 0 Tasten); 60cm (60*20*50cm | 0 Tasten); 80cm (80*20*50cm | 2 Tasten); 100cm (100*20*50cm | 3 Tasten); 120cm (120*20*50cm | 4 Tasten); 140cm (140*20*50cm | 4 Tasten); 160cm (160*20*50cm | 5 Tasten); 180cm (180*20*50cm | 6 Tasten); 200cm (200*20*50cm | 7 Tasten).<\/li>\n<\/ul>","protected":false},"featured_media":428,"comment_status":"open","ping_status":"closed","template":"","meta":[],"product_brand":[],"product_cat":[15],"product_tag":[63,79,120,109,91,111,119],"class_list":{"0":"post-429","1":"product","2":"type-product","3":"status-publish","4":"has-post-thumbnail","6":"product_cat-pillows","7":"product_tag-backrest-pillow","8":"product_tag-bedroom-decoration","9":"product_tag-big-backrest-pillow","10":"product_tag-high-density-polyurethane-pillow","11":"product_tag-multipurpose-pillow","12":"product_tag-reading-cushion","13":"product_tag-sofa-bed-pillow","15":"first","16":"instock","17":"shipping-taxable","18":"purchasable","19":"product-type-variable","20":"has-default-attributes"},"_links":{"self":[{"href":"https:\/\/www.livingpillow.com\/de\/wp-json\/wp\/v2\/product\/429","targetHints":{"allow":["GET"]}}],"collection":[{"href":"https:\/\/www.livingpillow.com\/de\/wp-json\/wp\/v2\/product"}],"about":[{"href":"https:\/\/www.livingpillow.com\/de\/wp-json\/wp\/v2\/types\/product"}],"replies":[{"embeddable":true,"href":"https:\/\/www.livingpillow.com\/de\/wp-json\/wp\/v2\/comments?post=429"}],"wp:featuredmedia":[{"embeddable":true,"href":"https:\/\/www.livingpillow.com\/de\/wp-json\/wp\/v2\/media\/428"}],"wp:attachment":[{"href":"https:\/\/www.livingpillow.com\/de\/wp-json\/wp\/v2\/media?parent=429"}],"wp:term":[{"taxonomy":"product_brand","embeddable":true,"href":"https:\/\/www.livingpillow.com\/de\/wp-json\/wp\/v2\/product_brand?post=429"},{"taxonomy":"product_cat","embeddable":true,"href":"https:\/\/www.livingpillow.com\/de\/wp-json\/wp\/v2\/product_cat?post=429"},{"taxonomy":"product_tag","embeddable":true,"href":"https:\/\/www.livingpillow.com\/de\/wp-json\/wp\/v2\/product_tag?post=429"}],"curies":[{"name":"wp","href":"https:\/\/api.w.org\/{rel}","templated":true}]}}