{"id":488,"date":"2024-02-23T05:44:00","date_gmt":"2024-02-23T05:44:00","guid":{"rendered":"https:\/\/www.livingpillow.com\/product\/bed-wedge-support-pillow"},"modified":"2026-03-03T01:22:19","modified_gmt":"2026-03-03T01:22:19","slug":"bettkeil-stutzkissen-lesekissen-samt-tiefblau","status":"publish","type":"product","link":"https:\/\/www.livingpillow.com\/de\/product\/bed-wedge-support-pillow-reading-cushion-velvet-deep-blue","title":{"rendered":"Bettkeil St\u00fctzkissen Lesen Kissen Samt Deep Blue"},"content":{"rendered":"<p>Entdecken Sie den perfekten Lese- und Entspannungsbegleiter<\/p>\n<p>Sind Sie es leid, Ihren Nacken und R\u00fccken beim Lesen im Bett oder auf der Couch zu belasten? Sind Sie auf der Suche nach dekorativem und funktionalem Zubeh\u00f6r f\u00fcr Ihren Schlafsaal? Unser Mehrzweck-Dreieckskissen ist die L\u00f6sung. Dieses Dreieckskissen ist in verschiedenen Gr\u00f6\u00dfen von 45 cm bis 200 cm erh\u00e4ltlich und bietet eine hervorragende St\u00fctze, egal ob Sie faulenzen, lernen oder Ihre Lieblingsserie sehen.<\/p>\n<p>Das weiche, samtige 100%-Polyestergewebe mit hochdichtem Polyurethan-F\u00fcllstoff passt sich Ihrem K\u00f6rper an und sorgt f\u00fcr h\u00f6chsten Komfort. Die angebrachten Kn\u00f6pfe erm\u00f6glichen es Ihnen, die Form nach Bedarf anzupassen. Mit seinem stilvollen Aussehen kann das Dreieckskissen sogar als alternatives Kopfteil dienen, um Ihr Schlafsaal- oder Schlafzimmerdekor zu erg\u00e4nzen. <\/p>\n<p>Ein zufriedener Kunde sagte: \"Ich liebe das weiche Gef\u00fchl des Samtstoffs auf diesem Kissen. Es macht das Lesen im Bett so viel angenehmer, ohne dass man sich auf harte Kissen st\u00fctzen muss.\"<\/p>\n<p>Ein anderer schrieb: \"Dieses Dreieckskissen ist viel stilvoller als ein typisches Lesekissen. Ich benutze es als Kopfteil in meiner Wohnung, da ich keinen Platz f\u00fcr ein echtes habe.\"<\/p>\n<p>Mit seiner Vielseitigkeit, den hochwertigen Materialien und der einfachen Pflege durch den abnehmbaren und in der Maschine waschbaren Bezug ist dieses Dreieckskissen ein unverzichtbares Accessoire f\u00fcr mehr Entspannung.<\/p>","protected":false},"excerpt":{"rendered":"<ul>\n<li><strong>Perfekt zum Lesen:<\/strong> Bietet eine hervorragende R\u00fccken- und Nackenst\u00fctze f\u00fcr Komfort beim Lesen oder Fernsehen.<\/li>\n<li><strong>Alternative zum Kopfteil:<\/strong> Kann als dekoratives und funktionales Kopfteil dienen, insbesondere f\u00fcr Studenten.<\/li>\n<li><strong>Mehrzweck:<\/strong> Erh\u00e4ltlich in verschiedenen Gr\u00f6\u00dfen f\u00fcr normale Betten und Tagesbetten; auch als R\u00fcckenlehne oder Kopfteil f\u00fcr Etagenbetten verwendbar.<\/li>\n<li><strong>Einfache Wartung:<\/strong> Die angebrachten Kn\u00f6pfe sorgen f\u00fcr eine dynamische Form und der abnehmbare Bezug erm\u00f6glicht ein einfaches Waschen.<\/li>\n<li><strong>Hochwertige Konstruktion:<\/strong> Die F\u00fcllung aus hochdichtem Polyurethan bietet eine hervorragende R\u00fcckenst\u00fctze, w\u00e4hrend der strapazierf\u00e4hige Stoff das Innendekor erg\u00e4nzt.<\/li>\n<li><strong>Stoff:<\/strong> Weiches und samtiges Polyester 100%.<\/li>\n<li><strong>Gr\u00f6\u00dfe:<\/strong> 45cm (45*20*50cm | 0 Tasten); 60cm (60*20*50cm | 0 Tasten); 80cm (80*20*50cm | 2 Tasten); 100cm (100*20*50cm | 3 Tasten); 120cm (120*20*50cm | 4 Tasten); 140cm (140*20*50cm | 4 Tasten); 160cm (160*20*50cm | 5 Tasten); 180cm (180*20*50cm | 6 Tasten); 200cm (200*20*50cm | 7 Tasten).<\/li>\n<\/ul>","protected":false},"featured_media":487,"comment_status":"open","ping_status":"closed","template":"","meta":[],"product_brand":[],"product_cat":[15],"product_tag":[114,113,110,101,98,112,111],"class_list":{"0":"post-488","1":"product","2":"type-product","3":"status-publish","4":"has-post-thumbnail","6":"product_cat-pillows","7":"product_tag-alternative-to-headboard","8":"product_tag-back-and-neck-support","9":"product_tag-bed-wedge-support-pillow","10":"product_tag-bunk-bed-backrest","11":"product_tag-decorative-headboard","12":"product_tag-perfect-for-reading","13":"product_tag-reading-cushion","15":"first","16":"instock","17":"shipping-taxable","18":"purchasable","19":"product-type-variable","20":"has-default-attributes"},"_links":{"self":[{"href":"https:\/\/www.livingpillow.com\/de\/wp-json\/wp\/v2\/product\/488","targetHints":{"allow":["GET"]}}],"collection":[{"href":"https:\/\/www.livingpillow.com\/de\/wp-json\/wp\/v2\/product"}],"about":[{"href":"https:\/\/www.livingpillow.com\/de\/wp-json\/wp\/v2\/types\/product"}],"replies":[{"embeddable":true,"href":"https:\/\/www.livingpillow.com\/de\/wp-json\/wp\/v2\/comments?post=488"}],"wp:featuredmedia":[{"embeddable":true,"href":"https:\/\/www.livingpillow.com\/de\/wp-json\/wp\/v2\/media\/487"}],"wp:attachment":[{"href":"https:\/\/www.livingpillow.com\/de\/wp-json\/wp\/v2\/media?parent=488"}],"wp:term":[{"taxonomy":"product_brand","embeddable":true,"href":"https:\/\/www.livingpillow.com\/de\/wp-json\/wp\/v2\/product_brand?post=488"},{"taxonomy":"product_cat","embeddable":true,"href":"https:\/\/www.livingpillow.com\/de\/wp-json\/wp\/v2\/product_cat?post=488"},{"taxonomy":"product_tag","embeddable":true,"href":"https:\/\/www.livingpillow.com\/de\/wp-json\/wp\/v2\/product_tag?post=488"}],"curies":[{"name":"wp","href":"https:\/\/api.w.org\/{rel}","templated":true}]}}