{"id":658,"date":"2024-02-23T13:50:30","date_gmt":"2024-02-23T13:50:30","guid":{"rendered":"https:\/\/www.livingpillow.com\/product\/large-wedge-pillow"},"modified":"2026-03-11T05:10:20","modified_gmt":"2026-03-11T05:10:20","slug":"groses-keilkissen-groses-bett-lesekissen-leinen-gelb","status":"publish","type":"product","link":"https:\/\/www.livingpillow.com\/de\/product\/large-wedge-pillow-big-bed-reading-cushion-linen-yellow","title":{"rendered":"Gro\u00dfes Keilkissen Big Bed Lesekissen Gelb"},"content":{"rendered":"<p><strong>Die ultimative R\u00fcckenst\u00fctze mit Stil: Unser vielseitiges Triangel-Lesekissen stellt sich vor<\/strong><\/p>\n<p>Sind Sie auf der Suche nach einer gem\u00fctlichen und stilvollen M\u00f6glichkeit, Ihr Lese- oder TV-Erlebnis zu verbessern? Dann ist unser hochwertiges Triangle Reading Pillow genau das Richtige f\u00fcr Sie!<\/p>\n<p><strong>Komfort, der umh\u00fcllt<\/strong><\/p>\n<p>Unser Lesekissen bietet eine unvergleichliche Unterst\u00fctzung f\u00fcr R\u00fccken und Nacken und schafft eine gem\u00fctliche Ecke f\u00fcr maximalen Komfort. Sinken Sie in die Pl\u00fcschf\u00fcllung und lassen Sie all Ihre Sorgen dahinschmelzen, w\u00e4hrend Sie sich in ein fesselndes Buch vertiefen oder Ihre Lieblingssendungen im Fernsehen verfolgen.<\/p>\n<p><strong>Vielseitig und praktisch<\/strong><\/p>\n<p>Neben seiner prim\u00e4ren Funktion bietet unser vielseitiges Kissen eine Reihe weiterer Einsatzm\u00f6glichkeiten:<\/p>\n<p><strong>Kopfteil Alternative:<\/strong> Er ist ideal f\u00fcr Studenten und andere, denn er verleiht Ihrem Bett einen dekorativen und praktischen Touch.<br \/>\n<strong>Mehrzweck-Kissen:<\/strong> Erh\u00e4ltlich in allen g\u00e4ngigen Bettgr\u00f6\u00dfen, einschlie\u00dflich eines Kingsize-Bettes, das auch als komfortable Couch genutzt werden kann.<br \/>\n<strong>Kissen und R\u00fcckenlehne f\u00fcr das Bett:<\/strong> Sch\u00fctzen Sie Ihre Kleinen vor St\u00f6\u00dfen und schaffen Sie einen sicheren und unterst\u00fctzenden Raum f\u00fcr sie.<br \/>\n<strong>Wohnmobil- und Anh\u00e4nger-Kopfteil:<\/strong> Erh\u00f6hen Sie den Komfort Ihres Wohnmobils oder Wohnwagens mit einem stilvollen und praktischen Kopfteil.<\/p>\n<p><strong>Pflegeleicht und langlebig<\/strong><\/p>\n<p>Wir wissen, dass Bequemlichkeit das Wichtigste ist. Deshalb ist unser Kissen mit Kn\u00f6pfen versehen, die nicht nur seinen Stil unterstreichen, sondern auch daf\u00fcr sorgen, dass der Bezug abnehmbar und leicht zu waschen ist. Der hochwertige Polyurethan-F\u00fcllstoff sorgt f\u00fcr eine hervorragende R\u00fcckenunterst\u00fctzung und Langlebigkeit.<\/p>\n<p><strong>W\u00e4hlen Sie Ihre perfekte Gr\u00f6\u00dfe<\/strong><\/p>\n<p>Unser Triangle Reading Pillow ist in verschiedenen Gr\u00f6\u00dfen erh\u00e4ltlich, um Ihren Bed\u00fcrfnissen gerecht zu werden:<\/p>\n<p>0 Tasten: 45cm, 60cm<br \/>\n2 Kn\u00f6pfe: 80cm<br \/>\n3 Kn\u00f6pfe: 100cm<br \/>\n4 Kn\u00f6pfe: 120cm, 140cm<br \/>\n5 Kn\u00f6pfe: 160cm<br \/>\n6 Kn\u00f6pfe: 180cm<br \/>\n7 Kn\u00f6pfe: 200cm<\/p>\n<p><strong>Kundengepr\u00fcfter Komfort<\/strong><\/p>\n<p>Unsere Kunden schw\u00e4rmen von dem unvergleichlichen Komfort, den unser Triangle Reading Pillow bietet. Mit \u00fcber 150 positiven Bewertungen hat es durchweg Lob f\u00fcr seine Vielseitigkeit, Unterst\u00fctzung und sein stilvolles Design erhalten.<\/p>\n<p><strong>Verbessern Sie Ihr Lesen und Ihre Entspannung heute<\/strong><\/p>\n<p>Ver\u00e4ndern Sie Ihre Lese- und Entspannungsroutine mit dem ultimativen Komfort und Stil unseres Triangle Reading Pillow. Bestellen Sie jetzt und erleben Sie die wohltuende Umarmung von Unterst\u00fctzung und Raffinesse!<\/p>","protected":false},"excerpt":{"rendered":"<ul>\n<li><strong>Perfekt zum Lesen und Fernsehen:<\/strong>\u00a0Bietet eine hervorragende R\u00fccken- und Nackenst\u00fctze f\u00fcr maximalen Komfort beim Lesen im Bett oder beim Fernsehen.<\/li>\n<li><strong>Alternativ als Kopfteil:<\/strong>\u00a0Das Kissen ist ideal f\u00fcr Studenten und andere Personen und kann als dekoratives und funktionelles Kopfteil verwendet werden.<\/li>\n<li><strong>Mehrzweck:<\/strong>\u00a0Erh\u00e4ltlich in allen Gr\u00f6\u00dfen f\u00fcr normale Betten, passt die Kingsize-Gr\u00f6\u00dfe perfekt auf ein Daybed und kann auch als Couch dienen. Weitere Verwendungszwecke sind Sto\u00dfstangenkissen f\u00fcr Kinder, R\u00fcckenlehnen f\u00fcr Etagenbetten und Kopfteile f\u00fcr Wohnmobile und Wohnwagen.<\/li>\n<li><strong>Leicht zu waschen:<\/strong>\u00a0Angen\u00e4hte Kn\u00f6pfe sorgen f\u00fcr Stil und machen den Bezug abnehmbar und waschbar.<\/li>\n<li><strong>Hochwertiges Material:<\/strong>\u00a0Die F\u00fcllung aus hochdichtem Polyurethan sorgt f\u00fcr eine hervorragende R\u00fcckenunterst\u00fctzung. Der Stoff hat einen tollen optischen Effekt und passt zu jeder Inneneinrichtung.<\/li>\n<li><strong>Gr\u00f6\u00dfe:<\/strong> 45cm (45*20*50cm | 0 Tasten); 60cm (60*20*50cm | 0 Tasten); 80cm (80*20*50cm | 2 Tasten); 100cm (100*20*50cm | 3 Tasten); 120cm (120*20*50cm | 4 Tasten); 140cm (140*20*50cm | 4 Tasten); 160cm (160*20*50cm | 5 Tasten); 180cm (180*20*50cm | 6 Tasten); 200cm (200*20*50cm | 7 Tasten).<\/li>\n<\/ul>","protected":false},"featured_media":657,"comment_status":"open","ping_status":"closed","template":"","meta":[],"product_brand":[],"product_cat":[15],"product_tag":[66,92,93,95,74,59,87,94],"class_list":{"0":"post-658","1":"product","2":"type-product","3":"status-publish","4":"has-post-thumbnail","6":"product_cat-pillows","7":"product_tag-back-support-pillow","8":"product_tag-big-bed-reading-cushion","9":"product_tag-bumper-pillows","10":"product_tag-bunk-bed-back-rests","11":"product_tag-daybed-pillow","12":"product_tag-large-wedge-pillow","13":"product_tag-trailer-headboard","14":"product_tag-tv-pillow","16":"first","17":"instock","18":"featured","19":"shipping-taxable","20":"purchasable","21":"product-type-variable","22":"has-default-attributes"},"_links":{"self":[{"href":"https:\/\/www.livingpillow.com\/de\/wp-json\/wp\/v2\/product\/658","targetHints":{"allow":["GET"]}}],"collection":[{"href":"https:\/\/www.livingpillow.com\/de\/wp-json\/wp\/v2\/product"}],"about":[{"href":"https:\/\/www.livingpillow.com\/de\/wp-json\/wp\/v2\/types\/product"}],"replies":[{"embeddable":true,"href":"https:\/\/www.livingpillow.com\/de\/wp-json\/wp\/v2\/comments?post=658"}],"wp:featuredmedia":[{"embeddable":true,"href":"https:\/\/www.livingpillow.com\/de\/wp-json\/wp\/v2\/media\/657"}],"wp:attachment":[{"href":"https:\/\/www.livingpillow.com\/de\/wp-json\/wp\/v2\/media?parent=658"}],"wp:term":[{"taxonomy":"product_brand","embeddable":true,"href":"https:\/\/www.livingpillow.com\/de\/wp-json\/wp\/v2\/product_brand?post=658"},{"taxonomy":"product_cat","embeddable":true,"href":"https:\/\/www.livingpillow.com\/de\/wp-json\/wp\/v2\/product_cat?post=658"},{"taxonomy":"product_tag","embeddable":true,"href":"https:\/\/www.livingpillow.com\/de\/wp-json\/wp\/v2\/product_tag?post=658"}],"curies":[{"name":"wp","href":"https:\/\/api.w.org\/{rel}","templated":true}]}}