{"id":711,"date":"2024-02-23T14:24:46","date_gmt":"2024-02-23T14:24:46","guid":{"rendered":"https:\/\/www.livingpillow.com\/product\/big-pillow-for-bed-headboard"},"modified":"2026-03-11T05:10:18","modified_gmt":"2026-03-11T05:10:18","slug":"groses-kissen-fur-bett-kopfteil-groses-kissen-leinen-schwarz","status":"publish","type":"product","link":"https:\/\/www.livingpillow.com\/de\/product\/big-pillow-for-bed-headboard-large-cushion-linen-black","title":{"rendered":"Gro\u00dfes Kissen f\u00fcr Bett Kopfteil Gro\u00dfes Kissen Schwarz"},"content":{"rendered":"<p>Wir stellen das unverzichtbare Mehrzweck-Keilkissen vor, das Ihr Zuhause braucht!<\/p>\n<p>Sind Sie auf der Suche nach einem bequemen und funktionellen Kissen, das Sie bei Aktivit\u00e4ten wie Lesen und Fernsehen optimal st\u00fctzt und bequem ist? Dann ist dieses vielseitige Keilkissen genau das Richtige f\u00fcr Sie! <\/p>\n<p>Dieses Kissen ist so konzipiert, dass es den R\u00fccken und den Nacken optimal st\u00fctzt, was es zum perfekten Accessoire f\u00fcr alle macht, die gerne im Bett lesen oder fernsehen. Es wurde entwickelt, um Ihren Komfort zu verbessern und unangenehme Belastungen f\u00fcr Ihren R\u00fccken und Nacken beim Sitzen zu vermeiden. <\/p>\n<p>Das Kissen ist auch eine ideale L\u00f6sung f\u00fcr Studenten, die ein vielseitiges Accessoire ben\u00f6tigen, das sowohl als funktionelles als auch als dekoratives Kopfteil dienen kann. Mit seinem stilvollen Design ist dieses Kissen der perfekte Weg, um jeden Raum zu versch\u00f6nern und gleichzeitig eine au\u00dfergew\u00f6hnliche Unterst\u00fctzung f\u00fcr diejenigen zu bieten, die es brauchen. <\/p>\n<p>Und das ist noch nicht alles! Dieses Keilkissen ist in mehreren Gr\u00f6\u00dfen erh\u00e4ltlich, was es zu einem au\u00dfergew\u00f6hnlichen Allround-Accessoire macht. Ob als Sto\u00dfkissen f\u00fcr Kinder oder als R\u00fcckenlehne f\u00fcr Etagenbetten - die M\u00f6glichkeiten dieses Kissens sind grenzenlos. Es kann sogar als Kopfteil f\u00fcr Wohnmobile und Wohnwagen verwendet werden. <\/p>\n<p>Eines der hervorstechendsten Merkmale dieses Keilkissens ist sein leicht zu waschendes Design. Der Bezug ist mit einem Druckknopf versehen und kann leicht abgenommen und gewaschen werden, um unerw\u00fcnschten Schmutz und Dreck zu vermeiden.<\/p>\n<p>Das Keilkissen ist mit hochdichtem Polyurethan gef\u00fcllt, das eine au\u00dfergew\u00f6hnliche R\u00fcckenunterst\u00fctzung bietet. Es verleiht Ihrer Einrichtung einen zus\u00e4tzlichen Stil.<\/p>\n<p>Zusammenfassend l\u00e4sst sich sagen, dass das Mehrzweck-Keilkissen ein unverzichtbarer Gebrauchsgegenstand ist, den jeder Haushalt braucht. Es bietet hervorragende Unterst\u00fctzung und Komfort und eignet sich daher perfekt f\u00fcr Aktivit\u00e4ten wie Lesen und Fernsehen. Mit seinem vielseitigen Design dient es mehreren Zwecken und ist in verschiedenen Gr\u00f6\u00dfen erh\u00e4ltlich, so dass es allen Ihren Bed\u00fcrfnissen gerecht wird. Und mit seinem leicht zu waschenden Design wird dieses Kissen sicher f\u00fcr viele Jahre Ihr Lieblingsaccessoire werden. <\/p>\n<p>Wenn Sie immer noch nicht \u00fcberzeugt sind, lesen Sie einfach die Kommentare zum Produkt! Unsere Kunden k\u00f6nnen nicht genug von diesem Produkt bekommen. Also, warten Sie nicht l\u00e4nger und kaufen Sie noch heute Ihr eigenes Mehrzweck-Keilkissen!<\/p>","protected":false},"excerpt":{"rendered":"<ul>\n<li><strong>Perfekt zum Lesen im Bett:<\/strong> Dieses Kissen st\u00fctzt den R\u00fccken und den Nacken optimal und sorgt f\u00fcr mehr Komfort beim Lesen und Fernsehen.<\/li>\n<li><strong>Kopfteil Alternative:<\/strong> Dieses vielseitige Kissen ist eine ideale L\u00f6sung f\u00fcr Studenten und dient sowohl als dekoratives als auch als funktionelles Kopfteil.<\/li>\n<li><strong>Mehrzwecknutzung:<\/strong> Erh\u00e4ltlich in verschiedenen Gr\u00f6\u00dfen, einschlie\u00dflich einer Kingsize, die sich perfekt in eine Schlafcouch verwandeln l\u00e4sst. Dient auch als Sto\u00dfkissen f\u00fcr Kinder, als R\u00fcckenlehne f\u00fcr Etagenbetten und als Kopfteil f\u00fcr Wohnmobile\/Wohnwagen.<\/li>\n<li><strong>Leicht zu waschen:<\/strong> Das Design mit den angebrachten Kn\u00f6pfen ist \u00e4sthetisch ansprechend und der Bezug l\u00e4sst sich zum Waschen leicht abnehmen.<\/li>\n<li><strong>Hochwertiges Material:<\/strong> Die F\u00fcllung aus hochdichtem Polyurethan sorgt f\u00fcr eine hervorragende R\u00fcckenunterst\u00fctzung, und der Stoff des Keilkissens wertet Ihre Einrichtung auf.<\/li>\n<li><strong>Gr\u00f6\u00dfe:<\/strong> 45cm (45*20*50cm | 0 Tasten); 60cm (60*20*50cm | 0 Tasten); 80cm (80*20*50cm | 2 Tasten); 100cm (100*20*50cm | 3 Tasten); 120cm (120*20*50cm | 4 Tasten); 140cm (140*20*50cm | 4 Tasten); 160cm (160*20*50cm | 5 Tasten); 180cm (180*20*50cm | 6 Tasten); 200cm (200*20*50cm | 7 Tasten).<\/li>\n<\/ul>","protected":false},"featured_media":710,"comment_status":"open","ping_status":"closed","template":"","meta":[],"product_brand":[],"product_cat":[15],"product_tag":[75,61,88,84,70,89,57,90,58,69],"class_list":{"0":"post-711","1":"product","2":"type-product","3":"status-publish","4":"has-post-thumbnail","6":"product_cat-pillows","7":"product_tag-bed-headboard","8":"product_tag-big-bed-pillow","9":"product_tag-big-pillow","10":"product_tag-bumper-pillow","11":"product_tag-bunk-bed-pillow","12":"product_tag-daybed-couch","13":"product_tag-headboard-cushion","14":"product_tag-king-size-pillow","15":"product_tag-linen-pillow","16":"product_tag-wedge-pillow","18":"first","19":"instock","20":"shipping-taxable","21":"purchasable","22":"product-type-variable","23":"has-default-attributes"},"_links":{"self":[{"href":"https:\/\/www.livingpillow.com\/de\/wp-json\/wp\/v2\/product\/711","targetHints":{"allow":["GET"]}}],"collection":[{"href":"https:\/\/www.livingpillow.com\/de\/wp-json\/wp\/v2\/product"}],"about":[{"href":"https:\/\/www.livingpillow.com\/de\/wp-json\/wp\/v2\/types\/product"}],"replies":[{"embeddable":true,"href":"https:\/\/www.livingpillow.com\/de\/wp-json\/wp\/v2\/comments?post=711"}],"wp:featuredmedia":[{"embeddable":true,"href":"https:\/\/www.livingpillow.com\/de\/wp-json\/wp\/v2\/media\/710"}],"wp:attachment":[{"href":"https:\/\/www.livingpillow.com\/de\/wp-json\/wp\/v2\/media?parent=711"}],"wp:term":[{"taxonomy":"product_brand","embeddable":true,"href":"https:\/\/www.livingpillow.com\/de\/wp-json\/wp\/v2\/product_brand?post=711"},{"taxonomy":"product_cat","embeddable":true,"href":"https:\/\/www.livingpillow.com\/de\/wp-json\/wp\/v2\/product_cat?post=711"},{"taxonomy":"product_tag","embeddable":true,"href":"https:\/\/www.livingpillow.com\/de\/wp-json\/wp\/v2\/product_tag?post=711"}],"curies":[{"name":"wp","href":"https:\/\/api.w.org\/{rel}","templated":true}]}}