{"id":786,"date":"2024-02-23T23:54:47","date_gmt":"2024-02-23T23:54:47","guid":{"rendered":"https:\/\/www.livingpillow.com\/product\/large-wedge-bolster-pillow"},"modified":"2026-03-03T01:25:49","modified_gmt":"2026-03-03T01:25:49","slug":"keil-nackenrolle-kissen-kopfteil-kissen-samt-burgundy","status":"publish","type":"product","link":"https:\/\/www.livingpillow.com\/de\/product\/wedge-bolster-pillow-headboard-cushion-velvet-burgundy","title":{"rendered":"Keil Nackenrolle Kissen Kopfteil Kissen Samt Burgund"},"content":{"rendered":"<p>The Wedge Nackenrolle Kissen Kopfteil Kissen Samt Burgund<\/p>\n<p>Sind Sie es leid, mehrere Kissen zu benutzen, um sich beim Lesen oder Fernsehen im Bett abzust\u00fctzen? M\u00f6chten Sie ein bequemes und stilvolles Kopfteil f\u00fcr Ihr Bett, ohne das Budget zu sprengen? Dann ist das Wedge Bolster Pillow Headboard Cushion Velvet Burgundy genau das Richtige f\u00fcr Sie.<\/p>\n<p>Dieses Lesekissen bietet eine hervorragende Unterst\u00fctzung f\u00fcr R\u00fccken und Nacken und ist somit das perfekte Accessoire f\u00fcr alle, die sich gerne im Bett entspannen. Als Kopfteil ist es vielseitig einsetzbar und dient sowohl als dekorative als auch als praktische Erg\u00e4nzung f\u00fcr jedes Schlafzimmer. Au\u00dferdem ist es in verschiedenen Gr\u00f6\u00dfen erh\u00e4ltlich, die zu Standardbetten, Schlafsofas, Etagenbetten und traditionellen Betten passen.<\/p>\n<p>Die hochdichte Polyurethanf\u00fcllung sorgt f\u00fcr eine hervorragende R\u00fcckenunterst\u00fctzung, w\u00e4hrend der optisch ansprechende Samtstoff (100% Polyester) jede Inneneinrichtung erg\u00e4nzt. Die angebrachten Kn\u00f6pfe verbessern nicht nur die Form des Kissens, sondern erm\u00f6glichen auch ein einfaches Abnehmen und Waschen des Bezugs, so dass er leicht sauber und frisch bleibt.<\/p>\n<p>Aber nehmen Sie nicht nur unser Wort f\u00fcr sich selbst. Hier sind einige der Kommentare von zufriedenen Kunden:<\/p>\n<p>- \"Ich liebe dieses Kissen! Es ist so bequem, und die burgunderrote Farbe verleiht meinem Schlafzimmer einen Hauch von Eleganz.\"<\/p>\n<p>- \"Das Wedge Bolster Pillow Headboard Cushion Velvet Burgundy ist so vielseitig. Ich benutze es als R\u00fcckenlehne zum Lesen, als Kopfteil zum Schlafen und sogar als Kissen zum Faulenzen auf meinem Daybed.\"<\/p>\n<p>- \"Der Samtstoff ist so weich und luxuri\u00f6s. Es f\u00fchlt sich an, als w\u00fcrde ich in einem F\u00fcnf-Sterne-Hotel schlafen!\"<\/p>\n<p>Warum also warten? Investieren Sie noch heute in das Wedge Bolster Pillow Headboard Cushion Velvet Burgundy und bringen Sie Komfort und Stil in Ihr Schlafzimmer.<\/p>","protected":false},"excerpt":{"rendered":"<ul>\n<li>IDEAL ZUM LESEN IM BETT: Dieses Lesekissen bietet eine au\u00dfergew\u00f6hnliche R\u00fccken- und Nackenst\u00fctze f\u00fcr ultimativen Komfort beim Lesen und Fernsehen.<\/li>\n<li>VIELSEITIGES KOPFBETT: Viele Menschen, insbesondere Studenten, sch\u00e4tzen die Doppelfunktion des Kissens als dekoratives und praktisches Kopfteil.<\/li>\n<li>MULTIFUNKTIONAL: Erh\u00e4ltlich in verschiedenen Gr\u00f6\u00dfen f\u00fcr Standardbetten, wobei die gro\u00dfe Gr\u00f6\u00dfe perfekt f\u00fcr ein Tagesbett geeignet ist, das als Sofa dient. Auch als R\u00fcckenlehne f\u00fcr Etagenbetten und als Kopfteil f\u00fcr traditionelle Betten geeignet.<\/li>\n<li>EINFACH ZU REINIGEN: Die angebrachten Kn\u00f6pfe verbessern nicht nur die Form des Kissens, sondern erm\u00f6glichen auch ein einfaches Abnehmen und Waschen des Bezuges.<\/li>\n<li>HOCHWERTIGE MATERIALIEN: Die mit hochdichtem Polyurethan gef\u00fcllten Keilkissen bieten eine hervorragende R\u00fcckenunterst\u00fctzung und sind mit einem optisch ansprechenden Samtstoff (100% Polyester) ausgestattet, der jede Inneneinrichtung erg\u00e4nzt.<\/li>\n<li>Stoff: Samt (100% Polyester).<\/li>\n<li>Gr\u00f6\u00dfe: 45cm (45*20*50cm | 0 Kn\u00f6pfe); 60cm (60*20*50cm | 0 Kn\u00f6pfe); 80cm (80*20*50cm | 2 Kn\u00f6pfe); 100cm (100*20*50cm | 3 Kn\u00f6pfe); 120cm (120*20*50cm | 4 Kn\u00f6pfe); 140cm (140*20*50cm | 4 Kn\u00f6pfe); 160cm (160*20*50cm | 5 Kn\u00f6pfe); 180cm (180*20*50cm | 6 Kn\u00f6pfe); 200cm (200*20*50cm | 7 Kn\u00f6pfe).<\/li>\n<\/ul>","protected":false},"featured_media":785,"comment_status":"open","ping_status":"closed","template":"","meta":[],"product_brand":[],"product_cat":[15],"product_tag":[63,72,70,71,74,65,57,54,73,55,56,69],"class_list":{"0":"post-786","1":"product","2":"type-product","3":"status-publish","4":"has-post-thumbnail","6":"product_cat-pillows","7":"product_tag-backrest-pillow","8":"product_tag-bed-pillows","9":"product_tag-bunk-bed-pillow","10":"product_tag-burgundy-pillow","11":"product_tag-daybed-pillow","12":"product_tag-decorative-pillow","13":"product_tag-headboard-cushion","14":"product_tag-headboard-pillow","15":"product_tag-sofa-pillow","16":"product_tag-velvet-pillow","17":"product_tag-wedge-bolster-pillow","18":"product_tag-wedge-pillow","20":"first","21":"instock","22":"featured","23":"shipping-taxable","24":"purchasable","25":"product-type-variable","26":"has-default-attributes"},"_links":{"self":[{"href":"https:\/\/www.livingpillow.com\/de\/wp-json\/wp\/v2\/product\/786","targetHints":{"allow":["GET"]}}],"collection":[{"href":"https:\/\/www.livingpillow.com\/de\/wp-json\/wp\/v2\/product"}],"about":[{"href":"https:\/\/www.livingpillow.com\/de\/wp-json\/wp\/v2\/types\/product"}],"replies":[{"embeddable":true,"href":"https:\/\/www.livingpillow.com\/de\/wp-json\/wp\/v2\/comments?post=786"}],"wp:featuredmedia":[{"embeddable":true,"href":"https:\/\/www.livingpillow.com\/de\/wp-json\/wp\/v2\/media\/785"}],"wp:attachment":[{"href":"https:\/\/www.livingpillow.com\/de\/wp-json\/wp\/v2\/media?parent=786"}],"wp:term":[{"taxonomy":"product_brand","embeddable":true,"href":"https:\/\/www.livingpillow.com\/de\/wp-json\/wp\/v2\/product_brand?post=786"},{"taxonomy":"product_cat","embeddable":true,"href":"https:\/\/www.livingpillow.com\/de\/wp-json\/wp\/v2\/product_cat?post=786"},{"taxonomy":"product_tag","embeddable":true,"href":"https:\/\/www.livingpillow.com\/de\/wp-json\/wp\/v2\/product_tag?post=786"}],"curies":[{"name":"wp","href":"https:\/\/api.w.org\/{rel}","templated":true}]}}