{"id":88,"date":"2024-02-22T07:56:39","date_gmt":"2024-02-22T07:56:39","guid":{"rendered":"https:\/\/www.livingpillow.com\/product\/decorative-pillows-for-bed"},"modified":"2026-03-11T05:10:27","modified_gmt":"2026-03-11T05:10:27","slug":"dekorative-kissen-fur-bett-groses-keilkissen-leinen-braun","status":"publish","type":"product","link":"https:\/\/www.livingpillow.com\/de\/product\/decorative-pillows-for-bed-big-wedge-cushion-linen-brown","title":{"rendered":"Dekorative Kissen f\u00fcr Bett Big Wedge Cushion Braun"},"content":{"rendered":"<p>Versch\u00f6nern Sie Ihre Schlafenszeit mit dekorativen Kissen<\/p>\n<p>Wenn Sie das perfekte Kissen finden, mit dem Sie sich vor dem Schlafengehen einkuscheln k\u00f6nnen, wird Ihre Entspannung auf die n\u00e4chste Stufe gehoben. Diese dekorativen Keilkissen in neutralem Braun sind ein idealer, kuscheliger Begleiter zum Faulenzen, Lesen oder um Ihre Lieblingssendungen zu schauen. <\/p>\n<p>Produkt-Highlights:<\/p>\n<p>- Ideal zur Unterst\u00fctzung von R\u00fccken und Nacken im Bett beim Lesen oder Fernsehen<br \/>\n- Dient gleichzeitig als auff\u00e4lliges Kopfteil f\u00fcr die Dekoration<br \/>\n- Gro\u00dfe Auswahl an Bettgr\u00f6\u00dfen - von Studentenwohnheimen bis zu gro\u00dfen Betten<br \/>\n- Abnehmbare Knopfabdeckung f\u00fcr einfaches Waschen<br \/>\n- Die hochdichte F\u00fcllung bietet erstklassigen Komfort<br \/>\n- Dezentes Gewebe erg\u00e4nzt jedes Schlafzimmer<\/p>\n<p>Erh\u00e4ltlich in mehreren praktischen Gr\u00f6\u00dfen von 100 cm bis 200 cm, finden Sie eine, die Ihren Bed\u00fcrfnissen entspricht. <\/p>\n<p>Was Kunden sagen:<\/p>\n<p>\"Ich liebe dieses riesige Kissen, um mich im Bett abzust\u00fctzen, w\u00e4hrend ich auf meinem Handy surfe. Es macht das Anschauen von Videos vor dem Schlafengehen so bequem.\" - Linda T.<\/p>\n<p>\u201cDieses neutrale Kissen setzt einen dekorativen Akzent an meinem Kopfteil und gibt mir zus\u00e4tzliche Unterst\u00fctzung beim Lesen. Der Stoff f\u00fchlt sich weich an.\u201d - James R. <\/p>\n<p>\"Als Studentin ist dieses riesige Keilkissen sehr n\u00fctzlich als behelfsm\u00e4\u00dfiges Kopfteil in meinem kleinen Wohnheimzimmer. Es sieht sch\u00f6n aus und nimmt wenig Platz weg, wenn es nicht benutzt wird.\" - Sarah D.<\/p>\n<p>Bringen Sie noch heute den Komfort eines gem\u00fctlichen, geneigten Keils in Ihr Schlafzimmer. Diese Kissen erf\u00fcllen eine doppelte Aufgabe: Sie st\u00fctzen den Nacken und sorgen gleichzeitig f\u00fcr ein dekoratives Flair, das Ihre Entspannung f\u00f6rdert.<\/p>","protected":false},"excerpt":{"rendered":"<ul>\n<li><strong>Perfekt als Bettlekt\u00fcre:<\/strong> Genie\u00dfen Sie maximalen Komfort beim Lesen oder Fernsehen mit diesem Kissen, das R\u00fccken und Nacken optimal st\u00fctzt.<\/li>\n<li><strong>Kann auch als Kopfteil verwendet werden:<\/strong> Dieses Kissen ist ideal f\u00fcr Studenten und dient sowohl als dekoratives als auch als funktionelles Kopfteil.<\/li>\n<li><strong>Vielseitige Verwendungsm\u00f6glichkeiten:<\/strong> Das Kingsize-Kissen eignet sich f\u00fcr alle Bettgr\u00f6\u00dfen und kann auch als Couch auf einem Tagesbett verwendet werden. Es kann auch als Sto\u00dfkissen f\u00fcr Kinder, als R\u00fcckenlehne auf einem Etagenbett oder als Kopfteil in Wohnmobilen und Wohnwagen verwendet werden.<\/li>\n<li><strong>Waschbarer Bezug:<\/strong> Der abnehmbare Bezug mit Kn\u00f6pfen erleichtert die Reinigung des Kissens und tr\u00e4gt zur \u00c4sthetik des Kissens bei.<\/li>\n<li><strong>Hochwertiges Material:<\/strong> Die F\u00fcllung aus hochdichtem Polyurethan sorgt f\u00fcr eine hervorragende Unterst\u00fctzung des R\u00fcckens und wird mit einem optisch ansprechenden Stoff kombiniert, der Ihre Einrichtung erg\u00e4nzt.<\/li>\n<li><strong>Verf\u00fcgbare Gr\u00f6\u00dfen:<\/strong> 100cm (L100 x W26 x H55 | 3 Spalten Kn\u00f6pfe), 120cm (L120 x W26 x H55 | 4 Spalten Kn\u00f6pfe), 140cm (L140 x W26 x H55 | 4 Spalten Kn\u00f6pfe), 160cm (L160 x W26 x H55 | 5 Spalten Kn\u00f6pfe), 180cm (L180 x W26 x H55 | 6 Spalten Kn\u00f6pfe), 200cm (L200 x W26 x H55 | 7 Spalten Kn\u00f6pfe).<\/li>\n<\/ul>","protected":false},"featured_media":87,"comment_status":"open","ping_status":"closed","template":"","meta":[],"product_brand":[],"product_cat":[15],"product_tag":[163,157,162,84,161,54,90,58,156],"class_list":{"0":"post-88","1":"product","2":"type-product","3":"status-publish","4":"has-post-thumbnail","6":"product_cat-pillows","7":"product_tag-back-rest-pillow","8":"product_tag-back-support","9":"product_tag-bedtime-reading","10":"product_tag-bumper-pillow","11":"product_tag-decorative-pillows","12":"product_tag-headboard-pillow","13":"product_tag-king-size-pillow","14":"product_tag-linen-pillow","15":"product_tag-neck-support","17":"first","18":"instock","19":"shipping-taxable","20":"purchasable","21":"product-type-variable","22":"has-default-attributes"},"_links":{"self":[{"href":"https:\/\/www.livingpillow.com\/de\/wp-json\/wp\/v2\/product\/88","targetHints":{"allow":["GET"]}}],"collection":[{"href":"https:\/\/www.livingpillow.com\/de\/wp-json\/wp\/v2\/product"}],"about":[{"href":"https:\/\/www.livingpillow.com\/de\/wp-json\/wp\/v2\/types\/product"}],"replies":[{"embeddable":true,"href":"https:\/\/www.livingpillow.com\/de\/wp-json\/wp\/v2\/comments?post=88"}],"wp:featuredmedia":[{"embeddable":true,"href":"https:\/\/www.livingpillow.com\/de\/wp-json\/wp\/v2\/media\/87"}],"wp:attachment":[{"href":"https:\/\/www.livingpillow.com\/de\/wp-json\/wp\/v2\/media?parent=88"}],"wp:term":[{"taxonomy":"product_brand","embeddable":true,"href":"https:\/\/www.livingpillow.com\/de\/wp-json\/wp\/v2\/product_brand?post=88"},{"taxonomy":"product_cat","embeddable":true,"href":"https:\/\/www.livingpillow.com\/de\/wp-json\/wp\/v2\/product_cat?post=88"},{"taxonomy":"product_tag","embeddable":true,"href":"https:\/\/www.livingpillow.com\/de\/wp-json\/wp\/v2\/product_tag?post=88"}],"curies":[{"name":"wp","href":"https:\/\/api.w.org\/{rel}","templated":true}]}}