{"id":133,"date":"2024-02-22T08:35:07","date_gmt":"2024-02-22T08:35:07","guid":{"rendered":"https:\/\/www.livingpillow.com\/product\/wedge-bolster-pillow"},"modified":"2026-03-11T05:10:23","modified_gmt":"2026-03-11T05:10:23","slug":"cuna-almohada-cojin-de-respaldo-lino-blanco","status":"publish","type":"product","link":"https:\/\/www.livingpillow.com\/es\/product\/wedge-bolster-pillow-backsupport-cushion-linen-white","title":{"rendered":"Cu\u00f1a Almohada Coj\u00edn Respaldo Blanco"},"content":{"rendered":"<p>Si le gusta leer o ver la televisi\u00f3n en la cama pero le cuesta ponerse c\u00f3modo, esta almohada de cu\u00f1a es la soluci\u00f3n perfecta. Con forma ergon\u00f3mica para acunar la espalda y el cuello, proporciona un apoyo superior tanto si est\u00e1s sentado como reclinado. <\/p>\n<p>Con su elegante funda y su gama de colores neutros, la almohada sirve tambi\u00e9n de atractivo cabecero o respaldo de cama. Es ideal para dormitorios, habitaciones infantiles, camas de invitados, caravanas y mucho m\u00e1s. La funda es extra\u00edble y lavable a m\u00e1quina para facilitar su cuidado.<\/p>\n<p>Lo que dicen los clientes:<\/p>\n<p>\"Este coj\u00edn de respaldo es un verdadero cambio de juego para m\u00ed. Por fin puedo leer en la cama sin dolor de cuello ni de espalda\".<\/p>\n<p>\"Tengo el tama\u00f1o de 160 cm para mi cama de d\u00eda y se ve tan lindo mientras que me da un lugar c\u00f3modo para apoyarme.\" <\/p>\n<p>\"Lo compr\u00e9 para la litera de mi hija para que pueda sentarse c\u00f3modamente. Le encanta usarlo para apoyarse para leer\".<\/p>\n<p>Con su ingeniosa forma de cu\u00f1a, su soporte de alta densidad y su aspecto elegante, este coj\u00edn pretende convertir el descanso en un placer. Est\u00e1 disponible en varios tama\u00f1os para adaptarse a cualquier cama o sof\u00e1. Recu\u00e9stese y rel\u00e1jese. Su espalda y su cuello se lo agradecer\u00e1n.<\/p>","protected":false},"excerpt":{"rendered":"<ul>\n<li><strong>Ideal para leer en la cama:<\/strong> Soporte mejorado para la espalda y el cuello para una mayor comodidad mientras lee y ve la televisi\u00f3n.<\/li>\n<li><strong>Sirve tambi\u00e9n de cabecero:<\/strong> Una gran opci\u00f3n decorativa y funcional, sobre todo para estudiantes universitarios.<\/li>\n<li><strong>Uso vers\u00e1til:<\/strong> Adecuado para todos los tama\u00f1os de cama, y el tama\u00f1o king se adapta perfectamente a una cama de d\u00eda para servir de sof\u00e1. Tambi\u00e9n es \u00fatil como almohada de parachoques para ni\u00f1os, respaldo de litera o cabecero de caravana\/remolque.<\/li>\n<li><strong>Dise\u00f1o lavable:<\/strong> Presenta una funda desmontable con botones para facilitar el lavado y una forma elegante.<\/li>\n<li><strong>Material de primera calidad:<\/strong> Relleno de poliuretano de alta densidad para un s\u00f3lido apoyo de la espalda, y su tejido realza la est\u00e9tica interior.<\/li>\n<li><strong>Tama\u00f1o:<\/strong> 100cm (L100 x W26 x H55 | 3 Columnas botones), 120cm (L120 x W26 x H55 | 4 Columnas botones), 140cm (L140 x W26 x H55 | 4 Columnas botones), 160cm (L160 x W26 x H55 | 5 Columnas botones), 180cm (L180 x W26 x H55 | 6 Columnas botones), 200cm (L200 x W26 x H55 | 7 Columnas botones).<\/li>\n<\/ul>","protected":false},"featured_media":132,"comment_status":"open","ping_status":"closed","template":"","meta":[],"product_brand":[],"product_cat":[15],"product_tag":[151,101,68,74,58,53,152,56,100],"class_list":{"0":"post-133","1":"product","2":"type-product","3":"status-publish","4":"has-post-thumbnail","6":"product_cat-pillows","7":"product_tag-backsupport-cushion","8":"product_tag-bunk-bed-backrest","9":"product_tag-college-student-pillow","10":"product_tag-daybed-pillow","11":"product_tag-linen-pillow","12":"product_tag-reading-pillow","13":"product_tag-rvtrailer-headboard","14":"product_tag-wedge-bolster-pillow","15":"product_tag-white-linen-pillow","17":"first","18":"instock","19":"featured","20":"shipping-taxable","21":"purchasable","22":"product-type-variable","23":"has-default-attributes"},"_links":{"self":[{"href":"https:\/\/www.livingpillow.com\/es\/wp-json\/wp\/v2\/product\/133","targetHints":{"allow":["GET"]}}],"collection":[{"href":"https:\/\/www.livingpillow.com\/es\/wp-json\/wp\/v2\/product"}],"about":[{"href":"https:\/\/www.livingpillow.com\/es\/wp-json\/wp\/v2\/types\/product"}],"replies":[{"embeddable":true,"href":"https:\/\/www.livingpillow.com\/es\/wp-json\/wp\/v2\/comments?post=133"}],"wp:featuredmedia":[{"embeddable":true,"href":"https:\/\/www.livingpillow.com\/es\/wp-json\/wp\/v2\/media\/132"}],"wp:attachment":[{"href":"https:\/\/www.livingpillow.com\/es\/wp-json\/wp\/v2\/media?parent=133"}],"wp:term":[{"taxonomy":"product_brand","embeddable":true,"href":"https:\/\/www.livingpillow.com\/es\/wp-json\/wp\/v2\/product_brand?post=133"},{"taxonomy":"product_cat","embeddable":true,"href":"https:\/\/www.livingpillow.com\/es\/wp-json\/wp\/v2\/product_cat?post=133"},{"taxonomy":"product_tag","embeddable":true,"href":"https:\/\/www.livingpillow.com\/es\/wp-json\/wp\/v2\/product_tag?post=133"}],"curies":[{"name":"wp","href":"https:\/\/api.w.org\/{rel}","templated":true}]}}