{"id":429,"date":"2024-02-23T05:10:46","date_gmt":"2024-02-23T05:10:46","guid":{"rendered":"https:\/\/www.livingpillow.com\/product\/backrest-pillow"},"modified":"2026-03-03T01:21:32","modified_gmt":"2026-03-03T01:21:32","slug":"gran-respaldo-almohada-cojin-de-lectura-para-sofa-cama-terciopelo-gris","status":"publish","type":"product","link":"https:\/\/www.livingpillow.com\/es\/product\/big-backrest-pillow-reading-cushion-for-sofa-bed-velvet-grey","title":{"rendered":"Almohada Grande Respaldo Coj\u00edn De Lectura Para Sof\u00e1 Cama Terciopelo Gris"},"content":{"rendered":"<p>Presentamos nuestra almohada de apoyo para lectura, dise\u00f1ada para proporcionar el m\u00e1ximo confort mientras lee o ve la televisi\u00f3n en la cama. Con su relleno de poliuretano de alta densidad, esta almohada cu\u00f1a ofrece un soporte superior para la espalda y el cuello, lo que le permite relajarse en una posici\u00f3n c\u00f3moda y de apoyo.<\/p>\n<p>Pero eso no es todo: este vers\u00e1til coj\u00edn sirve como una excelente alternativa a un cabecero tradicional, por lo que es perfecto para estudiantes universitarios y para aquellos que quieren piezas tanto funcionales como decorativas en su dormitorio. Adem\u00e1s, est\u00e1 disponible en todos los tama\u00f1os para camas normales, siendo el tama\u00f1o king el complemento perfecto para un sof\u00e1-cama para convertirlo en un acogedor sill\u00f3n.<\/p>\n<p>El innovador dise\u00f1o de esta almohada tambi\u00e9n facilita su lavado, con botones incorporados que no s\u00f3lo le dan un aspecto din\u00e1mico, sino que tambi\u00e9n permiten quitar y limpiar f\u00e1cilmente la funda.<\/p>\n<p>En cuanto a la funda, el tejido utilizado es terciopelo de poli\u00e9ster 100%, que no s\u00f3lo a\u00f1ade un excelente efecto visual a la almohada, sino que tambi\u00e9n realza la decoraci\u00f3n interior.<\/p>\n<p>Pero no se f\u00ede s\u00f3lo de nuestra palabra. Estos son algunos de los comentarios de nuestros clientes satisfechos:<\/p>\n<p>- \"Esta almohada cambia las reglas del juego para leer en la cama. Proporciona un gran apoyo y hace que mi experiencia de lectura sea mucho m\u00e1s c\u00f3moda.\"<br \/>\n- \"\u00a1Me encanta usar este coj\u00edn como cabecero! Le da un toque \u00fanico y acogedor a mi dormitorio\".<br \/>\n- \"Compr\u00e9 el tama\u00f1o de 120cm para mi litera, y funciona perfectamente como respaldo. Tambi\u00e9n es genial para sentarse y estudiar\".<br \/>\n- \"Los botones de la funda hacen que sea muy f\u00e1cil de quitar y lavar. Me encanta su sencillez\".<\/p>\n<p>As\u00ed que, tanto si busca una forma c\u00f3moda de leer en la cama como si desea a\u00f1adir un toque funcional y elegante a su dormitorio, nuestro coj\u00edn de lectura de apoyo es la soluci\u00f3n perfecta. Elija entre una amplia gama de tama\u00f1os y colores, incluido el popular terciopelo Holland gris, y experimente lo \u00faltimo en comodidad y apoyo.<\/p>","protected":false},"excerpt":{"rendered":"<ul>\n<li><strong>Perfecto para leer en la cama:<\/strong> Disfrute de la m\u00e1xima comodidad mientras lee o ve la televisi\u00f3n con nuestro coj\u00edn de lectura, dise\u00f1ado para proporcionar un excelente apoyo a la espalda y el cuello.<\/li>\n<li><strong>Alternativa como cabecero:<\/strong> Ideal para estudiantes universitarios y otras personas, este coj\u00edn sirve tanto de cabecero funcional como decorativo.<\/li>\n<li><strong>Uso polivalente:<\/strong> Disponible en todos los tama\u00f1os para camas normales; el tama\u00f1o king complementa a la perfecci\u00f3n un sof\u00e1-cama, convirti\u00e9ndolo en un sof\u00e1. Tambi\u00e9n es adecuado como respaldo de litera o cabecero improvisado.<\/li>\n<li><strong>F\u00e1cil de lavar:<\/strong> El innovador dise\u00f1o incluye botones incorporados para dar un aspecto din\u00e1mico y facilitar la extracci\u00f3n y el lavado de la funda.<\/li>\n<li><strong>Material de alta calidad:<\/strong> Relleno de poliuretano de alta densidad para un apoyo superior de la espalda, el tejido de la almohada cu\u00f1a tambi\u00e9n realza su decoraci\u00f3n interior con su excelente efecto visual.<\/li>\n<li><strong>Tejido:<\/strong> Terciopelo (100% Poli\u00e9ster).<\/li>\n<li><strong>Tama\u00f1o:<\/strong> 45 cm (45*20*50 cm | 0 botones); 60 cm (60*20*50 cm | 0 botones); 80 cm (80*20*50 cm | 2 botones); 100 cm (100*20*50 cm | 3 botones); 120 cm (120*20*50 cm | 4 botones); 140 cm (140*20*50 cm | 4 botones); 160 cm (160*20*50 cm | 5 botones); 180 cm (180*20*50 cm | 6 botones); 200 cm (200*20*50 cm | 7 botones).<\/li>\n<\/ul>","protected":false},"featured_media":428,"comment_status":"open","ping_status":"closed","template":"","meta":[],"product_brand":[],"product_cat":[15],"product_tag":[63,79,120,109,91,111,119],"class_list":{"0":"post-429","1":"product","2":"type-product","3":"status-publish","4":"has-post-thumbnail","6":"product_cat-pillows","7":"product_tag-backrest-pillow","8":"product_tag-bedroom-decoration","9":"product_tag-big-backrest-pillow","10":"product_tag-high-density-polyurethane-pillow","11":"product_tag-multipurpose-pillow","12":"product_tag-reading-cushion","13":"product_tag-sofa-bed-pillow","15":"first","16":"instock","17":"shipping-taxable","18":"purchasable","19":"product-type-variable","20":"has-default-attributes"},"_links":{"self":[{"href":"https:\/\/www.livingpillow.com\/es\/wp-json\/wp\/v2\/product\/429","targetHints":{"allow":["GET"]}}],"collection":[{"href":"https:\/\/www.livingpillow.com\/es\/wp-json\/wp\/v2\/product"}],"about":[{"href":"https:\/\/www.livingpillow.com\/es\/wp-json\/wp\/v2\/types\/product"}],"replies":[{"embeddable":true,"href":"https:\/\/www.livingpillow.com\/es\/wp-json\/wp\/v2\/comments?post=429"}],"wp:featuredmedia":[{"embeddable":true,"href":"https:\/\/www.livingpillow.com\/es\/wp-json\/wp\/v2\/media\/428"}],"wp:attachment":[{"href":"https:\/\/www.livingpillow.com\/es\/wp-json\/wp\/v2\/media?parent=429"}],"wp:term":[{"taxonomy":"product_brand","embeddable":true,"href":"https:\/\/www.livingpillow.com\/es\/wp-json\/wp\/v2\/product_brand?post=429"},{"taxonomy":"product_cat","embeddable":true,"href":"https:\/\/www.livingpillow.com\/es\/wp-json\/wp\/v2\/product_cat?post=429"},{"taxonomy":"product_tag","embeddable":true,"href":"https:\/\/www.livingpillow.com\/es\/wp-json\/wp\/v2\/product_tag?post=429"}],"curies":[{"name":"wp","href":"https:\/\/api.w.org\/{rel}","templated":true}]}}