{"id":488,"date":"2024-02-23T05:44:00","date_gmt":"2024-02-23T05:44:00","guid":{"rendered":"https:\/\/www.livingpillow.com\/product\/bed-wedge-support-pillow"},"modified":"2026-03-03T01:22:19","modified_gmt":"2026-03-03T01:22:19","slug":"cuna-de-cama-almohada-de-apoyo-cojin-de-lectura-terciopelo-azul-oscuro","status":"publish","type":"product","link":"https:\/\/www.livingpillow.com\/es\/product\/bed-wedge-support-pillow-reading-cushion-velvet-deep-blue","title":{"rendered":"Cu\u00f1a de Cama Almohada de Apoyo Coj\u00edn de Lectura Terciopelo Azul Profundo"},"content":{"rendered":"<p>Descubra el compa\u00f1ero de lectura y relajaci\u00f3n perfecto<\/p>\n<p>\u00bfCansado de forzar el cuello y la espalda leyendo en la cama o en el sof\u00e1? \u00bfLe cuesta encontrar accesorios decorativos y funcionales para su dormitorio? Nuestra almohada triangular multiusos es la soluci\u00f3n. Disponible en una gama de tama\u00f1os de 45 cm a 200 cm, esta almohada triangular proporciona un excelente apoyo si usted est\u00e1 descansando, estudiando, o ponerse al d\u00eda en sus programas favoritos.<\/p>\n<p>Fabricada en suave y aterciopelado tejido de poli\u00e9ster 100% con relleno de poliuretano de alta densidad, esta almohada se adapta a su cuerpo para ofrecerle un confort superior. Los botones adjuntos le permiten ajustar la forma seg\u00fan sea necesario. Con su elegante aspecto, la almohada triangular puede servir incluso como cabecero alternativo para complementar la decoraci\u00f3n de su dormitorio. <\/p>\n<p>Como dijo un cliente satisfecho: \"Me encanta el tacto suave del tejido de terciopelo de esta almohada. Hace que leer en la cama sea mucho m\u00e1s c\u00f3modo sin tener que apoyar almohadas duras.\"<\/p>\n<p>Otro escribi\u00f3: \"Esta almohada triangular es mucho m\u00e1s elegante que la t\u00edpica almohada de lectura. Lo uso como cabecero en mi apartamento ya que no tengo espacio para uno de verdad\".<\/p>\n<p>Por su versatilidad, sus materiales de alta calidad y su f\u00e1cil cuidado gracias a la funda extra\u00edble y lavable a m\u00e1quina, este coj\u00edn triangular es un accesorio imprescindible para relajarse mejor.<\/p>","protected":false},"excerpt":{"rendered":"<ul>\n<li><strong>Perfecto para leer:<\/strong> Proporciona un excelente apoyo para la espalda y el cuello para mayor comodidad mientras lee o ve la televisi\u00f3n.<\/li>\n<li><strong>Alternativa al cabecero:<\/strong> Puede servir como cabecero decorativo y funcional, especialmente para estudiantes universitarios.<\/li>\n<li><strong>Multiusos:<\/strong> Disponibles en varios tama\u00f1os para camas normales y camas de d\u00eda; tambi\u00e9n pueden utilizarse como respaldos o cabeceros de literas.<\/li>\n<li><strong>F\u00e1cil mantenimiento:<\/strong> Los botones unidos permiten una forma din\u00e1mica y la funda desmontable facilita el lavado.<\/li>\n<li><strong>Construcci\u00f3n de alta calidad:<\/strong> El relleno de poliuretano de alta densidad proporciona un excelente soporte para la espalda, mientras que el tejido duradero complementa la decoraci\u00f3n interior.<\/li>\n<li><strong>Tejido:<\/strong> Poli\u00e9ster 100% suave y aterciopelado.<\/li>\n<li><strong>Tama\u00f1o:<\/strong> 45 cm (45*20*50 cm | 0 botones); 60 cm (60*20*50 cm | 0 botones); 80 cm (80*20*50 cm | 2 botones); 100 cm (100*20*50 cm | 3 botones); 120 cm (120*20*50 cm | 4 botones); 140 cm (140*20*50 cm | 4 botones); 160 cm (160*20*50 cm | 5 botones); 180 cm (180*20*50 cm | 6 botones); 200 cm (200*20*50 cm | 7 botones).<\/li>\n<\/ul>","protected":false},"featured_media":487,"comment_status":"open","ping_status":"closed","template":"","meta":[],"product_brand":[],"product_cat":[15],"product_tag":[114,113,110,101,98,112,111],"class_list":{"0":"post-488","1":"product","2":"type-product","3":"status-publish","4":"has-post-thumbnail","6":"product_cat-pillows","7":"product_tag-alternative-to-headboard","8":"product_tag-back-and-neck-support","9":"product_tag-bed-wedge-support-pillow","10":"product_tag-bunk-bed-backrest","11":"product_tag-decorative-headboard","12":"product_tag-perfect-for-reading","13":"product_tag-reading-cushion","15":"first","16":"instock","17":"shipping-taxable","18":"purchasable","19":"product-type-variable","20":"has-default-attributes"},"_links":{"self":[{"href":"https:\/\/www.livingpillow.com\/es\/wp-json\/wp\/v2\/product\/488","targetHints":{"allow":["GET"]}}],"collection":[{"href":"https:\/\/www.livingpillow.com\/es\/wp-json\/wp\/v2\/product"}],"about":[{"href":"https:\/\/www.livingpillow.com\/es\/wp-json\/wp\/v2\/types\/product"}],"replies":[{"embeddable":true,"href":"https:\/\/www.livingpillow.com\/es\/wp-json\/wp\/v2\/comments?post=488"}],"wp:featuredmedia":[{"embeddable":true,"href":"https:\/\/www.livingpillow.com\/es\/wp-json\/wp\/v2\/media\/487"}],"wp:attachment":[{"href":"https:\/\/www.livingpillow.com\/es\/wp-json\/wp\/v2\/media?parent=488"}],"wp:term":[{"taxonomy":"product_brand","embeddable":true,"href":"https:\/\/www.livingpillow.com\/es\/wp-json\/wp\/v2\/product_brand?post=488"},{"taxonomy":"product_cat","embeddable":true,"href":"https:\/\/www.livingpillow.com\/es\/wp-json\/wp\/v2\/product_cat?post=488"},{"taxonomy":"product_tag","embeddable":true,"href":"https:\/\/www.livingpillow.com\/es\/wp-json\/wp\/v2\/product_tag?post=488"}],"curies":[{"name":"wp","href":"https:\/\/api.w.org\/{rel}","templated":true}]}}