{"id":658,"date":"2024-02-23T13:50:30","date_gmt":"2024-02-23T13:50:30","guid":{"rendered":"https:\/\/www.livingpillow.com\/product\/large-wedge-pillow"},"modified":"2026-03-11T05:10:20","modified_gmt":"2026-03-11T05:10:20","slug":"almohada-cuna-grande-cama-grande-cojin-de-lectura-lino-amarillo","status":"publish","type":"product","link":"https:\/\/www.livingpillow.com\/es\/product\/large-wedge-pillow-big-bed-reading-cushion-linen-yellow","title":{"rendered":"Almohada cu\u00f1a grande Cama grande Coj\u00edn de lectura Amarillo"},"content":{"rendered":"<p><strong>Lo \u00faltimo en apoyo para la espalda y estilo: Presentamos nuestro vers\u00e1til coj\u00edn de lectura triangular<\/strong><\/p>\n<p>\u00bfBusca una forma acogedora y elegante de mejorar su experiencia de lectura o de ver la televisi\u00f3n? No busque m\u00e1s: \u00a1nuestro coj\u00edn de lectura triangular de alta calidad!<\/p>\n<p><strong>Confort que envuelve<\/strong><\/p>\n<p>Nuestro coj\u00edn de lectura proporciona un apoyo incomparable para la espalda y el cuello, creando un rinc\u00f3n acogedor para el m\u00e1ximo confort. H\u00fandete en su relleno de felpa y deja que todas tus preocupaciones desaparezcan mientras te sumerges en un libro cautivador o ves tus series favoritas.<\/p>\n<p><strong>Vers\u00e1til y pr\u00e1ctico<\/strong><\/p>\n<p>M\u00e1s all\u00e1 de su funci\u00f3n principal, nuestra vers\u00e1til almohada ofrece una gama de usos adicionales:<\/p>\n<p><strong>Alternativa de cabecero:<\/strong> Ideal para estudiantes universitarios y otras personas, a\u00f1ade un toque decorativo y pr\u00e1ctico a su cama.<br \/>\n<strong>Coj\u00edn multiusos:<\/strong> Disponible en todos los tama\u00f1os de cama habituales, incluido un tama\u00f1o king que hace las veces de c\u00f3modo sof\u00e1.<br \/>\n<strong>Almohada parachoques y respaldo de cama:<\/strong> Proteja a sus peque\u00f1os de los golpes y cree un espacio seguro y de apoyo para ellos.<br \/>\n<strong>Cabecero para autocaravanas y remolques:<\/strong> Aumente la comodidad de su veh\u00edculo recreativo o remolque con un cabecero elegante y pr\u00e1ctico.<\/p>\n<p><strong>F\u00e1cil de cuidar y duradero<\/strong><\/p>\n<p>Entendemos que la comodidad es clave. Por eso nuestra almohada lleva botones incorporados que no s\u00f3lo realzan su estilo, sino que tambi\u00e9n hacen que la funda sea desmontable y f\u00e1cil de lavar. Su relleno de poliuretano de alta calidad garantiza un excelente soporte para la espalda y una larga vida \u00fatil.<\/p>\n<p><strong>Elija su talla perfecta<\/strong><\/p>\n<p>Nuestro coj\u00edn de lectura Triangle est\u00e1 disponible en varios tama\u00f1os para adaptarse a sus necesidades:<\/p>\n<p>0 botones: 45cm, 60cm<br \/>\n2 botones: 80 cm<br \/>\n3 botones: 100 cm<br \/>\n4 botones: 120 cm, 140 cm<br \/>\n5 botones: 160 cm<br \/>\n6 botones: 180 cm<br \/>\n7 botones: 200 cm<\/p>\n<p><strong>Comodidad aprobada por el cliente<\/strong><\/p>\n<p>Nuestros clientes hablan maravillas de la incomparable comodidad que proporciona nuestro coj\u00edn de lectura Triangle. Con m\u00e1s de 150 opiniones positivas, ha recibido constantemente elogios por su versatilidad, apoyo y dise\u00f1o elegante.<\/p>\n<p><strong>Eleve hoy su nivel de lectura y relajaci\u00f3n<\/strong><\/p>\n<p>Transforme su rutina de lectura y relajaci\u00f3n con el m\u00e1ximo confort y estilo de nuestro coj\u00edn de lectura Triangle. P\u00eddalo ahora y experimente el placentero abrazo del apoyo y la sofisticaci\u00f3n.<\/p>","protected":false},"excerpt":{"rendered":"<ul>\n<li><strong>Perfecto para leer y ver la televisi\u00f3n:<\/strong>\u00a0Proporciona un excelente apoyo a la espalda y el cuello para un m\u00e1ximo confort mientras lee en la cama o ve la televisi\u00f3n.<\/li>\n<li><strong>Alternativa como cabecero:<\/strong>\u00a0Perfecta para estudiantes universitarios y otras personas, la almohada puede utilizarse como cabecero decorativo y funcional.<\/li>\n<li><strong>Multiusos:<\/strong>\u00a0Disponible en todos los tama\u00f1os para camas normales, el tama\u00f1o king se adapta perfectamente a un sof\u00e1 cama y tambi\u00e9n puede actuar como sof\u00e1. Otros usos incluyen almohadas parachoques para ni\u00f1os, respaldos de literas y cabeceros para caravanas y remolques.<\/li>\n<li><strong>F\u00e1cil de lavar:<\/strong>\u00a0Los botones adjuntos a\u00f1aden estilo a la vez que hacen que la funda sea desmontable y lavable.<\/li>\n<li><strong>Material de alta calidad:<\/strong>\u00a0Relleno de poliuretano de alta densidad para un excelente soporte del respaldo. El tejido tiene un gran efecto visual para combinar con cualquier decoraci\u00f3n interior.<\/li>\n<li><strong>Tama\u00f1o:<\/strong> 45 cm (45*20*50 cm | 0 botones); 60 cm (60*20*50 cm | 0 botones); 80 cm (80*20*50 cm | 2 botones); 100 cm (100*20*50 cm | 3 botones); 120 cm (120*20*50 cm | 4 botones); 140 cm (140*20*50 cm | 4 botones); 160 cm (160*20*50 cm | 5 botones); 180 cm (180*20*50 cm | 6 botones); 200 cm (200*20*50 cm | 7 botones).<\/li>\n<\/ul>","protected":false},"featured_media":657,"comment_status":"open","ping_status":"closed","template":"","meta":[],"product_brand":[],"product_cat":[15],"product_tag":[66,92,93,95,74,59,87,94],"class_list":{"0":"post-658","1":"product","2":"type-product","3":"status-publish","4":"has-post-thumbnail","6":"product_cat-pillows","7":"product_tag-back-support-pillow","8":"product_tag-big-bed-reading-cushion","9":"product_tag-bumper-pillows","10":"product_tag-bunk-bed-back-rests","11":"product_tag-daybed-pillow","12":"product_tag-large-wedge-pillow","13":"product_tag-trailer-headboard","14":"product_tag-tv-pillow","16":"first","17":"instock","18":"featured","19":"shipping-taxable","20":"purchasable","21":"product-type-variable","22":"has-default-attributes"},"_links":{"self":[{"href":"https:\/\/www.livingpillow.com\/es\/wp-json\/wp\/v2\/product\/658","targetHints":{"allow":["GET"]}}],"collection":[{"href":"https:\/\/www.livingpillow.com\/es\/wp-json\/wp\/v2\/product"}],"about":[{"href":"https:\/\/www.livingpillow.com\/es\/wp-json\/wp\/v2\/types\/product"}],"replies":[{"embeddable":true,"href":"https:\/\/www.livingpillow.com\/es\/wp-json\/wp\/v2\/comments?post=658"}],"wp:featuredmedia":[{"embeddable":true,"href":"https:\/\/www.livingpillow.com\/es\/wp-json\/wp\/v2\/media\/657"}],"wp:attachment":[{"href":"https:\/\/www.livingpillow.com\/es\/wp-json\/wp\/v2\/media?parent=658"}],"wp:term":[{"taxonomy":"product_brand","embeddable":true,"href":"https:\/\/www.livingpillow.com\/es\/wp-json\/wp\/v2\/product_brand?post=658"},{"taxonomy":"product_cat","embeddable":true,"href":"https:\/\/www.livingpillow.com\/es\/wp-json\/wp\/v2\/product_cat?post=658"},{"taxonomy":"product_tag","embeddable":true,"href":"https:\/\/www.livingpillow.com\/es\/wp-json\/wp\/v2\/product_tag?post=658"}],"curies":[{"name":"wp","href":"https:\/\/api.w.org\/{rel}","templated":true}]}}