{"id":711,"date":"2024-02-23T14:24:46","date_gmt":"2024-02-23T14:24:46","guid":{"rendered":"https:\/\/www.livingpillow.com\/product\/big-pillow-for-bed-headboard"},"modified":"2026-03-11T05:10:18","modified_gmt":"2026-03-11T05:10:18","slug":"almohada-grande-para-cabecero-de-cama-cojin-grande-lino-negro","status":"publish","type":"product","link":"https:\/\/www.livingpillow.com\/es\/product\/big-pillow-for-bed-headboard-large-cushion-linen-black","title":{"rendered":"Almohada Grande Para Cabecero De Cama Cojin Grande Negro"},"content":{"rendered":"<p>Presentamos la almohada de cu\u00f1a multiusos que su hogar necesita.<\/p>\n<p>\u00bfHa estado buscando una almohada c\u00f3moda y funcional que pueda proporcionarle el m\u00e1ximo apoyo y comodidad durante actividades como leer y ver la televisi\u00f3n? No busque m\u00e1s: \u00a1esta almohada multiusos con cu\u00f1a! <\/p>\n<p>Esta almohada est\u00e1 dise\u00f1ada para ofrecer un apoyo superior a la espalda y el cuello, lo que la convierte en el accesorio perfecto para quienes adoran leer o pasar tiempo viendo la televisi\u00f3n en la cama. Est\u00e1 dise\u00f1ada para mejorar su nivel de comodidad, evitando cualquier tensi\u00f3n inc\u00f3moda en la espalda y el cuello mientras est\u00e1 sentado. <\/p>\n<p>La almohada tambi\u00e9n es una soluci\u00f3n ideal para los estudiantes universitarios que necesitan un accesorio vers\u00e1til que pueda servir tanto de cabecero funcional como decorativo. Con su elegante dise\u00f1o, esta almohada es la forma perfecta de acicalar cualquier habitaci\u00f3n a la vez que proporciona un apoyo excepcional a quienes lo necesitan. <\/p>\n<p>\u00a1Y eso no es todo! Esta almohada cu\u00f1a est\u00e1 disponible en varios tama\u00f1os, lo que la convierte en un accesorio polivalente excepcional. Desde servir como almohada parachoques para ni\u00f1os hasta utilizarse como respaldo para literas, el potencial de esta almohada es ilimitado. Incluso puede servir de cabecero para caravanas y remolques. <\/p>\n<p>Una de las caracter\u00edsticas m\u00e1s destacadas de esta almohada cu\u00f1a es su dise\u00f1o f\u00e1cil de lavar. Con un bot\u00f3n de configuraci\u00f3n adjunta, la cubierta se puede quitar f\u00e1cilmente y se lava para la prevenci\u00f3n de cualquier suciedad y la suciedad no deseada.<\/p>\n<p>La almohada cu\u00f1a est\u00e1 rellena de poliuretano de alta densidad, que proporciona un apoyo excepcional a la espalda. A\u00f1ade un toque extra de estilo a tu decoraci\u00f3n.<\/p>\n<p>En resumen, la almohada cu\u00f1a multiusos es un art\u00edculo esencial que todo hogar necesita. Proporciona un apoyo y un confort superiores, lo que la hace perfecta para actividades como leer o ver la televisi\u00f3n. Con su dise\u00f1o vers\u00e1til, sirve para m\u00faltiples prop\u00f3sitos y est\u00e1 disponible en varios tama\u00f1os, asegurando que se adaptar\u00e1 a cualquier necesidad que pueda tener. Y con su dise\u00f1o f\u00e1cil de lavar, esta almohada se convertir\u00e1 en su accesorio favorito durante muchos a\u00f1os. <\/p>\n<p>Si a\u00fan no est\u00e1 convencido, consulte la secci\u00f3n de comentarios sobre el producto. Nuestros clientes no se cansan de probar este producto. As\u00ed que no espere m\u00e1s y adquiera hoy mismo su propia almohada multiusos con cu\u00f1a.<\/p>","protected":false},"excerpt":{"rendered":"<ul>\n<li><strong>Perfecto para leer en la cama:<\/strong> Esta almohada ofrece un apoyo superior para la espalda y el cuello, mejorando el confort durante la lectura y la visi\u00f3n de la televisi\u00f3n.<\/li>\n<li><strong>Alternativa de cabecero:<\/strong> Una soluci\u00f3n ideal para los estudiantes universitarios, este vers\u00e1til coj\u00edn sirve tanto para decorar como para servir de cabecero.<\/li>\n<li><strong>Uso polivalente:<\/strong> Disponible en varios tama\u00f1os, incluido un tama\u00f1o king que se convierte perfectamente en sof\u00e1 cama. Tambi\u00e9n sirve como almohada parachoques para ni\u00f1os, respaldo para literas y cabecero para caravanas\/remolques.<\/li>\n<li><strong>F\u00e1cil de lavar:<\/strong> El dise\u00f1o incorpora botones para una mayor est\u00e9tica y facilita el desmontaje de la funda para lavarla.<\/li>\n<li><strong>Material de alta calidad:<\/strong> Relleno de poliuretano de alta densidad para un apoyo excepcional de la espalda, el tejido de la almohada cu\u00f1a realza su decoraci\u00f3n.<\/li>\n<li><strong>Tama\u00f1o:<\/strong> 45 cm (45*20*50 cm | 0 botones); 60 cm (60*20*50 cm | 0 botones); 80 cm (80*20*50 cm | 2 botones); 100 cm (100*20*50 cm | 3 botones); 120 cm (120*20*50 cm | 4 botones); 140 cm (140*20*50 cm | 4 botones); 160 cm (160*20*50 cm | 5 botones); 180 cm (180*20*50 cm | 6 botones); 200 cm (200*20*50 cm | 7 botones).<\/li>\n<\/ul>","protected":false},"featured_media":710,"comment_status":"open","ping_status":"closed","template":"","meta":[],"product_brand":[],"product_cat":[15],"product_tag":[75,61,88,84,70,89,57,90,58,69],"class_list":{"0":"post-711","1":"product","2":"type-product","3":"status-publish","4":"has-post-thumbnail","6":"product_cat-pillows","7":"product_tag-bed-headboard","8":"product_tag-big-bed-pillow","9":"product_tag-big-pillow","10":"product_tag-bumper-pillow","11":"product_tag-bunk-bed-pillow","12":"product_tag-daybed-couch","13":"product_tag-headboard-cushion","14":"product_tag-king-size-pillow","15":"product_tag-linen-pillow","16":"product_tag-wedge-pillow","18":"first","19":"instock","20":"shipping-taxable","21":"purchasable","22":"product-type-variable","23":"has-default-attributes"},"_links":{"self":[{"href":"https:\/\/www.livingpillow.com\/es\/wp-json\/wp\/v2\/product\/711","targetHints":{"allow":["GET"]}}],"collection":[{"href":"https:\/\/www.livingpillow.com\/es\/wp-json\/wp\/v2\/product"}],"about":[{"href":"https:\/\/www.livingpillow.com\/es\/wp-json\/wp\/v2\/types\/product"}],"replies":[{"embeddable":true,"href":"https:\/\/www.livingpillow.com\/es\/wp-json\/wp\/v2\/comments?post=711"}],"wp:featuredmedia":[{"embeddable":true,"href":"https:\/\/www.livingpillow.com\/es\/wp-json\/wp\/v2\/media\/710"}],"wp:attachment":[{"href":"https:\/\/www.livingpillow.com\/es\/wp-json\/wp\/v2\/media?parent=711"}],"wp:term":[{"taxonomy":"product_brand","embeddable":true,"href":"https:\/\/www.livingpillow.com\/es\/wp-json\/wp\/v2\/product_brand?post=711"},{"taxonomy":"product_cat","embeddable":true,"href":"https:\/\/www.livingpillow.com\/es\/wp-json\/wp\/v2\/product_cat?post=711"},{"taxonomy":"product_tag","embeddable":true,"href":"https:\/\/www.livingpillow.com\/es\/wp-json\/wp\/v2\/product_tag?post=711"}],"curies":[{"name":"wp","href":"https:\/\/api.w.org\/{rel}","templated":true}]}}