{"id":736,"date":"2024-02-23T14:54:47","date_gmt":"2024-02-23T14:54:47","guid":{"rendered":"https:\/\/www.livingpillow.com\/product\/headboard-pillow-wedge"},"modified":"2026-03-11T05:10:17","modified_gmt":"2026-03-11T05:10:17","slug":"cabecero-almohada-decorativa-cuna-grande-cojin-lino-purpura","status":"publish","type":"product","link":"https:\/\/www.livingpillow.com\/es\/product\/headboard-decorative-pillow-big-wedge-cushion-linen-purple","title":{"rendered":"Cabecero Almohada Decorativa Coj\u00edn Cu\u00f1a Grande Morado"},"content":{"rendered":"<p>Presentamos el compa\u00f1ero de lectura perfecto: una almohada de apoyo para la espalda de alta calidad, perfecta para leer en la cama y ver la televisi\u00f3n. No s\u00f3lo proporciona un excelente apoyo para la espalda y el cuello para el m\u00e1ximo confort, sino que tambi\u00e9n sirve como cabecero alternativo, por lo que es a la vez decorativo y funcional.<\/p>\n<p>Fabricada en poli\u00e9ster y mezcla, esta almohada de apoyo para la espalda tiene un muy buen efecto visual que puede combinar con su decoraci\u00f3n interior. Est\u00e1 rellena de poliuretano de alta densidad, lo que proporciona un excelente soporte para la espalda.<\/p>\n<p>Esta almohada multiusos est\u00e1 disponible en todos los tama\u00f1os, por lo que es adecuada para camas infantiles, literas, caravanas\/remolques y camas normales. Si tiene problemas para dormir o se despierta con el cuello r\u00edgido, esta almohada tambi\u00e9n puede proporcionar un excelente apoyo para la cabeza y el cuello.<\/p>\n<p>Adem\u00e1s, los botones unidos no s\u00f3lo crean una forma de almohada m\u00e1s din\u00e1mica, sino que tambi\u00e9n hacen que la funda sea desmontable y lavable, lo que facilita su limpieza y mantenimiento.<\/p>\n<p>Nuestros clientes satisfechos han estado delirando sobre esta almohada, con un cliente diciendo: \u201c\u00a1Esta es la mejor almohada triangular que he tenido! La almohada s\u00faper suave y c\u00f3moda, y el color es precioso\u201d.\u201d<\/p>\n<p>La almohada est\u00e1 disponible en diferentes tama\u00f1os, como 45 cm, 60 cm, 80 cm, 100 cm, 120 cm, 140 cm, 160 cm, 180 cm y 200 cm, para que pueda elegir el tama\u00f1o perfecto para su cama y sus necesidades.<\/p>\n<p>Invierta hoy mismo en esta almohada de apoyo para la espalda de alta calidad y disfrute del m\u00e1ximo confort y relajaci\u00f3n mientras lee o ve la televisi\u00f3n en la cama.<\/p>","protected":false},"excerpt":{"rendered":"<ul>\n<li><strong>PERFECTO PARA LEER EN LA CAMA:<\/strong> Esta almohada de lectura proporciona un excelente apoyo a la espalda y el cuello para disfrutar del m\u00e1ximo confort mientras lee y ve la televisi\u00f3n.<\/li>\n<li><strong>ALTERNATIVA COMO CABECERO:<\/strong> Muchas personas, sobre todo estudiantes universitarios, encuentran el coj\u00edn perfecto como cabecero: a la vez decorativo y funcional.<\/li>\n<li><strong>MULTIUSOS:<\/strong> Ofrecemos almohadas para camas normales en todos los tama\u00f1os, los usos incluyen almohada parachoques para los ni\u00f1os, respaldos de literas, y un cabecero para RVs \/ remolques.<\/li>\n<li><strong>F\u00c1CIL DE LAVAR:<\/strong> Los botones unidos no s\u00f3lo crean una forma de almohada m\u00e1s din\u00e1mica, sino que tambi\u00e9n hacen que la funda sea desmontable y lavable.<\/li>\n<li><strong>MATERIAL DE ALTA CALIDAD:<\/strong> La almohada de apoyo para la espalda est\u00e1 rellena de poliuretano de alta densidad, que proporciona un excelente apoyo a la espalda. El tejido de las almohadas de cu\u00f1a tiene un efecto visual muy bueno para combinar con su decoraci\u00f3n interior.<\/li>\n<li><strong>Tama\u00f1o:<\/strong> 45 cm (45*20*50 cm | 0 botones); 60 cm (60*20*50 cm | 0 botones); 80 cm (80*20*50 cm | 2 botones); 100 cm (100*20*50 cm | 3 botones); 120 cm (120*20*50 cm | 4 botones); 140 cm (140*20*50 cm | 4 botones); 160 cm (160*20*50 cm | 5 botones); 180 cm (180*20*50 cm | 6 botones); 200 cm (200*20*50 cm | 7 botones).<\/li>\n<\/ul>","protected":false},"featured_media":735,"comment_status":"open","ping_status":"closed","template":"","meta":[],"product_brand":[],"product_cat":[15],"product_tag":[83,82,84,85,65,54,58,86,87,60],"class_list":{"0":"post-736","1":"product","2":"type-product","3":"status-publish","4":"has-post-thumbnail","6":"product_cat-pillows","7":"product_tag-alternative-headboard","8":"product_tag-big-wedge-cushion","9":"product_tag-bumper-pillow","10":"product_tag-bunk-bed-backrests","11":"product_tag-decorative-pillow","12":"product_tag-headboard-pillow","13":"product_tag-linen-pillow","14":"product_tag-rv-headboard","15":"product_tag-trailer-headboard","16":"product_tag-wedge-cushion","18":"first","19":"instock","20":"shipping-taxable","21":"purchasable","22":"product-type-variable","23":"has-default-attributes"},"_links":{"self":[{"href":"https:\/\/www.livingpillow.com\/es\/wp-json\/wp\/v2\/product\/736","targetHints":{"allow":["GET"]}}],"collection":[{"href":"https:\/\/www.livingpillow.com\/es\/wp-json\/wp\/v2\/product"}],"about":[{"href":"https:\/\/www.livingpillow.com\/es\/wp-json\/wp\/v2\/types\/product"}],"replies":[{"embeddable":true,"href":"https:\/\/www.livingpillow.com\/es\/wp-json\/wp\/v2\/comments?post=736"}],"wp:featuredmedia":[{"embeddable":true,"href":"https:\/\/www.livingpillow.com\/es\/wp-json\/wp\/v2\/media\/735"}],"wp:attachment":[{"href":"https:\/\/www.livingpillow.com\/es\/wp-json\/wp\/v2\/media?parent=736"}],"wp:term":[{"taxonomy":"product_brand","embeddable":true,"href":"https:\/\/www.livingpillow.com\/es\/wp-json\/wp\/v2\/product_brand?post=736"},{"taxonomy":"product_cat","embeddable":true,"href":"https:\/\/www.livingpillow.com\/es\/wp-json\/wp\/v2\/product_cat?post=736"},{"taxonomy":"product_tag","embeddable":true,"href":"https:\/\/www.livingpillow.com\/es\/wp-json\/wp\/v2\/product_tag?post=736"}],"curies":[{"name":"wp","href":"https:\/\/api.w.org\/{rel}","templated":true}]}}