{"id":786,"date":"2024-02-23T23:54:47","date_gmt":"2024-02-23T23:54:47","guid":{"rendered":"https:\/\/www.livingpillow.com\/product\/large-wedge-bolster-pillow"},"modified":"2026-03-03T01:25:49","modified_gmt":"2026-03-03T01:25:49","slug":"almohada-de-cuna-almohada-cabecero-terciopelo-burdeos","status":"publish","type":"product","link":"https:\/\/www.livingpillow.com\/es\/product\/wedge-bolster-pillow-headboard-cushion-velvet-burgundy","title":{"rendered":"Cu\u00f1a almohada almohada cabecero terciopelo burdeos"},"content":{"rendered":"<p>The Wedge Bolster Pillow Cabecero Coj\u00edn Terciopelo Borgo\u00f1a<\/p>\n<p>\u00bfEst\u00e1 cansado de utilizar varias almohadas para apoyarse mientras lee o ve la televisi\u00f3n en la cama? \u00bfQuiere un cabecero c\u00f3modo y elegante para su cama, sin gastarse un dineral? No busque m\u00e1s, el cabecero de almohada con almohada de cu\u00f1a de terciopelo burdeos.<\/p>\n<p>Esta almohada de lectura ofrece un excepcional apoyo para la espalda y el cuello, lo que la convierte en el accesorio perfecto para cualquiera que disfrute relaj\u00e1ndose en la cama. Es vers\u00e1til como cabecero, sirviendo tanto como complemento decorativo como pr\u00e1ctico en cualquier dormitorio. Adem\u00e1s, est\u00e1 disponible en varios tama\u00f1os para adaptarse a camas est\u00e1ndar, camas de d\u00eda, literas y camas tradicionales.<\/p>\n<p>El relleno de poliuretano de alta densidad garantiza un soporte superior para la espalda, mientras que el atractivo tejido de terciopelo (poli\u00e9ster 100%) complementa cualquier decoraci\u00f3n interior. Los botones incorporados no solo realzan la forma de la almohada, sino que tambi\u00e9n permiten quitar y lavar f\u00e1cilmente la funda, lo que facilita mantenerla limpia y fresca.<\/p>\n<p>Pero no se f\u00ede s\u00f3lo de nuestra palabra. Estos son algunos de los comentarios de clientes satisfechos:<\/p>\n<p>- \"\u00a1Me encanta este coj\u00edn! Es muy c\u00f3moda y el color burdeos le da un toque de elegancia a mi dormitorio.\"<\/p>\n<p>- \"El coj\u00edn cabecero de cama Wedge Bolster Pillow Cushion Velvet Burgundy es tan vers\u00e1til. Lo uso como respaldo para leer, como cabecero para dormir e incluso como coj\u00edn para descansar en mi sof\u00e1 cama.\"<\/p>\n<p>- \"El tejido de terciopelo es tan suave y lujoso. Parece que duermo en un hotel de cinco estrellas\".<\/p>\n<p>\u00bfPor qu\u00e9 esperar? Invierta hoy mismo en el coj\u00edn de cabecera Wedge Bolster Pillow Cushion Velvet Burgundy y a\u00f1ada confort y estilo a su dormitorio.<\/p>","protected":false},"excerpt":{"rendered":"<ul>\n<li>IDEAL PARA LEER ANTES DE DORMIR: Esta almohada de lectura ofrece un soporte excepcional para la espalda y el cuello para disfrutar de la m\u00e1xima comodidad mientras lee y ve la televisi\u00f3n.<\/li>\n<li>VERSATIL COMO CABECERO: Muchas personas, especialmente estudiantes universitarios, aprecian la doble funcionalidad del coj\u00edn como cabecero decorativo y pr\u00e1ctico.<\/li>\n<li>MULTIFUNCIONAL: Disponible en varios tama\u00f1os para camas est\u00e1ndar, con el tama\u00f1o grande que se adapta perfectamente a un sof\u00e1 cama para servir de sof\u00e1. Tambi\u00e9n se puede utilizar como respaldo para literas y como cabecero para camas tradicionales.<\/li>\n<li>F\u00c1CIL DE LIMPIAR: Los botones incorporados no s\u00f3lo realzan la forma de la almohada, sino que tambi\u00e9n permiten quitar y lavar f\u00e1cilmente la funda.<\/li>\n<li>MATERIALES DE PRIMERA CALIDAD: Rellenas de poliuretano de alta densidad para un soporte superior de la espalda, las almohadas de cu\u00f1a cuentan con un tejido de terciopelo visualmente atractivo (100% Poli\u00e9ster) para complementar cualquier decoraci\u00f3n interior.<\/li>\n<li>Tejido: Terciopelo (100% Poli\u00e9ster).<\/li>\n<li>Tama\u00f1o: 45 cm (45*20*50 cm | 0 botones); 60 cm (60*20*50 cm | 0 botones); 80 cm (80*20*50 cm | 2 botones); 100 cm (100*20*50 cm | 3 botones); 120 cm (120*20*50 cm | 4 botones); 140 cm (140*20*50 cm | 4 botones); 160 cm (160*20*50 cm | 5 botones); 180 cm (180*20*50 cm | 6 botones); 200 cm (200*20*50 cm | 7 botones).<\/li>\n<\/ul>","protected":false},"featured_media":785,"comment_status":"open","ping_status":"closed","template":"","meta":[],"product_brand":[],"product_cat":[15],"product_tag":[63,72,70,71,74,65,57,54,73,55,56,69],"class_list":{"0":"post-786","1":"product","2":"type-product","3":"status-publish","4":"has-post-thumbnail","6":"product_cat-pillows","7":"product_tag-backrest-pillow","8":"product_tag-bed-pillows","9":"product_tag-bunk-bed-pillow","10":"product_tag-burgundy-pillow","11":"product_tag-daybed-pillow","12":"product_tag-decorative-pillow","13":"product_tag-headboard-cushion","14":"product_tag-headboard-pillow","15":"product_tag-sofa-pillow","16":"product_tag-velvet-pillow","17":"product_tag-wedge-bolster-pillow","18":"product_tag-wedge-pillow","20":"first","21":"instock","22":"featured","23":"shipping-taxable","24":"purchasable","25":"product-type-variable","26":"has-default-attributes"},"_links":{"self":[{"href":"https:\/\/www.livingpillow.com\/es\/wp-json\/wp\/v2\/product\/786","targetHints":{"allow":["GET"]}}],"collection":[{"href":"https:\/\/www.livingpillow.com\/es\/wp-json\/wp\/v2\/product"}],"about":[{"href":"https:\/\/www.livingpillow.com\/es\/wp-json\/wp\/v2\/types\/product"}],"replies":[{"embeddable":true,"href":"https:\/\/www.livingpillow.com\/es\/wp-json\/wp\/v2\/comments?post=786"}],"wp:featuredmedia":[{"embeddable":true,"href":"https:\/\/www.livingpillow.com\/es\/wp-json\/wp\/v2\/media\/785"}],"wp:attachment":[{"href":"https:\/\/www.livingpillow.com\/es\/wp-json\/wp\/v2\/media?parent=786"}],"wp:term":[{"taxonomy":"product_brand","embeddable":true,"href":"https:\/\/www.livingpillow.com\/es\/wp-json\/wp\/v2\/product_brand?post=786"},{"taxonomy":"product_cat","embeddable":true,"href":"https:\/\/www.livingpillow.com\/es\/wp-json\/wp\/v2\/product_cat?post=786"},{"taxonomy":"product_tag","embeddable":true,"href":"https:\/\/www.livingpillow.com\/es\/wp-json\/wp\/v2\/product_tag?post=786"}],"curies":[{"name":"wp","href":"https:\/\/api.w.org\/{rel}","templated":true}]}}