{"id":88,"date":"2024-02-22T07:56:39","date_gmt":"2024-02-22T07:56:39","guid":{"rendered":"https:\/\/www.livingpillow.com\/product\/decorative-pillows-for-bed"},"modified":"2026-03-11T05:10:27","modified_gmt":"2026-03-11T05:10:27","slug":"cojines-decorativos-para-cama-cojin-cuna-grande-lino-marron","status":"publish","type":"product","link":"https:\/\/www.livingpillow.com\/es\/product\/decorative-pillows-for-bed-big-wedge-cushion-linen-brown","title":{"rendered":"Cojines Decorativos Para Cama Cojin Cu\u00f1a Grande Marron"},"content":{"rendered":"<p>Mejora tu cama con cojines decorativos<\/p>\n<p>Encontrar la almohada perfecta para acurrucarse antes de dormir puede elevar su relajaci\u00f3n al siguiente nivel. Estos cojines decorativos con forma de cu\u00f1a en marr\u00f3n neutro son ideales para descansar, leer o ver tus series favoritas. <\/p>\n<p>Aspectos destacados del producto:<\/p>\n<p>- Ideal para apoyar la espalda y el cuello en la cama para leer o ver la televisi\u00f3n<br \/>\n- Sirve tambi\u00e9n como cabecero decorativo<br \/>\n- Amplia gama de tama\u00f1os de cama: desde dormitorios universitarios hasta camas de matrimonio.<br \/>\n- Tapa de botones extra\u00edble para facilitar el lavado<br \/>\n- El relleno de alta densidad ofrece un confort superior<br \/>\n- Tejido sutil que complementa cualquier dormitorio<\/p>\n<p>Disponible en varios tama\u00f1os, desde 100 cm hasta 200 cm, encontrar\u00e1 el que mejor se adapte a sus necesidades. <\/p>\n<p>Lo que dicen los clientes:<\/p>\n<p>\"Me encanta usar esta enorme almohada para apoyarme en la cama mientras navego en mi tel\u00e9fono. Hace que ver v\u00eddeos antes de dormir sea muy c\u00f3modo\". - Linda T.<\/p>\n<p>\u201cEste coj\u00edn neutro a\u00f1ade un toque decorativo contra mi cabecero y me da un apoyo extra a la espalda para leer. El tejido es suave al tacto\u201d. - James R. <\/p>\n<p>\"Como estudiante universitario, tener esta almohada cu\u00f1a gigante es muy \u00fatil como cabecero improvisado en mi peque\u00f1o dormitorio. Se ve bien y ocupa poco espacio cuando no est\u00e1 en uso.\" - Sarah D.<\/p>\n<p>A\u00f1ada hoy mismo a su dormitorio la comodidad de una acogedora cu\u00f1a inclinada. Estas almohadas cumplen una doble funci\u00f3n, ya que proporcionan un apoyo adicional para el cuello y un toque decorativo para aumentar el nivel de relajaci\u00f3n.<\/p>","protected":false},"excerpt":{"rendered":"<ul>\n<li><strong>Perfecto para leer antes de dormir:<\/strong> Disfrute de la m\u00e1xima comodidad mientras lee o ve la televisi\u00f3n con esta almohada que ofrece un gran apoyo para la espalda y el cuello.<\/li>\n<li><strong>Sirve tambi\u00e9n de cabecero:<\/strong> Ideal para estudiantes universitarios, este coj\u00edn cumple a la vez una funci\u00f3n decorativa y funcional como cabecero de cama.<\/li>\n<li><strong>Usos vers\u00e1tiles:<\/strong> Adecuada para todos los tama\u00f1os de cama, la almohada king size hace las veces de sof\u00e1 en una cama de d\u00eda. Tambi\u00e9n se puede utilizar como almohada parachoques para ni\u00f1os, respaldo en una litera o cabecero en caravanas y remolques.<\/li>\n<li><strong>Funda lavable:<\/strong> La funda desmontable con botones facilita la limpieza y realza la est\u00e9tica de la almohada.<\/li>\n<li><strong>Material de primera calidad:<\/strong> Fabricado con relleno de poliuretano de alta densidad para un apoyo superior del respaldo, combinado con una tela visualmente atractiva para complementar su decoraci\u00f3n.<\/li>\n<li><strong>Tallas disponibles:<\/strong> 100cm (L100 x W26 x H55 | 3 Columnas botones), 120cm (L120 x W26 x H55 | 4 Columnas botones), 140cm (L140 x W26 x H55 | 4 Columnas botones), 160cm (L160 x W26 x H55 | 5 Columnas botones), 180cm (L180 x W26 x H55 | 6 Columnas botones), 200cm (L200 x W26 x H55 | 7 Columnas botones).<\/li>\n<\/ul>","protected":false},"featured_media":87,"comment_status":"open","ping_status":"closed","template":"","meta":[],"product_brand":[],"product_cat":[15],"product_tag":[163,157,162,84,161,54,90,58,156],"class_list":{"0":"post-88","1":"product","2":"type-product","3":"status-publish","4":"has-post-thumbnail","6":"product_cat-pillows","7":"product_tag-back-rest-pillow","8":"product_tag-back-support","9":"product_tag-bedtime-reading","10":"product_tag-bumper-pillow","11":"product_tag-decorative-pillows","12":"product_tag-headboard-pillow","13":"product_tag-king-size-pillow","14":"product_tag-linen-pillow","15":"product_tag-neck-support","17":"first","18":"instock","19":"shipping-taxable","20":"purchasable","21":"product-type-variable","22":"has-default-attributes"},"_links":{"self":[{"href":"https:\/\/www.livingpillow.com\/es\/wp-json\/wp\/v2\/product\/88","targetHints":{"allow":["GET"]}}],"collection":[{"href":"https:\/\/www.livingpillow.com\/es\/wp-json\/wp\/v2\/product"}],"about":[{"href":"https:\/\/www.livingpillow.com\/es\/wp-json\/wp\/v2\/types\/product"}],"replies":[{"embeddable":true,"href":"https:\/\/www.livingpillow.com\/es\/wp-json\/wp\/v2\/comments?post=88"}],"wp:featuredmedia":[{"embeddable":true,"href":"https:\/\/www.livingpillow.com\/es\/wp-json\/wp\/v2\/media\/87"}],"wp:attachment":[{"href":"https:\/\/www.livingpillow.com\/es\/wp-json\/wp\/v2\/media?parent=88"}],"wp:term":[{"taxonomy":"product_brand","embeddable":true,"href":"https:\/\/www.livingpillow.com\/es\/wp-json\/wp\/v2\/product_brand?post=88"},{"taxonomy":"product_cat","embeddable":true,"href":"https:\/\/www.livingpillow.com\/es\/wp-json\/wp\/v2\/product_cat?post=88"},{"taxonomy":"product_tag","embeddable":true,"href":"https:\/\/www.livingpillow.com\/es\/wp-json\/wp\/v2\/product_tag?post=88"}],"curies":[{"name":"wp","href":"https:\/\/api.w.org\/{rel}","templated":true}]}}