{"id":154,"date":"2024-02-22T08:46:59","date_gmt":"2024-02-22T08:46:59","guid":{"rendered":"https:\/\/www.livingpillow.com\/product\/large-triangle-pillow-wedge"},"modified":"2026-03-11T05:10:22","modified_gmt":"2026-03-11T05:10:22","slug":"suur-kolmnurkne-kiilvoodi-lugemispadi-linane-kollane","status":"publish","type":"product","link":"https:\/\/www.livingpillow.com\/et\/product\/large-triangle-pillow-wedge-bed-reading-cushion-linen-yellow","title":{"rendered":"Suur kolmnurkne kiilukujuline voodi lugemispadi kollane"},"content":{"rendered":"<p>T\u00e4iustage oma l\u00f5\u00f5gastust suure kolmnurkse kiilukujulise padjaga<\/p>\n<p>Ideaalse lugemis- v\u00f5i telerivaatamise asendi leidmine v\u00f5ib olla keeruline ilma piisava selja- ja kaelatoeta. Tutvustame teile suurt kolmnurkset kiilukujulist padja \u2013 elegantselt disainitud ja mitmek\u00fclgset padja, mis viib l\u00f5\u00f5gastumise uutesse k\u00f5rgustesse.  <\/p>\n<p>See kiilukujuline padi on valmistatud suure tihedusega pol\u00fcuretaant\u00e4idisest ja eemaldatava kattega ning kohandub h\u00e4sti teie kehakontuuridega. J\u00e4rkj\u00e4rguline kalle aitab s\u00e4ilitada selgroo \u00f5iget asendit nii voodis istudes, diivanil lesides kui ka vastu seina toetudes. Enam pole vaja k\u00fc\u00fcrutada, pingutada ega kange kaelaga \u00e4rkama!<\/p>\n<p>Kliendid kiidavad padja funktsionaalsust ja esteetikat:<\/p>\n<p>\u201cMulle meeldib seda tugevat kiilpatja voodis raamatute lugemiseks ja iPadi kasutamiseks kasutada. Mu r\u00fcht on palju parem ja lihased ei valuta nii palju.\u201d<\/p>\n<p>\u201cSee tohutu padi sobib ideaalselt mu t\u00fctre narivoodisse. Ta kasutab seda seljatoena ega pea enam k\u00fc\u00fcrus istuma.\u201d <\/p>\n<p>\u201cValisin oma matkaautole suure suuruse. See pakub suurep\u00e4rast nimmetuge ja kate sobib ideaalselt minu sisekujundusega.\u201d<\/p>\n<p>Oma mitmeotstarbelise disaini, \u00fclima mugavuse ja moodsa stiiliga on suur kolmnurkne kiilpadi ideaalne t\u00e4iendus igale magamistuppa v\u00f5i elutuppa. Saadaval erinevates suurustes, mis sobivad standardvooditele, p\u00e4evavooditele, haagissuvilatele, \u00fchiselamutubadele ja mujale. Kate on masinas pestav, et seda oleks lihtne hooldada. <\/p>\n<p>T\u00f5sta oma l\u00f5\u00f5gastusoskus uuele tasemele ja telli oma kolmnurkne padjakiil juba t\u00e4na!<\/p>","protected":false},"excerpt":{"rendered":"<ul>\n<li><strong>Ideaalne voodis lugemiseks:<\/strong> Pakub erakordset tuge seljale ja kaelale, tagades maksimaalse mugavuse lugemise v\u00f5i teleka vaatamise ajal.<\/li>\n<li><strong>Mitmek\u00fclgne peatsiots:<\/strong> Ideaalne neile, kes otsivad voodipeatsilt nii stiili kui ka funktsionaalsust, n\u00e4iteks \u00fcli\u00f5pilastele.<\/li>\n<li><strong>Mitmeotstarbeline kasutamine:<\/strong> Saadaval erinevates suurustes, sobib nii standardvooditele kui ka p\u00e4evavooditele ja haagissuvilatele\/haagissuvilatele. V\u00f5ib olla ka lastele p\u00f5rkerauapadi v\u00f5i narivoodi seljatoepadi.<\/li>\n<li><strong>Lihtne hooldus:<\/strong> Eemaldatav kate, mis kinnitatakse n\u00f6\u00f6pidega, lihtsustab pesemist.<\/li>\n<li><strong>Kvaliteetsed materjalid:<\/strong> Suure tihedusega pol\u00fcuretaant\u00e4idis tagab suurep\u00e4rase seljatoe, samas kui visuaalselt meeldiv kangas t\u00e4iendab iga sisekujundust.<\/li>\n<li><strong>Suurus:<\/strong> 100cm (P100 x L26 x K55 | 3 veeruga nupud), 120cm (P120 x L26 x K55 | 4 veeruga nupud), 140cm (P140 x L26 x K55 | 4 veeruga nupud), 160cm (P160 x L26 x K55 | 5 veeruga nupud), 180cm (P180 x L26 x K55 | 6 veeruga nupud), 200cm (P200 x L26 x K55 | 7 veeruga nupud).<\/li>\n<\/ul>","protected":false},"featured_media":153,"comment_status":"open","ping_status":"closed","template":"","meta":[],"product_brand":[],"product_cat":[15],"product_tag":[97,76,58,111,145,148,147,146,149,150],"class_list":{"0":"post-154","1":"product","2":"type-product","3":"status-publish","4":"has-post-thumbnail","6":"product_cat-pillows","7":"product_tag-functional-headboard","8":"product_tag-linen-headboard","9":"product_tag-linen-pillow","10":"product_tag-reading-cushion","11":"product_tag-triangle-pillow","12":"product_tag-wedge-bed-bolster","13":"product_tag-wedge-bed-cushion","14":"product_tag-wedge-bed-pillow","15":"product_tag-yellow-bed-pillow","16":"product_tag-yellow-pillow","18":"first","19":"instock","20":"shipping-taxable","21":"purchasable","22":"product-type-variable","23":"has-default-attributes"},"_links":{"self":[{"href":"https:\/\/www.livingpillow.com\/et\/wp-json\/wp\/v2\/product\/154","targetHints":{"allow":["GET"]}}],"collection":[{"href":"https:\/\/www.livingpillow.com\/et\/wp-json\/wp\/v2\/product"}],"about":[{"href":"https:\/\/www.livingpillow.com\/et\/wp-json\/wp\/v2\/types\/product"}],"replies":[{"embeddable":true,"href":"https:\/\/www.livingpillow.com\/et\/wp-json\/wp\/v2\/comments?post=154"}],"wp:featuredmedia":[{"embeddable":true,"href":"https:\/\/www.livingpillow.com\/et\/wp-json\/wp\/v2\/media\/153"}],"wp:attachment":[{"href":"https:\/\/www.livingpillow.com\/et\/wp-json\/wp\/v2\/media?parent=154"}],"wp:term":[{"taxonomy":"product_brand","embeddable":true,"href":"https:\/\/www.livingpillow.com\/et\/wp-json\/wp\/v2\/product_brand?post=154"},{"taxonomy":"product_cat","embeddable":true,"href":"https:\/\/www.livingpillow.com\/et\/wp-json\/wp\/v2\/product_cat?post=154"},{"taxonomy":"product_tag","embeddable":true,"href":"https:\/\/www.livingpillow.com\/et\/wp-json\/wp\/v2\/product_tag?post=154"}],"curies":[{"name":"wp","href":"https:\/\/api.w.org\/{rel}","templated":true}]}}