{"id":252,"date":"2024-02-23T00:15:03","date_gmt":"2024-02-23T00:15:03","guid":{"rendered":"https:\/\/www.livingpillow.com\/product\/wedge-support-pillow"},"modified":"2026-03-03T01:19:12","modified_gmt":"2026-03-03T01:19:12","slug":"kiilukujuline-tugipadi-ilus-peatsiplaat-velvetist-tumesinine","status":"publish","type":"product","link":"https:\/\/www.livingpillow.com\/et\/product\/wedge-support-pillow-beautiful-headboard-corduroy-navy-blue","title":{"rendered":"Kiilukujuline tugipadi, ilus peatsilaud, tumesinine"},"content":{"rendered":"<p><strong>Avasta ideaalne lugemis- ja l\u00f5\u00f5gastuspadi<\/strong><\/p>\n<p>Kas oled v\u00e4sinud voodis v\u00f5i diivanil lugedes oma kaela ja selja pingutamisest? Meie multifunktsionaalne kiilukujuline padi pakub suurep\u00e4rast tuge mugavaks l\u00f5\u00f5gastumiseks. Oma l\u00e4bim\u00f5eldud disaini, kvaliteetse konstruktsiooni ja erinevate suurustega on see padi saanud klientide lemmikuks.\u00a0<\/p>\n<p><strong>Toote \u00fcksikasjad:<\/strong><\/p>\n<p>Padi on t\u00e4idetud pehme, kuid toetava suure tihedusega pol\u00fcuretaaniga ja kaetud hubase 100% pol\u00fcestervelvetkangaga. Kinnitatud n\u00f6\u00f6bid loovad d\u00fcnaamilise kuju, v\u00f5imaldades samal ajal eemaldataval ja masinpestaval kattel teie kehaga kohanduda. Suurused j\u00e4\u00e4vad vahemikku 45 cm kuni avara 200 cm padjani.<\/p>\n<p><strong>Kiidus\u00f5nad:<\/strong><\/p>\n<p>Kliendid armastavad seda patja voodis lugemiseks, peatsiks kasutamiseks, diivanil puhkamiseks ja muuks. Vaadake, mida nad r\u00e4\u00e4givad:<\/p>\n<p>\u201cOstsin suure suuruse ja see on ideaalne voodis istumiseks ja lugemiseks. Nii mugav ja t\u00e4pselt parajalt k\u00f5rge, et toetada mu alaselga.\u201d<\/p>\n<p>\u201cSee on suurep\u00e4rane peatsiots \u00fcli\u00f5pilaskodu tuppa. See n\u00e4eb kena v\u00e4lja ja ei v\u00f5ta palju ruumi.\u201d\u00a0<\/p>\n<p>\u201cKasutan seda patja igal \u00f5htul telekat vaadates. See pakub suurep\u00e4rast seljatuge ja velvetist kangas on v\u00e4ga pehme.\u201d<\/p>\n<p><strong>Taskukohane lahendus l\u00f5\u00f5gastumiseks<\/strong><\/p>\n<p>See hubane kiilukujuline padi on suurep\u00e4rane, kuid samas soodne kingitus raamatukoi s\u00f5brale. V\u00f5i osta see endale ka, et l\u00f5puks mugavalt l\u00f5\u00f5gastuda. Avasta, miks kliendid seda juba t\u00e4na \u201ct\u00e4iuslikuks lugemispadjaks\u201d nimetavad.<\/p>","protected":false},"excerpt":{"rendered":"<ul>\n<li>IDEAALNE VOODIS LUGEMISEKS: See lugemispadi pakub suurep\u00e4rast selja- ja kaelatuge maksimaalse mugavuse tagamiseks lugemise v\u00f5i teleka vaatamise ajal.<\/li>\n<li>IDEAALNE PEATSIKS: Paljud inimesed, eriti \u00fcli\u00f5pilased, leiavad, et see padi toimib ideaalse peatsina \u2013 nii dekoratiivse kui ka funktsionaalsena.<\/li>\n<li>MITMEOTSTARBELINE: Pakume igas suuruses patju tavalistele vooditele; kuningasuuruses patjad sobivad ideaalselt p\u00e4evavoodile, v\u00f5imaldades seda kasutada diivanina. Muudeks kasutusv\u00f5imalusteks on narivoodi seljatugi ja voodipeats.<\/li>\n<li>LIHTNE PESTADA: Kinnitatud n\u00f6\u00f6bid loovad d\u00fcnaamilise padjakuju, v\u00f5imaldades samal ajal katet eemaldada ja pesta.<\/li>\n<li>KVALITEETNE MATERJAL: Seljatoe padi on t\u00e4idetud suure tihedusega pol\u00fcuretaanist t\u00e4iteainega, mis pakub suurep\u00e4rast seljatuge. Kiilpadja kangas annab hea visuaalse efekti, mis sobib teie sisekujundusega.<\/li>\n<li>Kangas: kordvelvet (100% pol\u00fcester).<\/li>\n<li><strong>Suurus:<\/strong> 45cm (45*20*50cm | 0 n\u00f6\u00f6pi), 60cm (60*20*50cm | 0 n\u00f6\u00f6pi), 80cm (80*20*50cm | 2 n\u00f6\u00f6pi), 100cm (100*20*50cm | 3 n\u00f6\u00f6pi), 120cm (120*20*50cm | 4 n\u00f6\u00f6pi), 140cm (140*20*50cm | 4 n\u00f6\u00f6pi), 160cm (160*20*50cm | 5 n\u00f6\u00f6pi), 180cm (180*20*50cm | 6 n\u00f6\u00f6pi), 200cm (200*20*50cm | 7 n\u00f6\u00f6pi).<\/li>\n<\/ul>","protected":false},"featured_media":251,"comment_status":"open","ping_status":"closed","template":"","meta":[],"product_brand":[],"product_cat":[15],"product_tag":[66,139,101,125,89,74,65,64,91,53,94,138],"class_list":{"0":"post-252","1":"product","2":"type-product","3":"status-publish","4":"has-post-thumbnail","6":"product_cat-pillows","7":"product_tag-back-support-pillow","8":"product_tag-blue-pillow","9":"product_tag-bunk-bed-backrest","10":"product_tag-corduroy-fabric-pillow","11":"product_tag-daybed-couch","12":"product_tag-daybed-pillow","13":"product_tag-decorative-pillow","14":"product_tag-functional-pillow","15":"product_tag-multipurpose-pillow","16":"product_tag-reading-pillow","17":"product_tag-tv-pillow","18":"product_tag-wedge-support-pillow","20":"first","21":"instock","22":"shipping-taxable","23":"purchasable","24":"product-type-variable","25":"has-default-attributes"},"_links":{"self":[{"href":"https:\/\/www.livingpillow.com\/et\/wp-json\/wp\/v2\/product\/252","targetHints":{"allow":["GET"]}}],"collection":[{"href":"https:\/\/www.livingpillow.com\/et\/wp-json\/wp\/v2\/product"}],"about":[{"href":"https:\/\/www.livingpillow.com\/et\/wp-json\/wp\/v2\/types\/product"}],"replies":[{"embeddable":true,"href":"https:\/\/www.livingpillow.com\/et\/wp-json\/wp\/v2\/comments?post=252"}],"wp:featuredmedia":[{"embeddable":true,"href":"https:\/\/www.livingpillow.com\/et\/wp-json\/wp\/v2\/media\/251"}],"wp:attachment":[{"href":"https:\/\/www.livingpillow.com\/et\/wp-json\/wp\/v2\/media?parent=252"}],"wp:term":[{"taxonomy":"product_brand","embeddable":true,"href":"https:\/\/www.livingpillow.com\/et\/wp-json\/wp\/v2\/product_brand?post=252"},{"taxonomy":"product_cat","embeddable":true,"href":"https:\/\/www.livingpillow.com\/et\/wp-json\/wp\/v2\/product_cat?post=252"},{"taxonomy":"product_tag","embeddable":true,"href":"https:\/\/www.livingpillow.com\/et\/wp-json\/wp\/v2\/product_tag?post=252"}],"curies":[{"name":"wp","href":"https:\/\/api.w.org\/{rel}","templated":true}]}}