{"id":369,"date":"2024-02-23T04:27:00","date_gmt":"2024-02-23T04:27:00","guid":{"rendered":"https:\/\/www.livingpillow.com\/product\/triangular-wedge-pillow"},"modified":"2026-03-03T01:20:45","modified_gmt":"2026-03-03T01:20:45","slug":"kolmnurkne-kiilukujuline-voodipadi-kena-suur-velvetist-punane-padi","status":"publish","type":"product","link":"https:\/\/www.livingpillow.com\/et\/product\/triangular-wedge-pillow-bed-nice-big-cushion-corduroy-red","title":{"rendered":"Kolmnurkne kiilukujuline padivoodi, kena suur velvetist padi, punane"},"content":{"rendered":"<p>Kas otsid oma magamistuppa mugavat ja mitmek\u00fclgset lahendust? Kolmnurkne kiilpadi on just see, mida otsid!<\/p>\n<p>See padi mitte ainult ei suurenda mugavust voodis lugemise v\u00f5i teleka vaatamise ajal, vaid toimib ka funktsionaalse ja dekoratiivse peatsina. Saadaval on suurused igale voodisuurusele, sealhulgas p\u00e4evavooditele ja narivooditele, mist\u00f5ttu on see ideaalne t\u00e4iendus igale toale.<\/p>\n<p>Kuid see, mis seda patja teistest eristab, on selle esmaklassilised materjalid. Suure tihedusega pol\u00fcuretaanist t\u00e4idis pakub v\u00f5rratut seljatuge, samas kui kordvelvetist kangas lisab teie interj\u00f6\u00f6rile elegantsi.<\/p>\n<p>Ja neile, kes on puhtuse p\u00e4rast mures, on Triangle Wedge padjal eemaldatavad n\u00f6\u00f6bid, mis mitte ainult ei lisa selle stiilset v\u00e4limust, vaid muudavad selle ka pesemise lihtsaks.<\/p>\n<p>\u00c4ra usu ainult meie s\u00f5nu \u2013 vaata ka rahulolevate klientide arvustusi:<\/p>\n<p>\u2013 \u201cMa armastan seda patja! See on nii mugav ja lisab ajutise peatsi abil mu tuppa suurep\u00e4rase h\u00f5ngu.\u201d<br \/>\n\u2013 \u201cSametkangas on nii pehme ja tiheda t\u00e4idisega t\u00e4idis pakub suurep\u00e4rast tuge.\u201d<br \/>\n\u2013 \u201cOstsin selle padja oma poja narivoodile ja see toimib ideaalselt seljatoena \u2013 talle meeldib see v\u00e4ga!\u201d<\/p>\n<p>\u00c4ra lepi igava vana padjaga \u2013 vali juba t\u00e4na mugav ja stiilne kolmnurkne kiilukujuline padi!<\/p>","protected":false},"excerpt":{"rendered":"<ul>\n<li><strong>Parandab voodis lugemist:<\/strong> Pakub suurep\u00e4rast tuge seljale ja kaelale, tagades mugavuse lugemise ja teleka vaatamise ajal.<\/li>\n<li><strong>Toimib ka peatsilauana:<\/strong> Ideaalne \u00fcli\u00f5pilastele, see padi toimib nii funktsionaalse kui ka dekoratiivse peatsipeana.<\/li>\n<li><strong>Mitmek\u00fclgne kasutamine:<\/strong> Saadaval k\u00f5ikides voodisuurustes, kusjuures kuningasuuruses voodi sobib ideaalselt diivanilaadseks kasutamiseks. Sobib ka narivoodi seljatoeks ja ajutiseks peatsiks.<\/li>\n<li><strong>Pestav kate:<\/strong> Eemaldatavad n\u00f6\u00f6bid lisavad lisaks elegantsele v\u00e4limusele ka katte pesemist.<\/li>\n<li><strong>Kvaliteetne materjal:<\/strong> T\u00e4idetud suure tihedusega pol\u00fcuretaaniga, mis tagab v\u00f5rratu seljatoe. Kiilpadja kordvelvetkangas parandab ruumi esteetikat.<\/li>\n<li><strong>Kangas:<\/strong> Korduroy (100% pol\u00fcester).<\/li>\n<li><strong>Suurus:<\/strong> 45cm (45*20*50cm | 0 n\u00f6\u00f6pi); 60cm (60*20*50cm | 0 n\u00f6\u00f6pi); 80cm (80*20*50cm | 2 n\u00f6\u00f6pi); 100cm (100*20*50cm | 3 n\u00f6\u00f6pi); 120cm (120*20*50cm | 4 n\u00f6\u00f6pi); 140cm (140*20*50cm | 4 n\u00f6\u00f6pi); 160cm (160*20*50cm | 5 n\u00f6\u00f6pi); 180cm (180*20*50cm | 6 n\u00f6\u00f6pi); 200cm (200*20*50cm | 7 n\u00f6\u00f6pi).<\/li>\n<\/ul>","protected":false},"featured_media":368,"comment_status":"open","ping_status":"closed","template":"","meta":[],"product_brand":[],"product_cat":[15],"product_tag":[66,85,125,90,127,126,124],"class_list":{"0":"post-369","1":"product","2":"type-product","3":"status-publish","4":"has-post-thumbnail","6":"product_cat-pillows","7":"product_tag-back-support-pillow","8":"product_tag-bunk-bed-backrests","9":"product_tag-corduroy-fabric-pillow","10":"product_tag-king-size-pillow","11":"product_tag-red-pillow","12":"product_tag-triangular-wedge-pillow","13":"product_tag-unmatched-back-support","15":"first","16":"instock","17":"shipping-taxable","18":"purchasable","19":"product-type-variable","20":"has-default-attributes"},"_links":{"self":[{"href":"https:\/\/www.livingpillow.com\/et\/wp-json\/wp\/v2\/product\/369","targetHints":{"allow":["GET"]}}],"collection":[{"href":"https:\/\/www.livingpillow.com\/et\/wp-json\/wp\/v2\/product"}],"about":[{"href":"https:\/\/www.livingpillow.com\/et\/wp-json\/wp\/v2\/types\/product"}],"replies":[{"embeddable":true,"href":"https:\/\/www.livingpillow.com\/et\/wp-json\/wp\/v2\/comments?post=369"}],"wp:featuredmedia":[{"embeddable":true,"href":"https:\/\/www.livingpillow.com\/et\/wp-json\/wp\/v2\/media\/368"}],"wp:attachment":[{"href":"https:\/\/www.livingpillow.com\/et\/wp-json\/wp\/v2\/media?parent=369"}],"wp:term":[{"taxonomy":"product_brand","embeddable":true,"href":"https:\/\/www.livingpillow.com\/et\/wp-json\/wp\/v2\/product_brand?post=369"},{"taxonomy":"product_cat","embeddable":true,"href":"https:\/\/www.livingpillow.com\/et\/wp-json\/wp\/v2\/product_cat?post=369"},{"taxonomy":"product_tag","embeddable":true,"href":"https:\/\/www.livingpillow.com\/et\/wp-json\/wp\/v2\/product_tag?post=369"}],"curies":[{"name":"wp","href":"https:\/\/api.w.org\/{rel}","templated":true}]}}