{"id":429,"date":"2024-02-23T05:10:46","date_gmt":"2024-02-23T05:10:46","guid":{"rendered":"https:\/\/www.livingpillow.com\/product\/backrest-pillow"},"modified":"2026-03-03T01:21:32","modified_gmt":"2026-03-03T01:21:32","slug":"suur-seljatoega-lugemispadi-diivanvoodile-samethall","status":"publish","type":"product","link":"https:\/\/www.livingpillow.com\/et\/product\/big-backrest-pillow-reading-cushion-for-sofa-bed-velvet-grey","title":{"rendered":"Suur seljatoega lugemispadi diivanvoodile samethall"},"content":{"rendered":"<p>Tutvustame meie toetavat lugemispatja, mis on loodud pakkuma maksimaalset mugavust voodis lugemise v\u00f5i teleka vaatamise ajal. T\u00e4nu suure tihedusega pol\u00fcuretaant\u00e4idisele pakub see kiilukujuline padi suurep\u00e4rast selja- ja kaelatuge, v\u00f5imaldades teil l\u00f5\u00f5gastuda mugavas ja toetavas asendis.<\/p>\n<p>Aga see pole veel k\u00f5ik \u2013 see mitmek\u00fclgne padi on suurep\u00e4rane alternatiiv traditsioonilisele peatsile, mist\u00f5ttu sobib see ideaalselt \u00fcli\u00f5pilastele ja neile, kes soovivad oma magamistuppa nii funktsionaalseid kui ka dekoratiivseid detaile. Lisaks on see saadaval igas suuruses tavaliste voodite jaoks, kusjuures kuningasuuruses padi on ideaalne t\u00e4iendus p\u00e4evavoodile, et muuta see hubaseks diivaniks.<\/p>\n<p>Selle padja uuenduslik disain muudab selle ka pesemise lihtsaks, kinnitatud n\u00f6\u00f6bid annavad sellele mitte ainult d\u00fcnaamilise v\u00e4limuse, vaid v\u00f5imaldavad ka katte h\u00f5lpsat eemaldamist ja puhastamist.<\/p>\n<p>Kattest r\u00e4\u00e4kides, kasutatud kangas on 100% pol\u00fcestervelvet, mis mitte ainult ei lisa padjale suurep\u00e4rast visuaalset efekti, vaid t\u00e4iustab ka teie sisekujundust.<\/p>\n<p>Aga \u00e4rge uskuge ainult meie s\u00f5nu. Siin on m\u00f5ned meie rahulolevate klientide kommentaarid:<\/p>\n<p>\u2013 \u201cSee padi muudab voodis lugemise mugavust. See pakub suurep\u00e4rast tuge ja muudab lugemiskogemuse palju mugavamaks.\u201d<br \/>\n\u2013 \u201cMulle meeldib seda patja voodipeatsina kasutada! See lisab mu magamistuppa ainulaadse ja hubase ilme.\u201d<br \/>\n\u2013 \u201cOstsin oma narivoodile 120 cm suuruse variandi ja see toimib ideaalselt seljatoena. See on suurep\u00e4rane ka istumiseks ja \u00f5ppimiseks.\u201d<br \/>\n\u2013 \u201cKatte n\u00f6\u00f6bid muudavad selle eemaldamise ja pesemise nii lihtsaks. Mulle meeldib selle lihtsus.\u201d<\/p>\n<p>Seega, olenemata sellest, kas otsite mugavat viisi voodis lugemiseks v\u00f5i soovite oma magamistuppa lisada funktsionaalset ja stiilset h\u00f5ngu, on meie toetav lugemispadi ideaalne lahendus. Valige erinevate suuruste ja v\u00e4rvide hulgast, sealhulgas populaarne hall Hollandi samet, ja kogege \u00fclimat mugavust ja tuge.<\/p>","protected":false},"excerpt":{"rendered":"<ul>\n<li><strong>Ideaalne voodis lugemiseks:<\/strong> Nautige lugemise v\u00f5i teleka vaatamise ajal maksimaalset mugavust meie toetava lugemispadjaga, mis on loodud pakkuma suurep\u00e4rast selja- ja kaelatuge.<\/li>\n<li><strong>Alternatiiv peatsilauana:<\/strong> Ideaalne \u00fcli\u00f5pilastele ja teistele, see padi toimib nii funktsionaalse kui ka dekoratiivse peatsilauana.<\/li>\n<li><strong>Mitmeotstarbeline kasutamine:<\/strong> Saadaval igas suuruses tavaliste voodite jaoks; kuningasuuruses voodi sobib ideaalselt p\u00e4evavoodiga, muutes selle diivaniks. Sobib ka narivoodi seljatoeks v\u00f5i ajutiseks peatsiks.<\/li>\n<li><strong>Lihtne pesta:<\/strong> Innovatiivne disain sisaldab kinnitatud nuppe d\u00fcnaamilise v\u00e4limuse saavutamiseks ning katte h\u00f5lpsaks eemaldamiseks ja pesemiseks.<\/li>\n<li><strong>Kvaliteetne materjal:<\/strong> Kiilpadja kangas, mis on t\u00e4idetud suure tihedusega pol\u00fcuretaaniga, et tagada suurep\u00e4rane seljatugi, t\u00e4iustab oma suurep\u00e4rase visuaalse efektiga ka teie sisekujundust.<\/li>\n<li><strong>Kangas:<\/strong> Samet (100% pol\u00fcester).<\/li>\n<li><strong>Suurus:<\/strong> 45cm (45*20*50cm | 0 n\u00f6\u00f6pi); 60cm (60*20*50cm | 0 n\u00f6\u00f6pi); 80cm (80*20*50cm | 2 n\u00f6\u00f6pi); 100cm (100*20*50cm | 3 n\u00f6\u00f6pi); 120cm (120*20*50cm | 4 n\u00f6\u00f6pi); 140cm (140*20*50cm | 4 n\u00f6\u00f6pi); 160cm (160*20*50cm | 5 n\u00f6\u00f6pi); 180cm (180*20*50cm | 6 n\u00f6\u00f6pi); 200cm (200*20*50cm | 7 n\u00f6\u00f6pi).<\/li>\n<\/ul>","protected":false},"featured_media":428,"comment_status":"open","ping_status":"closed","template":"","meta":[],"product_brand":[],"product_cat":[15],"product_tag":[63,79,120,109,91,111,119],"class_list":{"0":"post-429","1":"product","2":"type-product","3":"status-publish","4":"has-post-thumbnail","6":"product_cat-pillows","7":"product_tag-backrest-pillow","8":"product_tag-bedroom-decoration","9":"product_tag-big-backrest-pillow","10":"product_tag-high-density-polyurethane-pillow","11":"product_tag-multipurpose-pillow","12":"product_tag-reading-cushion","13":"product_tag-sofa-bed-pillow","15":"first","16":"instock","17":"shipping-taxable","18":"purchasable","19":"product-type-variable","20":"has-default-attributes"},"_links":{"self":[{"href":"https:\/\/www.livingpillow.com\/et\/wp-json\/wp\/v2\/product\/429","targetHints":{"allow":["GET"]}}],"collection":[{"href":"https:\/\/www.livingpillow.com\/et\/wp-json\/wp\/v2\/product"}],"about":[{"href":"https:\/\/www.livingpillow.com\/et\/wp-json\/wp\/v2\/types\/product"}],"replies":[{"embeddable":true,"href":"https:\/\/www.livingpillow.com\/et\/wp-json\/wp\/v2\/comments?post=429"}],"wp:featuredmedia":[{"embeddable":true,"href":"https:\/\/www.livingpillow.com\/et\/wp-json\/wp\/v2\/media\/428"}],"wp:attachment":[{"href":"https:\/\/www.livingpillow.com\/et\/wp-json\/wp\/v2\/media?parent=429"}],"wp:term":[{"taxonomy":"product_brand","embeddable":true,"href":"https:\/\/www.livingpillow.com\/et\/wp-json\/wp\/v2\/product_brand?post=429"},{"taxonomy":"product_cat","embeddable":true,"href":"https:\/\/www.livingpillow.com\/et\/wp-json\/wp\/v2\/product_cat?post=429"},{"taxonomy":"product_tag","embeddable":true,"href":"https:\/\/www.livingpillow.com\/et\/wp-json\/wp\/v2\/product_tag?post=429"}],"curies":[{"name":"wp","href":"https:\/\/api.w.org\/{rel}","templated":true}]}}