{"id":457,"date":"2024-02-23T05:36:46","date_gmt":"2024-02-23T05:36:46","guid":{"rendered":"https:\/\/www.livingpillow.com\/product\/wedge-cushion"},"modified":"2026-03-03T01:21:56","modified_gmt":"2026-03-03T01:21:56","slug":"suur-kiilukujuline-lugemispadi-kena-peatsipadi-sametist-must","status":"publish","type":"product","link":"https:\/\/www.livingpillow.com\/et\/product\/big-wedge-reading-cushion-nice-headboard-pillow-velvet-black","title":{"rendered":"Suur kiilukujuline lugemispadi, kena peatsiga padi, sametist must"},"content":{"rendered":"<p>Tutvustame ideaalset lugemiskaaslast: kolmnurkne padi<\/p>\n<p>Kas sulle meeldib oma voodis mugavalt lugeda v\u00f5i telekat vaadata? Kui jah, siis tead, kui ebamugav see v\u00f5ib olla ilma korraliku selja- ja kaelatoeta. \u00d5nneks on sellele probleemile lahendus \u2013 kolmnurkne padi. <\/p>\n<p>See padi on loodud pakkuma optimaalset lugemistuge ja parandama teie telerivaatamise kogemust, pakkudes tugevat selja- ja kaelatuge. See on valmistatud suure tihedusega pol\u00fcuretaanmaterjalist, mis pakub suurep\u00e4rast tuge, mist\u00f5ttu on see ideaalne neile, kes veedavad pikki tunde voodis lugedes v\u00f5i telekat vaadates. <\/p>\n<p>See pole mitte ainult funktsionaalne, vaid toimib ka suurep\u00e4rase dekoratiivse peatsina \u00fcli\u00f5pilastele v\u00f5i k\u00f5igile, kes otsivad praktilist, kuid dekoratiivset peatsilahendust. See on mitmek\u00fclgne ja sobib igat t\u00fc\u00fcpi vooditele, muutes selle ideaalseks t\u00e4ienduseks p\u00e4evavoodile diivanina v\u00f5i narivoodi seljatoena. <\/p>\n<p>Kolmnurkse padja disainimisel on silmas peetud ka pesemise lihtsust. Sellel on eemaldatavad katted kinnitatud n\u00f6\u00f6pidega, mis muudavad padja eemaldamise ja pesemise lihtsaks. Padja valmistamiseks kasutatud kangas on 100% pol\u00fcestersamet, mis oma visuaalselt atraktiivse disainiga sobib igasse interj\u00f6\u00f6ri. <\/p>\n<p>Saadaval erinevates suurustes alates 45 cm kuni 200 cm ja mitmesugustes v\u00e4rvides, sealhulgas mustas, pakub see padi midagi iga\u00fchele. Pole ime, et see on klientidelt kiidus\u00f5nu saanud. <\/p>\n<p>\u00dcks klient, kes ostis musta padja, \u00fctles: \u201cSee padi muutis minu lugemiskogemust. Ma ei pea enam pidevalt nihelema ja kohanduma ning saan tundide kaupa ebamugavustundeta lugeda.\u201d <\/p>\n<p>Teine klient, kes ostis luksuslikust Hollandi sametist padja, \u00fctles: \u201cKangas on nii pehme ja sametine ning padi pakub suurep\u00e4rast tuge. Seda on ka lihtne puhastada, nii et ma ei pea muretsema selle m\u00e4\u00e4rdumise p\u00e4rast.\u201d <\/p>\n<p>Kokkuv\u00f5tteks v\u00f5ib \u00f6elda, et kolmnurkne padi on ideaalne lugemiskaaslane k\u00f5igile, kes otsivad voodis lugemise v\u00f5i teleka vaatamise ajal mugavust ja tuge. See on funktsionaalne, mitmek\u00fclgne ning saadaval erinevates suurustes ja v\u00e4rvides. \u00c4rge enam leppige ebamugava lugemiskogemusega \u2013 hankige oma kolmnurkne padi juba t\u00e4na!<\/p>","protected":false},"excerpt":{"rendered":"<ul>\n<li><strong>Optimaalne lugemistugi:<\/strong> See padi t\u00e4iustab lugemis- ja telerivaatamise kogemust, pakkudes tugevat tuge seljale ja kaelale.<\/li>\n<li><strong>Funktsionaalne peatsi alternatiiv:<\/strong> Ideaalne \u00fcli\u00f5pilastele ja teistele, kes otsivad dekoratiivset, kuid praktilist peatsilahendust.<\/li>\n<li><strong>Mitmek\u00fclgne kasutamine:<\/strong> Sobib igale voodisuurusele, t\u00e4iendab see ideaalselt p\u00e4evavoodit diivanina. Toimib ka narivoodi seljatoe v\u00f5i eraldiseisva peatsina.<\/li>\n<li><strong>Pestav disain:<\/strong> Eemaldatavate katted kinnitatud n\u00f6\u00f6pidega pesemise h\u00f5lbustamiseks, lisades nii funktsionaalsust kui ka stiili.<\/li>\n<li><strong>Kvaliteetne materjal:<\/strong> T\u00e4idetud suure tihedusega pol\u00fcuretaaniga, mis tagab suurep\u00e4rase seljatoe, t\u00e4iustab selle kangas oma visuaalselt atraktiivse disainiga iga sisekujundust.<\/li>\n<li><strong>Kangas:<\/strong> 100% pol\u00fcester samet.<\/li>\n<li><strong>Saadaval olevad suurused:<\/strong> 45cm (45*20*50cm | 0 n\u00f6\u00f6pi); 60cm (60*20*50cm | 0 n\u00f6\u00f6pi); 80cm (80*20*50cm | 2 n\u00f6\u00f6pi); 100cm (100*20*50cm | 3 n\u00f6\u00f6pi); 120cm (120*20*50cm | 4 n\u00f6\u00f6pi); 140cm (140*20*50cm | 4 n\u00f6\u00f6pi); 160cm (160*20*50cm | 5 n\u00f6\u00f6pi); 180cm (180*20*50cm | 6 n\u00f6\u00f6pi); 200cm (200*20*50cm | 7 n\u00f6\u00f6pi).<\/li>\n<\/ul>","protected":false},"featured_media":456,"comment_status":"open","ping_status":"closed","template":"","meta":[],"product_brand":[],"product_cat":[15],"product_tag":[101,117,116,54,115,111,118],"class_list":{"0":"post-457","1":"product","2":"type-product","3":"status-publish","4":"has-post-thumbnail","6":"product_cat-pillows","7":"product_tag-bunk-bed-backrest","8":"product_tag-daybed-backrest","9":"product_tag-functional-headboard-alternative","10":"product_tag-headboard-pillow","11":"product_tag-optimal-reading-support","12":"product_tag-reading-cushion","13":"product_tag-superior-back-support","15":"first","16":"instock","17":"featured","18":"shipping-taxable","19":"purchasable","20":"product-type-variable","21":"has-default-attributes"},"_links":{"self":[{"href":"https:\/\/www.livingpillow.com\/et\/wp-json\/wp\/v2\/product\/457","targetHints":{"allow":["GET"]}}],"collection":[{"href":"https:\/\/www.livingpillow.com\/et\/wp-json\/wp\/v2\/product"}],"about":[{"href":"https:\/\/www.livingpillow.com\/et\/wp-json\/wp\/v2\/types\/product"}],"replies":[{"embeddable":true,"href":"https:\/\/www.livingpillow.com\/et\/wp-json\/wp\/v2\/comments?post=457"}],"wp:featuredmedia":[{"embeddable":true,"href":"https:\/\/www.livingpillow.com\/et\/wp-json\/wp\/v2\/media\/456"}],"wp:attachment":[{"href":"https:\/\/www.livingpillow.com\/et\/wp-json\/wp\/v2\/media?parent=457"}],"wp:term":[{"taxonomy":"product_brand","embeddable":true,"href":"https:\/\/www.livingpillow.com\/et\/wp-json\/wp\/v2\/product_brand?post=457"},{"taxonomy":"product_cat","embeddable":true,"href":"https:\/\/www.livingpillow.com\/et\/wp-json\/wp\/v2\/product_cat?post=457"},{"taxonomy":"product_tag","embeddable":true,"href":"https:\/\/www.livingpillow.com\/et\/wp-json\/wp\/v2\/product_tag?post=457"}],"curies":[{"name":"wp","href":"https:\/\/api.w.org\/{rel}","templated":true}]}}