{"id":488,"date":"2024-02-23T05:44:00","date_gmt":"2024-02-23T05:44:00","guid":{"rendered":"https:\/\/www.livingpillow.com\/product\/bed-wedge-support-pillow"},"modified":"2026-03-03T01:22:19","modified_gmt":"2026-03-03T01:22:19","slug":"voodi-kiilutugipadi-lugemispadi-sametist-sugavsinine","status":"publish","type":"product","link":"https:\/\/www.livingpillow.com\/et\/product\/bed-wedge-support-pillow-reading-cushion-velvet-deep-blue","title":{"rendered":"Voodi kiilutugi-lugemispadi sametist s\u00fcgavsinine"},"content":{"rendered":"<p>Avasta ideaalne lugemis- ja l\u00f5\u00f5gastuskaaslane<\/p>\n<p>Kas oled v\u00e4sinud voodis v\u00f5i diivanil lugedes oma kaela ja selja pingutamisest? Kas sul on raskusi dekoratiivsete ja funktsionaalsete \u00fchiselamutoa aksessuaaride leidmisega? Meie mitmeotstarbeline kolmnurkne padi on lahendus. Saadaval erinevates suurustes alates 45 cm kuni 200 cm, see kolmnurkne padi pakub suurep\u00e4rast tuge nii l\u00f5\u00f5gastudes, \u00f5ppides kui ka oma lemmiksaateid vaadates.<\/p>\n<p>See pehmest ja sametisest 100% pol\u00fcesterkangast ning suure tihedusega pol\u00fcuretaant\u00e4idisega padi kohandub teie kehaga, pakkudes \u00fclimat mugavust. Kinnitatud n\u00f6\u00f6bid v\u00f5imaldavad teil kuju vastavalt vajadusele reguleerida. Stiilse v\u00e4limusega kolmnurkne padi sobib isegi alternatiivseks peatsiks, mis t\u00e4iendab teie \u00fchiselamu v\u00f5i magamistoa kujundust. <\/p>\n<p>Nagu \u00fcks rahul klient \u00fctles: \u201cMulle meeldib selle padja sametkanga pehme tunne. See muudab voodis lugemise palju mugavamaks ilma, et peaks k\u00f5vasid patju toetama.\u201d<\/p>\n<p>Teine kirjutas: \u201cSee kolmnurkne padi on palju stiilsem kui tavaline lugemispadi. Kasutan seda oma korteris peatsipeana, kuna mul pole p\u00e4ris padja jaoks ruumi.\u201d<\/p>\n<p>Oma mitmek\u00fclgsuse, kvaliteetsete materjalide ja eemaldatava, masinpestava katte t\u00f5ttu lihtsa hooldusega on see kolmnurkne padi h\u00e4davajalik aksessuaar paremaks l\u00f5\u00f5gastumiseks.<\/p>","protected":false},"excerpt":{"rendered":"<ul>\n<li><strong>Ideaalne lugemiseks:<\/strong> Pakub suurep\u00e4rast selja- ja kaelatuge mugavuse tagamiseks lugemise v\u00f5i teleka vaatamise ajal.<\/li>\n<li><strong>Peatsi alternatiiv:<\/strong> V\u00f5ib olla dekoratiivne ja funktsionaalne peatsipea, eriti \u00fcli\u00f5pilastele.<\/li>\n<li><strong>Mitmeotstarbeline:<\/strong> Saadaval erinevates suurustes tavaliste voodite ja p\u00e4evavoodite jaoks; saab kasutada ka narivoodi seljatoe v\u00f5i peatsina.<\/li>\n<li><strong>Lihtne hooldus:<\/strong> Kinnitatud n\u00f6\u00f6bid v\u00f5imaldavad d\u00fcnaamilist kuju ja eemaldatavat katet h\u00f5lpsaks pesemiseks.<\/li>\n<li><strong>Kvaliteetne ehitus:<\/strong> Suure tihedusega pol\u00fcuretaant\u00e4idis pakub suurep\u00e4rast seljatuge, samas kui vastupidav kangas t\u00e4iendab sisekujundust.<\/li>\n<li><strong>Kangas:<\/strong> Pehme ja sametine 100% pol\u00fcester.<\/li>\n<li><strong>Suurus:<\/strong> 45cm (45*20*50cm | 0 n\u00f6\u00f6pi); 60cm (60*20*50cm | 0 n\u00f6\u00f6pi); 80cm (80*20*50cm | 2 n\u00f6\u00f6pi); 100cm (100*20*50cm | 3 n\u00f6\u00f6pi); 120cm (120*20*50cm | 4 n\u00f6\u00f6pi); 140cm (140*20*50cm | 4 n\u00f6\u00f6pi); 160cm (160*20*50cm | 5 n\u00f6\u00f6pi); 180cm (180*20*50cm | 6 n\u00f6\u00f6pi); 200cm (200*20*50cm | 7 n\u00f6\u00f6pi).<\/li>\n<\/ul>","protected":false},"featured_media":487,"comment_status":"open","ping_status":"closed","template":"","meta":[],"product_brand":[],"product_cat":[15],"product_tag":[114,113,110,101,98,112,111],"class_list":{"0":"post-488","1":"product","2":"type-product","3":"status-publish","4":"has-post-thumbnail","6":"product_cat-pillows","7":"product_tag-alternative-to-headboard","8":"product_tag-back-and-neck-support","9":"product_tag-bed-wedge-support-pillow","10":"product_tag-bunk-bed-backrest","11":"product_tag-decorative-headboard","12":"product_tag-perfect-for-reading","13":"product_tag-reading-cushion","15":"first","16":"instock","17":"shipping-taxable","18":"purchasable","19":"product-type-variable","20":"has-default-attributes"},"_links":{"self":[{"href":"https:\/\/www.livingpillow.com\/et\/wp-json\/wp\/v2\/product\/488","targetHints":{"allow":["GET"]}}],"collection":[{"href":"https:\/\/www.livingpillow.com\/et\/wp-json\/wp\/v2\/product"}],"about":[{"href":"https:\/\/www.livingpillow.com\/et\/wp-json\/wp\/v2\/types\/product"}],"replies":[{"embeddable":true,"href":"https:\/\/www.livingpillow.com\/et\/wp-json\/wp\/v2\/comments?post=488"}],"wp:featuredmedia":[{"embeddable":true,"href":"https:\/\/www.livingpillow.com\/et\/wp-json\/wp\/v2\/media\/487"}],"wp:attachment":[{"href":"https:\/\/www.livingpillow.com\/et\/wp-json\/wp\/v2\/media?parent=488"}],"wp:term":[{"taxonomy":"product_brand","embeddable":true,"href":"https:\/\/www.livingpillow.com\/et\/wp-json\/wp\/v2\/product_brand?post=488"},{"taxonomy":"product_cat","embeddable":true,"href":"https:\/\/www.livingpillow.com\/et\/wp-json\/wp\/v2\/product_cat?post=488"},{"taxonomy":"product_tag","embeddable":true,"href":"https:\/\/www.livingpillow.com\/et\/wp-json\/wp\/v2\/product_tag?post=488"}],"curies":[{"name":"wp","href":"https:\/\/api.w.org\/{rel}","templated":true}]}}