{"id":576,"date":"2024-02-23T09:26:09","date_gmt":"2024-02-23T09:26:09","guid":{"rendered":"https:\/\/www.livingpillow.com\/product\/large-back-support-pillow"},"modified":"2026-03-03T01:22:42","modified_gmt":"2026-03-03T01:22:42","slug":"suur-seljatoe-padi-kiilukujuline-peatsipadi-sametist-tsuaan","status":"publish","type":"product","link":"https:\/\/www.livingpillow.com\/et\/product\/big-back-support-pillow-wedge-headboard-cushion-velvet-cyan","title":{"rendered":"Suur seljatoe padi kiilukujuline peatsipadi sametist ts\u00fcaanhall"},"content":{"rendered":"<p><strong>Nautige mugavust ja stiili meie mitmek\u00fclgse lugemispadjaga<\/strong><\/p>\n<p>Kas oled v\u00e4sinud voodis lugedes kaela v\u00f5i selja pingutamisest? Tutvustame meie erakordset lugemispatja, mis on loodud pakkuma enneolematut tuge ja mugavust k\u00f5igi unetegevuste ajal.<\/p>\n<p><strong>Ideaalne lugemiseks ja muuks<\/strong><\/p>\n<p>Olenemata sellest, kas oled raamatukoi v\u00f5i innukas telekavaataja, pakub meie padi ideaalset seljatuge, mis muudab lugemis- v\u00f5i telerivaatamiskogemuse imelihtsaks. See pakub suurep\u00e4rast selja- ja kaelatuge, tagades mugava ja l\u00f5dvestunud tunde tundideks.<\/p>\n<p><strong>Mitmek\u00fclgne ja funktsionaalne<\/strong><\/p>\n<p>Lisaks oma p\u00f5hifunktsioonile on see mitmek\u00fclgne padi ka stiilne ja funktsionaalne peatsipea. \u00dcli\u00f5pilased hindavad selle ruumis\u00e4\u00e4stlikku disaini, samas kui majaomanikud saavad igale magamistoale elegantsi lisada.<\/p>\n<p><strong>Mitmeotstarbeline kasutamine<\/strong><\/p>\n<p>Selle mitmek\u00fclgsus pakub mitmesuguseid kasutusv\u00f5imalusi. Kasutage seda diivanina p\u00e4evavoodil, seljatoena narivoodil v\u00f5i peatsitoena iga suurusega voodil. Meie padi on saadaval laias valikus suurustes, et rahuldada k\u00f5ik teie vajadused.<\/p>\n<p><strong>Vaevatu hooldus<\/strong><\/p>\n<p>Padja v\u00e4rske ja puhtana hoidmine on imelihtne. Selle kinnitatud n\u00f6\u00f6bid v\u00f5imaldavad katte lihtsat eemaldamist, muutes selle masinpestavaks.<\/p>\n<p><strong>Kvaliteetsed materjalid<\/strong><\/p>\n<p>Meie lugemispadi on valmistatud suure tihedusega pol\u00fcuretaant\u00e4idisega, mis pakub teie seljale erakordset tuge. Luksuslik sametkangas lisab teie kodukujundusele elegantsi, luues hubase ja kutsuva atmosf\u00e4\u00e4ri.<\/p>\n<p><strong>Klientide iseloomustused<\/strong><\/p>\n<p>\u201cSee padi sobib ideaalselt voodis lugemiseks! See on nii mugav ja toetav.\u201d \u2013 Maria S.<\/p>\n<p>\u201cMulle meeldib seda oma \u00fcli\u00f5pilaselamus peatsilauana kasutada. See on nii stiilne kui ka funktsionaalne.\u201d \u2013 Emily J.<\/p>\n<p><strong>Suurused ja spetsifikatsioonid<\/strong><\/p>\n<p>45cm (45*20*50cm | 0 n\u00f6\u00f6pi)<br \/>\n60cm (60*20*50cm | 0 n\u00f6\u00f6pi)<br \/>\n80cm (80*20*50cm | 2 n\u00f6\u00f6pi)<br \/>\n100 cm (100 * 20 * 50 cm | 3 n\u00f6\u00f6pi)<br \/>\n120 cm (120 * 20 * 50 cm | 4 n\u00f6\u00f6pi)<br \/>\n140 cm (140 * 20 * 50 cm | 4 n\u00f6\u00f6pi)<br \/>\n160cm (160*20*50cm | 5 n\u00f6\u00f6pi)<br \/>\n180cm (180*20*50cm | 6 n\u00f6\u00f6pi)<br \/>\n200 cm (200 * 20 * 50 cm | 7 n\u00f6\u00f6pi)<\/p>\n<p><strong>Kangas: 100% pol\u00fcester samet<\/strong><\/p>\n<p>Muutke oma uneaja rutiini meie lugemispadjaga ja kogege \u00fclimat mugavust ja tuge. Tellige endale juba t\u00e4na ja viige oma lugemis-, vaatamis- v\u00f5i l\u00f5\u00f5gastuskogemus uutesse k\u00f5rgustesse!<\/p>","protected":false},"excerpt":{"rendered":"<ul>\n<li><strong>IDEAALNE VOODIS LUGEMISEKS:<\/strong> See lugemispadi pakub suurep\u00e4rast selja- ja kaelatuge, mist\u00f5ttu on see ideaalne valik voodis lugemiseks ja teleka vaatamiseks.<\/li>\n<li><strong>ALTERNATIIVNE PEATSI:<\/strong> See padi on ka suurep\u00e4rane dekoratiivne ja funktsionaalne peatsiots, eriti \u00fcli\u00f5pilastele.<\/li>\n<li><strong>MITMEOTSTARBELINE:<\/strong> Meie patja on saadaval mitmes suuruses ja seda saab kasutada mitte ainult seljatoena tavalistes voodites, vaid ka diivanina p\u00e4evavoodil, seljatoena narivoodil ja peatsina igas voodis.<\/li>\n<li><strong>LIHTNE PESTADA:<\/strong> Kinnitatud n\u00f6\u00f6bid mitte ainult ei loo d\u00fcnaamilist kuju, vaid muudavad katte ka eemaldatavaks ja kergesti pestavaks.<\/li>\n<li><strong>KVALITEETNE MATERJAL:<\/strong> Meie seljatoepadi on t\u00e4idetud suure tihedusega pol\u00fcuretaaniga, mis pakub teie seljale suurep\u00e4rast tuge. Sametkangas lisab teie interj\u00f6\u00f6rile ka elegantsi.<\/li>\n<li><strong>Kangas:<\/strong> 100% pol\u00fcester samet.<\/li>\n<li><strong>Suurus:<\/strong> 45cm (45*20*50cm | 0 n\u00f6\u00f6pi); 60cm (60*20*50cm | 0 n\u00f6\u00f6pi); 80cm (80*20*50cm | 2 n\u00f6\u00f6pi); 100cm (100*20*50cm | 3 n\u00f6\u00f6pi); 120cm (120*20*50cm | 4 n\u00f6\u00f6pi); 140cm (140*20*50cm | 4 n\u00f6\u00f6pi); 160cm (160*20*50cm | 5 n\u00f6\u00f6pi); 180cm (180*20*50cm | 6 n\u00f6\u00f6pi); 200cm (200*20*50cm | 7 n\u00f6\u00f6pi).<\/li>\n<\/ul>","protected":false},"featured_media":575,"comment_status":"open","ping_status":"closed","template":"","meta":[],"product_brand":[],"product_cat":[15],"product_tag":[66,106,102,70,107,105,74,98,108,109,91,81,53,104,55,103],"class_list":{"0":"post-576","1":"product","2":"type-product","3":"status-publish","4":"has-post-thumbnail","6":"product_cat-pillows","7":"product_tag-back-support-pillow","8":"product_tag-bed-rest-pillow","9":"product_tag-big-back-support-pillow","10":"product_tag-bunk-bed-pillow","11":"product_tag-college-headboard","12":"product_tag-cyan-headboard","13":"product_tag-daybed-pillow","14":"product_tag-decorative-headboard","15":"product_tag-easy-wash-pillow","16":"product_tag-high-density-polyurethane-pillow","17":"product_tag-multipurpose-pillow","18":"product_tag-neck-support-pillow","19":"product_tag-reading-pillow","20":"product_tag-velvet-cushion","21":"product_tag-velvet-pillow","22":"product_tag-wedge-headboard-cushion","24":"first","25":"instock","26":"featured","27":"shipping-taxable","28":"purchasable","29":"product-type-variable","30":"has-default-attributes"},"_links":{"self":[{"href":"https:\/\/www.livingpillow.com\/et\/wp-json\/wp\/v2\/product\/576","targetHints":{"allow":["GET"]}}],"collection":[{"href":"https:\/\/www.livingpillow.com\/et\/wp-json\/wp\/v2\/product"}],"about":[{"href":"https:\/\/www.livingpillow.com\/et\/wp-json\/wp\/v2\/types\/product"}],"replies":[{"embeddable":true,"href":"https:\/\/www.livingpillow.com\/et\/wp-json\/wp\/v2\/comments?post=576"}],"wp:featuredmedia":[{"embeddable":true,"href":"https:\/\/www.livingpillow.com\/et\/wp-json\/wp\/v2\/media\/575"}],"wp:attachment":[{"href":"https:\/\/www.livingpillow.com\/et\/wp-json\/wp\/v2\/media?parent=576"}],"wp:term":[{"taxonomy":"product_brand","embeddable":true,"href":"https:\/\/www.livingpillow.com\/et\/wp-json\/wp\/v2\/product_brand?post=576"},{"taxonomy":"product_cat","embeddable":true,"href":"https:\/\/www.livingpillow.com\/et\/wp-json\/wp\/v2\/product_cat?post=576"},{"taxonomy":"product_tag","embeddable":true,"href":"https:\/\/www.livingpillow.com\/et\/wp-json\/wp\/v2\/product_tag?post=576"}],"curies":[{"name":"wp","href":"https:\/\/api.w.org\/{rel}","templated":true}]}}