{"id":63,"date":"2024-02-22T06:31:12","date_gmt":"2024-02-22T06:31:12","guid":{"rendered":"https:\/\/www.livingpillow.com\/product\/back-pillow-for-sleeping"},"modified":"2026-03-11T05:10:28","modified_gmt":"2026-03-11T05:10:28","slug":"seljatoe-padi-magamiseks-suur-kiilukujuline-padi-linane-lilla","status":"publish","type":"product","link":"https:\/\/www.livingpillow.com\/et\/product\/back-pillow-for-sleeping-big-wedge-cushion-linen-purple","title":{"rendered":"Seljatoe padi magamiseks, suur kiilukujuline padi, lilla"},"content":{"rendered":"<p>Avastage seljatoe padjaga magamiseks \u00fclim seljatugi<\/p>\n<p>Kui sulle meeldib voodis lugeda v\u00f5i telekat vaadata, aga sul on raskusi mugava asendi leidmisega, on seljatoepadi magamiseks lahendus. Saadaval erinevates suurustes alates 100 cm kuni 200 cm ning see suur kiilukujuline padi pakub t\u00e4nu ergonoomilisele kolmnurksele disainile suurep\u00e4rast selja- ja kaelatuge. <\/p>\n<p>K\u00f5rge tihedusega pol\u00fcuretaanist valmistatud ja pehme, hingava kangaga kaetud seljatoepadi kohandub ideaalselt teie kehaga, pakkudes maksimaalset mugavust. Eemaldataval kattel on n\u00f6\u00f6bid, mida on lihtne eemaldada ja masinpesta.  <\/p>\n<p>See mitmek\u00fclgne padi pole lihtsalt seljatugi, vaid toimib ka atraktiivse peatsina, mis on eriti praktiline \u00fcli\u00f5pilaskodudes. Seda saab kasutada isegi peatsipadjana, et lapsed voodist v\u00e4lja ei kukuks. See sobib ideaalselt ka p\u00e4evavooditele, narivooditele, haagissuvilatele ja haagissuvilatele. <\/p>\n<p>Kliendid kiidavad seljatoepadja mugavust ja mitmek\u00fclgsust:<\/p>\n<p>\u201cMulle meeldib voodis lugeda, aga ma ei leia kunagi mugavat asendit. See seljatoepadi muudab k\u00f5ike! Mu selg on nii toetatud ja ma ei hakka isegi p\u00e4rast tundidepikkust lugemist valutama.\u201d<\/p>\n<p>\u201cMuutsime oma k\u00fclalistetoa ajutiseks meediatoaks ja see seljatoepadi sobib ideaalselt filmi\u00f5htuteks! Kogu pere saab seal mugavalt l\u00f5\u00f5gastuda.\u201d <\/p>\n<p>\u201cOstsin oma matkaautole 200 cm padja. See t\u00e4idab kogu tagumise magamisala ja muudab mu autos\u00f5idud palju hubasemaks.\u201d<\/p>\n<p>\u201cSee armas v\u00e4ike seljatoepadi hoiab mu v\u00e4ikelast narivoodist v\u00e4lja veeremast. Lisaks n\u00e4eb kangas tema kosmoseteemaliste linadega nii armas v\u00e4lja!\u201d<\/p>\n<p>Seljatoepadi magamiseks, mille suurused sobivad igale voodile ja otstarbele, pakub multifunktsionaalset mugavust ja stiili. Anna oma seljale, kaelale ja sisustusele turgutust juba t\u00e4na!<\/p>","protected":false},"excerpt":{"rendered":"<ul>\n<li><strong>Ideaalne lugemiseks ja teleri vaatamiseks:<\/strong> Pakub suurep\u00e4rast selja- ja kaelatuge maksimaalse mugavuse tagamiseks lugemise v\u00f5i teleka vaatamise ajal.<\/li>\n<li><strong>Mitmek\u00fclgne peatsiplaat:<\/strong> Ideaalne dekoratiivse ja funktsionaalse peatsi jaoks, eriti \u00fcli\u00f5pilastele.<\/li>\n<li><strong>Mitmeotstarbeline:<\/strong> Saadaval erinevates suurustes tavaliste voodite, p\u00e4evavoodite, narivoodite ja haagissuvilate\/haagissuvilate jaoks. V\u00f5ib kasutada ka lastele m\u00f5eldud p\u00f5rkerauapadjana.<\/li>\n<li><strong>Lihtne puhastada:<\/strong> Eemaldatav ja pestav kate t\u00e4nu kinnitatud n\u00f6\u00f6pidele.<\/li>\n<li><strong>Kvaliteetsed materjalid:<\/strong> T\u00e4idetud suure tihedusega pol\u00fcuretaaniga suurep\u00e4rase seljatoe tagamiseks ja kaetud visuaalselt meeldiva kangaga, mis sobib iga sisekujundusega.<\/li>\n<li><strong>Suurus:<\/strong> 100cm (P100 x L26 x K55 | 3 veeruga nupud), 120cm (P120 x L26 x K55 | 4 veeruga nupud), 140cm (P140 x L26 x K55 | 4 veeruga nupud), 160cm (P160 x L26 x K55 | 5 veeruga nupud), 180cm (P180 x L26 x K55 | 6 veeruga nupud), 200cm (P200 x L26 x K55 | 7 veeruga nupud).<\/li>\n<\/ul>","protected":false},"featured_media":62,"comment_status":"open","ping_status":"closed","template":"","meta":[],"product_brand":[],"product_cat":[15],"product_tag":[164,82,84,70,170,74,98,58,91,166,53,168,165,169,134,167],"class_list":{"0":"post-63","1":"product","2":"type-product","3":"status-publish","4":"has-post-thumbnail","6":"product_cat-pillows","7":"product_tag-back-pillow","8":"product_tag-big-wedge-cushion","9":"product_tag-bumper-pillow","10":"product_tag-bunk-bed-pillow","11":"product_tag-child-pillow","12":"product_tag-daybed-pillow","13":"product_tag-decorative-headboard","14":"product_tag-linen-pillow","15":"product_tag-multipurpose-pillow","16":"product_tag-purple-cushion","17":"product_tag-reading-pillow","18":"product_tag-rv-pillow","19":"product_tag-sleeping-pillow","20":"product_tag-trailer-pillow","21":"product_tag-versatile-headboard","22":"product_tag-watching-tv-pillow","24":"first","25":"instock","26":"featured","27":"shipping-taxable","28":"purchasable","29":"product-type-variable","30":"has-default-attributes"},"_links":{"self":[{"href":"https:\/\/www.livingpillow.com\/et\/wp-json\/wp\/v2\/product\/63","targetHints":{"allow":["GET"]}}],"collection":[{"href":"https:\/\/www.livingpillow.com\/et\/wp-json\/wp\/v2\/product"}],"about":[{"href":"https:\/\/www.livingpillow.com\/et\/wp-json\/wp\/v2\/types\/product"}],"replies":[{"embeddable":true,"href":"https:\/\/www.livingpillow.com\/et\/wp-json\/wp\/v2\/comments?post=63"}],"wp:featuredmedia":[{"embeddable":true,"href":"https:\/\/www.livingpillow.com\/et\/wp-json\/wp\/v2\/media\/62"}],"wp:attachment":[{"href":"https:\/\/www.livingpillow.com\/et\/wp-json\/wp\/v2\/media?parent=63"}],"wp:term":[{"taxonomy":"product_brand","embeddable":true,"href":"https:\/\/www.livingpillow.com\/et\/wp-json\/wp\/v2\/product_brand?post=63"},{"taxonomy":"product_cat","embeddable":true,"href":"https:\/\/www.livingpillow.com\/et\/wp-json\/wp\/v2\/product_cat?post=63"},{"taxonomy":"product_tag","embeddable":true,"href":"https:\/\/www.livingpillow.com\/et\/wp-json\/wp\/v2\/product_tag?post=63"}],"curies":[{"name":"wp","href":"https:\/\/api.w.org\/{rel}","templated":true}]}}