{"id":630,"date":"2024-02-23T10:37:34","date_gmt":"2024-02-23T10:37:34","guid":{"rendered":"https:\/\/www.livingpillow.com\/product\/headboard-pillow"},"modified":"2026-03-11T05:10:20","modified_gmt":"2026-03-11T05:10:20","slug":"peatsipea-padi-suur-kiilukujuline-padi-lina-hall","status":"publish","type":"product","link":"https:\/\/www.livingpillow.com\/et\/product\/headboard-pillow-big-wedge-bolster-cushion-linen-grey","title":{"rendered":"Peatsipea padi, suur kiilukujuline polster, hall"},"content":{"rendered":"<p><strong>Suurenda oma mugavust mitmek\u00fclgse lugemispadjaga<\/strong><\/p>\n<p>Nautige \u00fclimat l\u00f5\u00f5gastuskogemust meie esmaklassilise lugemispadjaga, mis on loodud pakkuma suurep\u00e4rast selja- ja kaelatuge maksimaalse mugavuse tagamiseks lugemise, teleka vaatamise v\u00f5i lihtsalt l\u00f5\u00f5gastumise ajal. Selle mitmek\u00fclgsus ulatub kaugemale selle p\u00f5hieesm\u00e4rgist, muutes selle asendamatuks kaaslaseks erinevates olukordades.<\/p>\n<p><strong>Kohandatav mugavus k\u00f5igile<\/strong><\/p>\n<p>Olenemata sellest, kas oled voodis m\u00f5nusalt kaisus v\u00f5i diivanil l\u00f5\u00f5gastud, meie lugemispadi on saadaval erinevates suurustes, et rahuldada sinu vajadusi. Tavalistest vooditest p\u00e4evavooditeni ja isegi lastele m\u00f5eldud pehmendusega padjadeni \u2013 see padi kohandub igasse ruumi. Selle ainulaadne disain v\u00f5imaldab sul seda vastavalt soovitud tugitasemele vormida, tagades igale kasutajale optimaalse mugavuse.<\/p>\n<p><strong>Mitmek\u00fclgne ja funktsionaalne alternatiiv<\/strong><\/p>\n<p>Lisaks lugemiskaaslase rollile toimib meie padi ka stiilse ja funktsionaalse peatsina. See muudab iga voodi vaevata hubaseks oaasiks, lisades teie tuppa v\u00f5lu ja isikup\u00e4ra. Selle dekoratiivne v\u00e4limus teeb sellest suurep\u00e4rase valiku \u00fcli\u00f5pilastele ja k\u00f5igile, kes soovivad oma magamistoa sisustust uuendada.<\/p>\n<p><strong>Kvaliteetsed materjalid vastupidavuse ja toe tagamiseks<\/strong><\/p>\n<p>Kogege meie lugemispadja erakordset kvaliteeti, mis on hoolikalt valmistatud suure tihedusega pol\u00fcuretaant\u00e4idisega, mis pakub vankumatut seljatuge. Laitmatu v\u00e4limuse tagamiseks on eemaldatav kate mugavalt masinpestav.<\/p>\n<p><strong>Rahulolevate klientide positiivsed soovitused<\/strong><\/p>\n<p>Meie kliendid kiidavad meie lugemispadja erakordset mugavust ja mitmek\u00fclgsust. \u00dcks arvustaja m\u00e4rgib: \u201cSee padi on muutnud mu voodi hubaseks lugemisnurgaks. See pakub ideaalset tuge mu seljale ja kaelale, mist\u00f5ttu on lihtne end kerra t\u00f5mmata ja heasse raamatusse sukelduda.\u201d<\/p>\n<p>Teine rahulolev klient on vaimustuses: \u201cMulle meeldib, et seda patja saab kasutada nii paljude erinevate asjade jaoks. See on minu p\u00e4evavoodi jaoks ideaalse suurusega ja see sobib ka mugavaks peatsiks minu matkaautosse. Kangas on pehme ja stiilne ning sobib ideaalselt minu sisekujundusega.\u201d<\/p>\n<p>Nautige \u00fclimat l\u00f5\u00f5gastust ja mugavust meie mitmeotstarbelise lugemispadjaga. Selle erakordne kvaliteet, mitmek\u00fclgsus ja positiivne klientide tagasiside muudavad selle asendamatuks t\u00e4ienduseks igale kodule.<\/p>","protected":false},"excerpt":{"rendered":"<ul>\n<li>IDEAALNE VOODIS LUGEMISEKS: See lugemispadi pakub suurep\u00e4rast selja- ja kaelatuge maksimaalse mugavuse tagamiseks lugemise ja teleka vaatamise ajal.<\/li>\n<li>ALTERNATIIVNE PEATSI: Paljud inimesed, eriti \u00fcli\u00f5pilased, leiavad, et padi sobib ideaalselt peatsiks, nii dekoratiivseks kui ka funktsionaalseks.<\/li>\n<li>MITMEOTSTARBELINE: Pakume igas suuruses patju tavalistele vooditele, samas kui kuningasuuruses padi sobib ideaalselt p\u00e4evavoodile, v\u00f5imaldades seda kasutada ka diivanina. Muude kasutusv\u00f5imaluste hulka kuuluvad lastele m\u00f5eldud p\u00f5rkerauapadi, narivoodi seljatoepadi ja haagissuvilate ja -autode peatsipadi.<\/li>\n<li>LIHTNE PESTADA: Kinnitatud n\u00f6\u00f6bid mitte ainult ei loo d\u00fcnaamilist padjakuju, vaid muudavad ka katte eemaldatavaks ja pestavaks.<\/li>\n<li>KVALITEETNE MATERJAL: Seljatoe padi on t\u00e4idetud suure tihedusega pol\u00fcuretaant\u00e4idisega, mis pakub suurep\u00e4rast seljatuge. Kiilpatjade kangal on hea visuaalne efekt, mis sobib teie sisekujundusega.<\/li>\n<li>Suurus: 45cm (45*20*50cm | 0 n\u00f6\u00f6pi); 60cm (60*20*50cm | 0 n\u00f6\u00f6pi); 80cm (80*20*50cm | 2 n\u00f6\u00f6pi); 100cm (100*20*50cm | 3 n\u00f6\u00f6pi); 120cm (120*20*50cm | 4 n\u00f6\u00f6pi); 140cm (140*20*50cm | 4 n\u00f6\u00f6pi); 160cm (160*20*50cm | 5 n\u00f6\u00f6pi); 180cm (180*20*50cm | 6 n\u00f6\u00f6pi); 200cm (200*20*50cm | 7 n\u00f6\u00f6pi).<\/li>\n<\/ul>","protected":false},"featured_media":629,"comment_status":"open","ping_status":"closed","template":"","meta":[],"product_brand":[],"product_cat":[15],"product_tag":[66,96,84,98,97,54,53,87,69],"class_list":{"0":"post-630","1":"product","2":"type-product","3":"status-publish","4":"has-post-thumbnail","6":"product_cat-pillows","7":"product_tag-back-support-pillow","8":"product_tag-bolster-cushion","9":"product_tag-bumper-pillow","10":"product_tag-decorative-headboard","11":"product_tag-functional-headboard","12":"product_tag-headboard-pillow","13":"product_tag-reading-pillow","14":"product_tag-trailer-headboard","15":"product_tag-wedge-pillow","17":"first","18":"instock","19":"featured","20":"shipping-taxable","21":"purchasable","22":"product-type-variable","23":"has-default-attributes"},"_links":{"self":[{"href":"https:\/\/www.livingpillow.com\/et\/wp-json\/wp\/v2\/product\/630","targetHints":{"allow":["GET"]}}],"collection":[{"href":"https:\/\/www.livingpillow.com\/et\/wp-json\/wp\/v2\/product"}],"about":[{"href":"https:\/\/www.livingpillow.com\/et\/wp-json\/wp\/v2\/types\/product"}],"replies":[{"embeddable":true,"href":"https:\/\/www.livingpillow.com\/et\/wp-json\/wp\/v2\/comments?post=630"}],"wp:featuredmedia":[{"embeddable":true,"href":"https:\/\/www.livingpillow.com\/et\/wp-json\/wp\/v2\/media\/629"}],"wp:attachment":[{"href":"https:\/\/www.livingpillow.com\/et\/wp-json\/wp\/v2\/media?parent=630"}],"wp:term":[{"taxonomy":"product_brand","embeddable":true,"href":"https:\/\/www.livingpillow.com\/et\/wp-json\/wp\/v2\/product_brand?post=630"},{"taxonomy":"product_cat","embeddable":true,"href":"https:\/\/www.livingpillow.com\/et\/wp-json\/wp\/v2\/product_cat?post=630"},{"taxonomy":"product_tag","embeddable":true,"href":"https:\/\/www.livingpillow.com\/et\/wp-json\/wp\/v2\/product_tag?post=630"}],"curies":[{"name":"wp","href":"https:\/\/api.w.org\/{rel}","templated":true}]}}