{"id":658,"date":"2024-02-23T13:50:30","date_gmt":"2024-02-23T13:50:30","guid":{"rendered":"https:\/\/www.livingpillow.com\/product\/large-wedge-pillow"},"modified":"2026-03-11T05:10:20","modified_gmt":"2026-03-11T05:10:20","slug":"suur-kiilpadi-suur-voodi-lugemispadi-linane-kollane","status":"publish","type":"product","link":"https:\/\/www.livingpillow.com\/et\/product\/large-wedge-pillow-big-bed-reading-cushion-linen-yellow","title":{"rendered":"Suur kiilukujuline padi, suur voodi lugemispadi, kollane"},"content":{"rendered":"<p><strong>\u00dclim seljatugi ja stiil: tutvume meie mitmek\u00fclgse kolmnurkse lugemispadjaga<\/strong><\/p>\n<p>Kas otsid hubast ja stiilset viisi oma lugemis- v\u00f5i telekavaatamise kogemuse t\u00e4iustamiseks? Meie esmaklassiline kolmnurkne lugemispadi on just see, mida otsid!<\/p>\n<p><strong>Lohutus, mis \u00fcmbritseb<\/strong><\/p>\n<p>Meie lugemispadi pakub v\u00f5rratut selja- ja kaelatuge, luues hubase nurga maksimaalse mugavuse tagamiseks. Sukeldu selle pehmesse t\u00e4idisesse ja lase k\u00f5igil muredel sulada, kui sukeldud kaasahaaravasse raamatusse v\u00f5i vaatad oma lemmiksaateid.<\/p>\n<p><strong>Mitmek\u00fclgne ja praktiline<\/strong><\/p>\n<p>Lisaks oma p\u00f5hifunktsioonile pakub meie mitmek\u00fclgne padi ka mitmeid lisakasutusv\u00f5imalusi:<\/p>\n<p><strong>Peatsi alternatiiv:<\/strong> Ideaalne \u00fcli\u00f5pilastele ja teistele, lisades teie voodile dekoratiivse ja praktilise ilme.<br \/>\n<strong>Mitmeotstarbeline padi:<\/strong> Saadaval k\u00f5ikides tavalistes voodisuurustes, sh kuningasuuruses voodis, mis toimib ka mugava diivanina.<br \/>\n<strong>P\u00f5rkeraud ja voodi seljatugi:<\/strong> Kaitse oma pisikesi l\u00f6\u00f6kide eest ja loo neile turvaline ja toetav ruum.<br \/>\n<strong>Haagissuvila ja haagise peatsiplaat:<\/strong> Suurendage oma matkaauto v\u00f5i haagise mugavust stiilse ja praktilise peatsiga.<\/p>\n<p><strong>Lihtne hooldada ja kauakestev<\/strong><\/p>\n<p>Me m\u00f5istame, et mugavus on v\u00f5tmet\u00e4htsusega. Seet\u00f5ttu on meie padjal kinnitatud n\u00f6\u00f6bid, mis mitte ainult ei t\u00e4iusta selle stiili, vaid muudavad ka katte eemaldatavaks ja kergesti pestavaks. Selle kvaliteetne pol\u00fcuretaanist t\u00e4iteaine tagab suurep\u00e4rase seljatoe ja pikaealisuse.<\/p>\n<p><strong>Vali oma ideaalne suurus<\/strong><\/p>\n<p>Meie kolmnurkne lugemispadi on saadaval erinevates suurustes, et rahuldada teie vajadusi:<\/p>\n<p>0 n\u00f6\u00f6pi: 45 cm, 60 cm<br \/>\n2 n\u00f6\u00f6pi: 80 cm<br \/>\n3 nuppu: 100 cm<br \/>\n4 n\u00f6\u00f6pi: 120 cm, 140 cm<br \/>\n5 n\u00f6\u00f6pi: 160 cm<br \/>\n6 n\u00f6\u00f6pi: 180 cm<br \/>\n7 n\u00f6\u00f6pi: 200 cm<\/p>\n<p><strong>Kliendi poolt heaks kiidetud mugavus<\/strong><\/p>\n<p>Meie kliendid kiidavad meie kolmnurkse lugemispadja v\u00f5rratut mugavust. See on saanud \u00fcle 150 positiivse arvustuse ning on pidevalt saanud kiitust oma mitmek\u00fclgsuse, toe ja stiilse disaini eest.<\/p>\n<p><strong>T\u00f5sta oma lugemis- ja l\u00f5\u00f5gastuskogemust juba t\u00e4na k\u00f5rgemale<\/strong><\/p>\n<p>Muutke oma lugemis- ja l\u00f5\u00f5gastusrutiini meie kolmnurkse lugemispadja \u00fclima mugavuse ja stiiliga. Tellige kohe ja kogege toe ja keerukuse \u00f5ndsat embust!<\/p>","protected":false},"excerpt":{"rendered":"<ul>\n<li><strong>Ideaalne lugemiseks ja teleri vaatamiseks:<\/strong>\u00a0Pakub suurep\u00e4rast selja- ja kaelatuge maksimaalse mugavuse tagamiseks voodis lugedes v\u00f5i telekat vaadates.<\/li>\n<li><strong>Alternatiiv peatsilauana:<\/strong>\u00a0Ideaalne \u00fcli\u00f5pilastele ja teistele, padi saab kasutada dekoratiivse ja funktsionaalse peatsilauana.<\/li>\n<li><strong>Mitmeotstarbeline:<\/strong>\u00a0Saadaval igas suuruses tavaliste voodite jaoks, kuningasuuruses voodi sobib ideaalselt p\u00e4evavoodile ja seda saab kasutada ka diivanina. Muude kasutusv\u00f5imaluste hulka kuuluvad laste p\u00f5rkerauapadjad, narivoodi seljatoed ning haagissuvilate ja -haagissuvilate peatsid.<\/li>\n<li><strong>Lihtne pesta:<\/strong>\u00a0Kinnitatud n\u00f6\u00f6bid lisavad stiili, muutes katte samal ajal eemaldatavaks ja pestavaks.<\/li>\n<li><strong>Kvaliteetne materjal:<\/strong>\u00a0T\u00e4idetud suure tihedusega pol\u00fcuretaanist t\u00e4iteainega suurep\u00e4rase seljatoe tagamiseks. Kangal on suurep\u00e4rane visuaalne efekt, mis sobib iga sisekujundusega.<\/li>\n<li><strong>Suurus:<\/strong> 45cm (45*20*50cm | 0 n\u00f6\u00f6pi); 60cm (60*20*50cm | 0 n\u00f6\u00f6pi); 80cm (80*20*50cm | 2 n\u00f6\u00f6pi); 100cm (100*20*50cm | 3 n\u00f6\u00f6pi); 120cm (120*20*50cm | 4 n\u00f6\u00f6pi); 140cm (140*20*50cm | 4 n\u00f6\u00f6pi); 160cm (160*20*50cm | 5 n\u00f6\u00f6pi); 180cm (180*20*50cm | 6 n\u00f6\u00f6pi); 200cm (200*20*50cm | 7 n\u00f6\u00f6pi).<\/li>\n<\/ul>","protected":false},"featured_media":657,"comment_status":"open","ping_status":"closed","template":"","meta":[],"product_brand":[],"product_cat":[15],"product_tag":[66,92,93,95,74,59,87,94],"class_list":{"0":"post-658","1":"product","2":"type-product","3":"status-publish","4":"has-post-thumbnail","6":"product_cat-pillows","7":"product_tag-back-support-pillow","8":"product_tag-big-bed-reading-cushion","9":"product_tag-bumper-pillows","10":"product_tag-bunk-bed-back-rests","11":"product_tag-daybed-pillow","12":"product_tag-large-wedge-pillow","13":"product_tag-trailer-headboard","14":"product_tag-tv-pillow","16":"first","17":"instock","18":"featured","19":"shipping-taxable","20":"purchasable","21":"product-type-variable","22":"has-default-attributes"},"_links":{"self":[{"href":"https:\/\/www.livingpillow.com\/et\/wp-json\/wp\/v2\/product\/658","targetHints":{"allow":["GET"]}}],"collection":[{"href":"https:\/\/www.livingpillow.com\/et\/wp-json\/wp\/v2\/product"}],"about":[{"href":"https:\/\/www.livingpillow.com\/et\/wp-json\/wp\/v2\/types\/product"}],"replies":[{"embeddable":true,"href":"https:\/\/www.livingpillow.com\/et\/wp-json\/wp\/v2\/comments?post=658"}],"wp:featuredmedia":[{"embeddable":true,"href":"https:\/\/www.livingpillow.com\/et\/wp-json\/wp\/v2\/media\/657"}],"wp:attachment":[{"href":"https:\/\/www.livingpillow.com\/et\/wp-json\/wp\/v2\/media?parent=658"}],"wp:term":[{"taxonomy":"product_brand","embeddable":true,"href":"https:\/\/www.livingpillow.com\/et\/wp-json\/wp\/v2\/product_brand?post=658"},{"taxonomy":"product_cat","embeddable":true,"href":"https:\/\/www.livingpillow.com\/et\/wp-json\/wp\/v2\/product_cat?post=658"},{"taxonomy":"product_tag","embeddable":true,"href":"https:\/\/www.livingpillow.com\/et\/wp-json\/wp\/v2\/product_tag?post=658"}],"curies":[{"name":"wp","href":"https:\/\/api.w.org\/{rel}","templated":true}]}}