{"id":736,"date":"2024-02-23T14:54:47","date_gmt":"2024-02-23T14:54:47","guid":{"rendered":"https:\/\/www.livingpillow.com\/product\/headboard-pillow-wedge"},"modified":"2026-03-11T05:10:17","modified_gmt":"2026-03-11T05:10:17","slug":"peatsi-dekoratiivpadi-suur-kiilpadi-linane-lilla","status":"publish","type":"product","link":"https:\/\/www.livingpillow.com\/et\/product\/headboard-decorative-pillow-big-wedge-cushion-linen-purple","title":{"rendered":"Peatsi dekoratiivne padi, suur kiiljas padi, lilla"},"content":{"rendered":"<p>Tutvustame ideaalset lugemiskaaslast \u2013 kvaliteetset seljatoepatja, mis sobib ideaalselt voodis lugemiseks ja teleka vaatamiseks. See mitte ainult ei paku suurep\u00e4rast selja- ja kaelatuge maksimaalse mugavuse tagamiseks, vaid toimib ka alternatiivse peatsipeana, muutes selle nii dekoratiivseks kui ka funktsionaalseks.<\/p>\n<p>Pol\u00fcestrist ja selle segukangast valmistatud seljatoepadjal on v\u00e4ga hea visuaalne efekt, mis sobib teie sisekujundusega. See on t\u00e4idetud suure tihedusega pol\u00fcuretaant\u00e4idisega, mis pakub suurep\u00e4rast seljatuge.<\/p>\n<p>See mitmeotstarbeline padi on saadaval igas suuruses, mist\u00f5ttu sobib see lastevooditesse, narivooditesse, haagissuvilatesse\/haagissuvilatesse ja tavalistesse vooditesse. Kui teil on uneprobleeme v\u00f5i \u00e4rkate kange kaelaga, pakub see padi suurep\u00e4rast tuge ka teie peale ja kaelale.<\/p>\n<p>Lisaks loovad kinnitatud n\u00f6\u00f6bid mitte ainult d\u00fcnaamilisema padjakuju, vaid muudavad ka katte eemaldatavaks ja pestavaks, muutes selle puhastamise ja hooldamise lihtsaks.<\/p>\n<p>Meie rahulolevad kliendid on seda patja \u00fclistanud ja \u00fcks klient on \u00f6elnud: \u201cSee on parim kolmnurkne padi, mis mul kunagi olnud on! Padi on \u00fclipehme ja mugav ning v\u00e4rv on ilus.\u201d<\/p>\n<p>Padi on saadaval erinevates suurustes, sealhulgas 45 cm, 60 cm, 80 cm, 100 cm, 120 cm, 140 cm, 160 cm, 180 cm ja 200 cm, nii et saate valida oma voodile ja vajadustele sobivaima suuruse.<\/p>\n<p>Investeeri sellesse kvaliteetsesse seljatoe patja juba t\u00e4na ja naudi \u00fclimat mugavust ja l\u00f5\u00f5gastust voodis lugedes v\u00f5i telekat vaadates.<\/p>","protected":false},"excerpt":{"rendered":"<ul>\n<li><strong>IDEAALNE VOODIS LUGEMISEKS:<\/strong> See lugemispadi pakub suurep\u00e4rast selja- ja kaelatuge maksimaalse mugavuse tagamiseks lugemise ja teleka vaatamise ajal.<\/li>\n<li><strong>ALTERNATIIVNE PEATSI:<\/strong> Paljud inimesed, eriti \u00fcli\u00f5pilased, leiavad, et padi sobib ideaalselt peatsiks: nii dekoratiivseks kui ka funktsionaalseks.<\/li>\n<li><strong>MITMEOTSTARBELINE:<\/strong> Pakume patju igas suuruses tavalistele vooditele, n\u00e4iteks laste p\u00f5rkerauapatju, narivoodi seljatugesid ja haagissuvilate\/haagissuvilate peatsit.<\/li>\n<li><strong>LIHTNE PESTADA:<\/strong> Kinnitatud n\u00f6\u00f6bid mitte ainult ei loo padjale d\u00fcnaamilisemat kuju, vaid muudavad ka katte eemaldatavaks ja pestavaks.<\/li>\n<li><strong>KVALITEETNE MATERJAL:<\/strong> Seljatoepadi on t\u00e4idetud suure tihedusega pol\u00fcuretaant\u00e4idisega, mis pakub suurep\u00e4rast seljatuge. Kiilpatjade kangal on v\u00e4ga hea visuaalne efekt, mis sobib teie sisekujundusega.<\/li>\n<li><strong>Suurus:<\/strong> 45cm (45*20*50cm | 0 n\u00f6\u00f6pi); 60cm (60*20*50cm | 0 n\u00f6\u00f6pi); 80cm (80*20*50cm | 2 n\u00f6\u00f6pi); 100cm (100*20*50cm | 3 n\u00f6\u00f6pi); 120cm (120*20*50cm | 4 n\u00f6\u00f6pi); 140cm (140*20*50cm | 4 n\u00f6\u00f6pi); 160cm (160*20*50cm | 5 n\u00f6\u00f6pi); 180cm (180*20*50cm | 6 n\u00f6\u00f6pi); 200cm (200*20*50cm | 7 n\u00f6\u00f6pi).<\/li>\n<\/ul>","protected":false},"featured_media":735,"comment_status":"open","ping_status":"closed","template":"","meta":[],"product_brand":[],"product_cat":[15],"product_tag":[83,82,84,85,65,54,58,86,87,60],"class_list":{"0":"post-736","1":"product","2":"type-product","3":"status-publish","4":"has-post-thumbnail","6":"product_cat-pillows","7":"product_tag-alternative-headboard","8":"product_tag-big-wedge-cushion","9":"product_tag-bumper-pillow","10":"product_tag-bunk-bed-backrests","11":"product_tag-decorative-pillow","12":"product_tag-headboard-pillow","13":"product_tag-linen-pillow","14":"product_tag-rv-headboard","15":"product_tag-trailer-headboard","16":"product_tag-wedge-cushion","18":"first","19":"instock","20":"shipping-taxable","21":"purchasable","22":"product-type-variable","23":"has-default-attributes"},"_links":{"self":[{"href":"https:\/\/www.livingpillow.com\/et\/wp-json\/wp\/v2\/product\/736","targetHints":{"allow":["GET"]}}],"collection":[{"href":"https:\/\/www.livingpillow.com\/et\/wp-json\/wp\/v2\/product"}],"about":[{"href":"https:\/\/www.livingpillow.com\/et\/wp-json\/wp\/v2\/types\/product"}],"replies":[{"embeddable":true,"href":"https:\/\/www.livingpillow.com\/et\/wp-json\/wp\/v2\/comments?post=736"}],"wp:featuredmedia":[{"embeddable":true,"href":"https:\/\/www.livingpillow.com\/et\/wp-json\/wp\/v2\/media\/735"}],"wp:attachment":[{"href":"https:\/\/www.livingpillow.com\/et\/wp-json\/wp\/v2\/media?parent=736"}],"wp:term":[{"taxonomy":"product_brand","embeddable":true,"href":"https:\/\/www.livingpillow.com\/et\/wp-json\/wp\/v2\/product_brand?post=736"},{"taxonomy":"product_cat","embeddable":true,"href":"https:\/\/www.livingpillow.com\/et\/wp-json\/wp\/v2\/product_cat?post=736"},{"taxonomy":"product_tag","embeddable":true,"href":"https:\/\/www.livingpillow.com\/et\/wp-json\/wp\/v2\/product_tag?post=736"}],"curies":[{"name":"wp","href":"https:\/\/api.w.org\/{rel}","templated":true}]}}