{"id":786,"date":"2024-02-23T23:54:47","date_gmt":"2024-02-23T23:54:47","guid":{"rendered":"https:\/\/www.livingpillow.com\/product\/large-wedge-bolster-pillow"},"modified":"2026-03-03T01:25:49","modified_gmt":"2026-03-03T01:25:49","slug":"kiilukujuline-padi-peatsipehmendaja-sametist-burgundiapunane","status":"publish","type":"product","link":"https:\/\/www.livingpillow.com\/et\/product\/wedge-bolster-pillow-headboard-cushion-velvet-burgundy","title":{"rendered":"Kiilpolsterdatud peatsipadi, samet, burgundiapunane"},"content":{"rendered":"<p>Kiilukujuline polsterdatud peatsipadi, sametine burgundiapunane<\/p>\n<p>Kas oled v\u00e4sinud lugemise v\u00f5i voodis teleka vaatamise ajal mitme padjaga toetumast? Kas soovid oma voodile mugavat ja stiilset peatsit, ilma et see pankrotti l\u00e4heks? Wedge Bolster Pillow peatsipadi Velvet Burgundy on \u00f5ige valik.<\/p>\n<p>See lugemispadi pakub erakordset selja- ja kaelatuge, muutes selle ideaalseks aksessuaariks k\u00f5igile, kellele meeldib voodis l\u00f5\u00f5gastuda. See on mitmek\u00fclgne peatsiots, olles nii dekoratiivne kui ka praktiline lisa igale magamistoale. Lisaks on see saadaval erinevates suurustes, et see sobiks tavalistele vooditele, p\u00e4evavooditele, narivooditele ja traditsioonilistele vooditele.<\/p>\n<p>Suure tihedusega pol\u00fcuretaanist t\u00e4idis tagab suurep\u00e4rase seljatoe, samas kui visuaalselt meeldiv sametkangas (100% pol\u00fcester) t\u00e4iendab iga sisekujundust. Kinnitatud n\u00f6\u00f6bid mitte ainult ei t\u00e4iusta padja kuju, vaid v\u00f5imaldavad ka katte h\u00f5lpsat eemaldamist ja pesemist, muutes selle puhta ja v\u00e4rskena hoidmise lihtsaks.<\/p>\n<p>Aga \u00e4rge uskuge ainult meie s\u00f5nu. Siin on m\u00f5ned rahulolevate klientide kommentaarid:<\/p>\n<p>-\u201cMa armastan seda patja! See on nii mugav ja burgundiapunane v\u00e4rv lisab mu magamistuppa elegantsi.\u201d<\/p>\n<p>- \u201cWedge Bolster peatsipadi Velvet Burgundy v\u00e4rviga on nii mitmek\u00fclgne. Kasutan seda seljatoena lugemiseks, peatsilauana magamiseks ja isegi diivanvoodil lebamiseks padjana.\u201d<\/p>\n<p>-\u201cSee sametkangas on nii pehme ja luksuslik. Tundub nagu magaksin viiet\u00e4rnihotellis!\u201d<\/p>\n<p>Milleks siis oodata? Investeeri juba t\u00e4na Wedge Bolster peatsipehmesse sametisse Burgundia v\u00e4rvi ja lisa oma magamistuppa mugavust ja stiili.<\/p>","protected":false},"excerpt":{"rendered":"<ul>\n<li>IDEAALNE ENNE MAGAMINEKSU: See lugemispadi pakub erakordset selja- ja kaelatuge, et tagada \u00fclim mugavus lugemise ja teleka vaatamise ajal.<\/li>\n<li>MITMEK\u00dcLGSELT KASUTATAV PEATSINA: Paljud inimesed, eriti \u00fcli\u00f5pilased, hindavad padja kahetist funktsionaalsust nii dekoratiivse kui ka praktilise peatsina.<\/li>\n<li>MITMEOTSTARBELINE: Saadaval erinevates suurustes standardvoodite jaoks, kusjuures suurem suurus sobib ideaalselt p\u00e4evavoodiks diivanina. Sobib kasutamiseks ka narivoodi seljatoena ja traditsioonilise voodi peatsina.<\/li>\n<li>LIHTNE PUHASTADA: Kinnitatud n\u00f6\u00f6bid mitte ainult ei paranda padja kuju, vaid v\u00f5imaldavad ka katte h\u00f5lpsat eemaldamist ja pesemist.<\/li>\n<li>ESMAKASSILISED MATERJALID: Kiilpatjad on t\u00e4idetud suure tihedusega pol\u00fcuretaaniga, mis tagab suurep\u00e4rase seljatoe, ning visuaalselt atraktiivse sametkangaga (100% pol\u00fcester), mis sobib iga sisekujundusega.<\/li>\n<li>Kangas: samet (100% pol\u00fcester).<\/li>\n<li>Suurus: 45cm (45*20*50cm | 0 n\u00f6\u00f6pi); 60cm (60*20*50cm | 0 n\u00f6\u00f6pi); 80cm (80*20*50cm | 2 n\u00f6\u00f6pi); 100cm (100*20*50cm | 3 n\u00f6\u00f6pi); 120cm (120*20*50cm | 4 n\u00f6\u00f6pi); 140cm (140*20*50cm | 4 n\u00f6\u00f6pi); 160cm (160*20*50cm | 5 n\u00f6\u00f6pi); 180cm (180*20*50cm | 6 n\u00f6\u00f6pi); 200cm (200*20*50cm | 7 n\u00f6\u00f6pi).<\/li>\n<\/ul>","protected":false},"featured_media":785,"comment_status":"open","ping_status":"closed","template":"","meta":[],"product_brand":[],"product_cat":[15],"product_tag":[63,72,70,71,74,65,57,54,73,55,56,69],"class_list":{"0":"post-786","1":"product","2":"type-product","3":"status-publish","4":"has-post-thumbnail","6":"product_cat-pillows","7":"product_tag-backrest-pillow","8":"product_tag-bed-pillows","9":"product_tag-bunk-bed-pillow","10":"product_tag-burgundy-pillow","11":"product_tag-daybed-pillow","12":"product_tag-decorative-pillow","13":"product_tag-headboard-cushion","14":"product_tag-headboard-pillow","15":"product_tag-sofa-pillow","16":"product_tag-velvet-pillow","17":"product_tag-wedge-bolster-pillow","18":"product_tag-wedge-pillow","20":"first","21":"instock","22":"featured","23":"shipping-taxable","24":"purchasable","25":"product-type-variable","26":"has-default-attributes"},"_links":{"self":[{"href":"https:\/\/www.livingpillow.com\/et\/wp-json\/wp\/v2\/product\/786","targetHints":{"allow":["GET"]}}],"collection":[{"href":"https:\/\/www.livingpillow.com\/et\/wp-json\/wp\/v2\/product"}],"about":[{"href":"https:\/\/www.livingpillow.com\/et\/wp-json\/wp\/v2\/types\/product"}],"replies":[{"embeddable":true,"href":"https:\/\/www.livingpillow.com\/et\/wp-json\/wp\/v2\/comments?post=786"}],"wp:featuredmedia":[{"embeddable":true,"href":"https:\/\/www.livingpillow.com\/et\/wp-json\/wp\/v2\/media\/785"}],"wp:attachment":[{"href":"https:\/\/www.livingpillow.com\/et\/wp-json\/wp\/v2\/media?parent=786"}],"wp:term":[{"taxonomy":"product_brand","embeddable":true,"href":"https:\/\/www.livingpillow.com\/et\/wp-json\/wp\/v2\/product_brand?post=786"},{"taxonomy":"product_cat","embeddable":true,"href":"https:\/\/www.livingpillow.com\/et\/wp-json\/wp\/v2\/product_cat?post=786"},{"taxonomy":"product_tag","embeddable":true,"href":"https:\/\/www.livingpillow.com\/et\/wp-json\/wp\/v2\/product_tag?post=786"}],"curies":[{"name":"wp","href":"https:\/\/api.w.org\/{rel}","templated":true}]}}