{"id":88,"date":"2024-02-22T07:56:39","date_gmt":"2024-02-22T07:56:39","guid":{"rendered":"https:\/\/www.livingpillow.com\/product\/decorative-pillows-for-bed"},"modified":"2026-03-11T05:10:27","modified_gmt":"2026-03-11T05:10:27","slug":"dekoratiivsed-voodipadjad-suur-kiilukujuline-padi-linane-pruun","status":"publish","type":"product","link":"https:\/\/www.livingpillow.com\/et\/product\/decorative-pillows-for-bed-big-wedge-cushion-linen-brown","title":{"rendered":"Dekoratiivsed voodipadjad, suur kiiljas padi, pruun"},"content":{"rendered":"<p>T\u00e4iustage oma magamaminekut dekoratiivsete padjadega<\/p>\n<p>Ideaalse padja leidmine, millele enne magamaminekut kerra t\u00f5mmata, v\u00f5ib teie l\u00f5\u00f5gastuse j\u00e4rgmisele tasemele viia. Need dekoratiivsed neutraalse pruuni v\u00e4rvi kiilpadjad on ideaalsed hubased kaaslaseks l\u00f5\u00f5gastumiseks, lugemiseks v\u00f5i lemmiksaadete vaatamiseks. <\/p>\n<p>Toote esilet\u00f5stmised:<\/p>\n<p>\u2013 Suurep\u00e4rane selja ja kaela toetamiseks voodis lugemise v\u00f5i teleka vaatamise ajal<br \/>\n\u2013 Toimib pilkup\u00fc\u00fcdva peatsina dekoratsioonina<br \/>\n\u2013 Lai valik voodisuurusi \u2013 alates \u00fchiselamutubadest kuni kuningavooditeni<br \/>\n\u2013 Eemaldatav n\u00f6\u00f6bikate h\u00f5lpsaks pesemiseks<br \/>\n\u2013 Suure tihedusega t\u00e4idis pakub esmaklassilist mugavust<br \/>\n\u2013 Peen kangas sobib igasse magamistuppa<\/p>\n<p>Saadaval mitmes mugavas suuruses alates 100 cm kuni 200 cm, leiate kindlasti endale sobiva. <\/p>\n<p>Mida kliendid \u00fctlevad:<\/p>\n<p>\u201cMulle meeldib seda tohutut patja voodis toetada, kui ma telefonis surfan. See teeb enne magamaminekut videote vaatamise nii mugavaks.\u201d \u2013 Linda T.<\/p>\n<p>\u201cSee neutraalne padi lisab mu voodipeatsile dekoratiivse ilme ja pakub lugemiseks lisatuge seljale. Kangas on puudutusele sile.\u201d \u2013 James R. <\/p>\n<p>\u201c\u00dcli\u00f5pilasena on see hiiglaslik kiilpadi minu v\u00e4ikeses \u00fchiselamutoas ajutise peatsina v\u00e4ga kasulik. See n\u00e4eb kena v\u00e4lja ja v\u00f5tab v\u00e4he ruumi, kui seda ei kasutata.\u201d \u2013 Sarah D.<\/p>\n<p>Lisa oma magamistuppa juba t\u00e4na hubase kaldus kiilukujulise diivani mugavus. Need padjad on topeltfunktsionaalsed, pakkudes lisaks kaelatoele ka dekoratiivset elegantsi, et teie l\u00f5\u00f5gastust veelgi t\u00e4iustada.<\/p>","protected":false},"excerpt":{"rendered":"<ul>\n<li><strong>Ideaalne enne magamaminekut lugemiseks:<\/strong> Nautige maksimaalset mugavust lugemise v\u00f5i teleka vaatamise ajal selle padjaga, mis pakub suurep\u00e4rast selja- ja kaelatuge.<\/li>\n<li><strong>Toimib ka peatsilauana:<\/strong> Ideaalne \u00fcli\u00f5pilastele, see padi t\u00e4idab nii dekoratiivset kui ka funktsionaalset rolli peatsilauana.<\/li>\n<li><strong>Mitmek\u00fclgsed kasutusalad:<\/strong> Sobib igale voodisuurusele ja toimib diivanina p\u00e4evavoodil. Seda saab kasutada ka lastele m\u00f5eldud peatoena, narivoodi seljatoena v\u00f5i haagissuvilate ja -autode peatsipeana.<\/li>\n<li><strong>Pestav kate:<\/strong> Eemaldatav ja n\u00f6\u00f6pidega kate lihtsustab puhastamist ja annab padjale esteetilisema ilme.<\/li>\n<li><strong>Kvaliteetne materjal:<\/strong> Valmistatud suure tihedusega pol\u00fcuretaant\u00e4idisega, mis tagab suurep\u00e4rase seljatoe, ning visuaalselt meeldiva kangaga, mis t\u00e4iendab teie sisekujundust.<\/li>\n<li><strong>Saadaval olevad suurused:<\/strong> 100cm (P100 x L26 x K55 | 3 veeruga nupud), 120cm (P120 x L26 x K55 | 4 veeruga nupud), 140cm (P140 x L26 x K55 | 4 veeruga nupud), 160cm (P160 x L26 x K55 | 5 veeruga nupud), 180cm (P180 x L26 x K55 | 6 veeruga nupud), 200cm (P200 x L26 x K55 | 7 veeruga nupud).<\/li>\n<\/ul>","protected":false},"featured_media":87,"comment_status":"open","ping_status":"closed","template":"","meta":[],"product_brand":[],"product_cat":[15],"product_tag":[163,157,162,84,161,54,90,58,156],"class_list":{"0":"post-88","1":"product","2":"type-product","3":"status-publish","4":"has-post-thumbnail","6":"product_cat-pillows","7":"product_tag-back-rest-pillow","8":"product_tag-back-support","9":"product_tag-bedtime-reading","10":"product_tag-bumper-pillow","11":"product_tag-decorative-pillows","12":"product_tag-headboard-pillow","13":"product_tag-king-size-pillow","14":"product_tag-linen-pillow","15":"product_tag-neck-support","17":"first","18":"instock","19":"shipping-taxable","20":"purchasable","21":"product-type-variable","22":"has-default-attributes"},"_links":{"self":[{"href":"https:\/\/www.livingpillow.com\/et\/wp-json\/wp\/v2\/product\/88","targetHints":{"allow":["GET"]}}],"collection":[{"href":"https:\/\/www.livingpillow.com\/et\/wp-json\/wp\/v2\/product"}],"about":[{"href":"https:\/\/www.livingpillow.com\/et\/wp-json\/wp\/v2\/types\/product"}],"replies":[{"embeddable":true,"href":"https:\/\/www.livingpillow.com\/et\/wp-json\/wp\/v2\/comments?post=88"}],"wp:featuredmedia":[{"embeddable":true,"href":"https:\/\/www.livingpillow.com\/et\/wp-json\/wp\/v2\/media\/87"}],"wp:attachment":[{"href":"https:\/\/www.livingpillow.com\/et\/wp-json\/wp\/v2\/media?parent=88"}],"wp:term":[{"taxonomy":"product_brand","embeddable":true,"href":"https:\/\/www.livingpillow.com\/et\/wp-json\/wp\/v2\/product_brand?post=88"},{"taxonomy":"product_cat","embeddable":true,"href":"https:\/\/www.livingpillow.com\/et\/wp-json\/wp\/v2\/product_cat?post=88"},{"taxonomy":"product_tag","embeddable":true,"href":"https:\/\/www.livingpillow.com\/et\/wp-json\/wp\/v2\/product_tag?post=88"}],"curies":[{"name":"wp","href":"https:\/\/api.w.org\/{rel}","templated":true}]}}