{"id":133,"date":"2024-02-22T08:35:07","date_gmt":"2024-02-22T08:35:07","guid":{"rendered":"https:\/\/www.livingpillow.com\/product\/wedge-bolster-pillow"},"modified":"2026-03-11T05:10:23","modified_gmt":"2026-03-11T05:10:23","slug":"kiilatyyny-selkanojatyyny-pellava-valkoinen","status":"publish","type":"product","link":"https:\/\/www.livingpillow.com\/fi\/product\/wedge-bolster-pillow-backsupport-cushion-linen-white","title":{"rendered":"Kiilakoristetyyny Selk\u00e4tukityyny Valkoinen"},"content":{"rendered":"<p>Jos rakastat lukemista tai television katselua s\u00e4ngyss\u00e4, mutta et l\u00f6yd\u00e4 mukavaa asentoa, t\u00e4m\u00e4 kiilamainen tyyny on t\u00e4ydellinen ratkaisu. Se on ergonomisesti muotoiltu my\u00f6t\u00e4ilem\u00e4\u00e4n selk\u00e4\u00e4si ja niskaasi ja tarjoaa erinomaista tukea sek\u00e4 istuessasi ett\u00e4 makuuasennossa. <\/p>\n<p>Tyylikk\u00e4\u00e4n p\u00e4\u00e4llisen ja neutraalien v\u00e4rien ansiosta tyyny toimii sek\u00e4 vieh\u00e4tt\u00e4v\u00e4n\u00e4 s\u00e4ngynp\u00e4\u00e4tyn\u00e4 ett\u00e4 selk\u00e4nojana vuodesohvaksi. Se sopii erinomaisesti asuntolan huoneisiin, lastenhuoneisiin, vierass\u00e4nkyihin, asuntovaunuihin ja muihin tiloihin. P\u00e4\u00e4llinen on irrotettava ja konepest\u00e4v\u00e4 helppoa hoitoa varten.<\/p>\n<p>Mit\u00e4 asiakkaat sanovat:<\/p>\n<p>\u201cT\u00e4m\u00e4 selk\u00e4nojan pehmuste on minulle todellinen k\u00e4\u00e4nnekohta. Voin vihdoin lukea s\u00e4ngyss\u00e4 ilman niska- tai selk\u00e4kipuja.\u201d<\/p>\n<p>\u201c&quot;Valitsin vuoteeksi 160 cm:n koon, ja se n\u00e4ytt\u00e4\u00e4 niin s\u00f6p\u00f6lt\u00e4 ja tarjoaa samalla mukavan paikan nojata.&quot;\u201d <\/p>\n<p>\u201c&quot;Ostin t\u00e4m\u00e4n tytt\u00e4reni kerross\u00e4nkyyn, jotta h\u00e4n voi istua mukavasti. H\u00e4n rakastaa k\u00e4ytt\u00e4\u00e4 sit\u00e4 nojatakseen itse\u00e4\u00e4n lukemista varten.&quot;\u201d<\/p>\n<p>Fiksulla kiilamaisella muodollaan, tihe\u00e4ll\u00e4 tuellaan ja tyylikk\u00e4\u00e4ll\u00e4 ulkon\u00e4\u00f6ll\u00e4\u00e4n t\u00e4m\u00e4 tyyny pyrkii tekem\u00e4\u00e4n s\u00e4ngynlepotilaista nautinnollisena. Sit\u00e4 on saatavilla useissa eri kokoisina, jotka sopivat mihin tahansa s\u00e4nkyyn tai sohvaan. Nojaa vain taaksep\u00e4in ja rentoudu sen syleilyss\u00e4. Selk\u00e4si ja niskasi kiitt\u00e4v\u00e4t sinua!<\/p>","protected":false},"excerpt":{"rendered":"<ul>\n<li><strong>Ihanteellinen s\u00e4ngyss\u00e4 lukemiseen:<\/strong> Parannettu selk\u00e4- ja niskatuki tarjoaa erinomaista mukavuutta lukiessa ja televisiota katsellessa.<\/li>\n<li><strong>Toimii my\u00f6s s\u00e4ngynp\u00e4\u00e4tyn\u00e4:<\/strong> Loistava valinta sisustuksen ja toimivuuden kannalta, erityisesti korkeakouluopiskelijoille.<\/li>\n<li><strong>Monipuolinen k\u00e4ytt\u00f6:<\/strong> Sopii kaikenkokoisille s\u00e4ngyille, ja king size -kokoinen s\u00e4nky sopii t\u00e4ydellisesti vuodesohvaksi. Toimii my\u00f6s lasten puskurityynyn\u00e4, kerross\u00e4ngyn selk\u00e4nojana tai matkailuauton\/per\u00e4vaunun s\u00e4ngynp\u00e4\u00e4tyn\u00e4.<\/li>\n<li><strong>Pest\u00e4v\u00e4 muotoilu:<\/strong> Irrotettava p\u00e4\u00e4llinen napituksella helppoa pesua varten ja tyylik\u00e4s muotoilu.<\/li>\n<li><strong>Ensiluokkainen materiaali:<\/strong> T\u00e4ytetty tihe\u00e4ll\u00e4 polyuretaanilla tukevan selk\u00e4nojan tueksi, ja sen kangas parantaa sis\u00e4tilojen estetiikkaa.<\/li>\n<li><strong>Koko:<\/strong> 100 cm (P 100 x L 26 x K 55 | 3 saraketta), 120 cm (P 120 x L 26 x K 55 | 4 saraketta), 140 cm (P 140 x L 26 x K 55 | 4 saraketta), 160 cm (P 160 x L 26 x K 55 | 5 saraketta), 180 cm (P 180 x L 26 x K 55 | 6 saraketta), 200 cm (P 200 x L 26 x K 55 | 7 saraketta).<\/li>\n<\/ul>","protected":false},"featured_media":132,"comment_status":"open","ping_status":"closed","template":"","meta":[],"product_brand":[],"product_cat":[15],"product_tag":[151,101,68,74,58,53,152,56,100],"class_list":{"0":"post-133","1":"product","2":"type-product","3":"status-publish","4":"has-post-thumbnail","6":"product_cat-pillows","7":"product_tag-backsupport-cushion","8":"product_tag-bunk-bed-backrest","9":"product_tag-college-student-pillow","10":"product_tag-daybed-pillow","11":"product_tag-linen-pillow","12":"product_tag-reading-pillow","13":"product_tag-rvtrailer-headboard","14":"product_tag-wedge-bolster-pillow","15":"product_tag-white-linen-pillow","17":"first","18":"instock","19":"featured","20":"shipping-taxable","21":"purchasable","22":"product-type-variable","23":"has-default-attributes"},"_links":{"self":[{"href":"https:\/\/www.livingpillow.com\/fi\/wp-json\/wp\/v2\/product\/133","targetHints":{"allow":["GET"]}}],"collection":[{"href":"https:\/\/www.livingpillow.com\/fi\/wp-json\/wp\/v2\/product"}],"about":[{"href":"https:\/\/www.livingpillow.com\/fi\/wp-json\/wp\/v2\/types\/product"}],"replies":[{"embeddable":true,"href":"https:\/\/www.livingpillow.com\/fi\/wp-json\/wp\/v2\/comments?post=133"}],"wp:featuredmedia":[{"embeddable":true,"href":"https:\/\/www.livingpillow.com\/fi\/wp-json\/wp\/v2\/media\/132"}],"wp:attachment":[{"href":"https:\/\/www.livingpillow.com\/fi\/wp-json\/wp\/v2\/media?parent=133"}],"wp:term":[{"taxonomy":"product_brand","embeddable":true,"href":"https:\/\/www.livingpillow.com\/fi\/wp-json\/wp\/v2\/product_brand?post=133"},{"taxonomy":"product_cat","embeddable":true,"href":"https:\/\/www.livingpillow.com\/fi\/wp-json\/wp\/v2\/product_cat?post=133"},{"taxonomy":"product_tag","embeddable":true,"href":"https:\/\/www.livingpillow.com\/fi\/wp-json\/wp\/v2\/product_tag?post=133"}],"curies":[{"name":"wp","href":"https:\/\/api.w.org\/{rel}","templated":true}]}}